{"id":2127,"date":"2025-04-18T13:15:26","date_gmt":"2025-04-18T13:15:26","guid":{"rendered":"https:\/\/puffvapestore.com\/?post_type=product&#038;p=2127"},"modified":"2026-01-19T10:37:33","modified_gmt":"2026-01-19T10:37:33","slug":"watermelon-bubblegum-18000-jnr-falcon-vape","status":"publish","type":"product","link":"https:\/\/puffvapestore.com\/it\/product\/anguria-bubblegum-18000-jnr-falcon-vape\/","title":{"rendered":"Anguria Bubblegum 18000 JNR Falcon X Vape"},"content":{"rendered":"<div data-elementor-type=\"wp-post\" data-elementor-id=\"2127\" class=\"elementor elementor-2127\">\n\t\t\t\t<div class=\"elementor-element elementor-element-17fadbc e-flex e-con-boxed e-con e-parent\" data-id=\"17fadbc\" data-element_type=\"container\" data-e-type=\"container\">\n\t\t\t\t\t<div class=\"e-con-inner\">\n\t\t<div class=\"elementor-element elementor-element-273a49b e-con-full e-flex e-con e-child\" data-id=\"273a49b\" data-element_type=\"container\" data-e-type=\"container\">\n\t\t\t\t<div class=\"elementor-element elementor-element-7c1aca9 elementor-widget elementor-widget-text-editor\" data-id=\"7c1aca9\" data-element_type=\"widget\" data-e-type=\"widget\" data-widget_type=\"text-editor.default\">\n\t\t\t\t<div class=\"elementor-widget-container\">\n\t\t\t\t\t\t\t\t\t<h2>Caratteristiche del modello JNR Falcon 18K Watermelon Bubblegum:<\/h2><p>Soffi: Fino a 18.000 boccate<br \/>Liquido: 24 ml<br \/>Livelli di nicotina: 0 %, 2 %, 5 %<br \/>Resistenza: 0,6 ohm<br \/>Capacit\u00e0 della batteria: 950 mAh<br \/>Ricarica: Tipo-C<br \/>Flusso d'aria regolabile: S\u00ec<br \/>Display digitale<br \/>Resistenza a doppia maglia e doppia anima<br \/>Dimensioni: 53,5 x 32 x 121 mm<\/p>\t\t\t\t\t\t\t\t<\/div>\n\t\t\t\t<\/div>\n\t\t\t\t<\/div>\n\t\t<div class=\"elementor-element elementor-element-eaa0176 e-con-full e-flex e-con e-child\" data-id=\"eaa0176\" data-element_type=\"container\" data-e-type=\"container\">\n\t\t\t\t<div class=\"elementor-element elementor-element-a649ca6 elementor-widget elementor-widget-image-gallery\" data-id=\"a649ca6\" data-element_type=\"widget\" data-e-type=\"widget\" data-widget_type=\"image-gallery.default\">\n\t\t\t\t<div class=\"elementor-widget-container\">\n\t\t\t\t\t\t\t<div class=\"elementor-image-gallery\">\n\t\t\t<div id='gallery-1' class='gallery galleryid-2127 gallery-columns-1 gallery-size-medium_large'><figure class='gallery-item'>\n\t\t\t<div class='gallery-icon portrait'>\n\t\t\t\t<img fetchpriority=\"high\" decoding=\"async\" width=\"654\" height=\"690\" src=\"https:\/\/puffvapestore.com\/wp-content\/uploads\/2025\/04\/pvajf18000-14.jpg\" class=\"attachment-medium_large size-medium_large\" alt=\"JNR Falcon 18000 Anguria Bubblegum pvajf18000\" aria-describedby=\"gallery-1-1954\" srcset=\"https:\/\/puffvapestore.com\/wp-content\/uploads\/2025\/04\/pvajf18000-14.jpg 654w, https:\/\/puffvapestore.com\/wp-content\/uploads\/2025\/04\/pvajf18000-14-284x300.jpg 284w, https:\/\/puffvapestore.com\/wp-content\/uploads\/2025\/04\/pvajf18000-14-600x633.jpg 600w\" sizes=\"(max-width: 654px) 100vw, 654px\" \/>\n\t\t\t<\/div>\n\t\t\t\t<figcaption class='wp-caption-text gallery-caption' id='gallery-1-1954'>\n\t\t\t\tJNR Falcon 18000 Anguria Bubblegum pvajf18000\n\t\t\t\t<\/figcaption><\/figure>\n\t\t<\/div>\n\t\t<\/div>\n\t\t\t\t\t\t<\/div>\n\t\t\t\t<\/div>\n\t\t\t\t<\/div>\n\t\t\t\t\t<\/div>\n\t\t\t\t<\/div>\n\t\t<div class=\"elementor-element elementor-element-16b36ac e-flex e-con-boxed e-con e-parent\" data-id=\"16b36ac\" data-element_type=\"container\" data-e-type=\"container\">\n\t\t\t\t\t<div class=\"e-con-inner\">\n\t\t\t\t<div class=\"elementor-element elementor-element-47bbe71 elementor-widget elementor-widget-n-accordion\" data-id=\"47bbe71\" data-element_type=\"widget\" data-e-type=\"widget\" data-settings=\"{&quot;default_state&quot;:&quot;expanded&quot;,&quot;max_items_expended&quot;:&quot;one&quot;,&quot;n_accordion_animation_duration&quot;:{&quot;unit&quot;:&quot;ms&quot;,&quot;size&quot;:400,&quot;sizes&quot;:[]}}\" data-widget_type=\"nested-accordion.default\">\n\t\t\t\t<div class=\"elementor-widget-container\">\n\t\t\t\t\t\t\t<div class=\"e-n-accordion\" aria-label=\"Fisarmonica. Aprite i collegamenti con Invio o Spazio, chiudeteli con Escape e navigate con i tasti freccia.\">\n\t\t\t\t\t\t<details id=\"e-n-accordion-item-7520\" class=\"e-n-accordion-item\" open>\n\t\t\t\t<summary class=\"e-n-accordion-item-title\" data-accordion-index=\"1\" tabindex=\"0\" aria-expanded=\"true\" aria-controls=\"e-n-accordion-item-7520\" >\n\t\t\t\t\t<span class='e-n-accordion-item-title-header'><div class=\"e-n-accordion-item-title-text\"> Caratteristiche e funzioni del modello JNR Falcon X 18K Watermelon Bubblegum <\/div><\/span>\n\t\t\t\t\t\t\t<span class='e-n-accordion-item-title-icon'>\n\t\t\t<span class='e-opened' ><svg aria-hidden=\"true\" class=\"e-font-icon-svg e-fas-minus\" viewbox=\"0 0 448 512\" xmlns=\"http:\/\/www.w3.org\/2000\/svg\"><path d=\"M416 208H32c-17.67 0-32 14.33-32 32v32c0 17.67 14.33 32 32 32h384c17.67 0 32-14.33 32-32v-32c0-17.67-14.33-32-32-32z\"><\/path><\/svg><\/span>\n\t\t\t<span class='e-closed'><svg aria-hidden=\"true\" class=\"e-font-icon-svg e-fas-plus\" viewbox=\"0 0 448 512\" xmlns=\"http:\/\/www.w3.org\/2000\/svg\"><path d=\"M416 208H272V64c0-17.67-14.33-32-32-32h-32c-17.67 0-32 14.33-32 32v144H32c-17.67 0-32 14.33-32 32v32c0 17.67 14.33 32 32 32h144v144c0 17.67 14.33 32 32 32h32c17.67 0 32-14.33 32-32V304h144c17.67 0 32-14.33 32-32v-32c0-17.67-14.33-32-32-32z\"><\/path><\/svg><\/span>\n\t\t<\/span>\n\n\t\t\t\t\t\t<\/summary>\n\t\t\t\t<div role=\"region\" aria-labelledby=\"e-n-accordion-item-7520\" class=\"elementor-element elementor-element-2496275 e-con-full e-flex e-con e-child\" data-id=\"2496275\" data-element_type=\"container\" data-e-type=\"container\">\n\t\t<div role=\"region\" aria-labelledby=\"e-n-accordion-item-7520\" class=\"elementor-element elementor-element-a0b516d e-flex e-con-boxed e-con e-child\" data-id=\"a0b516d\" data-element_type=\"container\" data-e-type=\"container\">\n\t\t\t\t\t<div class=\"e-con-inner\">\n\t\t\t\t<div class=\"elementor-element elementor-element-1f299ce elementor-widget elementor-widget-text-editor\" data-id=\"1f299ce\" data-element_type=\"widget\" data-e-type=\"widget\" data-widget_type=\"text-editor.default\">\n\t\t\t\t<div class=\"elementor-widget-container\">\n\t\t\t\t\t\t\t\t\t<h2>Grande capacit\u00e0 di e-liquid<\/h2><p>La JNR Falcon-X 18K offre una capacit\u00e0 di e-liquid di 24 ml, superiore a quella della maggior parte delle sigarette elettroniche usa e getta presenti sul mercato. Questa generosa capacit\u00e0 non solo riduce la necessit\u00e0 di frequenti ricariche, ma consente anche di fumare per lunghi periodi senza interruzioni. \u00c8 quindi ideale per chi cerca un uso duraturo e un sapore costante al lavoro, in viaggio o nel tempo libero.<\/p><p>Il modello JNR Falcon-X 18K \u00e8 dotato di una batteria integrata da 950 mAh ad alte prestazioni per un utilizzo continuato. La moderna porta di ricarica Type-C rende la ricarica pi\u00f9 veloce e sicura, in modo da poter ricaricare il dispositivo senza lunghe attese.<\/p><h2>Resistenze Dual-Mesh Dual-Core da 0,6 ohm per un vapore e un sapore pi\u00f9 intensi.<\/h2><p>L'JNR Falcon-X 18K utilizza una resistenza Dual-Mesh Dual-Core da 0,6 ohm, migliorando notevolmente la produzione e lo spessore del vapore. La struttura a doppio stoppino assicura un riscaldamento pi\u00f9 uniforme, previene gli odori di bruciato e offre un'esperienza di svapo pi\u00f9 fluida e raffinata. Se siete alla ricerca di un volume di vapore elevato o di un sapore puro, la JNR Falcon 18K \u00e8 perfetta per le vostre esigenze.<\/p><h2>Sistema di flusso d'aria flessibile e regolabile per un'inalazione personalizzata<\/h2><p>La JNR Falcon-X 18K \u00e8 dotata di un'innovativa funzione di regolazione del flusso d'aria, che consente agli utenti di regolare liberamente la quantit\u00e0 d'aria inalata in base alle proprie preferenze, creando un'esperienza di fumo variegata, da un fumo deciso e morbido a un fumo pieno e ampio.<\/p><h2>Di lunga durata, economico e pratico<\/h2><p>Grazie alla sua tecnologia avanzata, la JNR Falcon-X 18K offre fino a 18.000 boccate, superando di gran lunga la durata delle sigarette elettroniche usa e getta tradizionali. La sua durata migliora notevolmente il rapporto qualit\u00e0-prezzo, rendendola ideale per gli utenti intensivi e per i lunghi periodi di utilizzo. Elimina la necessit\u00e0 di sostituzioni frequenti, rendendola ecologica ed economica.<\/p><p>Un display digitale integrato ad alta definizione mostra il livello della batteria e l'e-liquid rimanente in tempo reale, consentendo agli utenti di visualizzare chiaramente lo stato del dispositivo. Il feedback intuitivo semplifica l'uso, eliminando le interruzioni dovute alla batteria scarica o all'esaurimento dell'e-liquid, garantendo una boccata fluida e senza preoccupazioni ogni volta.<\/p><p>La JNR Falcon-X 18K offre tre livelli di nicotina: 0 %, 2 % e 5 %, per soddisfare le esigenze e i gusti di ogni fumatore. Dal puro piacere senza nicotina alla cessazione graduale con bassi livelli di nicotina e alte esigenze di nicotina, le opzioni flessibili vi aiutano a trovare la soluzione pi\u00f9 adatta a voi.<\/p>\t\t\t\t\t\t\t\t<\/div>\n\t\t\t\t<\/div>\n\t\t\t\t\t<\/div>\n\t\t\t\t<\/div>\n\t\t\t\t<\/div>\n\t\t\t\t\t<\/details>\n\t\t\t\t\t\t<details id=\"e-n-accordion-item-7521\" class=\"e-n-accordion-item\" >\n\t\t\t\t<summary class=\"e-n-accordion-item-title\" data-accordion-index=\"2\" tabindex=\"-1\" aria-expanded=\"false\" aria-controls=\"e-n-accordion-item-7521\" >\n\t\t\t\t\t<span class='e-n-accordion-item-title-header'><div class=\"e-n-accordion-item-title-text\"> Puff JNR Falcon X 18K Anguria Bubblegum <\/div><\/span>\n\t\t\t\t\t\t\t<span class='e-n-accordion-item-title-icon'>\n\t\t\t<span class='e-opened' ><svg aria-hidden=\"true\" class=\"e-font-icon-svg e-fas-minus\" viewbox=\"0 0 448 512\" xmlns=\"http:\/\/www.w3.org\/2000\/svg\"><path d=\"M416 208H32c-17.67 0-32 14.33-32 32v32c0 17.67 14.33 32 32 32h384c17.67 0 32-14.33 32-32v-32c0-17.67-14.33-32-32-32z\"><\/path><\/svg><\/span>\n\t\t\t<span class='e-closed'><svg aria-hidden=\"true\" class=\"e-font-icon-svg e-fas-plus\" viewbox=\"0 0 448 512\" xmlns=\"http:\/\/www.w3.org\/2000\/svg\"><path d=\"M416 208H272V64c0-17.67-14.33-32-32-32h-32c-17.67 0-32 14.33-32 32v144H32c-17.67 0-32 14.33-32 32v32c0 17.67 14.33 32 32 32h144v144c0 17.67 14.33 32 32 32h32c17.67 0 32-14.33 32-32V304h144c17.67 0 32-14.33 32-32v-32c0-17.67-14.33-32-32-32z\"><\/path><\/svg><\/span>\n\t\t<\/span>\n\n\t\t\t\t\t\t<\/summary>\n\t\t\t\t<div role=\"region\" aria-labelledby=\"e-n-accordion-item-7521\" class=\"elementor-element elementor-element-4ea0188 e-con-full e-flex e-con e-child\" data-id=\"4ea0188\" data-element_type=\"container\" data-e-type=\"container\">\n\t\t<div role=\"region\" aria-labelledby=\"e-n-accordion-item-7521\" class=\"elementor-element elementor-element-2d9a9b2 e-flex e-con-boxed e-con e-child\" data-id=\"2d9a9b2\" data-element_type=\"container\" data-e-type=\"container\">\n\t\t\t\t\t<div class=\"e-con-inner\">\n\t\t\t\t<div class=\"elementor-element elementor-element-55fd5fa elementor-widget elementor-widget-text-editor\" data-id=\"55fd5fa\" data-element_type=\"widget\" data-e-type=\"widget\" data-widget_type=\"text-editor.default\">\n\t\t\t\t<div class=\"elementor-widget-container\">\n\t\t\t\t\t\t\t\t\t<p>Dopo aver guidato per diverse ore lungo l'autostrada francese, ho finalmente trovato un'area di servizio e mi sono fermato per una pausa. A quel punto, ho estratto la sigaretta elettronica JNR Falcon X 18000, ho scelto il gusto di gomma da masticare all'anguria, ho tirato una profonda boccata di fumo e mi sono sentito a mio agio ovunque.<\/p><p>Davvero, questa gomma da masticare all'anguria ha un sapore cos\u00ec buono! La sensazione rinfrescante dell'anguria \u00e8 subito evidente, mescolata alla dolcezza della gomma da masticare, che non \u00e8 n\u00e9 troppo grassa n\u00e9 troppo insipida. In un'area di servizio come questa, circondata da autisti stanchi e da un ambiente rumoroso, una boccata di sigaretta mi fa sentire come se avessi trovato un posto tranquillo.<\/p><p>Il vantaggio della sigaretta elettronica JNR Falcon \u00e8 la lunga durata della batteria. La batteria da 950 mAh ha una capacit\u00e0 di 18.000 boccate. Ho fatto tutto il viaggio da Parigi a Lione senza preoccuparmi di rimanere senza sigarette. Inoltre, la tecnologia a doppia bobina rende il gusto pi\u00f9 pieno e la resistenza da 0,6 ohm rende il fumo grande e regolare.<\/p>\t\t\t\t\t\t\t\t<\/div>\n\t\t\t\t<\/div>\n\t\t<div role=\"region\" aria-labelledby=\"e-n-accordion-item-7521\" class=\"elementor-element elementor-element-942ccb0 e-con-full e-flex e-con e-child\" data-id=\"942ccb0\" data-element_type=\"container\" data-e-type=\"container\">\n\t\t<div role=\"region\" aria-labelledby=\"e-n-accordion-item-7521\" class=\"elementor-element elementor-element-d5e4b56 e-con-full e-flex e-con e-child\" data-id=\"d5e4b56\" data-element_type=\"container\" data-e-type=\"container\">\n\t\t\t\t<div class=\"elementor-element elementor-element-381dfcb elementor-widget elementor-widget-image-gallery\" data-id=\"381dfcb\" data-element_type=\"widget\" data-e-type=\"widget\" data-widget_type=\"image-gallery.default\">\n\t\t\t\t<div class=\"elementor-widget-container\">\n\t\t\t\t\t\t\t<div class=\"elementor-image-gallery\">\n\t\t\t<div id='gallery-1' class='gallery galleryid-2127 gallery-columns-1 gallery-size-medium_large'><figure class='gallery-item'>\n\t\t\t<div class='gallery-icon portrait'>\n\t\t\t\t<img fetchpriority=\"high\" decoding=\"async\" width=\"654\" height=\"690\" src=\"https:\/\/puffvapestore.com\/wp-content\/uploads\/2025\/04\/pvajf18000-14.jpg\" class=\"attachment-medium_large size-medium_large\" alt=\"JNR Falcon 18000 Anguria Bubblegum pvajf18000\" aria-describedby=\"gallery-1-1954\" srcset=\"https:\/\/puffvapestore.com\/wp-content\/uploads\/2025\/04\/pvajf18000-14.jpg 654w, https:\/\/puffvapestore.com\/wp-content\/uploads\/2025\/04\/pvajf18000-14-284x300.jpg 284w, https:\/\/puffvapestore.com\/wp-content\/uploads\/2025\/04\/pvajf18000-14-600x633.jpg 600w\" sizes=\"(max-width: 654px) 100vw, 654px\" \/>\n\t\t\t<\/div>\n\t\t\t\t<figcaption class='wp-caption-text gallery-caption' id='gallery-1-1954'>\n\t\t\t\tJNR Falcon 18000 Anguria Bubblegum pvajf18000\n\t\t\t\t<\/figcaption><\/figure>\n\t\t<\/div>\n\t\t<\/div>\n\t\t\t\t\t\t<\/div>\n\t\t\t\t<\/div>\n\t\t\t\t<\/div>\n\t\t<div role=\"region\" aria-labelledby=\"e-n-accordion-item-7521\" class=\"elementor-element elementor-element-577deeb e-con-full e-flex e-con e-child\" data-id=\"577deeb\" data-element_type=\"container\" data-e-type=\"container\">\n\t\t\t\t<div class=\"elementor-element elementor-element-5d167cf elementor-widget elementor-widget-text-editor\" data-id=\"5d167cf\" data-element_type=\"widget\" data-e-type=\"widget\" data-widget_type=\"text-editor.default\">\n\t\t\t\t<div class=\"elementor-widget-container\">\n\t\t\t\t\t\t\t\t\t<p>A volte mi siedo in un bar in un'area di sosta dell'autostrada, osservo le auto che vanno e vengono dalla finestra, regolo il flusso d'aria e tiro lentamente qualche boccata. La sensazione di soddisfazione \u00e8 davvero incomparabile con quella delle comuni sigarette elettroniche. Il contenuto di nicotina della 2% \u00e8 appena sufficiente a dare un sapore piacevole senza dare vertigini.<\/p><p>La caratteristica pi\u00f9 pratica \u00e8 il suo display a LED, che mostra chiaramente quanta energia \u00e8 rimasta e quante boccate sono state fatte. \u00c8 una salvezza per chi, come me, si dimentica spesso di ricaricare. Inoltre, la porta di ricarica di tipo C \u00e8 molto comoda da usare. Pu\u00f2 durare a lungo dopo una ricarica di 15-20 minuti in un'area di servizio.<\/p>\t\t\t\t\t\t\t\t<\/div>\n\t\t\t\t<\/div>\n\t\t\t\t<\/div>\n\t\t\t\t<\/div>\n\t\t<div role=\"region\" aria-labelledby=\"e-n-accordion-item-7521\" class=\"elementor-element elementor-element-7926c6b e-con-full e-flex e-con e-child\" data-id=\"7926c6b\" data-element_type=\"container\" data-e-type=\"container\">\n\t\t\t\t<div class=\"elementor-element elementor-element-2b41948 elementor-widget elementor-widget-text-editor\" data-id=\"2b41948\" data-element_type=\"widget\" data-e-type=\"widget\" data-widget_type=\"text-editor.default\">\n\t\t\t\t<div class=\"elementor-widget-container\">\n\t\t\t\t\t\t\t\t\t<p>Porto sempre con me questa gomma da masticare all'anguria durante i lunghi viaggi. La capacit\u00e0 di 24 ml \u00e8 sufficiente per utilizzarla durante tutto il viaggio. A dire il vero, a volte mi fermo anche in un'area di servizio per fumare qualche sigaretta. \u00c8 diventato un piccolo rituale durante i miei viaggi in auto.<\/p><p>Se, come me, vi piace divertirvi sulla strada, ma non volete che sia troppo complicato, la sigaretta elettronica JNR Falcon X 18000 Watermelon Bubble Gum merita di essere provata. Soprattutto nelle noiose aree di servizio autostradali, pu\u00f2 rendere pi\u00f9 interessante una breve sosta.<\/p>\t\t\t\t\t\t\t\t<\/div>\n\t\t\t\t<\/div>\n\t\t\t\t<\/div>\n\t\t\t\t\t<\/div>\n\t\t\t\t<\/div>\n\t\t\t\t<\/div>\n\t\t\t\t\t<\/details>\n\t\t\t\t\t<\/div>\n\t\t\t\t\t\t<\/div>\n\t\t\t\t<\/div>\n\t\t\t\t\t<\/div>\n\t\t\t\t<\/div>\n\t\t\t\t<\/div>","protected":false},"excerpt":{"rendered":"<p>Caract\u00e9ristiques du JNR Falcon 18K Watermelon Bubblegum: Bouff\u00e9es : Jusqu\u2019\u00e0 18000 bouff\u00e9es Liquide : 24 ml Taux de nicotine : 0 %, 2 %, 5 % R\u00e9sistance : 0.6 ohm Capacit\u00e9 de la batterie : 950 mAh Chargement : Type-C D\u00e9bit d\u2019air r\u00e9glable : Oui Affichage num\u00e9rique R\u00e9sistance double maille et double c\u0153ur Dimensions : [&hellip;]<\/p>\n","protected":false},"featured_media":1954,"comment_status":"open","ping_status":"closed","template":"","meta":{"site-sidebar-layout":"no-sidebar","site-content-layout":"page-builder","ast-site-content-layout":"normal-width-container","site-content-style":"default","site-sidebar-style":"default","ast-global-header-display":"","ast-banner-title-visibility":"","ast-main-header-display":"","ast-hfb-above-header-display":"","ast-hfb-below-header-display":"","ast-hfb-mobile-header-display":"","site-post-title":"disabled","ast-breadcrumbs-content":"","ast-featured-img":"disabled","footer-sml-layout":"","theme-transparent-header-meta":"default","adv-header-id-meta":"","stick-header-meta":"default","header-above-stick-meta":"","header-main-stick-meta":"","header-below-stick-meta":"","astra-migrate-meta-layouts":"set","ast-page-background-enabled":"default","ast-page-background-meta":{"desktop":{"background-color":"","background-image":"","background-repeat":"repeat","background-position":"center center","background-size":"auto","background-attachment":"scroll","background-type":"","background-media":"","overlay-type":"","overlay-color":"","overlay-opacity":"","overlay-gradient":""},"tablet":{"background-color":"","background-image":"","background-repeat":"repeat","background-position":"center center","background-size":"auto","background-attachment":"scroll","background-type":"","background-media":"","overlay-type":"","overlay-color":"","overlay-opacity":"","overlay-gradient":""},"mobile":{"background-color":"","background-image":"","background-repeat":"repeat","background-position":"center center","background-size":"auto","background-attachment":"scroll","background-type":"","background-media":"","overlay-type":"","overlay-color":"","overlay-opacity":"","overlay-gradient":""}},"ast-content-background-meta":{"desktop":{"background-color":"var(--ast-global-color-5)","background-image":"","background-repeat":"repeat","background-position":"center center","background-size":"auto","background-attachment":"scroll","background-type":"","background-media":"","overlay-type":"","overlay-color":"","overlay-opacity":"","overlay-gradient":""},"tablet":{"background-color":"var(--ast-global-color-5)","background-image":"","background-repeat":"repeat","background-position":"center center","background-size":"auto","background-attachment":"scroll","background-type":"","background-media":"","overlay-type":"","overlay-color":"","overlay-opacity":"","overlay-gradient":""},"mobile":{"background-color":"var(--ast-global-color-5)","background-image":"","background-repeat":"repeat","background-position":"center center","background-size":"auto","background-attachment":"scroll","background-type":"","background-media":"","overlay-type":"","overlay-color":"","overlay-opacity":"","overlay-gradient":""}}},"product_brand":[30],"product_cat":[40,84,77,35,31],"product_tag":[],"class_list":{"0":"post-2127","1":"product","2":"type-product","3":"status-publish","4":"has-post-thumbnail","6":"product_brand-jnr","7":"product_cat-jnr-18k","8":"product_cat-puff-18k","9":"product_cat-entrepot-de-lue","10":"product_cat-jnr-vape","11":"product_cat-jnr-falcon","12":"desktop-align-center","13":"tablet-align-center","14":"mobile-align-center","15":"ast-product-gallery-layout-horizontal","16":"ast-product-gallery-with-no-image","17":"ast-product-single-variable","18":"ast-product-tabs-layout-horizontal","19":"ast-qv-on-image","21":"first","22":"instock","23":"sale","24":"shipping-taxable","25":"purchasable","26":"product-type-variable","27":"has-default-attributes"},"tiered_pricing_type":"fixed","tiered_pricing_fixed_rules":{"30":10.08,"60":9.28,"100":8.13,"200":7.48,"500":7.28,"1000":6.98},"tiered_pricing_product_settings":{"layout":"default","base_unit_name":{"singular":null,"plural":null},"default_variation":null},"tiered_pricing_minimum_quantity":null,"tiered_pricing_roles_data":[],"tiered_pricing_percentage_rules":[],"_links":{"self":[{"href":"https:\/\/puffvapestore.com\/it\/wp-json\/wp\/v2\/product\/2127","targetHints":{"allow":["GET"]}}],"collection":[{"href":"https:\/\/puffvapestore.com\/it\/wp-json\/wp\/v2\/product"}],"about":[{"href":"https:\/\/puffvapestore.com\/it\/wp-json\/wp\/v2\/types\/product"}],"replies":[{"embeddable":true,"href":"https:\/\/puffvapestore.com\/it\/wp-json\/wp\/v2\/comments?post=2127"}],"version-history":[{"count":23,"href":"https:\/\/puffvapestore.com\/it\/wp-json\/wp\/v2\/product\/2127\/revisions"}],"predecessor-version":[{"id":13603,"href":"https:\/\/puffvapestore.com\/it\/wp-json\/wp\/v2\/product\/2127\/revisions\/13603"}],"wp:featuredmedia":[{"embeddable":true,"href":"https:\/\/puffvapestore.com\/it\/wp-json\/wp\/v2\/media\/1954"}],"wp:attachment":[{"href":"https:\/\/puffvapestore.com\/it\/wp-json\/wp\/v2\/media?parent=2127"}],"wp:term":[{"taxonomy":"product_brand","embeddable":true,"href":"https:\/\/puffvapestore.com\/it\/wp-json\/wp\/v2\/product_brand?post=2127"},{"taxonomy":"product_cat","embeddable":true,"href":"https:\/\/puffvapestore.com\/it\/wp-json\/wp\/v2\/product_cat?post=2127"},{"taxonomy":"product_tag","embeddable":true,"href":"https:\/\/puffvapestore.com\/it\/wp-json\/wp\/v2\/product_tag?post=2127"}],"curies":[{"name":"wp","href":"https:\/\/api.w.org\/{rel}","templated":true}]}}