{"id":2085,"date":"2025-04-14T23:21:37","date_gmt":"2025-04-14T23:21:37","guid":{"rendered":"https:\/\/puffvapestore.com\/?post_type=product&#038;p=2085"},"modified":"2026-01-19T10:37:33","modified_gmt":"2026-01-19T10:37:33","slug":"puff-18k-jnr-falcon-grape-ice","status":"publish","type":"product","link":"https:\/\/puffvapestore.com\/it\/product\/puff-18k-jnr-falcon-uva-ghiaccio\/","title":{"rendered":"Puff 18k JNR Falcon Grape Ice | JNR Falcon X 18000"},"content":{"rendered":"<div data-elementor-type=\"wp-post\" data-elementor-id=\"2085\" class=\"elementor elementor-2085\">\n\t\t\t\t<div class=\"elementor-element elementor-element-0277bfe e-flex e-con-boxed e-con e-parent\" data-id=\"0277bfe\" data-element_type=\"container\" data-e-type=\"container\">\n\t\t\t\t\t<div class=\"e-con-inner\">\n\t\t<div class=\"elementor-element elementor-element-a95596c e-con-full e-flex e-con e-child\" data-id=\"a95596c\" data-element_type=\"container\" data-e-type=\"container\">\n\t\t\t\t<div class=\"elementor-element elementor-element-2ebc479 elementor-widget__width-initial elementor-widget elementor-widget-text-editor\" data-id=\"2ebc479\" data-element_type=\"widget\" data-e-type=\"widget\" data-widget_type=\"text-editor.default\">\n\t\t\t\t<div class=\"elementor-widget-container\">\n\t\t\t\t\t\t\t\t\t<h2>Caratteristiche del modello JNR Falcon 18K Grape Ice:<\/h2><p>Soffi: Fino a 18.000 boccate<br \/>Liquido: 24 ml<br \/>Livelli di nicotina: 0 %, 2 %, 5 %<br \/>Resistenza: 0,6 ohm<br \/>Capacit\u00e0 della batteria: 950 mAh<br \/>Ricarica: Tipo-C<br \/>Flusso d'aria regolabile: S\u00ec<br \/>Display digitale<br \/>Resistenza a doppia maglia e doppia anima<br \/>Dimensioni: 53,5 x 32 x 121 mm<\/p>\t\t\t\t\t\t\t\t<\/div>\n\t\t\t\t<\/div>\n\t\t\t\t<\/div>\n\t\t<div class=\"elementor-element elementor-element-806deee e-con-full e-flex e-con e-child\" data-id=\"806deee\" data-element_type=\"container\" data-e-type=\"container\">\n\t\t\t\t<div class=\"elementor-element elementor-element-4ba85f9 elementor-widget elementor-widget-image-gallery\" data-id=\"4ba85f9\" data-element_type=\"widget\" data-e-type=\"widget\" data-widget_type=\"image-gallery.default\">\n\t\t\t\t<div class=\"elementor-widget-container\">\n\t\t\t\t\t\t\t<div class=\"elementor-image-gallery\">\n\t\t\t<div id='gallery-1' class='gallery galleryid-2085 gallery-columns-1 gallery-size-medium_large'><figure class='gallery-item'>\n\t\t\t<div class='gallery-icon portrait'>\n\t\t\t\t<img fetchpriority=\"high\" decoding=\"async\" width=\"654\" height=\"690\" src=\"https:\/\/puffvapestore.com\/wp-content\/uploads\/2025\/04\/pvajf18000-16.jpg\" class=\"attachment-medium_large size-medium_large\" alt=\"JNR Falcon 18000 Ghiaccio d&#039;uva pvajf18000\" aria-describedby=\"gallery-1-1956\" srcset=\"https:\/\/puffvapestore.com\/wp-content\/uploads\/2025\/04\/pvajf18000-16.jpg 654w, https:\/\/puffvapestore.com\/wp-content\/uploads\/2025\/04\/pvajf18000-16-284x300.jpg 284w, https:\/\/puffvapestore.com\/wp-content\/uploads\/2025\/04\/pvajf18000-16-600x633.jpg 600w\" sizes=\"(max-width: 654px) 100vw, 654px\" \/>\n\t\t\t<\/div>\n\t\t\t\t<figcaption class='wp-caption-text gallery-caption' id='gallery-1-1956'>\n\t\t\t\tJNR Falcon 18000 Ghiaccio d'uva pvajf18000\n\t\t\t\t<\/figcaption><\/figure>\n\t\t<\/div>\n\t\t<\/div>\n\t\t\t\t\t\t<\/div>\n\t\t\t\t<\/div>\n\t\t\t\t<\/div>\n\t\t\t\t\t<\/div>\n\t\t\t\t<\/div>\n\t\t<div class=\"elementor-element elementor-element-4bbb63a e-flex e-con-boxed e-con e-parent\" data-id=\"4bbb63a\" data-element_type=\"container\" data-e-type=\"container\">\n\t\t\t\t\t<div class=\"e-con-inner\">\n\t\t\t\t<div class=\"elementor-element elementor-element-bbef702 elementor-widget elementor-widget-n-accordion\" data-id=\"bbef702\" data-element_type=\"widget\" data-e-type=\"widget\" data-settings=\"{&quot;default_state&quot;:&quot;expanded&quot;,&quot;max_items_expended&quot;:&quot;one&quot;,&quot;n_accordion_animation_duration&quot;:{&quot;unit&quot;:&quot;ms&quot;,&quot;size&quot;:400,&quot;sizes&quot;:[]}}\" data-widget_type=\"nested-accordion.default\">\n\t\t\t\t<div class=\"elementor-widget-container\">\n\t\t\t\t\t\t\t<div class=\"e-n-accordion\" aria-label=\"Fisarmonica. Aprite i collegamenti con Invio o Spazio, chiudeteli con Escape e navigate con i tasti freccia.\">\n\t\t\t\t\t\t<details id=\"e-n-accordion-item-1970\" class=\"e-n-accordion-item\" open>\n\t\t\t\t<summary class=\"e-n-accordion-item-title\" data-accordion-index=\"1\" tabindex=\"0\" aria-expanded=\"true\" aria-controls=\"e-n-accordion-item-1970\" >\n\t\t\t\t\t<span class='e-n-accordion-item-title-header'><div class=\"e-n-accordion-item-title-text\"> Caratteristiche e funzioni del modello JNR Falcon X 18K Grape Ice <\/div><\/span>\n\t\t\t\t\t\t\t<span class='e-n-accordion-item-title-icon'>\n\t\t\t<span class='e-opened' ><svg aria-hidden=\"true\" class=\"e-font-icon-svg e-fas-minus\" viewbox=\"0 0 448 512\" xmlns=\"http:\/\/www.w3.org\/2000\/svg\"><path d=\"M416 208H32c-17.67 0-32 14.33-32 32v32c0 17.67 14.33 32 32 32h384c17.67 0 32-14.33 32-32v-32c0-17.67-14.33-32-32-32z\"><\/path><\/svg><\/span>\n\t\t\t<span class='e-closed'><svg aria-hidden=\"true\" class=\"e-font-icon-svg e-fas-plus\" viewbox=\"0 0 448 512\" xmlns=\"http:\/\/www.w3.org\/2000\/svg\"><path d=\"M416 208H272V64c0-17.67-14.33-32-32-32h-32c-17.67 0-32 14.33-32 32v144H32c-17.67 0-32 14.33-32 32v32c0 17.67 14.33 32 32 32h144v144c0 17.67 14.33 32 32 32h32c17.67 0 32-14.33 32-32V304h144c17.67 0 32-14.33 32-32v-32c0-17.67-14.33-32-32-32z\"><\/path><\/svg><\/span>\n\t\t<\/span>\n\n\t\t\t\t\t\t<\/summary>\n\t\t\t\t<div role=\"region\" aria-labelledby=\"e-n-accordion-item-1970\" class=\"elementor-element elementor-element-e60b61e e-con-full e-flex e-con e-child\" data-id=\"e60b61e\" data-element_type=\"container\" data-e-type=\"container\">\n\t\t<div role=\"region\" aria-labelledby=\"e-n-accordion-item-1970\" class=\"elementor-element elementor-element-2a515a1 e-flex e-con-boxed e-con e-child\" data-id=\"2a515a1\" data-element_type=\"container\" data-e-type=\"container\">\n\t\t\t\t\t<div class=\"e-con-inner\">\n\t\t\t\t<div class=\"elementor-element elementor-element-b2fe0b4 elementor-widget elementor-widget-text-editor\" data-id=\"b2fe0b4\" data-element_type=\"widget\" data-e-type=\"widget\" data-widget_type=\"text-editor.default\">\n\t\t\t\t<div class=\"elementor-widget-container\">\n\t\t\t\t\t\t\t\t\t<h2>Grande capacit\u00e0 di e-liquid per un'esperienza di lunga durata<\/h2><p>La sigaretta elettronica JNR Falcon-X 18K offre fino a 18.000 boccate, garantendo un uso duraturo senza dover cambiare frequentemente il dispositivo. Sia che la usiate tutti i giorni o in viaggio, soddisfer\u00e0 le vostre frequenti esigenze di e-liquid, migliorando notevolmente il vostro comfort e la vostra convenienza.<\/p><p>La sua grande capacit\u00e0 di 24 ml di e-liquid riduce significativamente la necessit\u00e0 di ricariche frequenti, consentendo di godere di un'esperienza ricca e fluida per lunghi periodi di tempo. Che siate fumatori occasionali o abituali, il suo design di lunga durata vi permette di non dover controllare costantemente il livello del vostro e-liquid.<\/p><h2>Diversi livelli di nicotina per soddisfare le vostre esigenze<\/h2><p>La JNR Falcon-X 18K offre tre livelli di nicotina: 0 %, 2 % e 5 %, progettati per soddisfare le preferenze di gusto e le esigenze di cessazione del fumo. Sia che preferiate il gusto puro della nicotina zero o che cerchiate un livello di nicotina moderato, troverete facilmente il livello che fa per voi.<\/p><h2>Display digitale preciso per informazioni chiare a colpo d'occhio<\/h2><p>Il modello JNR Falcon-X 18K \u00e8 dotato di un display digitale ad alta definizione che mostra in tempo reale dati chiave come la carica della batteria e il livello di e-liquid rimanente. Ci\u00f2 consente agli utenti di monitorare chiaramente lo stato del dispositivo, evitando situazioni imbarazzanti come interruzioni di corrente o esaurimento del liquido elettronico. L'esperienza dell'utente \u00e8 migliorata e la gestione e la manutenzione del dispositivo sono semplificate.<\/p><p>La batteria integrata agli ioni di litio da 950 mAh ad alta capacit\u00e0 consente un utilizzo prolungato, mentre la porta di ricarica rapida Type-C rende la ricarica pi\u00f9 efficiente e comoda. Al lavoro, in viaggio o nella vita di tutti i giorni, l'alimentazione \u00e8 costante, eliminando la fatica di una ricarica frequente.<\/p><h2>Flusso d'aria regolabile per un'esperienza di inalazione personalizzata<\/h2><p>L'esclusivo sistema di regolazione del flusso d'aria consente agli utenti di regolare la resistenza di inalazione in base alle proprie preferenze. Sia che preferiate un vapore pi\u00f9 intenso o pi\u00f9 morbido, potete facilmente regolare la resistenza all'inalazione per ottenere l'esperienza di vaping perfetta per voi.<\/p><p>L'JNR Falcon-X 18K utilizza l'avanzata tecnologia a doppia maglia da 0,6 ohm, con resistenze a doppio nucleo, che migliora l'efficienza di atomizzazione e la densit\u00e0 del vapore, offrendo un sapore pi\u00f9 ricco e pieno e un'inalazione pi\u00f9 fluida. Ogni boccata \u00e8 piena di un fumo delicato e morbido, che soddisfa le esigenze degli amanti della musica.<\/p>\t\t\t\t\t\t\t\t<\/div>\n\t\t\t\t<\/div>\n\t\t\t\t\t<\/div>\n\t\t\t\t<\/div>\n\t\t\t\t<\/div>\n\t\t\t\t\t<\/details>\n\t\t\t\t\t\t<details id=\"e-n-accordion-item-1971\" class=\"e-n-accordion-item\" >\n\t\t\t\t<summary class=\"e-n-accordion-item-title\" data-accordion-index=\"2\" tabindex=\"-1\" aria-expanded=\"false\" aria-controls=\"e-n-accordion-item-1971\" >\n\t\t\t\t\t<span class='e-n-accordion-item-title-header'><div class=\"e-n-accordion-item-title-text\"> Puff Grape Ice JNR Falcon X 18K <\/div><\/span>\n\t\t\t\t\t\t\t<span class='e-n-accordion-item-title-icon'>\n\t\t\t<span class='e-opened' ><svg aria-hidden=\"true\" class=\"e-font-icon-svg e-fas-minus\" viewbox=\"0 0 448 512\" xmlns=\"http:\/\/www.w3.org\/2000\/svg\"><path d=\"M416 208H32c-17.67 0-32 14.33-32 32v32c0 17.67 14.33 32 32 32h384c17.67 0 32-14.33 32-32v-32c0-17.67-14.33-32-32-32z\"><\/path><\/svg><\/span>\n\t\t\t<span class='e-closed'><svg aria-hidden=\"true\" class=\"e-font-icon-svg e-fas-plus\" viewbox=\"0 0 448 512\" xmlns=\"http:\/\/www.w3.org\/2000\/svg\"><path d=\"M416 208H272V64c0-17.67-14.33-32-32-32h-32c-17.67 0-32 14.33-32 32v144H32c-17.67 0-32 14.33-32 32v32c0 17.67 14.33 32 32 32h144v144c0 17.67 14.33 32 32 32h32c17.67 0 32-14.33 32-32V304h144c17.67 0 32-14.33 32-32v-32c0-17.67-14.33-32-32-32z\"><\/path><\/svg><\/span>\n\t\t<\/span>\n\n\t\t\t\t\t\t<\/summary>\n\t\t\t\t<div role=\"region\" aria-labelledby=\"e-n-accordion-item-1971\" class=\"elementor-element elementor-element-4dc98e2 e-con-full e-flex e-con e-child\" data-id=\"4dc98e2\" data-element_type=\"container\" data-e-type=\"container\">\n\t\t<div role=\"region\" aria-labelledby=\"e-n-accordion-item-1971\" class=\"elementor-element elementor-element-64e7604 e-flex e-con-boxed e-con e-child\" data-id=\"64e7604\" data-element_type=\"container\" data-e-type=\"container\">\n\t\t\t\t\t<div class=\"e-con-inner\">\n\t\t\t\t<div class=\"elementor-element elementor-element-55fd5fa elementor-widget elementor-widget-text-editor\" data-id=\"55fd5fa\" data-element_type=\"widget\" data-e-type=\"widget\" data-widget_type=\"text-editor.default\">\n\t\t\t\t<div class=\"elementor-widget-container\">\n\t\t\t\t\t\t\t\t\t<p>Nell'area relax dell'Universit\u00e0 di Tolosa, la luce del sole brilla attraverso le foglie dei platani. Molti studenti si riuniscono qui per rilassarsi un po' dopo aver terminato i loro corsi. L'aroma di uva gelata della sigaretta elettronica JNR Falcon X 18000 \u00e8 diventato una scelta popolare tra loro.<\/p><p>Questa sigaretta elettronica al gelo d'uva \u00e8 davvero speciale. Ha una ricca dolcezza d'uva e un retrogusto fresco e dissetante, che \u00e8 particolarmente rinfrescante in un pomeriggio caldo. Quando l'ho provata nel salone dell'Universit\u00e0 di Tolosa, mi \u00e8 sembrato di assaporare la dolcezza dell'uva e la freschezza del gelo in ogni boccata di fumo. I sapori erano chiaramente stratificati e non monotoni.<\/p><p>Le doppie bobine da 0,6 ohm dell'JNR Falcon X hanno fatto un ottimo lavoro per esaltare il sapore del Grape Frost. Dopo aver regolato il flusso d'aria, ho ottenuto il risultato perfetto, n\u00e9 troppo forte n\u00e9 troppo leggero. Anche il display a LED \u00e8 molto utile: si pu\u00f2 sempre vedere quanta energia \u00e8 rimasta e il numero di boccate.<\/p>\t\t\t\t\t\t\t\t<\/div>\n\t\t\t\t<\/div>\n\t\t<div role=\"region\" aria-labelledby=\"e-n-accordion-item-1971\" class=\"elementor-element elementor-element-3c1fb34 e-con-full e-flex e-con e-child\" data-id=\"3c1fb34\" data-element_type=\"container\" data-e-type=\"container\">\n\t\t<div role=\"region\" aria-labelledby=\"e-n-accordion-item-1971\" class=\"elementor-element elementor-element-2b9d469 e-con-full e-flex e-con e-child\" data-id=\"2b9d469\" data-element_type=\"container\" data-e-type=\"container\">\n\t\t\t\t<div class=\"elementor-element elementor-element-aa46266 elementor-widget elementor-widget-image-gallery\" data-id=\"aa46266\" data-element_type=\"widget\" data-e-type=\"widget\" data-widget_type=\"image-gallery.default\">\n\t\t\t\t<div class=\"elementor-widget-container\">\n\t\t\t\t\t\t\t<div class=\"elementor-image-gallery\">\n\t\t\t<div id='gallery-1' class='gallery galleryid-2085 gallery-columns-1 gallery-size-medium_large'><figure class='gallery-item'>\n\t\t\t<div class='gallery-icon portrait'>\n\t\t\t\t<img fetchpriority=\"high\" decoding=\"async\" width=\"654\" height=\"690\" src=\"https:\/\/puffvapestore.com\/wp-content\/uploads\/2025\/04\/pvajf18000-16.jpg\" class=\"attachment-medium_large size-medium_large\" alt=\"JNR Falcon 18000 Ghiaccio d&#039;uva pvajf18000\" aria-describedby=\"gallery-1-1956\" srcset=\"https:\/\/puffvapestore.com\/wp-content\/uploads\/2025\/04\/pvajf18000-16.jpg 654w, https:\/\/puffvapestore.com\/wp-content\/uploads\/2025\/04\/pvajf18000-16-284x300.jpg 284w, https:\/\/puffvapestore.com\/wp-content\/uploads\/2025\/04\/pvajf18000-16-600x633.jpg 600w\" sizes=\"(max-width: 654px) 100vw, 654px\" \/>\n\t\t\t<\/div>\n\t\t\t\t<figcaption class='wp-caption-text gallery-caption' id='gallery-1-1956'>\n\t\t\t\tJNR Falcon 18000 Ghiaccio d'uva pvajf18000\n\t\t\t\t<\/figcaption><\/figure>\n\t\t<\/div>\n\t\t<\/div>\n\t\t\t\t\t\t<\/div>\n\t\t\t\t<\/div>\n\t\t\t\t<\/div>\n\t\t<div role=\"region\" aria-labelledby=\"e-n-accordion-item-1971\" class=\"elementor-element elementor-element-d5f00b5 e-con-full e-flex e-con e-child\" data-id=\"d5f00b5\" data-element_type=\"container\" data-e-type=\"container\">\n\t\t\t\t<div class=\"elementor-element elementor-element-b3c274b elementor-widget__width-initial elementor-widget elementor-widget-text-editor\" data-id=\"b3c274b\" data-element_type=\"widget\" data-e-type=\"widget\" data-widget_type=\"text-editor.default\">\n\t\t\t\t<div class=\"elementor-widget-container\">\n\t\t\t\t\t\t\t\t\t<p>La cosa che pi\u00f9 mi soddisfa \u00e8 la durata della batteria. Le 18.000 boccate e la capacit\u00e0 di 24 ml sono sufficienti per molto tempo e non devo preoccuparmi di rimanere improvvisamente senza sigarette. La batteria da 950 mAh \u00e8 collegata a una porta di ricarica di tipo C, per cui \u00e8 possibile caricarla e continuare a usarla mentre si ripassa la notte in biblioteca, il che \u00e8 molto comodo.<\/p><p>Il contenuto di nicotina della 2% mi soddisfa perfettamente, rinfrescante ma non troppo stimolante. Fumando questa sigaretta nel salone dell'Universit\u00e0 di Tolosa non si disturba gli altri con l'odore pungente delle sigarette tradizionali, e si pu\u00f2 godere della dolcezza dell'uva e della freschezza del gel.<\/p>\t\t\t\t\t\t\t\t<\/div>\n\t\t\t\t<\/div>\n\t\t\t\t<\/div>\n\t\t\t\t<\/div>\n\t\t<div role=\"region\" aria-labelledby=\"e-n-accordion-item-1971\" class=\"elementor-element elementor-element-7926c6b e-con-full e-flex e-con e-child\" data-id=\"7926c6b\" data-element_type=\"container\" data-e-type=\"container\">\n\t\t\t\t<div class=\"elementor-element elementor-element-2b41948 elementor-widget elementor-widget-text-editor\" data-id=\"2b41948\" data-element_type=\"widget\" data-e-type=\"widget\" data-widget_type=\"text-editor.default\">\n\t\t\t\t<div class=\"elementor-widget-container\">\n\t\t\t\t\t\t\t\t\t<p>Nel complesso, il modello JNR Falcon X 18000 Grape Frost \u00e8 una buona scelta, particolarmente adatta all'uso in un campus. Combina un buon gusto, prestazioni solide e un'eccellente durata della batteria con un design elegante. Se amate il sapore dell'uva e desiderate una sensazione rinfrescante, vale la pena provare questa sigaretta elettronica.<\/p>\t\t\t\t\t\t\t\t<\/div>\n\t\t\t\t<\/div>\n\t\t\t\t<\/div>\n\t\t\t\t\t<\/div>\n\t\t\t\t<\/div>\n\t\t\t\t<\/div>\n\t\t\t\t\t<\/details>\n\t\t\t\t\t<\/div>\n\t\t\t\t\t\t<\/div>\n\t\t\t\t<\/div>\n\t\t\t\t\t<\/div>\n\t\t\t\t<\/div>\n\t\t\t\t<\/div>","protected":false},"excerpt":{"rendered":"<p>Caract\u00e9ristiques du JNR Falcon 18K Grape Ice: Bouff\u00e9es : Jusqu\u2019\u00e0 18000 bouff\u00e9es Liquide : 24 ml Taux de nicotine : 0 %, 2 %, 5 % R\u00e9sistance : 0.6 ohm Capacit\u00e9 de la batterie : 950 mAh Chargement : Type-C D\u00e9bit d\u2019air r\u00e9glable : Oui Affichage num\u00e9rique R\u00e9sistance double maille et double c\u0153ur Dimensions : [&hellip;]<\/p>","protected":false},"featured_media":1956,"comment_status":"open","ping_status":"closed","template":"","meta":{"site-sidebar-layout":"no-sidebar","site-content-layout":"page-builder","ast-site-content-layout":"normal-width-container","site-content-style":"default","site-sidebar-style":"default","ast-global-header-display":"","ast-banner-title-visibility":"","ast-main-header-display":"","ast-hfb-above-header-display":"","ast-hfb-below-header-display":"","ast-hfb-mobile-header-display":"","site-post-title":"disabled","ast-breadcrumbs-content":"","ast-featured-img":"disabled","footer-sml-layout":"","theme-transparent-header-meta":"default","adv-header-id-meta":"","stick-header-meta":"default","header-above-stick-meta":"","header-main-stick-meta":"","header-below-stick-meta":"","astra-migrate-meta-layouts":"set","ast-page-background-enabled":"default","ast-page-background-meta":{"desktop":{"background-color":"","background-image":"","background-repeat":"repeat","background-position":"center center","background-size":"auto","background-attachment":"scroll","background-type":"","background-media":"","overlay-type":"","overlay-color":"","overlay-opacity":"","overlay-gradient":""},"tablet":{"background-color":"","background-image":"","background-repeat":"repeat","background-position":"center center","background-size":"auto","background-attachment":"scroll","background-type":"","background-media":"","overlay-type":"","overlay-color":"","overlay-opacity":"","overlay-gradient":""},"mobile":{"background-color":"","background-image":"","background-repeat":"repeat","background-position":"center center","background-size":"auto","background-attachment":"scroll","background-type":"","background-media":"","overlay-type":"","overlay-color":"","overlay-opacity":"","overlay-gradient":""}},"ast-content-background-meta":{"desktop":{"background-color":"var(--ast-global-color-5)","background-image":"","background-repeat":"repeat","background-position":"center center","background-size":"auto","background-attachment":"scroll","background-type":"","background-media":"","overlay-type":"","overlay-color":"","overlay-opacity":"","overlay-gradient":""},"tablet":{"background-color":"var(--ast-global-color-5)","background-image":"","background-repeat":"repeat","background-position":"center center","background-size":"auto","background-attachment":"scroll","background-type":"","background-media":"","overlay-type":"","overlay-color":"","overlay-opacity":"","overlay-gradient":""},"mobile":{"background-color":"var(--ast-global-color-5)","background-image":"","background-repeat":"repeat","background-position":"center center","background-size":"auto","background-attachment":"scroll","background-type":"","background-media":"","overlay-type":"","overlay-color":"","overlay-opacity":"","overlay-gradient":""}}},"product_brand":[30],"product_cat":[40,84,77,34,35],"product_tag":[],"class_list":{"0":"post-2085","1":"product","2":"type-product","3":"status-publish","4":"has-post-thumbnail","6":"product_brand-jnr","7":"product_cat-jnr-18k","8":"product_cat-puff-18k","9":"product_cat-entrepot-de-lue","10":"product_cat-puff-jnr","11":"product_cat-jnr-vape","12":"desktop-align-center","13":"tablet-align-center","14":"mobile-align-center","15":"ast-product-gallery-layout-horizontal","16":"ast-product-gallery-with-no-image","17":"ast-product-single-variable","18":"ast-product-tabs-layout-horizontal","19":"ast-qv-on-image","21":"first","22":"instock","23":"sale","24":"shipping-taxable","25":"purchasable","26":"product-type-variable","27":"has-default-attributes"},"tiered_pricing_type":"fixed","tiered_pricing_fixed_rules":{"30":10.08,"60":9.28,"100":8.13,"200":7.48,"500":7.28,"1000":6.98},"tiered_pricing_product_settings":{"layout":"default","base_unit_name":{"singular":null,"plural":null},"default_variation":null},"tiered_pricing_minimum_quantity":null,"tiered_pricing_roles_data":[],"tiered_pricing_percentage_rules":[],"_links":{"self":[{"href":"https:\/\/puffvapestore.com\/it\/wp-json\/wp\/v2\/product\/2085","targetHints":{"allow":["GET"]}}],"collection":[{"href":"https:\/\/puffvapestore.com\/it\/wp-json\/wp\/v2\/product"}],"about":[{"href":"https:\/\/puffvapestore.com\/it\/wp-json\/wp\/v2\/types\/product"}],"replies":[{"embeddable":true,"href":"https:\/\/puffvapestore.com\/it\/wp-json\/wp\/v2\/comments?post=2085"}],"version-history":[{"count":23,"href":"https:\/\/puffvapestore.com\/it\/wp-json\/wp\/v2\/product\/2085\/revisions"}],"predecessor-version":[{"id":13610,"href":"https:\/\/puffvapestore.com\/it\/wp-json\/wp\/v2\/product\/2085\/revisions\/13610"}],"wp:featuredmedia":[{"embeddable":true,"href":"https:\/\/puffvapestore.com\/it\/wp-json\/wp\/v2\/media\/1956"}],"wp:attachment":[{"href":"https:\/\/puffvapestore.com\/it\/wp-json\/wp\/v2\/media?parent=2085"}],"wp:term":[{"taxonomy":"product_brand","embeddable":true,"href":"https:\/\/puffvapestore.com\/it\/wp-json\/wp\/v2\/product_brand?post=2085"},{"taxonomy":"product_cat","embeddable":true,"href":"https:\/\/puffvapestore.com\/it\/wp-json\/wp\/v2\/product_cat?post=2085"},{"taxonomy":"product_tag","embeddable":true,"href":"https:\/\/puffvapestore.com\/it\/wp-json\/wp\/v2\/product_tag?post=2085"}],"curies":[{"name":"wp","href":"https:\/\/api.w.org\/{rel}","templated":true}]}}