{"id":2036,"date":"2025-04-12T06:51:57","date_gmt":"2025-04-12T06:51:57","guid":{"rendered":"https:\/\/puffvapestore.com\/?post_type=product&#038;p=2036"},"modified":"2026-01-19T10:37:34","modified_gmt":"2026-01-19T10:37:34","slug":"18k-jnr-falcon-vape-cherry-berry","status":"publish","type":"product","link":"https:\/\/puffvapestore.com\/it\/product\/18k-jnr-falcon-vape-cherry-berry\/","title":{"rendered":"18k JNR Falcon Vape Cherry Berry | JNR Falcon X 18000"},"content":{"rendered":"<div data-elementor-type=\"wp-post\" data-elementor-id=\"2036\" class=\"elementor elementor-2036\">\n\t\t\t\t<div class=\"elementor-element elementor-element-69ed377 e-flex e-con-boxed e-con e-parent\" data-id=\"69ed377\" data-element_type=\"container\" data-e-type=\"container\">\n\t\t\t\t\t<div class=\"e-con-inner\">\n\t\t<div class=\"elementor-element elementor-element-de9e11a e-con-full e-flex e-con e-child\" data-id=\"de9e11a\" data-element_type=\"container\" data-e-type=\"container\">\n\t\t\t\t<div class=\"elementor-element elementor-element-8ed1867 elementor-widget elementor-widget-text-editor\" data-id=\"8ed1867\" data-element_type=\"widget\" data-e-type=\"widget\" data-widget_type=\"text-editor.default\">\n\t\t\t\t<div class=\"elementor-widget-container\">\n\t\t\t\t\t\t\t\t\t<h2>Specifiche per il modello JNR Falcon 18K Cherry Berry:<\/h2><p>Soffi: Fino a 18.000 boccate<br \/>Liquido: 24 ml<br \/>Livelli di nicotina: 0 %, 2 %, 5 %<br \/>Resistenza: 0,6 ohm<br \/>Capacit\u00e0 della batteria: 950 mAh<br \/>Ricarica: Tipo-C<br \/>Flusso d'aria regolabile: S\u00ec<br \/>Display digitale<br \/>Resistenza a doppia maglia e doppia anima<br \/>Dimensioni: 53,5 x 32 x 121 mm<\/p>\t\t\t\t\t\t\t\t<\/div>\n\t\t\t\t<\/div>\n\t\t\t\t<\/div>\n\t\t<div class=\"elementor-element elementor-element-0c034ab e-con-full e-flex e-con e-child\" data-id=\"0c034ab\" data-element_type=\"container\" data-e-type=\"container\">\n\t\t\t\t<div class=\"elementor-element elementor-element-ecddc2d elementor-widget elementor-widget-image-gallery\" data-id=\"ecddc2d\" data-element_type=\"widget\" data-e-type=\"widget\" data-widget_type=\"image-gallery.default\">\n\t\t\t\t<div class=\"elementor-widget-container\">\n\t\t\t\t\t\t\t<div class=\"elementor-image-gallery\">\n\t\t\t<div id='gallery-1' class='gallery galleryid-2036 gallery-columns-1 gallery-size-medium_large'><figure class='gallery-item'>\n\t\t\t<div class='gallery-icon portrait'>\n\t\t\t\t<img fetchpriority=\"high\" decoding=\"async\" width=\"654\" height=\"690\" src=\"https:\/\/puffvapestore.com\/wp-content\/uploads\/2025\/04\/pvajf18000-29.jpg\" class=\"attachment-medium_large size-medium_large\" alt=\"JNR Falcon 18k Cherry Berry pvajf18000\" aria-describedby=\"gallery-1-1969\" srcset=\"https:\/\/puffvapestore.com\/wp-content\/uploads\/2025\/04\/pvajf18000-29.jpg 654w, https:\/\/puffvapestore.com\/wp-content\/uploads\/2025\/04\/pvajf18000-29-284x300.jpg 284w, https:\/\/puffvapestore.com\/wp-content\/uploads\/2025\/04\/pvajf18000-29-600x633.jpg 600w\" sizes=\"(max-width: 654px) 100vw, 654px\" \/>\n\t\t\t<\/div>\n\t\t\t\t<figcaption class='wp-caption-text gallery-caption' id='gallery-1-1969'>\n\t\t\t\tJNR Falcon 18k Cherry Berry pvajf18000\n\t\t\t\t<\/figcaption><\/figure>\n\t\t<\/div>\n\t\t<\/div>\n\t\t\t\t\t\t<\/div>\n\t\t\t\t<\/div>\n\t\t\t\t<\/div>\n\t\t\t\t\t<\/div>\n\t\t\t\t<\/div>\n\t\t<div class=\"elementor-element elementor-element-752f98a e-flex e-con-boxed e-con e-parent\" data-id=\"752f98a\" data-element_type=\"container\" data-e-type=\"container\">\n\t\t\t\t\t<div class=\"e-con-inner\">\n\t\t\t\t<div class=\"elementor-element elementor-element-215ac61 elementor-widget elementor-widget-n-accordion\" data-id=\"215ac61\" data-element_type=\"widget\" data-e-type=\"widget\" data-settings=\"{&quot;default_state&quot;:&quot;expanded&quot;,&quot;max_items_expended&quot;:&quot;one&quot;,&quot;n_accordion_animation_duration&quot;:{&quot;unit&quot;:&quot;ms&quot;,&quot;size&quot;:400,&quot;sizes&quot;:[]}}\" data-widget_type=\"nested-accordion.default\">\n\t\t\t\t<div class=\"elementor-widget-container\">\n\t\t\t\t\t\t\t<div class=\"e-n-accordion\" aria-label=\"Fisarmonica. Aprite i collegamenti con Invio o Spazio, chiudeteli con Escape e navigate con i tasti freccia.\">\n\t\t\t\t\t\t<details id=\"e-n-accordion-item-3490\" class=\"e-n-accordion-item\" open>\n\t\t\t\t<summary class=\"e-n-accordion-item-title\" data-accordion-index=\"1\" tabindex=\"0\" aria-expanded=\"true\" aria-controls=\"e-n-accordion-item-3490\" >\n\t\t\t\t\t<span class='e-n-accordion-item-title-header'><div class=\"e-n-accordion-item-title-text\"> Caratteristiche e funzioni del modello JNR Falcon X 18K Cherry Berry <\/div><\/span>\n\t\t\t\t\t\t\t<span class='e-n-accordion-item-title-icon'>\n\t\t\t<span class='e-opened' ><svg aria-hidden=\"true\" class=\"e-font-icon-svg e-fas-minus\" viewbox=\"0 0 448 512\" xmlns=\"http:\/\/www.w3.org\/2000\/svg\"><path d=\"M416 208H32c-17.67 0-32 14.33-32 32v32c0 17.67 14.33 32 32 32h384c17.67 0 32-14.33 32-32v-32c0-17.67-14.33-32-32-32z\"><\/path><\/svg><\/span>\n\t\t\t<span class='e-closed'><svg aria-hidden=\"true\" class=\"e-font-icon-svg e-fas-plus\" viewbox=\"0 0 448 512\" xmlns=\"http:\/\/www.w3.org\/2000\/svg\"><path d=\"M416 208H272V64c0-17.67-14.33-32-32-32h-32c-17.67 0-32 14.33-32 32v144H32c-17.67 0-32 14.33-32 32v32c0 17.67 14.33 32 32 32h144v144c0 17.67 14.33 32 32 32h32c17.67 0 32-14.33 32-32V304h144c17.67 0 32-14.33 32-32v-32c0-17.67-14.33-32-32-32z\"><\/path><\/svg><\/span>\n\t\t<\/span>\n\n\t\t\t\t\t\t<\/summary>\n\t\t\t\t<div role=\"region\" aria-labelledby=\"e-n-accordion-item-3490\" class=\"elementor-element elementor-element-001817c e-con-full e-flex e-con e-child\" data-id=\"001817c\" data-element_type=\"container\" data-e-type=\"container\">\n\t\t<div role=\"region\" aria-labelledby=\"e-n-accordion-item-3490\" class=\"elementor-element elementor-element-138fe67 e-flex e-con-boxed e-con e-child\" data-id=\"138fe67\" data-element_type=\"container\" data-e-type=\"container\">\n\t\t\t\t\t<div class=\"e-con-inner\">\n\t\t\t\t<div class=\"elementor-element elementor-element-8cea485 elementor-widget elementor-widget-text-editor\" data-id=\"8cea485\" data-element_type=\"widget\" data-e-type=\"widget\" data-widget_type=\"text-editor.default\">\n\t\t\t\t<div class=\"elementor-widget-container\">\n\t\t\t\t\t\t\t\t\t<h2>Batteria di lunghissima durata e ad alta capacit\u00e0<\/h2><p>L'JNR Falcon-X 18K \u00e8 dotato di una batteria agli ioni di litio ad alta densit\u00e0 da 950 mAh con un sistema di gestione dell'energia ottimizzato, che garantisce un'autonomia prolungata a ogni ricarica. Anche gli utenti pi\u00f9 assidui possono utilizzarlo comodamente per tutto il giorno senza doverlo ricaricare frequentemente. La porta di ricarica rapida Type-C assicura una ricarica rapida, affidabile e sicura.<\/p><h2>Grande serbatoio da 24 ml<\/h2><p>Un singolo JNR Falcon-X 18K offre fino a 18.000 boccate, molto pi\u00f9 a lungo di una sigaretta elettronica usa e getta tradizionale. Sia per l'uso quotidiano che per i lunghi viaggi, questo dispositivo offre un'esperienza di gusto costante, eliminando la necessit\u00e0 di frequenti sostituzioni e garantendo un piacere duraturo.<\/p><p>Il serbatoio da 24 ml consente di utilizzarlo pi\u00f9 a lungo. Si tratta di un vantaggio pratico per chi viaggia molto o preferisce evitare ricariche frequenti. Il serbatoio di e-liquid di grande capacit\u00e0 riduce anche il rischio di bruciature a secco della resistenza dell'atomizzatore, garantendo un sapore costante.<\/p><h2>Diversi dosaggi di nicotina<\/h2><p>La JNR Falcon-X 18K offre tre dosaggi di nicotina: 0 %, 2 % e 5 %, per soddisfare le diverse esigenze di svapo, da un gusto leggero senza nicotina a un potente colpo in gola. Che siate vaper alle prime armi o utenti esperti alla ricerca di un'esperienza pi\u00f9 soddisfacente, troverete la soluzione di gusto che fa per voi.<\/p><h2>Struttura a doppia maglia + doppia anima<\/h2><p>La JNR Falcon-X 18K utilizza un sistema di riscaldamento a doppia maglia con una resistenza a doppio nucleo per un riscaldamento pi\u00f9 uniforme e un vapore raffinato. Questa struttura a doppia maglia riscalda l'e-liquid in modo uniforme e istantaneo, riducendo al minimo il surriscaldamento localizzato. Il design a doppio nucleo garantisce una maggiore durata della resistenza e un profilo aromatico pi\u00f9 uniforme. Godetevi un sapore ricco e un vapore omogeneo a ogni boccata.<\/p><p>La JNR Falcon-X 18K \u00e8 dotata di una resistenza a bassa resistenza da 0,6 ohm, che offre il perfetto equilibrio tra aroma e volume di vapore. Questo design a bassa resistenza offre un maggiore volume di vapore e un'estrazione pi\u00f9 fluida, ideale per l'inalazione diretta nei polmoni. Inoltre, consente di regolare il flusso d'aria per la svapata bocca a bocca, offrendo un'esperienza pi\u00f9 personalizzata.<\/p><h2>Design a flusso d'aria regolabile<\/h2><p>La JNR Falcon-X 18K \u00e8 dotata di un sistema di flusso d'aria regolabile, che consente agli utenti di passare liberamente dalla modalit\u00e0 polmone diretto ad alto vapore alla modalit\u00e0 bocca a bocca stretta, a seconda delle preferenze. Sia che si preferisca un'inalazione morbida e ariosa o un colpo in gola ricco e concentrato, \u00e8 possibile trovare facilmente l'impostazione pi\u00f9 confortevole.<\/p><p>Il display digitale integrato ad alta definizione mostra i livelli della batteria e dell'e-liquid in tempo reale, in modo da poter monitorare chiaramente lo stato del dispositivo con una sola occhiata, evitando interruzioni di corrente inaspettate o bruciature. Le informazioni visive intuitive garantiscono un utilizzo pi\u00f9 sicuro e senza stress.<\/p><p>Con dimensioni di 53,5 \u00d7 32 \u00d7 121 mm, la JNR Falcon-X 18K \u00e8 dotata di una batteria e di un serbatoio ad alta capacit\u00e0, offrendo al contempo una presa comoda e una grande portabilit\u00e0. In tasca o in borsa, si inserisce facilmente e offre un'esperienza di svapo di alta qualit\u00e0 ovunque ci si trovi.<\/p><p>Il modello JNR Falcon-X 18K ha un design elegante con curve ergonomiche. Il trattamento superficiale \u00e8 resistente all'usura e antiscivolo, per un comfort ottimale. I suoi colori minimalisti e di alta gamma e la cura dei dettagli la rendono molto pi\u00f9 di una semplice sigaretta elettronica: \u00e8 un accessorio di stile da portare con s\u00e9 ovunque si vada.<\/p>\t\t\t\t\t\t\t\t<\/div>\n\t\t\t\t<\/div>\n\t\t\t\t\t<\/div>\n\t\t\t\t<\/div>\n\t\t\t\t<\/div>\n\t\t\t\t\t<\/details>\n\t\t\t\t\t\t<details id=\"e-n-accordion-item-3491\" class=\"e-n-accordion-item\" >\n\t\t\t\t<summary class=\"e-n-accordion-item-title\" data-accordion-index=\"2\" tabindex=\"-1\" aria-expanded=\"false\" aria-controls=\"e-n-accordion-item-3491\" >\n\t\t\t\t\t<span class='e-n-accordion-item-title-header'><div class=\"e-n-accordion-item-title-text\"> Puff Cherry Berry JNR Falcon X 18K <\/div><\/span>\n\t\t\t\t\t\t\t<span class='e-n-accordion-item-title-icon'>\n\t\t\t<span class='e-opened' ><svg aria-hidden=\"true\" class=\"e-font-icon-svg e-fas-minus\" viewbox=\"0 0 448 512\" xmlns=\"http:\/\/www.w3.org\/2000\/svg\"><path d=\"M416 208H32c-17.67 0-32 14.33-32 32v32c0 17.67 14.33 32 32 32h384c17.67 0 32-14.33 32-32v-32c0-17.67-14.33-32-32-32z\"><\/path><\/svg><\/span>\n\t\t\t<span class='e-closed'><svg aria-hidden=\"true\" class=\"e-font-icon-svg e-fas-plus\" viewbox=\"0 0 448 512\" xmlns=\"http:\/\/www.w3.org\/2000\/svg\"><path d=\"M416 208H272V64c0-17.67-14.33-32-32-32h-32c-17.67 0-32 14.33-32 32v144H32c-17.67 0-32 14.33-32 32v32c0 17.67 14.33 32 32 32h144v144c0 17.67 14.33 32 32 32h32c17.67 0 32-14.33 32-32V304h144c17.67 0 32-14.33 32-32v-32c0-17.67-14.33-32-32-32z\"><\/path><\/svg><\/span>\n\t\t<\/span>\n\n\t\t\t\t\t\t<\/summary>\n\t\t\t\t<div role=\"region\" aria-labelledby=\"e-n-accordion-item-3491\" class=\"elementor-element elementor-element-0eda4a5 e-con-full e-flex e-con e-child\" data-id=\"0eda4a5\" data-element_type=\"container\" data-e-type=\"container\">\n\t\t<div role=\"region\" aria-labelledby=\"e-n-accordion-item-3491\" class=\"elementor-element elementor-element-e31ce10 e-flex e-con-boxed e-con e-child\" data-id=\"e31ce10\" data-element_type=\"container\" data-e-type=\"container\">\n\t\t\t\t\t<div class=\"e-con-inner\">\n\t\t\t\t<div class=\"elementor-element elementor-element-55fd5fa elementor-widget elementor-widget-text-editor\" data-id=\"55fd5fa\" data-element_type=\"widget\" data-e-type=\"widget\" data-widget_type=\"text-editor.default\">\n\t\t\t\t<div class=\"elementor-widget-container\">\n\t\t\t\t\t\t\t\t\t<h2>Cherry Berry: un'esperienza delicata per le strade della Francia<\/h2><p>L'aroma Cherry Berry della sigaretta elettronica JNR Falcon X 18000 rappresenta la perfetta combinazione di romanticismo francese e tecnologia moderna. Questo aroma combina la dolcezza delle ciliegie succose con la freschezza dei frutti di bosco, lasciando un retrogusto duraturo ad ogni boccata.<\/p><p>Nelle strade trafficate di Parigi, i tassisti spesso tirano fuori questa sigaretta elettronica durante le loro brevi pause. Si appoggiano all'auto e premono un pulsante, e il profumo di ciliegie e frutti di bosco riempie l'aria, lavando via la stanchezza della giornata. La ricca dolcezza delle ciliegie invade il palato, seguita dalla leggera acidit\u00e0 dei frutti di bosco: un equilibrio perfetto, proprio come gli squisiti dessert che i francesi amano.<\/p>\t\t\t\t\t\t\t\t<\/div>\n\t\t\t\t<\/div>\n\t\t<div role=\"region\" aria-labelledby=\"e-n-accordion-item-3491\" class=\"elementor-element elementor-element-942ccb0 e-con-full e-flex e-con e-child\" data-id=\"942ccb0\" data-element_type=\"container\" data-e-type=\"container\">\n\t\t<div role=\"region\" aria-labelledby=\"e-n-accordion-item-3491\" class=\"elementor-element elementor-element-577deeb e-con-full e-flex e-con e-child\" data-id=\"577deeb\" data-element_type=\"container\" data-e-type=\"container\">\n\t\t\t\t<div class=\"elementor-element elementor-element-5d167cf elementor-widget elementor-widget-text-editor\" data-id=\"5d167cf\" data-element_type=\"widget\" data-e-type=\"widget\" data-widget_type=\"text-editor.default\">\n\t\t\t\t<div class=\"elementor-widget-container\">\n\t\t\t\t\t\t\t\t\t<p>Il fascino della Cherry Berry risiede nel potente supporto tecnico della JNR Falcon X. La bobina a doppia maglia da 0,6 ohm e il design dual core assicurano che ogni boccata di fumo possa rilasciare completamente l'aroma, consentendo di sperimentare un livello di gusto senza precedenti. Il contenuto di nicotina della 2% aiuta a soddisfare le esigenze senza essere troppo forte, il che \u00e8 particolarmente adatto ai consumatori francesi che amano assaporare la vita.<\/p><p>Il sistema di flusso d'aria regolabile \u00e8 un altro punto di forza di questo prodotto. Volete un ricco profumo di ciliegia? Riducete il flusso d'aria. Volete una sensazione rinfrescante di frutti di bosco? Aumentate il flusso d'aria. Questa esperienza personalizzata consente a ciascun utente di trovare il metodo di fumata che pi\u00f9 gli si addice.<\/p>\t\t\t\t\t\t\t\t<\/div>\n\t\t\t\t<\/div>\n\t\t\t\t<\/div>\n\t\t<div role=\"region\" aria-labelledby=\"e-n-accordion-item-3491\" class=\"elementor-element elementor-element-d5e4b56 e-con-full e-flex e-con e-child\" data-id=\"d5e4b56\" data-element_type=\"container\" data-e-type=\"container\">\n\t\t\t\t<div class=\"elementor-element elementor-element-381dfcb elementor-widget elementor-widget-image-gallery\" data-id=\"381dfcb\" data-element_type=\"widget\" data-e-type=\"widget\" data-widget_type=\"image-gallery.default\">\n\t\t\t\t<div class=\"elementor-widget-container\">\n\t\t\t\t\t\t\t<div class=\"elementor-image-gallery\">\n\t\t\t<div id='gallery-2' class='gallery galleryid-2036 gallery-columns-1 gallery-size-medium_large'><figure class='gallery-item'>\n\t\t\t<div class='gallery-icon portrait'>\n\t\t\t\t<img decoding=\"async\" width=\"654\" height=\"690\" src=\"https:\/\/puffvapestore.com\/wp-content\/uploads\/2025\/04\/pvajf18000-29.jpg\" class=\"attachment-medium_large size-medium_large\" alt=\"JNR Falcon 18k Cherry Berry pvajf18000\" aria-describedby=\"gallery-2-1969\" srcset=\"https:\/\/puffvapestore.com\/wp-content\/uploads\/2025\/04\/pvajf18000-29.jpg 654w, https:\/\/puffvapestore.com\/wp-content\/uploads\/2025\/04\/pvajf18000-29-284x300.jpg 284w, https:\/\/puffvapestore.com\/wp-content\/uploads\/2025\/04\/pvajf18000-29-600x633.jpg 600w\" sizes=\"(max-width: 654px) 100vw, 654px\" \/>\n\t\t\t<\/div>\n\t\t\t\t<figcaption class='wp-caption-text gallery-caption' id='gallery-2-1969'>\n\t\t\t\tJNR Falcon 18k Cherry Berry pvajf18000\n\t\t\t\t<\/figcaption><\/figure>\n\t\t<\/div>\n\t\t<\/div>\n\t\t\t\t\t\t<\/div>\n\t\t\t\t<\/div>\n\t\t\t\t<\/div>\n\t\t\t\t<\/div>\n\t\t<div role=\"region\" aria-labelledby=\"e-n-accordion-item-3491\" class=\"elementor-element elementor-element-3c1fb34 e-con-full e-flex e-con e-child\" data-id=\"3c1fb34\" data-element_type=\"container\" data-e-type=\"container\">\n\t\t<div role=\"region\" aria-labelledby=\"e-n-accordion-item-3491\" class=\"elementor-element elementor-element-2b9d469 e-con-full e-flex e-con e-child\" data-id=\"2b9d469\" data-element_type=\"container\" data-e-type=\"container\">\n\t\t\t\t<div class=\"elementor-element elementor-element-aa46266 elementor-widget elementor-widget-image-gallery\" data-id=\"aa46266\" data-element_type=\"widget\" data-e-type=\"widget\" data-widget_type=\"image-gallery.default\">\n\t\t\t\t<div class=\"elementor-widget-container\">\n\t\t\t\t\t\t\t<div class=\"elementor-image-gallery\">\n\t\t\t<div id='gallery-3' class='gallery galleryid-2036 gallery-columns-1 gallery-size-medium_large'><figure class='gallery-item'>\n\t\t\t<div class='gallery-icon portrait'>\n\t\t\t\t<img decoding=\"async\" width=\"654\" height=\"690\" src=\"https:\/\/puffvapestore.com\/wp-content\/uploads\/2025\/04\/pvajf18000-29.jpg\" class=\"attachment-medium_large size-medium_large\" alt=\"JNR Falcon 18k Cherry Berry pvajf18000\" aria-describedby=\"gallery-3-1969\" srcset=\"https:\/\/puffvapestore.com\/wp-content\/uploads\/2025\/04\/pvajf18000-29.jpg 654w, https:\/\/puffvapestore.com\/wp-content\/uploads\/2025\/04\/pvajf18000-29-284x300.jpg 284w, https:\/\/puffvapestore.com\/wp-content\/uploads\/2025\/04\/pvajf18000-29-600x633.jpg 600w\" sizes=\"(max-width: 654px) 100vw, 654px\" \/>\n\t\t\t<\/div>\n\t\t\t\t<figcaption class='wp-caption-text gallery-caption' id='gallery-3-1969'>\n\t\t\t\tJNR Falcon 18k Cherry Berry pvajf18000\n\t\t\t\t<\/figcaption><\/figure>\n\t\t<\/div>\n\t\t<\/div>\n\t\t\t\t\t\t<\/div>\n\t\t\t\t<\/div>\n\t\t\t\t<\/div>\n\t\t<div role=\"region\" aria-labelledby=\"e-n-accordion-item-3491\" class=\"elementor-element elementor-element-d5f00b5 e-con-full e-flex e-con e-child\" data-id=\"d5f00b5\" data-element_type=\"container\" data-e-type=\"container\">\n\t\t\t\t<div class=\"elementor-element elementor-element-b3c274b elementor-widget__width-initial elementor-widget elementor-widget-text-editor\" data-id=\"b3c274b\" data-element_type=\"widget\" data-e-type=\"widget\" data-widget_type=\"text-editor.default\">\n\t\t\t\t<div class=\"elementor-widget-container\">\n\t\t\t\t\t\t\t\t\t<p>La batteria ad alta capacit\u00e0 da 950 mAh, combinata con la ricarica rapida di tipo C, assicura che non sarete disturbati dal basso consumo energetico durante una lunga giornata a Parigi. Il display digitale mostra chiaramente il numero di boccate rimanenti e lo stato della batteria, rendendo l'utilizzo pi\u00f9 intuitivo. Le prestazioni di lunga durata, fino a 18.000 boccate, sono sufficienti per settimane.<\/p><p>Il suo design leggero (solo 53,5 \u00d7 32 \u00d7 121 mm) lo rende facile da infilare in tasca o in borsa e da gustare sempre e ovunque. La perfetta fusione di ciliegie e frutti di bosco \u00e8 diventata una scelta quotidiana di relax per molte persone in Francia, un paese che d\u00e0 grande importanza alla qualit\u00e0 della vita.<\/p>\t\t\t\t\t\t\t\t<\/div>\n\t\t\t\t<\/div>\n\t\t\t\t<\/div>\n\t\t\t\t<\/div>\n\t\t<div role=\"region\" aria-labelledby=\"e-n-accordion-item-3491\" class=\"elementor-element elementor-element-7926c6b e-con-full e-flex e-con e-child\" data-id=\"7926c6b\" data-element_type=\"container\" data-e-type=\"container\">\n\t\t\t\t<div class=\"elementor-element elementor-element-2b41948 elementor-widget elementor-widget-text-editor\" data-id=\"2b41948\" data-element_type=\"widget\" data-e-type=\"widget\" data-widget_type=\"text-editor.default\">\n\t\t\t\t<div class=\"elementor-widget-container\">\n\t\t\t\t\t\t\t\t\t<p>Che si tratti di una breve pausa tra due ore di lavoro o di un momento di convivialit\u00e0 con gli amici, Cherry Berry pu\u00f2 portare il piacere che i francesi chiamano \u00abpetit bonheur\u00bb. Non \u00e8 solo una sigaretta elettronica, \u00e8 anche un riflesso del nostro atteggiamento verso la vita: cercare la qualit\u00e0 e godersi il momento.<\/p><p>JNR Falcon X 18000 Cherry Berry utilizza la tecnologia per creare una dolce fragranza che permette di vivere il romanticismo francese con le papille gustative.<\/p>\t\t\t\t\t\t\t\t<\/div>\n\t\t\t\t<\/div>\n\t\t\t\t<\/div>\n\t\t\t\t\t<\/div>\n\t\t\t\t<\/div>\n\t\t\t\t<\/div>\n\t\t\t\t\t<\/details>\n\t\t\t\t\t<\/div>\n\t\t\t\t\t\t<\/div>\n\t\t\t\t<\/div>\n\t\t\t\t\t<\/div>\n\t\t\t\t<\/div>\n\t\t\t\t<\/div>","protected":false},"excerpt":{"rendered":"<p>Caract\u00e9ristiques du JNR Falcon 18K Cherry Berry: Bouff\u00e9es : Jusqu\u2019\u00e0 18000 bouff\u00e9es Liquide : 24 ml Taux de nicotine : 0 %, 2 %, 5 % R\u00e9sistance : 0.6 ohm Capacit\u00e9 de la batterie : 950 mAh Chargement : Type-C D\u00e9bit d\u2019air r\u00e9glable : Oui Affichage num\u00e9rique R\u00e9sistance double maille et double c\u0153ur Dimensions : [&hellip;]<\/p>\n","protected":false},"featured_media":1969,"comment_status":"open","ping_status":"closed","template":"","meta":{"site-sidebar-layout":"no-sidebar","site-content-layout":"page-builder","ast-site-content-layout":"normal-width-container","site-content-style":"default","site-sidebar-style":"default","ast-global-header-display":"","ast-banner-title-visibility":"","ast-main-header-display":"","ast-hfb-above-header-display":"","ast-hfb-below-header-display":"","ast-hfb-mobile-header-display":"","site-post-title":"disabled","ast-breadcrumbs-content":"","ast-featured-img":"disabled","footer-sml-layout":"","theme-transparent-header-meta":"default","adv-header-id-meta":"","stick-header-meta":"default","header-above-stick-meta":"","header-main-stick-meta":"","header-below-stick-meta":"","astra-migrate-meta-layouts":"set","ast-page-background-enabled":"default","ast-page-background-meta":{"desktop":{"background-color":"","background-image":"","background-repeat":"repeat","background-position":"center center","background-size":"auto","background-attachment":"scroll","background-type":"","background-media":"","overlay-type":"","overlay-color":"","overlay-opacity":"","overlay-gradient":""},"tablet":{"background-color":"","background-image":"","background-repeat":"repeat","background-position":"center center","background-size":"auto","background-attachment":"scroll","background-type":"","background-media":"","overlay-type":"","overlay-color":"","overlay-opacity":"","overlay-gradient":""},"mobile":{"background-color":"","background-image":"","background-repeat":"repeat","background-position":"center center","background-size":"auto","background-attachment":"scroll","background-type":"","background-media":"","overlay-type":"","overlay-color":"","overlay-opacity":"","overlay-gradient":""}},"ast-content-background-meta":{"desktop":{"background-color":"var(--ast-global-color-5)","background-image":"","background-repeat":"repeat","background-position":"center center","background-size":"auto","background-attachment":"scroll","background-type":"","background-media":"","overlay-type":"","overlay-color":"","overlay-opacity":"","overlay-gradient":""},"tablet":{"background-color":"var(--ast-global-color-5)","background-image":"","background-repeat":"repeat","background-position":"center center","background-size":"auto","background-attachment":"scroll","background-type":"","background-media":"","overlay-type":"","overlay-color":"","overlay-opacity":"","overlay-gradient":""},"mobile":{"background-color":"var(--ast-global-color-5)","background-image":"","background-repeat":"repeat","background-position":"center center","background-size":"auto","background-attachment":"scroll","background-type":"","background-media":"","overlay-type":"","overlay-color":"","overlay-opacity":"","overlay-gradient":""}}},"product_brand":[30],"product_cat":[40,84,77,34,35],"product_tag":[],"class_list":{"0":"post-2036","1":"product","2":"type-product","3":"status-publish","4":"has-post-thumbnail","6":"product_brand-jnr","7":"product_cat-jnr-18k","8":"product_cat-puff-18k","9":"product_cat-entrepot-de-lue","10":"product_cat-puff-jnr","11":"product_cat-jnr-vape","12":"desktop-align-center","13":"tablet-align-center","14":"mobile-align-center","15":"ast-product-gallery-layout-horizontal","16":"ast-product-gallery-with-no-image","17":"ast-product-single-variable","18":"ast-product-tabs-layout-horizontal","19":"ast-qv-on-image","21":"first","22":"instock","23":"sale","24":"shipping-taxable","25":"purchasable","26":"product-type-variable","27":"has-default-attributes"},"tiered_pricing_type":"fixed","tiered_pricing_fixed_rules":{"30":10.08,"60":9.28,"100":8.13,"200":7.48,"500":7.28,"1000":6.98},"tiered_pricing_product_settings":{"layout":"default","base_unit_name":{"singular":null,"plural":null},"default_variation":null},"tiered_pricing_minimum_quantity":null,"tiered_pricing_roles_data":[],"tiered_pricing_percentage_rules":[],"_links":{"self":[{"href":"https:\/\/puffvapestore.com\/it\/wp-json\/wp\/v2\/product\/2036","targetHints":{"allow":["GET"]}}],"collection":[{"href":"https:\/\/puffvapestore.com\/it\/wp-json\/wp\/v2\/product"}],"about":[{"href":"https:\/\/puffvapestore.com\/it\/wp-json\/wp\/v2\/types\/product"}],"replies":[{"embeddable":true,"href":"https:\/\/puffvapestore.com\/it\/wp-json\/wp\/v2\/comments?post=2036"}],"version-history":[{"count":23,"href":"https:\/\/puffvapestore.com\/it\/wp-json\/wp\/v2\/product\/2036\/revisions"}],"predecessor-version":[{"id":13619,"href":"https:\/\/puffvapestore.com\/it\/wp-json\/wp\/v2\/product\/2036\/revisions\/13619"}],"wp:featuredmedia":[{"embeddable":true,"href":"https:\/\/puffvapestore.com\/it\/wp-json\/wp\/v2\/media\/1969"}],"wp:attachment":[{"href":"https:\/\/puffvapestore.com\/it\/wp-json\/wp\/v2\/media?parent=2036"}],"wp:term":[{"taxonomy":"product_brand","embeddable":true,"href":"https:\/\/puffvapestore.com\/it\/wp-json\/wp\/v2\/product_brand?post=2036"},{"taxonomy":"product_cat","embeddable":true,"href":"https:\/\/puffvapestore.com\/it\/wp-json\/wp\/v2\/product_cat?post=2036"},{"taxonomy":"product_tag","embeddable":true,"href":"https:\/\/puffvapestore.com\/it\/wp-json\/wp\/v2\/product_tag?post=2036"}],"curies":[{"name":"wp","href":"https:\/\/api.w.org\/{rel}","templated":true}]}}