{"id":2029,"date":"2025-04-12T05:46:37","date_gmt":"2025-04-12T05:46:37","guid":{"rendered":"https:\/\/puffvapestore.com\/?post_type=product&#038;p=2029"},"modified":"2026-01-19T10:37:34","modified_gmt":"2026-01-19T10:37:34","slug":"18000-jnr-falcon-strawberry-ice","status":"publish","type":"product","link":"https:\/\/puffvapestore.com\/it\/product\/18000-jnr-falcon-fragola-ghiaccio\/","title":{"rendered":"18000 JNR Falcon Ghiaccio alla fragola JNR Falcon X 18K"},"content":{"rendered":"<div data-elementor-type=\"wp-post\" data-elementor-id=\"2029\" class=\"elementor elementor-2029\">\n\t\t\t\t<div class=\"elementor-element elementor-element-942ccb0 e-flex e-con-boxed e-con e-parent\" data-id=\"942ccb0\" data-element_type=\"container\" data-e-type=\"container\">\n\t\t\t\t\t<div class=\"e-con-inner\">\n\t\t<div class=\"elementor-element elementor-element-577deeb e-con-full e-flex e-con e-child\" data-id=\"577deeb\" data-element_type=\"container\" data-e-type=\"container\">\n\t\t\t\t<div class=\"elementor-element elementor-element-5d167cf elementor-widget elementor-widget-text-editor\" data-id=\"5d167cf\" data-element_type=\"widget\" data-e-type=\"widget\" data-widget_type=\"text-editor.default\">\n\t\t\t\t<div class=\"elementor-widget-container\">\n\t\t\t\t\t\t\t\t\t<h2>Specifiche per il modello JNR Falcon 18K Strawberry Ice:<\/h2><p>Soffi: Fino a 18.000 boccate<br \/>Liquido: 24 ml<br \/>Livelli di nicotina: 0 %, 2 %, 5 %<br \/>Resistenza: 0,6 ohm<br \/>Capacit\u00e0 della batteria: 950 mAh<br \/>Ricarica: Tipo-C<br \/>Flusso d'aria regolabile: S\u00ec<br \/>Display digitale<br \/>Resistenza a doppia maglia e doppia anima<br \/>Dimensioni: 53,5 x 32 x 121 mm<\/p>\t\t\t\t\t\t\t\t<\/div>\n\t\t\t\t<\/div>\n\t\t\t\t<\/div>\n\t\t<div class=\"elementor-element elementor-element-d5e4b56 e-con-full e-flex e-con e-child\" data-id=\"d5e4b56\" data-element_type=\"container\" data-e-type=\"container\">\n\t\t\t\t<div class=\"elementor-element elementor-element-381dfcb elementor-widget elementor-widget-image-gallery\" data-id=\"381dfcb\" data-element_type=\"widget\" data-e-type=\"widget\" data-widget_type=\"image-gallery.default\">\n\t\t\t\t<div class=\"elementor-widget-container\">\n\t\t\t\t\t\t\t<div class=\"elementor-image-gallery\">\n\t\t\t<div id='gallery-1' class='gallery galleryid-2029 gallery-columns-1 gallery-size-medium_large'><figure class='gallery-item'>\n\t\t\t<div class='gallery-icon portrait'>\n\t\t\t\t<img fetchpriority=\"high\" decoding=\"async\" width=\"654\" height=\"690\" src=\"https:\/\/puffvapestore.com\/wp-content\/uploads\/2025\/04\/pvajf18000-4.jpg\" class=\"attachment-medium_large size-medium_large\" alt=\"JNR Falcon 18000 Ghiaccio alla fragola pvajf18000\" aria-describedby=\"gallery-1-1944\" srcset=\"https:\/\/puffvapestore.com\/wp-content\/uploads\/2025\/04\/pvajf18000-4.jpg 654w, https:\/\/puffvapestore.com\/wp-content\/uploads\/2025\/04\/pvajf18000-4-284x300.jpg 284w, https:\/\/puffvapestore.com\/wp-content\/uploads\/2025\/04\/pvajf18000-4-600x633.jpg 600w\" sizes=\"(max-width: 654px) 100vw, 654px\" \/>\n\t\t\t<\/div>\n\t\t\t\t<figcaption class='wp-caption-text gallery-caption' id='gallery-1-1944'>\n\t\t\t\tJNR Falcon 18000 Ghiaccio alla fragola pvajf18000\n\t\t\t\t<\/figcaption><\/figure>\n\t\t<\/div>\n\t\t<\/div>\n\t\t\t\t\t\t<\/div>\n\t\t\t\t<\/div>\n\t\t\t\t<\/div>\n\t\t\t\t\t<\/div>\n\t\t\t\t<\/div>\n\t\t<div class=\"elementor-element elementor-element-c019a1a e-flex e-con-boxed e-con e-parent\" data-id=\"c019a1a\" data-element_type=\"container\" data-e-type=\"container\">\n\t\t\t\t\t<div class=\"e-con-inner\">\n\t\t\t\t<div class=\"elementor-element elementor-element-92778d3 elementor-widget elementor-widget-n-accordion\" data-id=\"92778d3\" data-element_type=\"widget\" data-e-type=\"widget\" data-settings=\"{&quot;default_state&quot;:&quot;expanded&quot;,&quot;max_items_expended&quot;:&quot;one&quot;,&quot;n_accordion_animation_duration&quot;:{&quot;unit&quot;:&quot;ms&quot;,&quot;size&quot;:400,&quot;sizes&quot;:[]}}\" data-widget_type=\"nested-accordion.default\">\n\t\t\t\t<div class=\"elementor-widget-container\">\n\t\t\t\t\t\t\t<div class=\"e-n-accordion\" aria-label=\"Fisarmonica. Aprite i collegamenti con Invio o Spazio, chiudeteli con Escape e navigate con i tasti freccia.\">\n\t\t\t\t\t\t<details id=\"e-n-accordion-item-1530\" class=\"e-n-accordion-item\" open>\n\t\t\t\t<summary class=\"e-n-accordion-item-title\" data-accordion-index=\"1\" tabindex=\"0\" aria-expanded=\"true\" aria-controls=\"e-n-accordion-item-1530\" >\n\t\t\t\t\t<span class='e-n-accordion-item-title-header'><div class=\"e-n-accordion-item-title-text\"> Caratteristiche e funzioni del modello JNR Falcon X 18K Strawberry Ice <\/div><\/span>\n\t\t\t\t\t\t\t<span class='e-n-accordion-item-title-icon'>\n\t\t\t<span class='e-opened' ><svg aria-hidden=\"true\" class=\"e-font-icon-svg e-fas-minus\" viewbox=\"0 0 448 512\" xmlns=\"http:\/\/www.w3.org\/2000\/svg\"><path d=\"M416 208H32c-17.67 0-32 14.33-32 32v32c0 17.67 14.33 32 32 32h384c17.67 0 32-14.33 32-32v-32c0-17.67-14.33-32-32-32z\"><\/path><\/svg><\/span>\n\t\t\t<span class='e-closed'><svg aria-hidden=\"true\" class=\"e-font-icon-svg e-fas-plus\" viewbox=\"0 0 448 512\" xmlns=\"http:\/\/www.w3.org\/2000\/svg\"><path d=\"M416 208H272V64c0-17.67-14.33-32-32-32h-32c-17.67 0-32 14.33-32 32v144H32c-17.67 0-32 14.33-32 32v32c0 17.67 14.33 32 32 32h144v144c0 17.67 14.33 32 32 32h32c17.67 0 32-14.33 32-32V304h144c17.67 0 32-14.33 32-32v-32c0-17.67-14.33-32-32-32z\"><\/path><\/svg><\/span>\n\t\t<\/span>\n\n\t\t\t\t\t\t<\/summary>\n\t\t\t\t<div role=\"region\" aria-labelledby=\"e-n-accordion-item-1530\" class=\"elementor-element elementor-element-e455d40 e-con-full e-flex e-con e-child\" data-id=\"e455d40\" data-element_type=\"container\" data-e-type=\"container\">\n\t\t<div role=\"region\" aria-labelledby=\"e-n-accordion-item-1530\" class=\"elementor-element elementor-element-d00213a e-flex e-con-boxed e-con e-child\" data-id=\"d00213a\" data-element_type=\"container\" data-e-type=\"container\">\n\t\t\t\t\t<div class=\"e-con-inner\">\n\t\t\t\t<div class=\"elementor-element elementor-element-222f913 elementor-widget elementor-widget-text-editor\" data-id=\"222f913\" data-element_type=\"widget\" data-e-type=\"widget\" data-widget_type=\"text-editor.default\">\n\t\t\t\t<div class=\"elementor-widget-container\">\n\t\t\t\t\t\t\t\t\t<h2>Batteria di lunghissima durata e ad alta capacit\u00e0<\/h2><p>L'JNR Falcon-X 18K \u00e8 dotato di una batteria agli ioni di litio ad alta densit\u00e0 da 950 mAh con un sistema di gestione dell'energia ottimizzato, che garantisce un'autonomia prolungata a ogni ricarica. Anche gli utenti pi\u00f9 assidui possono utilizzarlo comodamente per tutto il giorno senza doverlo ricaricare frequentemente. La porta di ricarica rapida Type-C assicura una ricarica rapida, affidabile e sicura.<\/p><h2>Grande serbatoio da 24 ml<\/h2><p>Un singolo JNR Falcon-X 18K offre fino a 18.000 boccate, molto pi\u00f9 a lungo di una sigaretta elettronica usa e getta tradizionale. Sia per l'uso quotidiano che per i lunghi viaggi, questo dispositivo offre un'esperienza di gusto costante, eliminando la necessit\u00e0 di frequenti sostituzioni e garantendo un piacere duraturo.<\/p><p>Il serbatoio da 24 ml consente di utilizzarlo pi\u00f9 a lungo. Si tratta di un vantaggio pratico per chi viaggia molto o preferisce evitare ricariche frequenti. Il serbatoio di e-liquid di grande capacit\u00e0 riduce anche il rischio di bruciature a secco della resistenza dell'atomizzatore, garantendo un sapore costante.<\/p><h2>Diversi dosaggi di nicotina<\/h2><p>La JNR Falcon-X 18K offre tre dosaggi di nicotina: 0 %, 2 % e 5 %, per soddisfare le diverse esigenze di svapo, da un gusto leggero senza nicotina a un potente colpo in gola. Che siate vaper alle prime armi o utenti esperti alla ricerca di un'esperienza pi\u00f9 soddisfacente, troverete la soluzione di gusto che fa per voi.<\/p><h2>Struttura a doppia maglia + doppia anima<\/h2><p>La JNR Falcon-X 18K utilizza un sistema di riscaldamento a doppia maglia con una resistenza a doppio nucleo per un riscaldamento pi\u00f9 uniforme e un vapore raffinato. Questa struttura a doppia maglia riscalda l'e-liquid in modo uniforme e istantaneo, riducendo al minimo il surriscaldamento localizzato. Il design a doppio nucleo garantisce una maggiore durata della resistenza e un profilo aromatico pi\u00f9 uniforme. Godetevi un sapore ricco e un vapore omogeneo a ogni boccata.<\/p><p>La JNR Falcon-X 18K \u00e8 dotata di una resistenza a bassa resistenza da 0,6 ohm, che offre il perfetto equilibrio tra aroma e volume di vapore. Questo design a bassa resistenza offre un maggiore volume di vapore e un'estrazione pi\u00f9 fluida, ideale per l'inalazione diretta nei polmoni. Inoltre, consente di regolare il flusso d'aria per la svapata bocca a bocca, offrendo un'esperienza pi\u00f9 personalizzata.<\/p><h2>Design a flusso d'aria regolabile<\/h2><p>La JNR Falcon-X 18K \u00e8 dotata di un sistema di flusso d'aria regolabile, che consente agli utenti di passare liberamente dalla modalit\u00e0 polmone diretto ad alto vapore alla modalit\u00e0 bocca a bocca stretta, a seconda delle preferenze. Sia che si preferisca un'inalazione morbida e ariosa o un colpo in gola ricco e concentrato, \u00e8 possibile trovare facilmente l'impostazione pi\u00f9 confortevole.<\/p><p>Il display digitale integrato ad alta definizione mostra i livelli della batteria e dell'e-liquid in tempo reale, in modo da poter monitorare chiaramente lo stato del dispositivo con una sola occhiata, evitando interruzioni di corrente inaspettate o bruciature. Le informazioni visive intuitive garantiscono un utilizzo pi\u00f9 sicuro e senza stress.<\/p><p>Con dimensioni di 53,5 \u00d7 32 \u00d7 121 mm, la JNR Falcon-X 18K \u00e8 dotata di una batteria e di un serbatoio ad alta capacit\u00e0, offrendo al contempo una presa comoda e una grande portabilit\u00e0. In tasca o in borsa, si inserisce facilmente e offre un'esperienza di svapo di alta qualit\u00e0 ovunque ci si trovi.<\/p><p>Il modello JNR Falcon-X 18K ha un design elegante con curve ergonomiche. Il trattamento superficiale \u00e8 resistente all'usura e antiscivolo, per un comfort ottimale. I suoi colori minimalisti e di alta gamma e la cura dei dettagli la rendono molto pi\u00f9 di una semplice sigaretta elettronica: \u00e8 un accessorio di stile da portare con s\u00e9 ovunque si vada.<\/p>\t\t\t\t\t\t\t\t<\/div>\n\t\t\t\t<\/div>\n\t\t\t\t\t<\/div>\n\t\t\t\t<\/div>\n\t\t\t\t<\/div>\n\t\t\t\t\t<\/details>\n\t\t\t\t\t\t<details id=\"e-n-accordion-item-1531\" class=\"e-n-accordion-item\" >\n\t\t\t\t<summary class=\"e-n-accordion-item-title\" data-accordion-index=\"2\" tabindex=\"-1\" aria-expanded=\"false\" aria-controls=\"e-n-accordion-item-1531\" >\n\t\t\t\t\t<span class='e-n-accordion-item-title-header'><div class=\"e-n-accordion-item-title-text\"> Ghiaccio alla fragola Puff JNR Falcon X 18K <\/div><\/span>\n\t\t\t\t\t\t\t<span class='e-n-accordion-item-title-icon'>\n\t\t\t<span class='e-opened' ><svg aria-hidden=\"true\" class=\"e-font-icon-svg e-fas-minus\" viewbox=\"0 0 448 512\" xmlns=\"http:\/\/www.w3.org\/2000\/svg\"><path d=\"M416 208H32c-17.67 0-32 14.33-32 32v32c0 17.67 14.33 32 32 32h384c17.67 0 32-14.33 32-32v-32c0-17.67-14.33-32-32-32z\"><\/path><\/svg><\/span>\n\t\t\t<span class='e-closed'><svg aria-hidden=\"true\" class=\"e-font-icon-svg e-fas-plus\" viewbox=\"0 0 448 512\" xmlns=\"http:\/\/www.w3.org\/2000\/svg\"><path d=\"M416 208H272V64c0-17.67-14.33-32-32-32h-32c-17.67 0-32 14.33-32 32v144H32c-17.67 0-32 14.33-32 32v32c0 17.67 14.33 32 32 32h144v144c0 17.67 14.33 32 32 32h32c17.67 0 32-14.33 32-32V304h144c17.67 0 32-14.33 32-32v-32c0-17.67-14.33-32-32-32z\"><\/path><\/svg><\/span>\n\t\t<\/span>\n\n\t\t\t\t\t\t<\/summary>\n\t\t\t\t<div role=\"region\" aria-labelledby=\"e-n-accordion-item-1531\" class=\"elementor-element elementor-element-7bd8be1 e-con-full e-flex e-con e-child\" data-id=\"7bd8be1\" data-element_type=\"container\" data-e-type=\"container\">\n\t\t<div role=\"region\" aria-labelledby=\"e-n-accordion-item-1531\" class=\"elementor-element elementor-element-1d178cb e-flex e-con-boxed e-con e-child\" data-id=\"1d178cb\" data-element_type=\"container\" data-e-type=\"container\">\n\t\t\t\t\t<div class=\"e-con-inner\">\n\t\t\t\t<div class=\"elementor-element elementor-element-55fd5fa elementor-widget elementor-widget-text-editor\" data-id=\"55fd5fa\" data-element_type=\"widget\" data-e-type=\"widget\" data-widget_type=\"text-editor.default\">\n\t\t\t\t<div class=\"elementor-widget-container\">\n\t\t\t\t\t\t\t\t\t<p>La sigaretta elettronica monouso JNR Falcon 18000 al gusto Strawberry Ice \u00e8 davvero fantastica! Ho provato questo prodotto per la prima volta la scorsa settimana mentre passeggiavo per le vie dello shopping nel centro di Lille e mi sono semplicemente innamorata del suo profumo.<\/p><p>Questo gusto di gelato alla fragola \u00e8 super unico e non monotono come le sigarette elettroniche ordinarie. Fin dalla prima boccata della sigaretta, si pu\u00f2 assaporare la ricca dolcezza della fragola, e poi una piacevole sensazione di raffreddamento si diffonde nella bocca. Soprattutto quando siete stanchi di camminare per strada, una boccata vi far\u00e0 sentire rinvigoriti!<\/p><p>Nell'uso reale, la batteria JNR Falcon 18000 \u00e8 davvero potente. Quel giorno ho fatto shopping dalla mattina alla sera e ho visitato diversi negozi nel frattempo. La batteria non si \u00e8 mai esaurita per tutto il tempo e la sua capacit\u00e0 di 950 mAh era davvero sufficiente. Anche la comodit\u00e0 di ricarica \u00e8 un grande vantaggio. La porta Type-C pu\u00f2 essere utilizzata per caricare ovunque. L'ho ricaricato per un po' durante una pausa in un bar.<\/p>\t\t\t\t\t\t\t\t<\/div>\n\t\t\t\t<\/div>\n\t\t<div role=\"region\" aria-labelledby=\"e-n-accordion-item-1531\" class=\"elementor-element elementor-element-866ca3a e-con-full e-flex e-con e-child\" data-id=\"866ca3a\" data-element_type=\"container\" data-e-type=\"container\">\n\t\t<div role=\"region\" aria-labelledby=\"e-n-accordion-item-1531\" class=\"elementor-element elementor-element-73379e6 e-con-full e-flex e-con e-child\" data-id=\"73379e6\" data-element_type=\"container\" data-e-type=\"container\">\n\t\t\t\t<div class=\"elementor-element elementor-element-6fe1cdc elementor-widget elementor-widget-image-gallery\" data-id=\"6fe1cdc\" data-element_type=\"widget\" data-e-type=\"widget\" data-widget_type=\"image-gallery.default\">\n\t\t\t\t<div class=\"elementor-widget-container\">\n\t\t\t\t\t\t\t<div class=\"elementor-image-gallery\">\n\t\t\t<div id='gallery-1' class='gallery galleryid-2029 gallery-columns-1 gallery-size-medium_large'><figure class='gallery-item'>\n\t\t\t<div class='gallery-icon portrait'>\n\t\t\t\t<img fetchpriority=\"high\" decoding=\"async\" width=\"654\" height=\"690\" src=\"https:\/\/puffvapestore.com\/wp-content\/uploads\/2025\/04\/pvajf18000-4.jpg\" class=\"attachment-medium_large size-medium_large\" alt=\"JNR Falcon 18000 Ghiaccio alla fragola pvajf18000\" aria-describedby=\"gallery-1-1944\" srcset=\"https:\/\/puffvapestore.com\/wp-content\/uploads\/2025\/04\/pvajf18000-4.jpg 654w, https:\/\/puffvapestore.com\/wp-content\/uploads\/2025\/04\/pvajf18000-4-284x300.jpg 284w, https:\/\/puffvapestore.com\/wp-content\/uploads\/2025\/04\/pvajf18000-4-600x633.jpg 600w\" sizes=\"(max-width: 654px) 100vw, 654px\" \/>\n\t\t\t<\/div>\n\t\t\t\t<figcaption class='wp-caption-text gallery-caption' id='gallery-1-1944'>\n\t\t\t\tJNR Falcon 18000 Ghiaccio alla fragola pvajf18000\n\t\t\t\t<\/figcaption><\/figure>\n\t\t<\/div>\n\t\t<\/div>\n\t\t\t\t\t\t<\/div>\n\t\t\t\t<\/div>\n\t\t\t\t<\/div>\n\t\t<div role=\"region\" aria-labelledby=\"e-n-accordion-item-1531\" class=\"elementor-element elementor-element-b9ec568 e-con-full e-flex e-con e-child\" data-id=\"b9ec568\" data-element_type=\"container\" data-e-type=\"container\">\n\t\t\t\t<div class=\"elementor-element elementor-element-fd6f118 elementor-widget elementor-widget-text-editor\" data-id=\"fd6f118\" data-element_type=\"widget\" data-e-type=\"widget\" data-widget_type=\"text-editor.default\">\n\t\t\t\t<div class=\"elementor-widget-container\">\n\t\t\t\t\t\t\t\t\t<p>Ci\u00f2 che mi piace di pi\u00f9 \u00e8 il design della bobina a doppia maglia. La resistenza da 0,6 ohm rende la produzione di fumo particolarmente uniforme e l'aroma di gelato alla fragola viene sprigionato al punto giusto. La funzione di flusso d'aria regolabile \u00e8 davvero comoda. A volte si desidera un sapore pi\u00f9 leggero, altre volte un sapore pi\u00f9 forte. Questo pu\u00f2 essere fatto con una semplice regolazione.<\/p><p>Anche il display digitale \u00e8 molto ben congegnato. Posso sempre vedere quanti tiri di sigaretta mi sono rimasti, cos\u00ec non devo preoccuparmi di rimanere senza mentre sono in giro per negozi. In totale ci sono 18.000 boccate e, dopo averla usata per una settimana, mi sembra che ne siano rimaste la maggior parte, quindi il rapporto qualit\u00e0-prezzo \u00e8 davvero alto.<\/p>\t\t\t\t\t\t\t\t<\/div>\n\t\t\t\t<\/div>\n\t\t\t\t<\/div>\n\t\t\t\t<\/div>\n\t\t<div role=\"region\" aria-labelledby=\"e-n-accordion-item-1531\" class=\"elementor-element elementor-element-7926c6b e-con-full e-flex e-con e-child\" data-id=\"7926c6b\" data-element_type=\"container\" data-e-type=\"container\">\n\t\t\t\t<div class=\"elementor-element elementor-element-2b41948 elementor-widget elementor-widget-text-editor\" data-id=\"2b41948\" data-element_type=\"widget\" data-e-type=\"widget\" data-widget_type=\"text-editor.default\">\n\t\t\t\t<div class=\"elementor-widget-container\">\n\t\t\t\t\t\t\t\t\t<p>Se anche voi amate i sapori dolci e leggermente freschi e passeggiate spesso all'aperto, vi consiglio davvero di provare questo gelato alla fragola! In una citt\u00e0 come Lille, dove storia e modernit\u00e0 si incontrano, \u00e8 perfettamente appropriato avere una sigaretta elettronica cos\u00ec trendy!<\/p>\t\t\t\t\t\t\t\t<\/div>\n\t\t\t\t<\/div>\n\t\t\t\t<\/div>\n\t\t\t\t\t<\/div>\n\t\t\t\t<\/div>\n\t\t\t\t<\/div>\n\t\t\t\t\t<\/details>\n\t\t\t\t\t<\/div>\n\t\t\t\t\t\t<\/div>\n\t\t\t\t<\/div>\n\t\t\t\t\t<\/div>\n\t\t\t\t<\/div>\n\t\t\t\t<\/div>","protected":false},"excerpt":{"rendered":"<p>Caract\u00e9ristiques du JNR Falcon 18K Strawberry Ice: Bouff\u00e9es : Jusqu\u2019\u00e0 18000 bouff\u00e9es Liquide : 24 ml Taux de nicotine : 0 %, 2 %, 5 % R\u00e9sistance : 0.6 ohm Capacit\u00e9 de la batterie : 950 mAh Chargement : Type-C D\u00e9bit d\u2019air r\u00e9glable : Oui Affichage num\u00e9rique R\u00e9sistance double maille et double c\u0153ur Dimensions : [&hellip;]<\/p>","protected":false},"featured_media":1944,"comment_status":"open","ping_status":"closed","template":"","meta":{"site-sidebar-layout":"no-sidebar","site-content-layout":"page-builder","ast-site-content-layout":"normal-width-container","site-content-style":"default","site-sidebar-style":"default","ast-global-header-display":"","ast-banner-title-visibility":"","ast-main-header-display":"","ast-hfb-above-header-display":"","ast-hfb-below-header-display":"","ast-hfb-mobile-header-display":"","site-post-title":"disabled","ast-breadcrumbs-content":"","ast-featured-img":"disabled","footer-sml-layout":"","theme-transparent-header-meta":"default","adv-header-id-meta":"","stick-header-meta":"default","header-above-stick-meta":"","header-main-stick-meta":"","header-below-stick-meta":"","astra-migrate-meta-layouts":"set","ast-page-background-enabled":"default","ast-page-background-meta":{"desktop":{"background-color":"","background-image":"","background-repeat":"repeat","background-position":"center center","background-size":"auto","background-attachment":"scroll","background-type":"","background-media":"","overlay-type":"","overlay-color":"","overlay-opacity":"","overlay-gradient":""},"tablet":{"background-color":"","background-image":"","background-repeat":"repeat","background-position":"center center","background-size":"auto","background-attachment":"scroll","background-type":"","background-media":"","overlay-type":"","overlay-color":"","overlay-opacity":"","overlay-gradient":""},"mobile":{"background-color":"","background-image":"","background-repeat":"repeat","background-position":"center center","background-size":"auto","background-attachment":"scroll","background-type":"","background-media":"","overlay-type":"","overlay-color":"","overlay-opacity":"","overlay-gradient":""}},"ast-content-background-meta":{"desktop":{"background-color":"var(--ast-global-color-5)","background-image":"","background-repeat":"repeat","background-position":"center center","background-size":"auto","background-attachment":"scroll","background-type":"","background-media":"","overlay-type":"","overlay-color":"","overlay-opacity":"","overlay-gradient":""},"tablet":{"background-color":"var(--ast-global-color-5)","background-image":"","background-repeat":"repeat","background-position":"center center","background-size":"auto","background-attachment":"scroll","background-type":"","background-media":"","overlay-type":"","overlay-color":"","overlay-opacity":"","overlay-gradient":""},"mobile":{"background-color":"var(--ast-global-color-5)","background-image":"","background-repeat":"repeat","background-position":"center center","background-size":"auto","background-attachment":"scroll","background-type":"","background-media":"","overlay-type":"","overlay-color":"","overlay-opacity":"","overlay-gradient":""}}},"product_brand":[30],"product_cat":[40,84,77,31,15],"product_tag":[],"class_list":{"0":"post-2029","1":"product","2":"type-product","3":"status-publish","4":"has-post-thumbnail","6":"product_brand-jnr","7":"product_cat-jnr-18k","8":"product_cat-puff-18k","9":"product_cat-entrepot-de-lue","10":"product_cat-jnr-falcon","11":"product_cat-magasin-cigarette-electronique","12":"desktop-align-center","13":"tablet-align-center","14":"mobile-align-center","15":"ast-product-gallery-layout-horizontal","16":"ast-product-gallery-with-no-image","17":"ast-product-single-variable","18":"ast-product-tabs-layout-horizontal","19":"ast-qv-on-image","21":"first","22":"instock","23":"sale","24":"shipping-taxable","25":"purchasable","26":"product-type-variable","27":"has-default-attributes"},"tiered_pricing_type":"fixed","tiered_pricing_fixed_rules":{"30":10.08,"60":9.28,"100":8.13,"200":7.48,"500":7.28,"1000":6.98},"tiered_pricing_product_settings":{"layout":"default","base_unit_name":{"singular":null,"plural":null},"default_variation":null},"tiered_pricing_minimum_quantity":null,"tiered_pricing_roles_data":[],"tiered_pricing_percentage_rules":[],"_links":{"self":[{"href":"https:\/\/puffvapestore.com\/it\/wp-json\/wp\/v2\/product\/2029","targetHints":{"allow":["GET"]}}],"collection":[{"href":"https:\/\/puffvapestore.com\/it\/wp-json\/wp\/v2\/product"}],"about":[{"href":"https:\/\/puffvapestore.com\/it\/wp-json\/wp\/v2\/types\/product"}],"replies":[{"embeddable":true,"href":"https:\/\/puffvapestore.com\/it\/wp-json\/wp\/v2\/comments?post=2029"}],"version-history":[{"count":23,"href":"https:\/\/puffvapestore.com\/it\/wp-json\/wp\/v2\/product\/2029\/revisions"}],"predecessor-version":[{"id":13618,"href":"https:\/\/puffvapestore.com\/it\/wp-json\/wp\/v2\/product\/2029\/revisions\/13618"}],"wp:featuredmedia":[{"embeddable":true,"href":"https:\/\/puffvapestore.com\/it\/wp-json\/wp\/v2\/media\/1944"}],"wp:attachment":[{"href":"https:\/\/puffvapestore.com\/it\/wp-json\/wp\/v2\/media?parent=2029"}],"wp:term":[{"taxonomy":"product_brand","embeddable":true,"href":"https:\/\/puffvapestore.com\/it\/wp-json\/wp\/v2\/product_brand?post=2029"},{"taxonomy":"product_cat","embeddable":true,"href":"https:\/\/puffvapestore.com\/it\/wp-json\/wp\/v2\/product_cat?post=2029"},{"taxonomy":"product_tag","embeddable":true,"href":"https:\/\/puffvapestore.com\/it\/wp-json\/wp\/v2\/product_tag?post=2029"}],"curies":[{"name":"wp","href":"https:\/\/api.w.org\/{rel}","templated":true}]}}