{"id":1939,"date":"2025-04-08T05:41:36","date_gmt":"2025-04-08T05:41:36","guid":{"rendered":"https:\/\/puffvapestore.com\/?post_type=product&#038;p=1939"},"modified":"2026-01-19T10:37:32","modified_gmt":"2026-01-19T10:37:32","slug":"jnr-falcon-18k-vape-avec-flux-dair-reglable","status":"publish","type":"product","link":"https:\/\/puffvapestore.com\/it\/product\/jnr-falcon-18k-vape-con-flusso-daria-regolabile\/","title":{"rendered":"JNR Falcon-X 18K Vape con flusso d'aria regolabile, 45 aromi"},"content":{"rendered":"<div data-elementor-type=\"wp-post\" data-elementor-id=\"1939\" class=\"elementor elementor-1939\">\n\t\t\t\t<div class=\"elementor-element elementor-element-cbd9ac7 e-flex e-con-boxed e-con e-parent\" data-id=\"cbd9ac7\" data-element_type=\"container\" data-e-type=\"container\">\n\t\t\t\t\t<div class=\"e-con-inner\">\n\t\t<div class=\"elementor-element elementor-element-9245c6e e-con-full e-flex e-con e-child\" data-id=\"9245c6e\" data-element_type=\"container\" data-e-type=\"container\">\n\t\t\t\t<div class=\"elementor-element elementor-element-191c2ee elementor-widget elementor-widget-text-editor\" data-id=\"191c2ee\" data-element_type=\"widget\" data-e-type=\"widget\" data-widget_type=\"text-editor.default\">\n\t\t\t\t<div class=\"elementor-widget-container\">\n\t\t\t\t\t\t\t\t\t<h2>Caratteristiche del modello JNR Falcon-X 18K :<\/h2><p>Soffi: Fino a 18.000 boccate<br \/>Liquido: 24 ml<br \/>Livelli di nicotina: 0 %, 2 %, 5 %<br \/>Resistenza: 0,6 ohm<br \/>Capacit\u00e0 della batteria: 950 mAh<br \/>Ricarica: Tipo-C<br \/>Flusso d'aria regolabile: S\u00ec<br \/>Display digitale<br \/>Resistenza a doppia maglia e doppia anima<br \/>Dimensioni: 53,5 x 32 x 121 mm<\/p>\t\t\t\t\t\t\t\t<\/div>\n\t\t\t\t<\/div>\n\t\t\t\t<\/div>\n\t\t<div class=\"elementor-element elementor-element-ffa3675 e-con-full e-flex e-con e-child\" data-id=\"ffa3675\" data-element_type=\"container\" data-e-type=\"container\">\n\t\t\t\t<div class=\"elementor-element elementor-element-e9475d4 elementor-widget elementor-widget-image-gallery\" data-id=\"e9475d4\" data-element_type=\"widget\" data-e-type=\"widget\" data-widget_type=\"image-gallery.default\">\n\t\t\t\t<div class=\"elementor-widget-container\">\n\t\t\t\t\t\t\t<div class=\"elementor-image-gallery\">\n\t\t\t<div id='gallery-1' class='gallery galleryid-1939 gallery-columns-1 gallery-size-medium_large'><figure class='gallery-item'>\n\t\t\t<div class='gallery-icon portrait'>\n\t\t\t\t<img fetchpriority=\"high\" decoding=\"async\" width=\"654\" height=\"690\" src=\"https:\/\/puffvapestore.com\/wp-content\/uploads\/2025\/04\/pvajf18000-8.jpg\" class=\"attachment-medium_large size-medium_large\" alt=\"JNR Falcon 18000 Blu Razz Ice pvajf18000\" aria-describedby=\"gallery-1-1948\" srcset=\"https:\/\/puffvapestore.com\/wp-content\/uploads\/2025\/04\/pvajf18000-8.jpg 654w, https:\/\/puffvapestore.com\/wp-content\/uploads\/2025\/04\/pvajf18000-8-284x300.jpg 284w, https:\/\/puffvapestore.com\/wp-content\/uploads\/2025\/04\/pvajf18000-8-600x633.jpg 600w\" sizes=\"(max-width: 654px) 100vw, 654px\" \/>\n\t\t\t<\/div>\n\t\t\t\t<figcaption class='wp-caption-text gallery-caption' id='gallery-1-1948'>\n\t\t\t\tJNR Falcon 18000 Blu Razz Ice pvajf18000\n\t\t\t\t<\/figcaption><\/figure>\n\t\t<\/div>\n\t\t<\/div>\n\t\t\t\t\t\t<\/div>\n\t\t\t\t<\/div>\n\t\t\t\t<\/div>\n\t\t\t\t\t<\/div>\n\t\t\t\t<\/div>\n\t\t<div class=\"elementor-element elementor-element-824a998 e-flex e-con-boxed e-con e-parent\" data-id=\"824a998\" data-element_type=\"container\" data-e-type=\"container\">\n\t\t\t\t\t<div class=\"e-con-inner\">\n\t\t\t\t<div class=\"elementor-element elementor-element-55fd5fa elementor-widget elementor-widget-text-editor\" data-id=\"55fd5fa\" data-element_type=\"widget\" data-e-type=\"widget\" data-widget_type=\"text-editor.default\">\n\t\t\t\t<div class=\"elementor-widget-container\">\n\t\t\t\t\t\t\t\t\t<p>Come sigaretta elettronica monouso di alta gamma, la JNR Falcon 18000 sta attirando sempre pi\u00f9 attenzione sul mercato francese. Questo prodotto combina funzioni pratiche con un design elegante, soddisfacendo la ricerca di qualit\u00e0 dei consumatori francesi.<\/p><p>Anche io ho fumato di recente questa sigaretta elettronica e sono stato inizialmente attratto dalla sua lunghissima durata della batteria, fino a 18.000 boccate. La grande capacit\u00e0 di 24 ml di e-liquid mi permette di non dover cambiare il dispositivo troppo spesso durante una settimana lavorativa intensa. Il contenuto di nicotina della 2 % offre la giusta dose di soddisfazione, non troppo forte ma comunque in grado di soddisfare le esigenze quotidiane.<\/p><p>La coil a doppia maglia e la tecnologia dual core (0,6 ohm) utilizzate nel prodotto migliorano davvero l'esperienza gustativa e si pu\u00f2 sentire un fumo ricco e uniforme ad ogni inalazione. Mi piace particolarmente il design del flusso d'aria regolabile, che mi permette di regolare liberamente l'intensit\u00e0 dell'inalazione in base alle diverse occasioni, che si tratti di una breve pausa in ufficio o di un incontro con gli amici nel fine settimana.<\/p>\t\t\t\t\t\t\t\t<\/div>\n\t\t\t\t<\/div>\n\t\t\t\t\t<\/div>\n\t\t\t\t<\/div>\n\t\t<div class=\"elementor-element elementor-element-942ccb0 e-flex e-con-boxed e-con e-parent\" data-id=\"942ccb0\" data-element_type=\"container\" data-e-type=\"container\">\n\t\t\t\t\t<div class=\"e-con-inner\">\n\t\t<div class=\"elementor-element elementor-element-577deeb e-con-full e-flex e-con e-child\" data-id=\"577deeb\" data-element_type=\"container\" data-e-type=\"container\">\n\t\t\t\t<div class=\"elementor-element elementor-element-5d167cf elementor-widget elementor-widget-text-editor\" data-id=\"5d167cf\" data-element_type=\"widget\" data-e-type=\"widget\" data-widget_type=\"text-editor.default\">\n\t\t\t\t<div class=\"elementor-widget-container\">\n\t\t\t\t\t\t\t\t\t<p>La batteria da 950 mAh \u00e8 molto comoda da usare con la porta di ricarica Type-C e la velocit\u00e0 di ricarica \u00e8 rapida. Posso risolvere il problema condividendo il cavo di ricarica con il mio cellulare, tablet e altri dispositivi. Anche il display digitale integrato \u00e8 molto utile e mi permette di conoscere in ogni momento la potenza residua e l'utilizzo.<\/p><p>Le dimensioni di 53,5*32*121 mm sono comode da tenere in mano e non risultano ingombranti se messe in tasca. Il design complessivo \u00e8 semplice ed elegante, in linea con l'estetica francese di sobriet\u00e0 e raffinatezza.<\/p>\t\t\t\t\t\t\t\t<\/div>\n\t\t\t\t<\/div>\n\t\t\t\t<\/div>\n\t\t<div class=\"elementor-element elementor-element-d5e4b56 e-con-full e-flex e-con e-child\" data-id=\"d5e4b56\" data-element_type=\"container\" data-e-type=\"container\">\n\t\t\t\t<div class=\"elementor-element elementor-element-381dfcb elementor-widget elementor-widget-image-gallery\" data-id=\"381dfcb\" data-element_type=\"widget\" data-e-type=\"widget\" data-widget_type=\"image-gallery.default\">\n\t\t\t\t<div class=\"elementor-widget-container\">\n\t\t\t\t\t\t\t<div class=\"elementor-image-gallery\">\n\t\t\t<div id='gallery-2' class='gallery galleryid-1939 gallery-columns-1 gallery-size-medium_large'><figure class='gallery-item'>\n\t\t\t<div class='gallery-icon portrait'>\n\t\t\t\t<img decoding=\"async\" width=\"654\" height=\"690\" src=\"https:\/\/puffvapestore.com\/wp-content\/uploads\/2025\/04\/pvajf18000-23.jpg\" class=\"attachment-medium_large size-medium_large\" alt=\"JNR Falcon 18k Fragola Kiwi pvajf18000\" aria-describedby=\"gallery-2-1963\" srcset=\"https:\/\/puffvapestore.com\/wp-content\/uploads\/2025\/04\/pvajf18000-23.jpg 654w, https:\/\/puffvapestore.com\/wp-content\/uploads\/2025\/04\/pvajf18000-23-284x300.jpg 284w, https:\/\/puffvapestore.com\/wp-content\/uploads\/2025\/04\/pvajf18000-23-600x633.jpg 600w\" sizes=\"(max-width: 654px) 100vw, 654px\" \/>\n\t\t\t<\/div>\n\t\t\t\t<figcaption class='wp-caption-text gallery-caption' id='gallery-2-1963'>\n\t\t\t\tJNR Falcon 18k Fragola Kiwi pvajf18000\n\t\t\t\t<\/figcaption><\/figure>\n\t\t<\/div>\n\t\t<\/div>\n\t\t\t\t\t\t<\/div>\n\t\t\t\t<\/div>\n\t\t\t\t<\/div>\n\t\t\t\t\t<\/div>\n\t\t\t\t<\/div>\n\t\t<div class=\"elementor-element elementor-element-3c1fb34 e-flex e-con-boxed e-con e-parent\" data-id=\"3c1fb34\" data-element_type=\"container\" data-e-type=\"container\">\n\t\t\t\t\t<div class=\"e-con-inner\">\n\t\t<div class=\"elementor-element elementor-element-2b9d469 e-con-full e-flex e-con e-child\" data-id=\"2b9d469\" data-element_type=\"container\" data-e-type=\"container\">\n\t\t\t\t<div class=\"elementor-element elementor-element-aa46266 elementor-widget elementor-widget-image-gallery\" data-id=\"aa46266\" data-element_type=\"widget\" data-e-type=\"widget\" data-widget_type=\"image-gallery.default\">\n\t\t\t\t<div class=\"elementor-widget-container\">\n\t\t\t\t\t\t\t<div class=\"elementor-image-gallery\">\n\t\t\t<div id='gallery-3' class='gallery galleryid-1939 gallery-columns-1 gallery-size-medium_large'><figure class='gallery-item'>\n\t\t\t<div class='gallery-icon portrait'>\n\t\t\t\t<img decoding=\"async\" width=\"654\" height=\"690\" src=\"https:\/\/puffvapestore.com\/wp-content\/uploads\/2025\/04\/pvajf18000-19.jpg\" class=\"attachment-medium_large size-medium_large\" alt=\"JNR Falcon 18k Bacche miste pvajf18000\" aria-describedby=\"gallery-3-1959\" srcset=\"https:\/\/puffvapestore.com\/wp-content\/uploads\/2025\/04\/pvajf18000-19.jpg 654w, https:\/\/puffvapestore.com\/wp-content\/uploads\/2025\/04\/pvajf18000-19-284x300.jpg 284w, https:\/\/puffvapestore.com\/wp-content\/uploads\/2025\/04\/pvajf18000-19-600x633.jpg 600w\" sizes=\"(max-width: 654px) 100vw, 654px\" \/>\n\t\t\t<\/div>\n\t\t\t\t<figcaption class='wp-caption-text gallery-caption' id='gallery-3-1959'>\n\t\t\t\tJNR Falcon 18k Bacche miste pvajf18000\n\t\t\t\t<\/figcaption><\/figure>\n\t\t<\/div>\n\t\t<\/div>\n\t\t\t\t\t\t<\/div>\n\t\t\t\t<\/div>\n\t\t\t\t<\/div>\n\t\t<div class=\"elementor-element elementor-element-d5f00b5 e-con-full e-flex e-con e-child\" data-id=\"d5f00b5\" data-element_type=\"container\" data-e-type=\"container\">\n\t\t\t\t<div class=\"elementor-element elementor-element-b3c274b elementor-widget__width-initial elementor-widget elementor-widget-text-editor\" data-id=\"b3c274b\" data-element_type=\"widget\" data-e-type=\"widget\" data-widget_type=\"text-editor.default\">\n\t\t\t\t<div class=\"elementor-widget-container\">\n\t\t\t\t\t\t\t\t\t<p>Dopo averla usata per un po', ho scoperto che il pi\u00f9 grande vantaggio della JNR Falcon 18000 \u00e8 la sua affidabilit\u00e0 e coerenza. Sia che si tratti della prima boccata di sigaretta al mattino o dell'ultimo utilizzo alla sera, il gusto e le prestazioni del fumo rimangono stabili, il che \u00e8 particolarmente importante per gli utenti francesi attenti alla qualit\u00e0 della vita.<\/p><p>JNR Falcon 18000 \u00e8 una sigaretta elettronica usa e getta molto economica. Non ha troppe caratteristiche appariscenti, ma si concentra sulle prestazioni di base. Per i consumatori francesi che cercano un'esperienza di sigaretta elettronica pratica, stabile e di qualit\u00e0, questa \u00e8 sicuramente un'opzione da considerare.<\/p>\t\t\t\t\t\t\t\t<\/div>\n\t\t\t\t<\/div>\n\t\t\t\t<\/div>\n\t\t\t\t\t<\/div>\n\t\t\t\t<\/div>\n\t\t<div class=\"elementor-element elementor-element-681b383 e-flex e-con-boxed e-con e-parent\" data-id=\"681b383\" data-element_type=\"container\" data-e-type=\"container\">\n\t\t\t\t\t<div class=\"e-con-inner\">\n\t\t\t\t<div class=\"elementor-element elementor-element-bf8b3a9 elementor-widget elementor-widget-image-gallery\" data-id=\"bf8b3a9\" data-element_type=\"widget\" data-e-type=\"widget\" data-widget_type=\"image-gallery.default\">\n\t\t\t\t<div class=\"elementor-widget-container\">\n\t\t\t\t\t\t\t<div class=\"elementor-image-gallery\">\n\t\t\t<div id='gallery-4' class='gallery galleryid-1939 gallery-columns-3 gallery-size-medium_large'><figure class='gallery-item'>\n\t\t\t<div class='gallery-icon landscape'>\n\t\t\t\t<img loading=\"lazy\" decoding=\"async\" width=\"768\" height=\"768\" src=\"https:\/\/puffvapestore.com\/wp-content\/uploads\/2025\/04\/pvajf18000-1-768x768.jpg\" class=\"attachment-medium_large size-medium_large\" alt=\"JNR Falcon 18000 Liquido per sigaretta elettronica 24 ml pvajf18000\" aria-describedby=\"gallery-4-1941\" srcset=\"https:\/\/puffvapestore.com\/wp-content\/uploads\/2025\/04\/pvajf18000-1-768x768.jpg 768w, https:\/\/puffvapestore.com\/wp-content\/uploads\/2025\/04\/pvajf18000-1-300x300.jpg 300w, https:\/\/puffvapestore.com\/wp-content\/uploads\/2025\/04\/pvajf18000-1-150x150.jpg 150w, https:\/\/puffvapestore.com\/wp-content\/uploads\/2025\/04\/pvajf18000-1-600x600.jpg 600w, https:\/\/puffvapestore.com\/wp-content\/uploads\/2025\/04\/pvajf18000-1-100x100.jpg 100w, https:\/\/puffvapestore.com\/wp-content\/uploads\/2025\/04\/pvajf18000-1.jpg 1000w\" sizes=\"(max-width: 768px) 100vw, 768px\" \/>\n\t\t\t<\/div>\n\t\t\t\t<figcaption class='wp-caption-text gallery-caption' id='gallery-4-1941'>\n\t\t\t\tJNR Falcon 18000 Liquido per sigaretta elettronica 24 ml pvajf18000\n\t\t\t\t<\/figcaption><\/figure><figure class='gallery-item'>\n\t\t\t<div class='gallery-icon portrait'>\n\t\t\t\t<img loading=\"lazy\" decoding=\"async\" width=\"654\" height=\"690\" src=\"https:\/\/puffvapestore.com\/wp-content\/uploads\/2025\/04\/pvajf18000-18.jpg\" class=\"attachment-medium_large size-medium_large\" alt=\"JNR Falcon 18000 Metodo di ricarica Type-C pvajf18000\" aria-describedby=\"gallery-4-1958\" srcset=\"https:\/\/puffvapestore.com\/wp-content\/uploads\/2025\/04\/pvajf18000-18.jpg 654w, https:\/\/puffvapestore.com\/wp-content\/uploads\/2025\/04\/pvajf18000-18-284x300.jpg 284w, https:\/\/puffvapestore.com\/wp-content\/uploads\/2025\/04\/pvajf18000-18-600x633.jpg 600w\" sizes=\"(max-width: 654px) 100vw, 654px\" \/>\n\t\t\t<\/div>\n\t\t\t\t<figcaption class='wp-caption-text gallery-caption' id='gallery-4-1958'>\n\t\t\t\tJNR Falcon 18000 Metodo di ricarica Type-C pvajf18000\n\t\t\t\t<\/figcaption><\/figure><figure class='gallery-item'>\n\t\t\t<div class='gallery-icon portrait'>\n\t\t\t\t<img loading=\"lazy\" decoding=\"async\" width=\"654\" height=\"690\" src=\"https:\/\/puffvapestore.com\/wp-content\/uploads\/2025\/04\/pvajf18000-17.jpg\" class=\"attachment-medium_large size-medium_large\" alt=\"JNR Falcon 18000 29 gusti disponibili pvajf18000\" aria-describedby=\"gallery-4-1957\" srcset=\"https:\/\/puffvapestore.com\/wp-content\/uploads\/2025\/04\/pvajf18000-17.jpg 654w, https:\/\/puffvapestore.com\/wp-content\/uploads\/2025\/04\/pvajf18000-17-284x300.jpg 284w, https:\/\/puffvapestore.com\/wp-content\/uploads\/2025\/04\/pvajf18000-17-600x633.jpg 600w\" sizes=\"(max-width: 654px) 100vw, 654px\" \/>\n\t\t\t<\/div>\n\t\t\t\t<figcaption class='wp-caption-text gallery-caption' id='gallery-4-1957'>\n\t\t\t\tJNR Falcon 18000 29 gusti disponibili pvajf18000\n\t\t\t\t<\/figcaption><\/figure>\n\t\t<\/div>\n\t\t<\/div>\n\t\t\t\t\t\t<\/div>\n\t\t\t\t<\/div>\n\t\t\t\t\t<\/div>\n\t\t\t\t<\/div>\n\t\t<div class=\"elementor-element elementor-element-7926c6b e-flex e-con-boxed e-con e-parent\" data-id=\"7926c6b\" data-element_type=\"container\" data-e-type=\"container\">\n\t\t\t\t\t<div class=\"e-con-inner\">\n\t\t\t\t<div class=\"elementor-element elementor-element-2b41948 elementor-widget elementor-widget-text-editor\" data-id=\"2b41948\" data-element_type=\"widget\" data-e-type=\"widget\" data-widget_type=\"text-editor.default\">\n\t\t\t\t<div class=\"elementor-widget-container\">\n\t\t\t\t\t\t\t\t\t<p><strong>JNR Falcon 18000 opzioni di gusto :<\/strong><\/p><p>1: Mela pera<br \/>2: Ghiaccio alla banana<br \/>3: Bacca di bosco<br \/>4: Ghiaccio nero<br \/>5: Esplosione di ciliegie blu<br \/>6: Ciliegia Blu Razz<br \/>7: Ghiaccio Blu Razz<br \/>8: Mirtillo Ciliegia Mirtillo Rosso<br \/>9: Mirtillo Kiwi<br \/>10: Mirtillo e lampone<br \/>11: Mirtillo Lampone Ciliegia<br \/>12: Bacca di ciliegia<br \/>13: Ciliegia Cola<br \/>14: Ghiaccio alla ciliegia<br \/>15: Limonata alla ciliegia e alla pesca<br \/>16: Anguria ghiacciata alla ciliegia<br \/>17: Menta fresca<br \/>18: Ghiaccio all'uva<br \/>19: Orso gommoso<br \/>20: Hawaii<br \/>21: Ghiaccio al kiwi e anguria<br \/>22: Lady Killa<br \/>23: Limone e lime<br \/>24: Amore 66<br \/>25: Mi Amor<br \/>26: Bacche miste<br \/>27: Mr.Blue<br \/>28: Frutto della passione Kiwi<br \/>29: Bacca di pesca<br \/>30: Ghiaccio alla pesca<br \/>31: Pesca, mango e ananas<br \/>32: Rabarbaro al lampone<br \/>33: Birilli<br \/>34: Ghiaccio alla mela acida<br \/>35: Fragola e banana<br \/>36: Ghiaccio alla fragola<br \/>37: Kiwi alla fragola<br \/>38: Ghiaccio alla fragola e anguria<br \/>39: Ghiaccio alla pesca estivo<br \/>40: Triplo melone<br \/>41: Frutti tropicali<br \/>42: Gomma da masticare all'anguria<br \/>43: Ghiaccio all'anguria<br \/>44: Anguria Litchi<br \/>45: Pesca bianca Razz<\/p>\t\t\t\t\t\t\t\t<\/div>\n\t\t\t\t<\/div>\n\t\t\t\t\t<\/div>\n\t\t\t\t<\/div>\n\t\t\t\t<\/div>","protected":false},"excerpt":{"rendered":"<p>JNR Falcon-X 18K Caratteristiche: Soffi: Fino a 18.000 boccate Liquido: 24 ml Contenuto di nicotina: 0 %, 2 %, 5 % Resistenza: 0,6 ohm Capacit\u00e0 della batteria: 950 mAh Ricarica: Type-C Flusso d'aria regolabile: S\u00ec Display digitale Doppia maglia e doppia resistenza centrale Dimensioni: 53,5 [...]<\/p>","protected":false},"featured_media":1941,"comment_status":"open","ping_status":"closed","template":"","meta":{"site-sidebar-layout":"no-sidebar","site-content-layout":"page-builder","ast-site-content-layout":"normal-width-container","site-content-style":"default","site-sidebar-style":"default","ast-global-header-display":"","ast-banner-title-visibility":"","ast-main-header-display":"","ast-hfb-above-header-display":"","ast-hfb-below-header-display":"","ast-hfb-mobile-header-display":"","site-post-title":"disabled","ast-breadcrumbs-content":"","ast-featured-img":"disabled","footer-sml-layout":"","theme-transparent-header-meta":"default","adv-header-id-meta":"","stick-header-meta":"default","header-above-stick-meta":"","header-main-stick-meta":"","header-below-stick-meta":"","astra-migrate-meta-layouts":"set","ast-page-background-enabled":"default","ast-page-background-meta":{"desktop":{"background-color":"","background-image":"","background-repeat":"repeat","background-position":"center center","background-size":"auto","background-attachment":"scroll","background-type":"","background-media":"","overlay-type":"","overlay-color":"","overlay-opacity":"","overlay-gradient":""},"tablet":{"background-color":"","background-image":"","background-repeat":"repeat","background-position":"center center","background-size":"auto","background-attachment":"scroll","background-type":"","background-media":"","overlay-type":"","overlay-color":"","overlay-opacity":"","overlay-gradient":""},"mobile":{"background-color":"","background-image":"","background-repeat":"repeat","background-position":"center center","background-size":"auto","background-attachment":"scroll","background-type":"","background-media":"","overlay-type":"","overlay-color":"","overlay-opacity":"","overlay-gradient":""}},"ast-content-background-meta":{"desktop":{"background-color":"var(--ast-global-color-5)","background-image":"","background-repeat":"repeat","background-position":"center center","background-size":"auto","background-attachment":"scroll","background-type":"","background-media":"","overlay-type":"","overlay-color":"","overlay-opacity":"","overlay-gradient":""},"tablet":{"background-color":"var(--ast-global-color-5)","background-image":"","background-repeat":"repeat","background-position":"center center","background-size":"auto","background-attachment":"scroll","background-type":"","background-media":"","overlay-type":"","overlay-color":"","overlay-opacity":"","overlay-gradient":""},"mobile":{"background-color":"var(--ast-global-color-5)","background-image":"","background-repeat":"repeat","background-position":"center center","background-size":"auto","background-attachment":"scroll","background-type":"","background-media":"","overlay-type":"","overlay-color":"","overlay-opacity":"","overlay-gradient":""}}},"product_brand":[30],"product_cat":[40,84,77,34,35,31,15],"product_tag":[],"class_list":{"0":"post-1939","1":"product","2":"type-product","3":"status-publish","4":"has-post-thumbnail","6":"product_brand-jnr","7":"product_cat-jnr-18k","8":"product_cat-puff-18k","9":"product_cat-entrepot-de-lue","10":"product_cat-puff-jnr","11":"product_cat-jnr-vape","12":"product_cat-jnr-falcon","13":"product_cat-magasin-cigarette-electronique","14":"desktop-align-center","15":"tablet-align-center","16":"mobile-align-center","17":"ast-product-gallery-layout-horizontal","18":"ast-product-single-variable","19":"ast-product-tabs-layout-horizontal","20":"ast-qv-on-image","22":"first","23":"instock","24":"sale","25":"shipping-taxable","26":"purchasable","27":"product-type-variable","28":"has-default-attributes"},"tiered_pricing_type":"fixed","tiered_pricing_fixed_rules":{"30":10.08,"60":9.28,"100":8.13,"200":7.48,"500":7.28,"1000":6.98},"tiered_pricing_product_settings":{"layout":"default","base_unit_name":{"singular":null,"plural":null},"default_variation":null},"tiered_pricing_minimum_quantity":null,"tiered_pricing_roles_data":[],"tiered_pricing_percentage_rules":[],"_links":{"self":[{"href":"https:\/\/puffvapestore.com\/it\/wp-json\/wp\/v2\/product\/1939","targetHints":{"allow":["GET"]}}],"collection":[{"href":"https:\/\/puffvapestore.com\/it\/wp-json\/wp\/v2\/product"}],"about":[{"href":"https:\/\/puffvapestore.com\/it\/wp-json\/wp\/v2\/types\/product"}],"replies":[{"embeddable":true,"href":"https:\/\/puffvapestore.com\/it\/wp-json\/wp\/v2\/comments?post=1939"}],"version-history":[{"count":29,"href":"https:\/\/puffvapestore.com\/it\/wp-json\/wp\/v2\/product\/1939\/revisions"}],"predecessor-version":[{"id":10836,"href":"https:\/\/puffvapestore.com\/it\/wp-json\/wp\/v2\/product\/1939\/revisions\/10836"}],"wp:featuredmedia":[{"embeddable":true,"href":"https:\/\/puffvapestore.com\/it\/wp-json\/wp\/v2\/media\/1941"}],"wp:attachment":[{"href":"https:\/\/puffvapestore.com\/it\/wp-json\/wp\/v2\/media?parent=1939"}],"wp:term":[{"taxonomy":"product_brand","embeddable":true,"href":"https:\/\/puffvapestore.com\/it\/wp-json\/wp\/v2\/product_brand?post=1939"},{"taxonomy":"product_cat","embeddable":true,"href":"https:\/\/puffvapestore.com\/it\/wp-json\/wp\/v2\/product_cat?post=1939"},{"taxonomy":"product_tag","embeddable":true,"href":"https:\/\/puffvapestore.com\/it\/wp-json\/wp\/v2\/product_tag?post=1939"}],"curies":[{"name":"wp","href":"https:\/\/api.w.org\/{rel}","templated":true}]}}