{"id":1875,"date":"2025-04-03T13:10:53","date_gmt":"2025-04-03T13:10:53","guid":{"rendered":"https:\/\/puffvapestore.com\/?post_type=product&#038;p=1875"},"modified":"2026-01-19T10:42:25","modified_gmt":"2026-01-19T10:42:25","slug":"jnr-falcon-16000-cherry-watermelon-freeze","status":"publish","type":"product","link":"https:\/\/puffvapestore.com\/it\/product\/jnr-falcon-16000-ciliegia-anguria-congelare\/","title":{"rendered":"JNR Falcon 16000 Ciliegia Anguria Congelata"},"content":{"rendered":"<div data-elementor-type=\"wp-post\" data-elementor-id=\"1875\" class=\"elementor elementor-1875\">\n\t\t\t\t<div class=\"elementor-element elementor-element-824a998 e-flex e-con-boxed e-con e-parent\" data-id=\"824a998\" data-element_type=\"container\" data-e-type=\"container\">\n\t\t\t\t\t<div class=\"e-con-inner\">\n\t\t\t\t<div class=\"elementor-element elementor-element-55fd5fa elementor-widget elementor-widget-text-editor\" data-id=\"55fd5fa\" data-element_type=\"widget\" data-e-type=\"widget\" data-widget_type=\"text-editor.default\">\n\t\t\t\t<div class=\"elementor-widget-container\">\n\t\t\t\t\t\t\t\t\t<h2>JNR Falcon 16000 Gelatina di ciliegia e anguria<\/h2><p>In Francia, la gioia di vivere non si limita a una tazza di caff\u00e8 morbido, a un pezzo di formaggio fragrante o a una bottiglia di vino d'annata. Il vero piacere sta in quei momenti che sorprendono le papille gustative. Visitare <strong>JNR Falcon 16000 - Ciliegia anguria congelata<\/strong> \u00e8 un aroma per sigaretta elettronica che vi piacer\u00e0 fin dalla prima boccata.<\/p>\t\t\t\t\t\t\t\t<\/div>\n\t\t\t\t<\/div>\n\t\t\t\t\t<\/div>\n\t\t\t\t<\/div>\n\t\t<div class=\"elementor-element elementor-element-942ccb0 e-flex e-con-boxed e-con e-parent\" data-id=\"942ccb0\" data-element_type=\"container\" data-e-type=\"container\">\n\t\t\t\t\t<div class=\"e-con-inner\">\n\t\t<div class=\"elementor-element elementor-element-577deeb e-con-full e-flex e-con e-child\" data-id=\"577deeb\" data-element_type=\"container\" data-e-type=\"container\">\n\t\t\t\t<div class=\"elementor-element elementor-element-5d167cf elementor-widget elementor-widget-text-editor\" data-id=\"5d167cf\" data-element_type=\"widget\" data-e-type=\"widget\" data-widget_type=\"text-editor.default\">\n\t\t\t\t<div class=\"elementor-widget-container\">\n\t\t\t\t\t\t\t\t\t<h2>Dettagli di JNR Falcon 16000 Cherry Watermelon Freeze<\/h2><p>Soffi: Fino a 16.000 soffi<br \/>Liquido: 22 ml<br \/>Livelli di nicotina: 0 %, 2 %, 5 %<br \/>Resistenza: 1,0 ohm<br \/>Capacit\u00e0 della batteria: 850 mAh<br \/>Ricarica: Tipo-C<br \/>Flusso d'aria regolabile: S\u00ec<br \/>Display digitale<br \/>Resistenza a doppia maglia e doppia anima<br \/>Dimensioni: 53,5 x 32 x 110 mm<\/p>\t\t\t\t\t\t\t\t<\/div>\n\t\t\t\t<\/div>\n\t\t\t\t<\/div>\n\t\t<div class=\"elementor-element elementor-element-d5e4b56 e-con-full e-flex e-con e-child\" data-id=\"d5e4b56\" data-element_type=\"container\" data-e-type=\"container\">\n\t\t\t\t<div class=\"elementor-element elementor-element-381dfcb elementor-widget elementor-widget-image-gallery\" data-id=\"381dfcb\" data-element_type=\"widget\" data-e-type=\"widget\" data-widget_type=\"image-gallery.default\">\n\t\t\t\t<div class=\"elementor-widget-container\">\n\t\t\t\t\t\t\t<div class=\"elementor-image-gallery\">\n\t\t\t<div id='gallery-1' class='gallery galleryid-1875 gallery-columns-1 gallery-size-medium_large'><figure class='gallery-item'>\n\t\t\t<div class='gallery-icon portrait'>\n\t\t\t\t<img fetchpriority=\"high\" decoding=\"async\" width=\"654\" height=\"690\" src=\"https:\/\/puffvapestore.com\/wp-content\/uploads\/2025\/03\/pvajf16000-26.jpg\" class=\"attachment-medium_large size-medium_large\" alt=\"JNR Falcon 16K Ghiaccio all&#039;anguria\" aria-describedby=\"gallery-1-1573\" srcset=\"https:\/\/puffvapestore.com\/wp-content\/uploads\/2025\/03\/pvajf16000-26.jpg 654w, https:\/\/puffvapestore.com\/wp-content\/uploads\/2025\/03\/pvajf16000-26-284x300.jpg 284w, https:\/\/puffvapestore.com\/wp-content\/uploads\/2025\/03\/pvajf16000-26-600x633.jpg 600w\" sizes=\"(max-width: 654px) 100vw, 654px\" \/>\n\t\t\t<\/div>\n\t\t\t\t<figcaption class='wp-caption-text gallery-caption' id='gallery-1-1573'>\n\t\t\t\tJNR Falcon 16K Ghiaccio all'anguria\n\t\t\t\t<\/figcaption><\/figure>\n\t\t<\/div>\n\t\t<\/div>\n\t\t\t\t\t\t<\/div>\n\t\t\t\t<\/div>\n\t\t\t\t<\/div>\n\t\t\t\t\t<\/div>\n\t\t\t\t<\/div>\n\t\t<div class=\"elementor-element elementor-element-7926c6b e-flex e-con-boxed e-con e-parent\" data-id=\"7926c6b\" data-element_type=\"container\" data-e-type=\"container\">\n\t\t\t\t\t<div class=\"e-con-inner\">\n\t\t\t\t<div class=\"elementor-element elementor-element-2b41948 elementor-widget elementor-widget-text-editor\" data-id=\"2b41948\" data-element_type=\"widget\" data-e-type=\"widget\" data-widget_type=\"text-editor.default\">\n\t\t\t\t<div class=\"elementor-widget-container\">\n\t\t\t\t\t\t\t\t\t<h3>Un'appassionata collisione di ciliegia e anguria, rinfrescante fino al midollo!<\/h3><p>Immaginate di essere seduti tranquillamente in riva alla Senna a Parigi, con la brezza che vi soffia sul viso, di tirare una boccata di sigaretta e di sentire prima la dolce ciliegia che stuzzica le vostre papille gustative, seguita dalla succosa anguria che porta una rinfrescante sensazione estiva. Proprio quando pensate che sia il momento perfetto, la sensazione di freschezza vi colpisce all'improvviso, sublimando istantaneamente l'intera esperienza gustativa, rinfrescante come un tuffo nel mare blu in una calda giornata estiva.<\/p><p>Non \u00e8 solo un aroma di sigaretta elettronica, <strong>JNR Falcon 16000 Ciliegia Anguria Congelata<\/strong> \u00e8 un viaggio gustoso e rinfrescante dai frutteti della Provenza alla Costa Azzurra.<\/p>\t\t\t\t\t\t\t\t<\/div>\n\t\t\t\t<\/div>\n\t\t\t\t\t<\/div>\n\t\t\t\t<\/div>\n\t\t\t\t<\/div>","protected":false},"excerpt":{"rendered":"<p>JNR Falcon 16000 Cerise Past\u00e8que Gel\u00e9e En France, la joie de vivre ne r\u00e9side pas seulement dans une tasse de caf\u00e9 moelleux, un morceau de fromage parfum\u00e9 ou une bouteille de vin mill\u00e9sim\u00e9. Le v\u00e9ritable plaisir r\u00e9side dans ces moments qui surprennent vos papilles. Le JNR Falcon 16000 &#8211; Cherry Watermelon Freeze est une saveur [&hellip;]<\/p>","protected":false},"featured_media":1573,"comment_status":"open","ping_status":"closed","template":"","meta":{"site-sidebar-layout":"no-sidebar","site-content-layout":"page-builder","ast-site-content-layout":"normal-width-container","site-content-style":"default","site-sidebar-style":"default","ast-global-header-display":"","ast-banner-title-visibility":"","ast-main-header-display":"","ast-hfb-above-header-display":"","ast-hfb-below-header-display":"","ast-hfb-mobile-header-display":"","site-post-title":"disabled","ast-breadcrumbs-content":"","ast-featured-img":"disabled","footer-sml-layout":"","theme-transparent-header-meta":"default","adv-header-id-meta":"","stick-header-meta":"default","header-above-stick-meta":"","header-main-stick-meta":"","header-below-stick-meta":"","astra-migrate-meta-layouts":"set","ast-page-background-enabled":"default","ast-page-background-meta":{"desktop":{"background-color":"","background-image":"","background-repeat":"repeat","background-position":"center center","background-size":"auto","background-attachment":"scroll","background-type":"","background-media":"","overlay-type":"","overlay-color":"","overlay-opacity":"","overlay-gradient":""},"tablet":{"background-color":"","background-image":"","background-repeat":"repeat","background-position":"center center","background-size":"auto","background-attachment":"scroll","background-type":"","background-media":"","overlay-type":"","overlay-color":"","overlay-opacity":"","overlay-gradient":""},"mobile":{"background-color":"","background-image":"","background-repeat":"repeat","background-position":"center center","background-size":"auto","background-attachment":"scroll","background-type":"","background-media":"","overlay-type":"","overlay-color":"","overlay-opacity":"","overlay-gradient":""}},"ast-content-background-meta":{"desktop":{"background-color":"var(--ast-global-color-5)","background-image":"","background-repeat":"repeat","background-position":"center center","background-size":"auto","background-attachment":"scroll","background-type":"","background-media":"","overlay-type":"","overlay-color":"","overlay-opacity":"","overlay-gradient":""},"tablet":{"background-color":"var(--ast-global-color-5)","background-image":"","background-repeat":"repeat","background-position":"center center","background-size":"auto","background-attachment":"scroll","background-type":"","background-media":"","overlay-type":"","overlay-color":"","overlay-opacity":"","overlay-gradient":""},"mobile":{"background-color":"var(--ast-global-color-5)","background-image":"","background-repeat":"repeat","background-position":"center center","background-size":"auto","background-attachment":"scroll","background-type":"","background-media":"","overlay-type":"","overlay-color":"","overlay-opacity":"","overlay-gradient":""}}},"product_brand":[30],"product_cat":[15,81,77,36],"product_tag":[],"class_list":{"0":"post-1875","1":"product","2":"type-product","3":"status-publish","4":"has-post-thumbnail","6":"product_brand-jnr","7":"product_cat-magasin-cigarette-electronique","8":"product_cat-puff-16k","9":"product_cat-entrepot-de-lue","10":"product_cat-jnr-16k","11":"desktop-align-center","12":"tablet-align-center","13":"mobile-align-center","14":"ast-product-gallery-layout-horizontal","15":"ast-product-gallery-with-no-image","16":"ast-product-single-variable","17":"ast-product-tabs-layout-horizontal","18":"ast-qv-on-image","20":"first","21":"instock","22":"sale","23":"shipping-taxable","24":"purchasable","25":"product-type-variable","26":"has-default-attributes"},"tiered_pricing_type":"fixed","tiered_pricing_fixed_rules":{"30":9.88,"60":9.26,"100":8.06,"200":7.38,"500":6.98,"1000":6.8},"tiered_pricing_product_settings":{"layout":"default","base_unit_name":{"singular":null,"plural":null},"default_variation":null},"tiered_pricing_minimum_quantity":null,"tiered_pricing_roles_data":[],"tiered_pricing_percentage_rules":[],"_links":{"self":[{"href":"https:\/\/puffvapestore.com\/it\/wp-json\/wp\/v2\/product\/1875","targetHints":{"allow":["GET"]}}],"collection":[{"href":"https:\/\/puffvapestore.com\/it\/wp-json\/wp\/v2\/product"}],"about":[{"href":"https:\/\/puffvapestore.com\/it\/wp-json\/wp\/v2\/types\/product"}],"replies":[{"embeddable":true,"href":"https:\/\/puffvapestore.com\/it\/wp-json\/wp\/v2\/comments?post=1875"}],"version-history":[{"count":12,"href":"https:\/\/puffvapestore.com\/it\/wp-json\/wp\/v2\/product\/1875\/revisions"}],"predecessor-version":[{"id":9536,"href":"https:\/\/puffvapestore.com\/it\/wp-json\/wp\/v2\/product\/1875\/revisions\/9536"}],"wp:featuredmedia":[{"embeddable":true,"href":"https:\/\/puffvapestore.com\/it\/wp-json\/wp\/v2\/media\/1573"}],"wp:attachment":[{"href":"https:\/\/puffvapestore.com\/it\/wp-json\/wp\/v2\/media?parent=1875"}],"wp:term":[{"taxonomy":"product_brand","embeddable":true,"href":"https:\/\/puffvapestore.com\/it\/wp-json\/wp\/v2\/product_brand?post=1875"},{"taxonomy":"product_cat","embeddable":true,"href":"https:\/\/puffvapestore.com\/it\/wp-json\/wp\/v2\/product_cat?post=1875"},{"taxonomy":"product_tag","embeddable":true,"href":"https:\/\/puffvapestore.com\/it\/wp-json\/wp\/v2\/product_tag?post=1875"}],"curies":[{"name":"wp","href":"https:\/\/api.w.org\/{rel}","templated":true}]}}