{"id":1854,"date":"2025-03-31T02:49:42","date_gmt":"2025-03-31T02:49:42","guid":{"rendered":"https:\/\/puffvapestore.com\/?post_type=product&#038;p=1854"},"modified":"2026-01-19T10:42:25","modified_gmt":"2026-01-19T10:42:25","slug":"jnr-falcon-16000-cola-ice","status":"publish","type":"product","link":"https:\/\/puffvapestore.com\/it\/product\/jnr-falcon-16000-cola-ice\/","title":{"rendered":"JNR Falcon 16000 Cola Ice"},"content":{"rendered":"<div data-elementor-type=\"wp-post\" data-elementor-id=\"1854\" class=\"elementor elementor-1854\">\n\t\t\t\t<div class=\"elementor-element elementor-element-824a998 e-flex e-con-boxed e-con e-parent\" data-id=\"824a998\" data-element_type=\"container\" data-e-type=\"container\">\n\t\t\t\t\t<div class=\"e-con-inner\">\n\t\t\t\t<div class=\"elementor-element elementor-element-55fd5fa elementor-widget elementor-widget-text-editor\" data-id=\"55fd5fa\" data-element_type=\"widget\" data-e-type=\"widget\" data-widget_type=\"text-editor.default\">\n\t\t\t\t<div class=\"elementor-widget-container\">\n\t\t\t\t\t\t\t\t\t<h2>JNR Falcon 16000 Cola Ice<\/h2><p>In Francia, gustare un bicchiere di Coca-Cola ghiacciato \u00e8 un piacere che molti trovano irresistibile. Che si tratti di un caff\u00e8 all'aperto in un pomeriggio d'estate o di una chiacchierata notturna con gli amici, il familiare gusto dolce e fresco, con le bollicine leggermente frizzanti, invoglia sempre a soffermarsi. D'ora in poi, <strong>JNR Falcon 16000 - Ghiaccio di cola<\/strong> pu\u00f2 portare l'esperienza classica alla vostra sigaretta elettronica, permettendovi di assaporare quel gusto familiare e rinfrescante sempre e ovunque!<\/p>\t\t\t\t\t\t\t\t<\/div>\n\t\t\t\t<\/div>\n\t\t\t\t\t<\/div>\n\t\t\t\t<\/div>\n\t\t<div class=\"elementor-element elementor-element-942ccb0 e-flex e-con-boxed e-con e-parent\" data-id=\"942ccb0\" data-element_type=\"container\" data-e-type=\"container\">\n\t\t\t\t\t<div class=\"e-con-inner\">\n\t\t<div class=\"elementor-element elementor-element-577deeb e-con-full e-flex e-con e-child\" data-id=\"577deeb\" data-element_type=\"container\" data-e-type=\"container\">\n\t\t\t\t<div class=\"elementor-element elementor-element-5d167cf elementor-widget elementor-widget-text-editor\" data-id=\"5d167cf\" data-element_type=\"widget\" data-e-type=\"widget\" data-widget_type=\"text-editor.default\">\n\t\t\t\t<div class=\"elementor-widget-container\">\n\t\t\t\t\t\t\t\t\t<h2>Dettagli di JNR Falcon 16000 Cola Ice<\/h2><p>Soffi: Fino a 16.000 soffi<br \/>Liquido: 22 ml<br \/>Livelli di nicotina: 0 %, 2 %, 5 %<br \/>Resistenza: 1,0 ohm<br \/>Capacit\u00e0 della batteria: 850 mAh<br \/>Ricarica: Tipo-C<br \/>Flusso d'aria regolabile: S\u00ec<br \/>Display digitale<br \/>Resistenza a doppia maglia e doppia anima<br \/>Dimensioni: 53,5 x 32 x 110 mm<\/p>\t\t\t\t\t\t\t\t<\/div>\n\t\t\t\t<\/div>\n\t\t\t\t<\/div>\n\t\t<div class=\"elementor-element elementor-element-d5e4b56 e-con-full e-flex e-con e-child\" data-id=\"d5e4b56\" data-element_type=\"container\" data-e-type=\"container\">\n\t\t\t\t<div class=\"elementor-element elementor-element-381dfcb elementor-widget elementor-widget-image-gallery\" data-id=\"381dfcb\" data-element_type=\"widget\" data-e-type=\"widget\" data-widget_type=\"image-gallery.default\">\n\t\t\t\t<div class=\"elementor-widget-container\">\n\t\t\t\t\t\t\t<div class=\"elementor-image-gallery\">\n\t\t\t<div id='gallery-1' class='gallery galleryid-1854 gallery-columns-1 gallery-size-medium_large'><figure class='gallery-item'>\n\t\t\t<div class='gallery-icon portrait'>\n\t\t\t\t<img fetchpriority=\"high\" decoding=\"async\" width=\"654\" height=\"690\" src=\"https:\/\/puffvapestore.com\/wp-content\/uploads\/2025\/03\/pvajf16000-18.jpg\" class=\"attachment-medium_large size-medium_large\" alt=\"JNR Falcon 16K Cola Ice\" aria-describedby=\"gallery-1-1565\" srcset=\"https:\/\/puffvapestore.com\/wp-content\/uploads\/2025\/03\/pvajf16000-18.jpg 654w, https:\/\/puffvapestore.com\/wp-content\/uploads\/2025\/03\/pvajf16000-18-284x300.jpg 284w, https:\/\/puffvapestore.com\/wp-content\/uploads\/2025\/03\/pvajf16000-18-600x633.jpg 600w\" sizes=\"(max-width: 654px) 100vw, 654px\" \/>\n\t\t\t<\/div>\n\t\t\t\t<figcaption class='wp-caption-text gallery-caption' id='gallery-1-1565'>\n\t\t\t\tJNR Falcon 16K Cola Ice\n\t\t\t\t<\/figcaption><\/figure>\n\t\t<\/div>\n\t\t<\/div>\n\t\t\t\t\t\t<\/div>\n\t\t\t\t<\/div>\n\t\t\t\t<\/div>\n\t\t\t\t\t<\/div>\n\t\t\t\t<\/div>\n\t\t<div class=\"elementor-element elementor-element-7926c6b e-flex e-con-boxed e-con e-parent\" data-id=\"7926c6b\" data-element_type=\"container\" data-e-type=\"container\">\n\t\t\t\t\t<div class=\"e-con-inner\">\n\t\t\t\t<div class=\"elementor-element elementor-element-2b41948 elementor-widget elementor-widget-text-editor\" data-id=\"2b41948\" data-element_type=\"widget\" data-e-type=\"widget\" data-widget_type=\"text-editor.default\">\n\t\t\t\t<div class=\"elementor-widget-container\">\n\t\t\t\t\t\t\t\t\t<h2>Cola Ice: trasformare la freschezza della memoria in vapore<\/h2><p>Ricordate la prima volta che avete aperto una lattina di Coca-Cola ghiacciata? La dolcezza del caramello con un sottile aroma di agrumi, mescolata alle fresche bollicine, colpisce le papille gustative, dissipa immediatamente il calore e fa venire voglia di bere un altro sorso. La <strong>sigaretta elettronica JNR Falcon 16000 - Cola Ice<\/strong> riproduce perfettamente questa esperienza e aggiunge un tocco di ghiaccio in pi\u00f9, rendendo ogni inalazione di fumo come una boccata rinfrescante nel cuore della notte, risvegliando istantaneamente le papille gustative!<\/p><ul><li><strong>Vero sapore di cola<\/strong> La ricchezza del caramello, il leggero sapore di agrumi e la perfetta combinazione di quella classica \u00absensazione di soda\u00bb.<\/li><li><strong>Aggiornamento fantastico<\/strong> La giusta dose di freschezza, come una lattina di cola appena uscita dal frigo, stimolante ma non irritante per la gola, rinfrescante ma non troppo.<\/li><li><strong>Retrogusto di lunga durata<\/strong> Cola Ice: a differenza della vera cola, che diventa insipida quando il ghiaccio si scioglie, il sapore di questa sigaretta elettronica Cola Ice rimane stabile dalla prima all'ultima boccata, offrendo sempre un puro piacere gustativo.<\/li><\/ul><h3>Perch\u00e9 il gusto Cola Ice \u00e8 cos\u00ec popolare in Francia?<\/h3><p>I francesi sono famosi per la loro ricerca del sapore e non \u00e8 un caso che Cola Ice abbia conquistato gli esigenti fan francesi delle sigarette elettroniche.<\/p><h4>1. Non mancano i classici per evocare la nostalgia<\/h4><p>La Coca-Cola non \u00e8 solo una bevanda, \u00e8 una memoria collettiva. Dalle feste di compleanno della mia infanzia, alle merende al cinema della mia adolescenza, alle sieste pomeridiane dell'et\u00e0 adulta, il gusto della Coca-Cola porta con s\u00e9 ricordi di gioia, libert\u00e0 e spericolatezza. <strong>JNR Falcon 16000 - Ghiaccio di cola<\/strong> permette alle persone di rievocare quei meravigliosi ricordi ogni volta che inalano il fumo, come se stessero facendo un salto indietro nel tempo a quello spensierato pomeriggio estivo.<\/p><h4>2. Adatto a tutte le occasioni, una scelta versatile<\/h4><p>A differenza di alcuni aromi forti o complessi che richiedono uno stato d'animo o una scena specifica per essere apprezzati, Cola Ice \u00e8 il tipo di aroma per sigaretta elettronica che pu\u00f2 portare piacere in qualsiasi momento e ovunque. Che si tratti di una boccata di fumo al mattino per rinfrescarsi, di un tocco di freschezza nel pomeriggio o di un momento di relax la sera, si adatta perfettamente a rendere coerente la vostra esperienza.<\/p>\t\t\t\t\t\t\t\t<\/div>\n\t\t\t\t<\/div>\n\t\t\t\t\t<\/div>\n\t\t\t\t<\/div>\n\t\t\t\t<\/div>","protected":false},"excerpt":{"rendered":"<p>JNR Falcon 16000 Cola Ice En France, d\u00e9guster un verre de Coca-Cola bien frais est un plaisir que beaucoup de gens trouvent irr\u00e9sistible. Qu&rsquo;il s&rsquo;agisse d&rsquo;un caf\u00e9 en plein air un apr\u00e8s-midi d&rsquo;\u00e9t\u00e9 ou d&rsquo;une discussion avec des amis tard le soir, le go\u00fbt familier, sucr\u00e9 et frais, avec des bulles l\u00e9g\u00e8rement sautillantes, incite toujours [&hellip;]<\/p>","protected":false},"featured_media":1565,"comment_status":"open","ping_status":"closed","template":"","meta":{"site-sidebar-layout":"no-sidebar","site-content-layout":"page-builder","ast-site-content-layout":"normal-width-container","site-content-style":"default","site-sidebar-style":"default","ast-global-header-display":"","ast-banner-title-visibility":"","ast-main-header-display":"","ast-hfb-above-header-display":"","ast-hfb-below-header-display":"","ast-hfb-mobile-header-display":"","site-post-title":"disabled","ast-breadcrumbs-content":"","ast-featured-img":"disabled","footer-sml-layout":"","theme-transparent-header-meta":"default","adv-header-id-meta":"","stick-header-meta":"default","header-above-stick-meta":"","header-main-stick-meta":"","header-below-stick-meta":"","astra-migrate-meta-layouts":"set","ast-page-background-enabled":"default","ast-page-background-meta":{"desktop":{"background-color":"","background-image":"","background-repeat":"repeat","background-position":"center center","background-size":"auto","background-attachment":"scroll","background-type":"","background-media":"","overlay-type":"","overlay-color":"","overlay-opacity":"","overlay-gradient":""},"tablet":{"background-color":"","background-image":"","background-repeat":"repeat","background-position":"center center","background-size":"auto","background-attachment":"scroll","background-type":"","background-media":"","overlay-type":"","overlay-color":"","overlay-opacity":"","overlay-gradient":""},"mobile":{"background-color":"","background-image":"","background-repeat":"repeat","background-position":"center center","background-size":"auto","background-attachment":"scroll","background-type":"","background-media":"","overlay-type":"","overlay-color":"","overlay-opacity":"","overlay-gradient":""}},"ast-content-background-meta":{"desktop":{"background-color":"var(--ast-global-color-5)","background-image":"","background-repeat":"repeat","background-position":"center center","background-size":"auto","background-attachment":"scroll","background-type":"","background-media":"","overlay-type":"","overlay-color":"","overlay-opacity":"","overlay-gradient":""},"tablet":{"background-color":"var(--ast-global-color-5)","background-image":"","background-repeat":"repeat","background-position":"center center","background-size":"auto","background-attachment":"scroll","background-type":"","background-media":"","overlay-type":"","overlay-color":"","overlay-opacity":"","overlay-gradient":""},"mobile":{"background-color":"var(--ast-global-color-5)","background-image":"","background-repeat":"repeat","background-position":"center center","background-size":"auto","background-attachment":"scroll","background-type":"","background-media":"","overlay-type":"","overlay-color":"","overlay-opacity":"","overlay-gradient":""}}},"product_brand":[30],"product_cat":[15,81,77,36],"product_tag":[],"class_list":{"0":"post-1854","1":"product","2":"type-product","3":"status-publish","4":"has-post-thumbnail","6":"product_brand-jnr","7":"product_cat-magasin-cigarette-electronique","8":"product_cat-puff-16k","9":"product_cat-entrepot-de-lue","10":"product_cat-jnr-16k","11":"desktop-align-center","12":"tablet-align-center","13":"mobile-align-center","14":"ast-product-gallery-layout-horizontal","15":"ast-product-gallery-with-no-image","16":"ast-product-single-variable","17":"ast-product-tabs-layout-horizontal","18":"ast-qv-on-image","20":"first","21":"instock","22":"sale","23":"shipping-taxable","24":"purchasable","25":"product-type-variable","26":"has-default-attributes"},"tiered_pricing_type":"fixed","tiered_pricing_fixed_rules":{"30":9.88,"60":9.26,"100":8.06,"200":7.38,"500":6.98,"1000":6.8},"tiered_pricing_product_settings":{"layout":"default","base_unit_name":{"singular":null,"plural":null},"default_variation":null},"tiered_pricing_minimum_quantity":null,"tiered_pricing_roles_data":[],"tiered_pricing_percentage_rules":[],"_links":{"self":[{"href":"https:\/\/puffvapestore.com\/it\/wp-json\/wp\/v2\/product\/1854","targetHints":{"allow":["GET"]}}],"collection":[{"href":"https:\/\/puffvapestore.com\/it\/wp-json\/wp\/v2\/product"}],"about":[{"href":"https:\/\/puffvapestore.com\/it\/wp-json\/wp\/v2\/types\/product"}],"replies":[{"embeddable":true,"href":"https:\/\/puffvapestore.com\/it\/wp-json\/wp\/v2\/comments?post=1854"}],"version-history":[{"count":12,"href":"https:\/\/puffvapestore.com\/it\/wp-json\/wp\/v2\/product\/1854\/revisions"}],"predecessor-version":[{"id":9533,"href":"https:\/\/puffvapestore.com\/it\/wp-json\/wp\/v2\/product\/1854\/revisions\/9533"}],"wp:featuredmedia":[{"embeddable":true,"href":"https:\/\/puffvapestore.com\/it\/wp-json\/wp\/v2\/media\/1565"}],"wp:attachment":[{"href":"https:\/\/puffvapestore.com\/it\/wp-json\/wp\/v2\/media?parent=1854"}],"wp:term":[{"taxonomy":"product_brand","embeddable":true,"href":"https:\/\/puffvapestore.com\/it\/wp-json\/wp\/v2\/product_brand?post=1854"},{"taxonomy":"product_cat","embeddable":true,"href":"https:\/\/puffvapestore.com\/it\/wp-json\/wp\/v2\/product_cat?post=1854"},{"taxonomy":"product_tag","embeddable":true,"href":"https:\/\/puffvapestore.com\/it\/wp-json\/wp\/v2\/product_tag?post=1854"}],"curies":[{"name":"wp","href":"https:\/\/api.w.org\/{rel}","templated":true}]}}