{"id":1840,"date":"2025-03-28T13:25:09","date_gmt":"2025-03-28T13:25:09","guid":{"rendered":"https:\/\/puffvapestore.com\/?post_type=product&#038;p=1840"},"modified":"2026-01-19T10:42:25","modified_gmt":"2026-01-19T10:42:25","slug":"puff-jnr-falcon-16000-watermelon-bubblegum","status":"publish","type":"product","link":"https:\/\/puffvapestore.com\/it\/product\/puff-jnr-falcon-16000-anguria-bubblegum\/","title":{"rendered":"Puff JNR Falcon 16000 Anguria Bubblegum"},"content":{"rendered":"<div data-elementor-type=\"wp-post\" data-elementor-id=\"1840\" class=\"elementor elementor-1840\">\n\t\t\t\t<div class=\"elementor-element elementor-element-824a998 e-flex e-con-boxed e-con e-parent\" data-id=\"824a998\" data-element_type=\"container\" data-e-type=\"container\">\n\t\t\t\t\t<div class=\"e-con-inner\">\n\t\t\t\t<div class=\"elementor-element elementor-element-55fd5fa elementor-widget elementor-widget-text-editor\" data-id=\"55fd5fa\" data-element_type=\"widget\" data-e-type=\"widget\" data-widget_type=\"text-editor.default\">\n\t\t\t\t<div class=\"elementor-widget-container\">\n\t\t\t\t\t\t\t\t\t<h2>Puff JNR Falcon 16000 Anguria Bubblegum<\/h2><p>In Francia, la sigaretta elettronica non \u00e8 solo un'alternativa per smettere di fumare, ma anche uno stile, un atteggiamento e un'avventura del gusto. Visitare <strong>Gusto Anguria Bubblegum da JNR Falcon 16000<\/strong> \u00e8 l'esempio perfetto di questa avventura. Non \u00e8 solo una sigaretta elettronica, \u00e8 un viaggio nel tempo del gusto. Una boccata di fumo vi riporta alla vostra infanzia spensierata e una boccata di fumo vi immerge nei dolci ricordi dei pomeriggi estivi.<\/p>\t\t\t\t\t\t\t\t<\/div>\n\t\t\t\t<\/div>\n\t\t\t\t\t<\/div>\n\t\t\t\t<\/div>\n\t\t<div class=\"elementor-element elementor-element-942ccb0 e-flex e-con-boxed e-con e-parent\" data-id=\"942ccb0\" data-element_type=\"container\" data-e-type=\"container\">\n\t\t\t\t\t<div class=\"e-con-inner\">\n\t\t<div class=\"elementor-element elementor-element-577deeb e-con-full e-flex e-con e-child\" data-id=\"577deeb\" data-element_type=\"container\" data-e-type=\"container\">\n\t\t\t\t<div class=\"elementor-element elementor-element-5d167cf elementor-widget elementor-widget-text-editor\" data-id=\"5d167cf\" data-element_type=\"widget\" data-e-type=\"widget\" data-widget_type=\"text-editor.default\">\n\t\t\t\t<div class=\"elementor-widget-container\">\n\t\t\t\t\t\t\t\t\t<h2>Dettagli di JNR Falcon 16000 Watermelon Bubblegum<\/h2><p>Soffi: Fino a 16.000 soffi<br \/>Liquido: 22 ml<br \/>Livelli di nicotina: 0 %, 2 %, 5 %<br \/>Resistenza: 1,0 ohm<br \/>Capacit\u00e0 della batteria: 850 mAh<br \/>Ricarica: Tipo-C<br \/>Flusso d'aria regolabile: S\u00ec<br \/>Display digitale<br \/>Resistenza a doppia maglia e doppia anima<br \/>Dimensioni: 53,5 x 32 x 110 mm<\/p>\t\t\t\t\t\t\t\t<\/div>\n\t\t\t\t<\/div>\n\t\t\t\t<\/div>\n\t\t<div class=\"elementor-element elementor-element-d5e4b56 e-con-full e-flex e-con e-child\" data-id=\"d5e4b56\" data-element_type=\"container\" data-e-type=\"container\">\n\t\t\t\t<div class=\"elementor-element elementor-element-381dfcb elementor-widget elementor-widget-image-gallery\" data-id=\"381dfcb\" data-element_type=\"widget\" data-e-type=\"widget\" data-widget_type=\"image-gallery.default\">\n\t\t\t\t<div class=\"elementor-widget-container\">\n\t\t\t\t\t\t\t<div class=\"elementor-image-gallery\">\n\t\t\t<div id='gallery-1' class='gallery galleryid-1840 gallery-columns-1 gallery-size-medium_large'><figure class='gallery-item'>\n\t\t\t<div class='gallery-icon portrait'>\n\t\t\t\t<img fetchpriority=\"high\" decoding=\"async\" width=\"654\" height=\"690\" src=\"https:\/\/puffvapestore.com\/wp-content\/uploads\/2025\/03\/pvajf16000-4.jpg\" class=\"attachment-medium_large size-medium_large\" alt=\"JNR Falcon 16K Anguria Bubblegum\" aria-describedby=\"gallery-1-1551\" srcset=\"https:\/\/puffvapestore.com\/wp-content\/uploads\/2025\/03\/pvajf16000-4.jpg 654w, https:\/\/puffvapestore.com\/wp-content\/uploads\/2025\/03\/pvajf16000-4-284x300.jpg 284w, https:\/\/puffvapestore.com\/wp-content\/uploads\/2025\/03\/pvajf16000-4-600x633.jpg 600w\" sizes=\"(max-width: 654px) 100vw, 654px\" \/>\n\t\t\t<\/div>\n\t\t\t\t<figcaption class='wp-caption-text gallery-caption' id='gallery-1-1551'>\n\t\t\t\tJNR Falcon 16K Anguria Bubblegum\n\t\t\t\t<\/figcaption><\/figure>\n\t\t<\/div>\n\t\t<\/div>\n\t\t\t\t\t\t<\/div>\n\t\t\t\t<\/div>\n\t\t\t\t<\/div>\n\t\t\t\t\t<\/div>\n\t\t\t\t<\/div>\n\t\t<div class=\"elementor-element elementor-element-7926c6b e-flex e-con-boxed e-con e-parent\" data-id=\"7926c6b\" data-element_type=\"container\" data-e-type=\"container\">\n\t\t\t\t\t<div class=\"e-con-inner\">\n\t\t\t\t<div class=\"elementor-element elementor-element-2b41948 elementor-widget elementor-widget-text-editor\" data-id=\"2b41948\" data-element_type=\"widget\" data-e-type=\"widget\" data-widget_type=\"text-editor.default\">\n\t\t\t\t<div class=\"elementor-widget-container\">\n\t\t\t\t\t\t\t\t\t<h2>Quando il gusto rinfrescante dell'anguria incontra la dolcezza delle gomme da masticare<\/h2><p>Immaginatevi al sole del sud della Francia, con in mano un pezzo di anguria succosa e appena tagliata, con il suo dolce aroma che riempie l'aria. E il sapore della gomma da masticare all'anguria \u00e8 come se sigillasse quella freschezza estiva in ogni boccata di fumo.<\/p><p><strong>Non appena si tira la prima boccata, si percepisce un gusto rinfrescante di succo d'anguria.<\/strong><br \/>L'equilibrio tra acidit\u00e0 e dolcezza \u00e8 perfetto, proprio come un'anguria appena uscita dal frigorifero, con una sottile succosit\u00e0 che rinfresca immediatamente.<\/p><p><strong>Poi, la dolcezza della gomma da masticare \u00e8 apparsa lentamente<\/strong><br \/>Ricordate la gioia di masticare una gomma quando eravate bambini? L'ariosa dolcezza rimane a lungo in bocca, dando una sensazione di completa soddisfazione. Questa sigaretta elettronica ricrea perfettamente quella sensazione, facendovi venire voglia di tirare una boccata dopo l'altra.<\/p><p><strong>Infine, il retrogusto di anguria e gomma da masticare si intreccia.<\/strong><br \/>Non \u00e8 n\u00e9 troppo dolce n\u00e9 troppo veloce e lascia una dolcezza duratura, rendendo ogni fumata espirata una festa per le papille gustative.<\/p><h3>La filosofia francese della sigaretta elettronica: un'esperienza di gusto squisita<\/h3><p>I francesi sono molto attenti al cibo, ai sapori e ai rituali della vita. Visitare <strong>flavour JNR Falcon 16000 Anguria Bubblegum<\/strong> \u00e8 stata progettata per questo tipo di squisitezza. Non \u00e8 solo una sigaretta elettronica, \u00e8 una \u00abgioia di vivere\u00bb.<\/p><p>A Parigi - mentre passeggiate lungo la Senna, assaporate questa sigaretta elettronica con i suoi ricordi d'infanzia e sentite la dolce miscela di romanticismo e gusto della citt\u00e0.<\/p><p>Nel sud della Francia - Al tramonto, con un bicchiere di limonata ghiacciata in mano e un soffio di <strong>Puff JNR Falcon 16000 Anguria Bubblegum<\/strong> rendere pi\u00f9 completo il gusto dell'estate.<\/p><p>Carnevale - Ricordate la sensazione di masticare una gomma in un parco divertimenti da bambini, aspettando con impazienza che la grande ruota salga? Questa sigaretta elettronica pu\u00f2 riportarvi immediatamente a quel momento di spensieratezza.<\/p>\t\t\t\t\t\t\t\t<\/div>\n\t\t\t\t<\/div>\n\t\t\t\t\t<\/div>\n\t\t\t\t<\/div>\n\t\t\t\t<\/div>","protected":false},"excerpt":{"rendered":"<p>Puff JNR Falcon 16000 Past\u00e8que Bubblegum En France, la cigarette \u00e9lectronique n\u2019est pas seulement une alternative au sevrage tabagique, mais aussi un style, une attitude et une aventure gustative. La saveur Watermelon Bubblegum du JNR Falcon 16000 est l&rsquo;exemple parfait de cette aventure. Ce n\u2019est pas seulement une cigarette \u00e9lectronique, mais aussi un voyage dans [&hellip;]<\/p>","protected":false},"featured_media":1551,"comment_status":"open","ping_status":"closed","template":"","meta":{"site-sidebar-layout":"no-sidebar","site-content-layout":"page-builder","ast-site-content-layout":"normal-width-container","site-content-style":"default","site-sidebar-style":"default","ast-global-header-display":"","ast-banner-title-visibility":"","ast-main-header-display":"","ast-hfb-above-header-display":"","ast-hfb-below-header-display":"","ast-hfb-mobile-header-display":"","site-post-title":"disabled","ast-breadcrumbs-content":"","ast-featured-img":"disabled","footer-sml-layout":"","theme-transparent-header-meta":"default","adv-header-id-meta":"","stick-header-meta":"default","header-above-stick-meta":"","header-main-stick-meta":"","header-below-stick-meta":"","astra-migrate-meta-layouts":"set","ast-page-background-enabled":"default","ast-page-background-meta":{"desktop":{"background-color":"","background-image":"","background-repeat":"repeat","background-position":"center center","background-size":"auto","background-attachment":"scroll","background-type":"","background-media":"","overlay-type":"","overlay-color":"","overlay-opacity":"","overlay-gradient":""},"tablet":{"background-color":"","background-image":"","background-repeat":"repeat","background-position":"center center","background-size":"auto","background-attachment":"scroll","background-type":"","background-media":"","overlay-type":"","overlay-color":"","overlay-opacity":"","overlay-gradient":""},"mobile":{"background-color":"","background-image":"","background-repeat":"repeat","background-position":"center center","background-size":"auto","background-attachment":"scroll","background-type":"","background-media":"","overlay-type":"","overlay-color":"","overlay-opacity":"","overlay-gradient":""}},"ast-content-background-meta":{"desktop":{"background-color":"var(--ast-global-color-5)","background-image":"","background-repeat":"repeat","background-position":"center center","background-size":"auto","background-attachment":"scroll","background-type":"","background-media":"","overlay-type":"","overlay-color":"","overlay-opacity":"","overlay-gradient":""},"tablet":{"background-color":"var(--ast-global-color-5)","background-image":"","background-repeat":"repeat","background-position":"center center","background-size":"auto","background-attachment":"scroll","background-type":"","background-media":"","overlay-type":"","overlay-color":"","overlay-opacity":"","overlay-gradient":""},"mobile":{"background-color":"var(--ast-global-color-5)","background-image":"","background-repeat":"repeat","background-position":"center center","background-size":"auto","background-attachment":"scroll","background-type":"","background-media":"","overlay-type":"","overlay-color":"","overlay-opacity":"","overlay-gradient":""}}},"product_brand":[30],"product_cat":[15,81,77,36],"product_tag":[],"class_list":{"0":"post-1840","1":"product","2":"type-product","3":"status-publish","4":"has-post-thumbnail","6":"product_brand-jnr","7":"product_cat-magasin-cigarette-electronique","8":"product_cat-puff-16k","9":"product_cat-entrepot-de-lue","10":"product_cat-jnr-16k","11":"desktop-align-center","12":"tablet-align-center","13":"mobile-align-center","14":"ast-product-gallery-layout-horizontal","15":"ast-product-gallery-with-no-image","16":"ast-product-single-variable","17":"ast-product-tabs-layout-horizontal","18":"ast-qv-on-image","20":"first","21":"instock","22":"sale","23":"shipping-taxable","24":"purchasable","25":"product-type-variable","26":"has-default-attributes"},"tiered_pricing_type":"fixed","tiered_pricing_fixed_rules":{"30":9.88,"60":9.26,"100":8.06,"200":7.38,"500":6.98,"1000":6.8},"tiered_pricing_product_settings":{"layout":"default","base_unit_name":{"singular":null,"plural":null},"default_variation":null},"tiered_pricing_minimum_quantity":null,"tiered_pricing_roles_data":[],"tiered_pricing_percentage_rules":[],"_links":{"self":[{"href":"https:\/\/puffvapestore.com\/it\/wp-json\/wp\/v2\/product\/1840","targetHints":{"allow":["GET"]}}],"collection":[{"href":"https:\/\/puffvapestore.com\/it\/wp-json\/wp\/v2\/product"}],"about":[{"href":"https:\/\/puffvapestore.com\/it\/wp-json\/wp\/v2\/types\/product"}],"replies":[{"embeddable":true,"href":"https:\/\/puffvapestore.com\/it\/wp-json\/wp\/v2\/comments?post=1840"}],"version-history":[{"count":12,"href":"https:\/\/puffvapestore.com\/it\/wp-json\/wp\/v2\/product\/1840\/revisions"}],"predecessor-version":[{"id":9531,"href":"https:\/\/puffvapestore.com\/it\/wp-json\/wp\/v2\/product\/1840\/revisions\/9531"}],"wp:featuredmedia":[{"embeddable":true,"href":"https:\/\/puffvapestore.com\/it\/wp-json\/wp\/v2\/media\/1551"}],"wp:attachment":[{"href":"https:\/\/puffvapestore.com\/it\/wp-json\/wp\/v2\/media?parent=1840"}],"wp:term":[{"taxonomy":"product_brand","embeddable":true,"href":"https:\/\/puffvapestore.com\/it\/wp-json\/wp\/v2\/product_brand?post=1840"},{"taxonomy":"product_cat","embeddable":true,"href":"https:\/\/puffvapestore.com\/it\/wp-json\/wp\/v2\/product_cat?post=1840"},{"taxonomy":"product_tag","embeddable":true,"href":"https:\/\/puffvapestore.com\/it\/wp-json\/wp\/v2\/product_tag?post=1840"}],"curies":[{"name":"wp","href":"https:\/\/api.w.org\/{rel}","templated":true}]}}