{"id":1826,"date":"2025-03-26T07:03:09","date_gmt":"2025-03-26T07:03:09","guid":{"rendered":"https:\/\/puffvapestore.com\/?post_type=product&#038;p=1826"},"modified":"2026-01-19T10:42:25","modified_gmt":"2026-01-19T10:42:25","slug":"jnr-falcon-16000-strawberry-ice","status":"publish","type":"product","link":"https:\/\/puffvapestore.com\/it\/product\/jnr-falcon-16000-ghiaccio-alla-fragola\/","title":{"rendered":"JNR Falcon 16000 Ghiaccio alla fragola"},"content":{"rendered":"<div data-elementor-type=\"wp-post\" data-elementor-id=\"1826\" class=\"elementor elementor-1826\">\n\t\t\t\t<div class=\"elementor-element elementor-element-824a998 e-flex e-con-boxed e-con e-parent\" data-id=\"824a998\" data-element_type=\"container\" data-e-type=\"container\">\n\t\t\t\t\t<div class=\"e-con-inner\">\n\t\t\t\t<div class=\"elementor-element elementor-element-55fd5fa elementor-widget elementor-widget-text-editor\" data-id=\"55fd5fa\" data-element_type=\"widget\" data-e-type=\"widget\" data-widget_type=\"text-editor.default\">\n\t\t\t\t<div class=\"elementor-widget-container\">\n\t\t\t\t\t\t\t\t\t<h2>JNR Falcon 16000 Gelato alla fragola<\/h2><p>Immaginate di essere seduti in riva alla Senna a Parigi in un caldo pomeriggio d'estate, con in mano un mojito alla fragola appena fatto, con la brezza che soffia e l'aria carica di un dolce aroma fruttato. Questa \u00e8 l'esperienza offerta da <strong>JNR Falcon 16000 - Ghiaccio alla fragola<\/strong>. Quando si inala il fumo, ci si sente come in un sogno estivo francese ubriaco.<\/p>\t\t\t\t\t\t\t\t<\/div>\n\t\t\t\t<\/div>\n\t\t\t\t\t<\/div>\n\t\t\t\t<\/div>\n\t\t<div class=\"elementor-element elementor-element-942ccb0 e-flex e-con-boxed e-con e-parent\" data-id=\"942ccb0\" data-element_type=\"container\" data-e-type=\"container\">\n\t\t\t\t\t<div class=\"e-con-inner\">\n\t\t<div class=\"elementor-element elementor-element-577deeb e-con-full e-flex e-con e-child\" data-id=\"577deeb\" data-element_type=\"container\" data-e-type=\"container\">\n\t\t\t\t<div class=\"elementor-element elementor-element-5d167cf elementor-widget elementor-widget-text-editor\" data-id=\"5d167cf\" data-element_type=\"widget\" data-e-type=\"widget\" data-widget_type=\"text-editor.default\">\n\t\t\t\t<div class=\"elementor-widget-container\">\n\t\t\t\t\t\t\t\t\t<h2>Dettagli di JNR Falcon 16000 Ghiaccio alla fragola<\/h2><p>Soffi: Fino a 16.000 soffi<br \/>Liquido: 22 ml<br \/>Livelli di nicotina: 0 %, 2 %, 5 %<br \/>Resistenza: 1,0 ohm<br \/>Capacit\u00e0 della batteria: 850 mAh<br \/>Ricarica: Tipo-C<br \/>Flusso d'aria regolabile: S\u00ec<br \/>Display digitale<br \/>Resistenza a doppia maglia e doppia anima<br \/>Dimensioni: 53,5 x 32 x 110 mm<\/p>\t\t\t\t\t\t\t\t<\/div>\n\t\t\t\t<\/div>\n\t\t\t\t<\/div>\n\t\t<div class=\"elementor-element elementor-element-d5e4b56 e-con-full e-flex e-con e-child\" data-id=\"d5e4b56\" data-element_type=\"container\" data-e-type=\"container\">\n\t\t\t\t<div class=\"elementor-element elementor-element-381dfcb elementor-widget elementor-widget-image-gallery\" data-id=\"381dfcb\" data-element_type=\"widget\" data-e-type=\"widget\" data-widget_type=\"image-gallery.default\">\n\t\t\t\t<div class=\"elementor-widget-container\">\n\t\t\t\t\t\t\t<div class=\"elementor-image-gallery\">\n\t\t\t<div id='gallery-1' class='gallery galleryid-1826 gallery-columns-1 gallery-size-medium_large'><figure class='gallery-item'>\n\t\t\t<div class='gallery-icon portrait'>\n\t\t\t\t<img fetchpriority=\"high\" decoding=\"async\" width=\"654\" height=\"690\" src=\"https:\/\/puffvapestore.com\/wp-content\/uploads\/2025\/03\/pvajf16000-14.jpg\" class=\"attachment-medium_large size-medium_large\" alt=\"JNR Falcon 16K Ghiaccio alla fragola\" aria-describedby=\"gallery-1-1561\" srcset=\"https:\/\/puffvapestore.com\/wp-content\/uploads\/2025\/03\/pvajf16000-14.jpg 654w, https:\/\/puffvapestore.com\/wp-content\/uploads\/2025\/03\/pvajf16000-14-284x300.jpg 284w, https:\/\/puffvapestore.com\/wp-content\/uploads\/2025\/03\/pvajf16000-14-600x633.jpg 600w\" sizes=\"(max-width: 654px) 100vw, 654px\" \/>\n\t\t\t<\/div>\n\t\t\t\t<figcaption class='wp-caption-text gallery-caption' id='gallery-1-1561'>\n\t\t\t\tJNR Falcon 16K Ghiaccio alla fragola\n\t\t\t\t<\/figcaption><\/figure>\n\t\t<\/div>\n\t\t<\/div>\n\t\t\t\t\t\t<\/div>\n\t\t\t\t<\/div>\n\t\t\t\t<\/div>\n\t\t\t\t\t<\/div>\n\t\t\t\t<\/div>\n\t\t<div class=\"elementor-element elementor-element-7926c6b e-flex e-con-boxed e-con e-parent\" data-id=\"7926c6b\" data-element_type=\"container\" data-e-type=\"container\">\n\t\t\t\t\t<div class=\"e-con-inner\">\n\t\t\t\t<div class=\"elementor-element elementor-element-2b41948 elementor-widget elementor-widget-text-editor\" data-id=\"2b41948\" data-element_type=\"widget\" data-e-type=\"widget\" data-widget_type=\"text-editor.default\">\n\t\t\t\t<div class=\"elementor-widget-container\">\n\t\t\t\t\t\t\t\t\t<h2>Perch\u00e9 il gelato alla fragola? Perch\u00e9 i francesi sanno come trattarsi!<\/h2><p>I francesi non scendono mai a compromessi nella ricerca del sapore; cibo, vino, profumo... tutto deve essere attento alla stratificazione, all'equilibrio e al retrogusto. Il <strong>Gusto ghiaccio alla fragola da JNR Falcon 16000<\/strong> \u00e8 la perfetta incarnazione di questa squisita ricerca.<\/p><h3>La dolcezza delle fragole naturali unita a una rinfrescante freschezza<\/h3><p>Strawberry Ice non ha la dolcezza artificiale dello sciroppo, ma \u00e8 come se le fragole appena raccolte venissero delicatamente schiacciate sulla punta della lingua, rilasciando l'aroma fruttato e una leggera acidit\u00e0. Poi, una sensazione di freschezza emerge lentamente, come un sorso di champagne ghiacciato in una calda giornata estiva, facendo venire voglia di fare un altro tiro.<\/p><h2>JNR Falcon 16000 - Ghiaccio alla fragola: un must dell'estate francese<\/h2><p>I francesi vivono ancora la loro vita come in un film romantico e la JNR Falcon 16000 - Strawberry Ice \u00e8 un prodotto speciale di quel film. Non \u00e8 solo il sapore di una sigaretta elettronica, ma anche una scelta di vita: fresca, elegante e memorabile.<\/p><p>Sia che stiate passeggiando per le strade di Parigi o che siate in vacanza sulla costa del Sud della Francia, una boccata d'aria fresca vi far\u00e0 passare la giornata. <strong>JNR Falcon 16000 Ghiaccio alla fragola<\/strong> vi immerger\u00e0 immediatamente nel tranquillo stile di vita francese.<\/p>\t\t\t\t\t\t\t\t<\/div>\n\t\t\t\t<\/div>\n\t\t\t\t\t<\/div>\n\t\t\t\t<\/div>\n\t\t\t\t<\/div>","protected":false},"excerpt":{"rendered":"<p>JNR Falcon 16000 Glace \u00e0 la fraise Imaginez qu&rsquo;un apr\u00e8s-midi d&rsquo;\u00e9t\u00e9 chaud, vous \u00eates assis au bord de la Seine \u00e0 Paris, tenant un mojito \u00e0 la fraise fra\u00eechement pr\u00e9par\u00e9 dans votre main, avec la brise qui souffle et l&rsquo;air rempli d&rsquo;un doux ar\u00f4me fruit\u00e9. C&rsquo;est l&rsquo;exp\u00e9rience offerte par le JNR Falcon 16000 \u2013 Strawberry [&hellip;]<\/p>","protected":false},"featured_media":1561,"comment_status":"open","ping_status":"closed","template":"","meta":{"site-sidebar-layout":"no-sidebar","site-content-layout":"page-builder","ast-site-content-layout":"normal-width-container","site-content-style":"default","site-sidebar-style":"default","ast-global-header-display":"","ast-banner-title-visibility":"","ast-main-header-display":"","ast-hfb-above-header-display":"","ast-hfb-below-header-display":"","ast-hfb-mobile-header-display":"","site-post-title":"disabled","ast-breadcrumbs-content":"","ast-featured-img":"disabled","footer-sml-layout":"","theme-transparent-header-meta":"default","adv-header-id-meta":"","stick-header-meta":"default","header-above-stick-meta":"","header-main-stick-meta":"","header-below-stick-meta":"","astra-migrate-meta-layouts":"set","ast-page-background-enabled":"default","ast-page-background-meta":{"desktop":{"background-color":"","background-image":"","background-repeat":"repeat","background-position":"center center","background-size":"auto","background-attachment":"scroll","background-type":"","background-media":"","overlay-type":"","overlay-color":"","overlay-opacity":"","overlay-gradient":""},"tablet":{"background-color":"","background-image":"","background-repeat":"repeat","background-position":"center center","background-size":"auto","background-attachment":"scroll","background-type":"","background-media":"","overlay-type":"","overlay-color":"","overlay-opacity":"","overlay-gradient":""},"mobile":{"background-color":"","background-image":"","background-repeat":"repeat","background-position":"center center","background-size":"auto","background-attachment":"scroll","background-type":"","background-media":"","overlay-type":"","overlay-color":"","overlay-opacity":"","overlay-gradient":""}},"ast-content-background-meta":{"desktop":{"background-color":"var(--ast-global-color-5)","background-image":"","background-repeat":"repeat","background-position":"center center","background-size":"auto","background-attachment":"scroll","background-type":"","background-media":"","overlay-type":"","overlay-color":"","overlay-opacity":"","overlay-gradient":""},"tablet":{"background-color":"var(--ast-global-color-5)","background-image":"","background-repeat":"repeat","background-position":"center center","background-size":"auto","background-attachment":"scroll","background-type":"","background-media":"","overlay-type":"","overlay-color":"","overlay-opacity":"","overlay-gradient":""},"mobile":{"background-color":"var(--ast-global-color-5)","background-image":"","background-repeat":"repeat","background-position":"center center","background-size":"auto","background-attachment":"scroll","background-type":"","background-media":"","overlay-type":"","overlay-color":"","overlay-opacity":"","overlay-gradient":""}}},"product_brand":[30],"product_cat":[15,81,77,36],"product_tag":[],"class_list":{"0":"post-1826","1":"product","2":"type-product","3":"status-publish","4":"has-post-thumbnail","6":"product_brand-jnr","7":"product_cat-magasin-cigarette-electronique","8":"product_cat-puff-16k","9":"product_cat-entrepot-de-lue","10":"product_cat-jnr-16k","11":"desktop-align-center","12":"tablet-align-center","13":"mobile-align-center","14":"ast-product-gallery-layout-horizontal","15":"ast-product-gallery-with-no-image","16":"ast-product-single-variable","17":"ast-product-tabs-layout-horizontal","18":"ast-qv-on-image","20":"first","21":"instock","22":"sale","23":"shipping-taxable","24":"purchasable","25":"product-type-variable","26":"has-default-attributes"},"tiered_pricing_type":"fixed","tiered_pricing_fixed_rules":{"30":9.88,"60":9.26,"100":8.06,"200":7.38,"500":6.98,"1000":6.8},"tiered_pricing_product_settings":{"layout":"default","base_unit_name":{"singular":null,"plural":null},"default_variation":null},"tiered_pricing_minimum_quantity":null,"tiered_pricing_roles_data":[],"tiered_pricing_percentage_rules":[],"_links":{"self":[{"href":"https:\/\/puffvapestore.com\/it\/wp-json\/wp\/v2\/product\/1826","targetHints":{"allow":["GET"]}}],"collection":[{"href":"https:\/\/puffvapestore.com\/it\/wp-json\/wp\/v2\/product"}],"about":[{"href":"https:\/\/puffvapestore.com\/it\/wp-json\/wp\/v2\/types\/product"}],"replies":[{"embeddable":true,"href":"https:\/\/puffvapestore.com\/it\/wp-json\/wp\/v2\/comments?post=1826"}],"version-history":[{"count":12,"href":"https:\/\/puffvapestore.com\/it\/wp-json\/wp\/v2\/product\/1826\/revisions"}],"predecessor-version":[{"id":9530,"href":"https:\/\/puffvapestore.com\/it\/wp-json\/wp\/v2\/product\/1826\/revisions\/9530"}],"wp:featuredmedia":[{"embeddable":true,"href":"https:\/\/puffvapestore.com\/it\/wp-json\/wp\/v2\/media\/1561"}],"wp:attachment":[{"href":"https:\/\/puffvapestore.com\/it\/wp-json\/wp\/v2\/media?parent=1826"}],"wp:term":[{"taxonomy":"product_brand","embeddable":true,"href":"https:\/\/puffvapestore.com\/it\/wp-json\/wp\/v2\/product_brand?post=1826"},{"taxonomy":"product_cat","embeddable":true,"href":"https:\/\/puffvapestore.com\/it\/wp-json\/wp\/v2\/product_cat?post=1826"},{"taxonomy":"product_tag","embeddable":true,"href":"https:\/\/puffvapestore.com\/it\/wp-json\/wp\/v2\/product_tag?post=1826"}],"curies":[{"name":"wp","href":"https:\/\/api.w.org\/{rel}","templated":true}]}}