{"id":1819,"date":"2025-03-26T01:55:05","date_gmt":"2025-03-26T01:55:05","guid":{"rendered":"https:\/\/puffvapestore.com\/?post_type=product&#038;p=1819"},"modified":"2026-01-19T10:42:25","modified_gmt":"2026-01-19T10:42:25","slug":"jnr-falcon-16000-cherry-berry","status":"publish","type":"product","link":"https:\/\/puffvapestore.com\/it\/product\/jnr-falcon-16000-bacca-di-ciliegia\/","title":{"rendered":"JNR Falcon 16000 Bacca di ciliegia"},"content":{"rendered":"<div data-elementor-type=\"wp-post\" data-elementor-id=\"1819\" class=\"elementor elementor-1819\">\n\t\t\t\t<div class=\"elementor-element elementor-element-824a998 e-flex e-con-boxed e-con e-parent\" data-id=\"824a998\" data-element_type=\"container\" data-e-type=\"container\">\n\t\t\t\t\t<div class=\"e-con-inner\">\n\t\t\t\t<div class=\"elementor-element elementor-element-55fd5fa elementor-widget elementor-widget-text-editor\" data-id=\"55fd5fa\" data-element_type=\"widget\" data-e-type=\"widget\" data-widget_type=\"text-editor.default\">\n\t\t\t\t<div class=\"elementor-widget-container\">\n\t\t\t\t\t\t\t\t\t<h2>JNR Falcon 16000 Bacca di ciliegia<\/h2><p>In Francia, godersi la vita \u00e8 un'arte, e la sigaretta elettronica <strong>JNR Falcon 16000 Bacca di ciliegia<\/strong> \u00e8 l'incarnazione di quest'arte. Non \u00e8 solo una sigaretta elettronica, ma un viaggio nel gusto, un'esperienza fruttata coinvolgente che fa sentire ogni boccata di fumo come una festa di dolci francesi.<\/p><h3>La combinazione perfetta di ciliegie e frutti di bosco fa danzare le papille gustative<\/h3><p>Se l'amore della Francia per la buona cucina potesse essere distillato in un singolo aroma di vape, sarebbe <strong>Bacca di ciliegia<\/strong>. La leggera acidit\u00e0 delle ciliegie e la dolcezza delle bacche si mescolano come un cocktail fruttato preparato con cura, con lo stimolo rinfrescante del primo amore e un persistente retrogusto dolce. Ogni volta che si inala il fumo, \u00e8 una festa per i sensi, che ci fa sentire come se fossimo nei frutteti della Provenza, con il sole e l'aroma della frutta.<\/p>\t\t\t\t\t\t\t\t<\/div>\n\t\t\t\t<\/div>\n\t\t\t\t\t<\/div>\n\t\t\t\t<\/div>\n\t\t<div class=\"elementor-element elementor-element-942ccb0 e-flex e-con-boxed e-con e-parent\" data-id=\"942ccb0\" data-element_type=\"container\" data-e-type=\"container\">\n\t\t\t\t\t<div class=\"e-con-inner\">\n\t\t<div class=\"elementor-element elementor-element-577deeb e-con-full e-flex e-con e-child\" data-id=\"577deeb\" data-element_type=\"container\" data-e-type=\"container\">\n\t\t\t\t<div class=\"elementor-element elementor-element-5d167cf elementor-widget elementor-widget-text-editor\" data-id=\"5d167cf\" data-element_type=\"widget\" data-e-type=\"widget\" data-widget_type=\"text-editor.default\">\n\t\t\t\t<div class=\"elementor-widget-container\">\n\t\t\t\t\t\t\t\t\t<h2>Dettagli di JNR Falcon 16000 Cherry Berry<\/h2><p>Soffi: Fino a 16.000 soffi<br \/>Liquido: 22 ml<br \/>Livelli di nicotina: 0 %, 2 %, 5 %<br \/>Resistenza: 1,0 ohm<br \/>Capacit\u00e0 della batteria: 850 mAh<br \/>Ricarica: Tipo-C<br \/>Flusso d'aria regolabile: S\u00ec<br \/>Display digitale<br \/>Resistenza a doppia maglia e doppia anima<br \/>Dimensioni: 53,5 x 32 x 110 mm<\/p>\t\t\t\t\t\t\t\t<\/div>\n\t\t\t\t<\/div>\n\t\t\t\t<\/div>\n\t\t<div class=\"elementor-element elementor-element-d5e4b56 e-con-full e-flex e-con e-child\" data-id=\"d5e4b56\" data-element_type=\"container\" data-e-type=\"container\">\n\t\t\t\t<div class=\"elementor-element elementor-element-381dfcb elementor-widget elementor-widget-image-gallery\" data-id=\"381dfcb\" data-element_type=\"widget\" data-e-type=\"widget\" data-widget_type=\"image-gallery.default\">\n\t\t\t\t<div class=\"elementor-widget-container\">\n\t\t\t\t\t\t\t<div class=\"elementor-image-gallery\">\n\t\t\t<div id='gallery-1' class='gallery galleryid-1819 gallery-columns-1 gallery-size-medium_large'><figure class='gallery-item'>\n\t\t\t<div class='gallery-icon portrait'>\n\t\t\t\t<img fetchpriority=\"high\" decoding=\"async\" width=\"654\" height=\"690\" src=\"https:\/\/puffvapestore.com\/wp-content\/uploads\/2025\/03\/pvajf16000-15.jpg\" class=\"attachment-medium_large size-medium_large\" alt=\"JNR Falcon 16K Bacca di ciliegia\" aria-describedby=\"gallery-1-1562\" srcset=\"https:\/\/puffvapestore.com\/wp-content\/uploads\/2025\/03\/pvajf16000-15.jpg 654w, https:\/\/puffvapestore.com\/wp-content\/uploads\/2025\/03\/pvajf16000-15-284x300.jpg 284w, https:\/\/puffvapestore.com\/wp-content\/uploads\/2025\/03\/pvajf16000-15-600x633.jpg 600w\" sizes=\"(max-width: 654px) 100vw, 654px\" \/>\n\t\t\t<\/div>\n\t\t\t\t<figcaption class='wp-caption-text gallery-caption' id='gallery-1-1562'>\n\t\t\t\tJNR Falcon 16K Bacca di ciliegia\n\t\t\t\t<\/figcaption><\/figure>\n\t\t<\/div>\n\t\t<\/div>\n\t\t\t\t\t\t<\/div>\n\t\t\t\t<\/div>\n\t\t\t\t<\/div>\n\t\t\t\t\t<\/div>\n\t\t\t\t<\/div>\n\t\t<div class=\"elementor-element elementor-element-7926c6b e-flex e-con-boxed e-con e-parent\" data-id=\"7926c6b\" data-element_type=\"container\" data-e-type=\"container\">\n\t\t\t\t\t<div class=\"e-con-inner\">\n\t\t\t\t<div class=\"elementor-element elementor-element-2b41948 elementor-widget elementor-widget-text-editor\" data-id=\"2b41948\" data-element_type=\"widget\" data-e-type=\"widget\" data-widget_type=\"text-editor.default\">\n\t\t\t\t<div class=\"elementor-widget-container\">\n\t\t\t\t\t\t\t\t\t<h3>16.000 boccate di fumo per accompagnarvi ogni notte a Parigi<\/h3><p>Una sera a Parigi, la brezza soffia lungo la Senna, siete seduti in un caff\u00e8 all'aperto, con amici familiari al vostro fianco e un bicchiere di vino rosso appena versato sul tavolo. In mano tenete un <strong>JNR Falcon 16000 Bacca di ciliegia<\/strong>. Non appena si tira una boccata, l'aroma di ciliegie e frutti di bosco si diffonde in bocca, come a rendere pi\u00f9 romantica la serata. Con una durata di 16.000 boccate, non dovrete preoccuparvi di sostituire il dispositivo, ma solo di immergervi in questo viaggio di sapori francesi.<\/p><h3>Una batteria potente e due porte di ricarica rendono l'attesa un ricordo del passato<\/h3><p>JNR Falcon 16000 Cherry Berry non \u00e8 solo deliziosa, ma anche potente. La batteria ad alta capacit\u00e0 da 850 mAh garantisce un uso prolungato, per cui anche gli appassionati di sigarette elettroniche non hanno bisogno di ricaricare frequentemente. Le doppie porte di ricarica Type-C e Lightning consentono di ricaricare facilmente il MacBook o l'iPhone, dicendo addio alla preoccupazione del \u00abdov'\u00e8 il caricabatterie?\u00bb.\u00bb<\/p><h3>Fumo grande + bobina a doppia maglia, ogni boccata \u00e8 un piacere coinvolgente<\/h3><p>Se vi piace un fumo morbido, la JNR Falcon 16000 Cherry Berry non vi deluder\u00e0 mai. La tecnologia a doppia bobina offre un fumo pi\u00f9 fluido e pieno, e ogni boccata di fumo \u00e8 liscia come un vino morbido. Sia che stiate camminando per strada, che vi stiate godendo la luce del mattino sul balcone o che stiate chiacchierando con gli amici a una festa serale, pu\u00f2 essere una perfetta compagna di viaggio.<\/p><h3>Un simbolo dell'eleganza francese, perfettamente in sintonia con la vita moderna<\/h3><p>I francesi non sono mai scesi a compromessi nella ricerca dell'estetica, e la <strong>JNR Falcon 16000 Bacca di ciliegia<\/strong> non fa eccezione. Un design semplice e raffinato, linee morbide e una consistenza pregiata, perfettamente adatta al vostro stile di vita. Non \u00e8 solo una sigaretta elettronica, \u00e8 un atteggiamento verso la vita: elegante, raffinato e sofisticato.<\/p>\t\t\t\t\t\t\t\t<\/div>\n\t\t\t\t<\/div>\n\t\t\t\t\t<\/div>\n\t\t\t\t<\/div>\n\t\t\t\t<\/div>","protected":false},"excerpt":{"rendered":"<p>JNR Falcon 16000 Cherry Berry En France, profiter de la vie est un art, et la cigarette \u00e9lectronique JNR Falcon 16000 Cherry Berry est l&rsquo;incarnation de cet art. Ce n\u2019est pas seulement une cigarette \u00e9lectronique, mais un voyage gustatif, une exp\u00e9rience fruit\u00e9e immersive qui fait que chaque bouff\u00e9e de fum\u00e9e ressemble \u00e0 un festin de [&hellip;]<\/p>","protected":false},"featured_media":1562,"comment_status":"open","ping_status":"closed","template":"","meta":{"site-sidebar-layout":"no-sidebar","site-content-layout":"page-builder","ast-site-content-layout":"normal-width-container","site-content-style":"default","site-sidebar-style":"default","ast-global-header-display":"","ast-banner-title-visibility":"","ast-main-header-display":"","ast-hfb-above-header-display":"","ast-hfb-below-header-display":"","ast-hfb-mobile-header-display":"","site-post-title":"disabled","ast-breadcrumbs-content":"","ast-featured-img":"disabled","footer-sml-layout":"","theme-transparent-header-meta":"default","adv-header-id-meta":"","stick-header-meta":"default","header-above-stick-meta":"","header-main-stick-meta":"","header-below-stick-meta":"","astra-migrate-meta-layouts":"set","ast-page-background-enabled":"default","ast-page-background-meta":{"desktop":{"background-color":"","background-image":"","background-repeat":"repeat","background-position":"center center","background-size":"auto","background-attachment":"scroll","background-type":"","background-media":"","overlay-type":"","overlay-color":"","overlay-opacity":"","overlay-gradient":""},"tablet":{"background-color":"","background-image":"","background-repeat":"repeat","background-position":"center center","background-size":"auto","background-attachment":"scroll","background-type":"","background-media":"","overlay-type":"","overlay-color":"","overlay-opacity":"","overlay-gradient":""},"mobile":{"background-color":"","background-image":"","background-repeat":"repeat","background-position":"center center","background-size":"auto","background-attachment":"scroll","background-type":"","background-media":"","overlay-type":"","overlay-color":"","overlay-opacity":"","overlay-gradient":""}},"ast-content-background-meta":{"desktop":{"background-color":"var(--ast-global-color-5)","background-image":"","background-repeat":"repeat","background-position":"center center","background-size":"auto","background-attachment":"scroll","background-type":"","background-media":"","overlay-type":"","overlay-color":"","overlay-opacity":"","overlay-gradient":""},"tablet":{"background-color":"var(--ast-global-color-5)","background-image":"","background-repeat":"repeat","background-position":"center center","background-size":"auto","background-attachment":"scroll","background-type":"","background-media":"","overlay-type":"","overlay-color":"","overlay-opacity":"","overlay-gradient":""},"mobile":{"background-color":"var(--ast-global-color-5)","background-image":"","background-repeat":"repeat","background-position":"center center","background-size":"auto","background-attachment":"scroll","background-type":"","background-media":"","overlay-type":"","overlay-color":"","overlay-opacity":"","overlay-gradient":""}}},"product_brand":[30],"product_cat":[15,81,77,36],"product_tag":[],"class_list":{"0":"post-1819","1":"product","2":"type-product","3":"status-publish","4":"has-post-thumbnail","6":"product_brand-jnr","7":"product_cat-magasin-cigarette-electronique","8":"product_cat-puff-16k","9":"product_cat-entrepot-de-lue","10":"product_cat-jnr-16k","11":"desktop-align-center","12":"tablet-align-center","13":"mobile-align-center","14":"ast-product-gallery-layout-horizontal","15":"ast-product-gallery-with-no-image","16":"ast-product-single-variable","17":"ast-product-tabs-layout-horizontal","18":"ast-qv-on-image","20":"first","21":"instock","22":"sale","23":"shipping-taxable","24":"purchasable","25":"product-type-variable","26":"has-default-attributes"},"tiered_pricing_type":"fixed","tiered_pricing_fixed_rules":{"30":9.88,"60":9.26,"100":8.06,"200":7.38,"500":6.98,"1000":6.8},"tiered_pricing_product_settings":{"layout":"default","base_unit_name":{"singular":null,"plural":null},"default_variation":null},"tiered_pricing_minimum_quantity":null,"tiered_pricing_roles_data":[],"tiered_pricing_percentage_rules":[],"_links":{"self":[{"href":"https:\/\/puffvapestore.com\/it\/wp-json\/wp\/v2\/product\/1819","targetHints":{"allow":["GET"]}}],"collection":[{"href":"https:\/\/puffvapestore.com\/it\/wp-json\/wp\/v2\/product"}],"about":[{"href":"https:\/\/puffvapestore.com\/it\/wp-json\/wp\/v2\/types\/product"}],"replies":[{"embeddable":true,"href":"https:\/\/puffvapestore.com\/it\/wp-json\/wp\/v2\/comments?post=1819"}],"version-history":[{"count":12,"href":"https:\/\/puffvapestore.com\/it\/wp-json\/wp\/v2\/product\/1819\/revisions"}],"predecessor-version":[{"id":9528,"href":"https:\/\/puffvapestore.com\/it\/wp-json\/wp\/v2\/product\/1819\/revisions\/9528"}],"wp:featuredmedia":[{"embeddable":true,"href":"https:\/\/puffvapestore.com\/it\/wp-json\/wp\/v2\/media\/1562"}],"wp:attachment":[{"href":"https:\/\/puffvapestore.com\/it\/wp-json\/wp\/v2\/media?parent=1819"}],"wp:term":[{"taxonomy":"product_brand","embeddable":true,"href":"https:\/\/puffvapestore.com\/it\/wp-json\/wp\/v2\/product_brand?post=1819"},{"taxonomy":"product_cat","embeddable":true,"href":"https:\/\/puffvapestore.com\/it\/wp-json\/wp\/v2\/product_cat?post=1819"},{"taxonomy":"product_tag","embeddable":true,"href":"https:\/\/puffvapestore.com\/it\/wp-json\/wp\/v2\/product_tag?post=1819"}],"curies":[{"name":"wp","href":"https:\/\/api.w.org\/{rel}","templated":true}]}}