{"id":1733,"date":"2025-03-24T15:54:06","date_gmt":"2025-03-24T15:54:06","guid":{"rendered":"https:\/\/puffvapestore.com\/?post_type=product&#038;p=1733"},"modified":"2026-01-19T10:42:26","modified_gmt":"2026-01-19T10:42:26","slug":"puff-16k-jnr-falcon-16000-white-peach-razz","status":"publish","type":"product","link":"https:\/\/puffvapestore.com\/it\/product\/puff-16k-jnr-falcon-16000-bianco-pesca-razz\/","title":{"rendered":"Puff 16k JNR Falcon 16000 Bianco Pesca Razz"},"content":{"rendered":"<div data-elementor-type=\"wp-post\" data-elementor-id=\"1733\" class=\"elementor elementor-1733\">\n\t\t\t\t<div class=\"elementor-element elementor-element-824a998 e-flex e-con-boxed e-con e-parent\" data-id=\"824a998\" data-element_type=\"container\" data-e-type=\"container\">\n\t\t\t\t\t<div class=\"e-con-inner\">\n\t\t\t\t<div class=\"elementor-element elementor-element-55fd5fa elementor-widget elementor-widget-text-editor\" data-id=\"55fd5fa\" data-element_type=\"widget\" data-e-type=\"widget\" data-widget_type=\"text-editor.default\">\n\t\t\t\t<div class=\"elementor-widget-container\">\n\t\t\t\t\t\t\t\t\t<h2>Puff 16k JNR Falcon 16000 Bianco Pesca Razz<\/h2><p>Se White Peach Razz fosse una persona, sarebbe un parigino elegante e rilassato, capace di discutere di filosofia con un bicchiere di vino in mano mentre fa un viaggio improvvisato nel Mediterraneo. <strong>Puff 16k JNR Falcon 16000 Bianco Pesca Razz<\/strong> \u00e8 il perfetto connubio tra dolcezza e ricchezza, con la delicatezza della pesca bianca matura intrecciata all'acidit\u00e0 difficilmente ignorabile del lampone.<\/p>\t\t\t\t\t\t\t\t<\/div>\n\t\t\t\t<\/div>\n\t\t\t\t\t<\/div>\n\t\t\t\t<\/div>\n\t\t<div class=\"elementor-element elementor-element-942ccb0 e-flex e-con-boxed e-con e-parent\" data-id=\"942ccb0\" data-element_type=\"container\" data-e-type=\"container\">\n\t\t\t\t\t<div class=\"e-con-inner\">\n\t\t<div class=\"elementor-element elementor-element-577deeb e-con-full e-flex e-con e-child\" data-id=\"577deeb\" data-element_type=\"container\" data-e-type=\"container\">\n\t\t\t\t<div class=\"elementor-element elementor-element-5d167cf elementor-widget elementor-widget-text-editor\" data-id=\"5d167cf\" data-element_type=\"widget\" data-e-type=\"widget\" data-widget_type=\"text-editor.default\">\n\t\t\t\t<div class=\"elementor-widget-container\">\n\t\t\t\t\t\t\t\t\t<h2>Dettagli di JNR Falcon 16000 Bianco Pesca Razz<\/h2><p>Soffi: Fino a 16.000 soffi<br \/>Liquido: 22 ml<br \/>Livelli di nicotina: 0 %, 2 %, 5 %<br \/>Resistenza: 1,0 ohm<br \/>Capacit\u00e0 della batteria: 850 mAh<br \/>Ricarica: Tipo-C<br \/>Flusso d'aria regolabile: S\u00ec<br \/>Display digitale<br \/>Resistenza a doppia maglia e doppia anima<br \/>Dimensioni: 53,5 x 32 x 110 mm<\/p>\t\t\t\t\t\t\t\t<\/div>\n\t\t\t\t<\/div>\n\t\t\t\t<\/div>\n\t\t<div class=\"elementor-element elementor-element-d5e4b56 e-con-full e-flex e-con e-child\" data-id=\"d5e4b56\" data-element_type=\"container\" data-e-type=\"container\">\n\t\t\t\t<div class=\"elementor-element elementor-element-381dfcb elementor-widget elementor-widget-image-gallery\" data-id=\"381dfcb\" data-element_type=\"widget\" data-e-type=\"widget\" data-widget_type=\"image-gallery.default\">\n\t\t\t\t<div class=\"elementor-widget-container\">\n\t\t\t\t\t\t\t<div class=\"elementor-image-gallery\">\n\t\t\t<div id='gallery-1' class='gallery galleryid-1733 gallery-columns-1 gallery-size-medium_large'><figure class='gallery-item'>\n\t\t\t<div class='gallery-icon portrait'>\n\t\t\t\t<img fetchpriority=\"high\" decoding=\"async\" width=\"654\" height=\"690\" src=\"https:\/\/puffvapestore.com\/wp-content\/uploads\/2025\/03\/pvajf16000-20.jpg\" class=\"attachment-medium_large size-medium_large\" alt=\"JNR Falcon 16K Bianco Pesca Razz\" aria-describedby=\"gallery-1-1567\" srcset=\"https:\/\/puffvapestore.com\/wp-content\/uploads\/2025\/03\/pvajf16000-20.jpg 654w, https:\/\/puffvapestore.com\/wp-content\/uploads\/2025\/03\/pvajf16000-20-284x300.jpg 284w, https:\/\/puffvapestore.com\/wp-content\/uploads\/2025\/03\/pvajf16000-20-600x633.jpg 600w\" sizes=\"(max-width: 654px) 100vw, 654px\" \/>\n\t\t\t<\/div>\n\t\t\t\t<figcaption class='wp-caption-text gallery-caption' id='gallery-1-1567'>\n\t\t\t\tJNR Falcon 16K Bianco Pesca Razz\n\t\t\t\t<\/figcaption><\/figure>\n\t\t<\/div>\n\t\t<\/div>\n\t\t\t\t\t\t<\/div>\n\t\t\t\t<\/div>\n\t\t\t\t<\/div>\n\t\t\t\t\t<\/div>\n\t\t\t\t<\/div>\n\t\t<div class=\"elementor-element elementor-element-7926c6b e-flex e-con-boxed e-con e-parent\" data-id=\"7926c6b\" data-element_type=\"container\" data-e-type=\"container\">\n\t\t\t\t\t<div class=\"e-con-inner\">\n\t\t\t\t<div class=\"elementor-element elementor-element-2b41948 elementor-widget elementor-widget-text-editor\" data-id=\"2b41948\" data-element_type=\"widget\" data-e-type=\"widget\" data-widget_type=\"text-editor.default\">\n\t\t\t\t<div class=\"elementor-widget-container\">\n\t\t\t\t\t\t\t\t\t<h3>Un gusto che cattura l'attenzione<\/h3><p>Da un lato, questa pesca bianca vellutata, delicata, quasi nostalgica, evoca le bancarelle assolate dei mercati provenzali e i dolci della domenica fatti in casa. Il lampone, invece, \u00e8 pi\u00f9 audace e risveglia l'insieme con un'esplosione di acidit\u00e0, come un improvviso scoppio di risa durante una cena formale.<\/p><p>Quali sono i risultati? Questo <strong>Sigaretta elettronica Puff 16k JNR Falcon 16000 Bianco Pesca Razz<\/strong> non vi annoier\u00e0 mai, e pu\u00f2 passare da un'atmosfera morbida a una energica in un batter d'occhio, rendendo ogni boccata un momento davvero piacevole.<\/p><h3>Perch\u00e9 i francesi sono cos\u00ec appassionati di Pesca Bianca Raz?<\/h3><p>Perch\u00e9 qui ci piace che il cibo sia gustoso ma non eccessivo. Ci piacciono i contrasti, le combinazioni sottili e i piccoli cambiamenti che fanno la differenza. Il Raz alla pesca bianca \u00e8 come un delizioso dessert di pasticceria: non troppo dolce, non troppo insipido, sempre perfettamente equilibrato.<\/p><p>Questo <strong>Sigaretta elettronica Puff 16k JNR Falcon 16000 Bianco Pesca Razz<\/strong> \u00e8 perfetto per bere il caff\u00e8 in terrazza o per fumare mentre si passeggia sulla spiaggia. Il gusto \u00e8 affascinante e coinvolgente e non vi stancher\u00e0 mai.<\/p><p>In breve, se cercate una sigaretta elettronica di carattere senza essere eccessiva, la Puff 16k JNR Falcon 16000 White Peach Razz \u00e8 quella che fa per voi.<\/p>\t\t\t\t\t\t\t\t<\/div>\n\t\t\t\t<\/div>\n\t\t\t\t\t<\/div>\n\t\t\t\t<\/div>\n\t\t\t\t<\/div>","protected":false},"excerpt":{"rendered":"<p>Puff 16k JNR Falcon 16000 Blanc P\u00eache Razz Si White Peach Razz \u00e9tait une personne, il serait un Parisien \u00e9l\u00e9gant et d\u00e9contract\u00e9, capable de discuter de philosophie avec un verre de vin \u00e0 la main tout en faisant un voyage impromptu en M\u00e9diterran\u00e9e. Puff 16k JNR Falcon 16000 White Peach Razz est le m\u00e9lange parfait [&hellip;]<\/p>\n","protected":false},"featured_media":1567,"comment_status":"open","ping_status":"closed","template":"","meta":{"site-sidebar-layout":"no-sidebar","site-content-layout":"page-builder","ast-site-content-layout":"normal-width-container","site-content-style":"default","site-sidebar-style":"default","ast-global-header-display":"","ast-banner-title-visibility":"","ast-main-header-display":"","ast-hfb-above-header-display":"","ast-hfb-below-header-display":"","ast-hfb-mobile-header-display":"","site-post-title":"disabled","ast-breadcrumbs-content":"","ast-featured-img":"disabled","footer-sml-layout":"","theme-transparent-header-meta":"default","adv-header-id-meta":"","stick-header-meta":"default","header-above-stick-meta":"","header-main-stick-meta":"","header-below-stick-meta":"","astra-migrate-meta-layouts":"set","ast-page-background-enabled":"default","ast-page-background-meta":{"desktop":{"background-color":"","background-image":"","background-repeat":"repeat","background-position":"center center","background-size":"auto","background-attachment":"scroll","background-type":"","background-media":"","overlay-type":"","overlay-color":"","overlay-opacity":"","overlay-gradient":""},"tablet":{"background-color":"","background-image":"","background-repeat":"repeat","background-position":"center center","background-size":"auto","background-attachment":"scroll","background-type":"","background-media":"","overlay-type":"","overlay-color":"","overlay-opacity":"","overlay-gradient":""},"mobile":{"background-color":"","background-image":"","background-repeat":"repeat","background-position":"center center","background-size":"auto","background-attachment":"scroll","background-type":"","background-media":"","overlay-type":"","overlay-color":"","overlay-opacity":"","overlay-gradient":""}},"ast-content-background-meta":{"desktop":{"background-color":"var(--ast-global-color-5)","background-image":"","background-repeat":"repeat","background-position":"center center","background-size":"auto","background-attachment":"scroll","background-type":"","background-media":"","overlay-type":"","overlay-color":"","overlay-opacity":"","overlay-gradient":""},"tablet":{"background-color":"var(--ast-global-color-5)","background-image":"","background-repeat":"repeat","background-position":"center center","background-size":"auto","background-attachment":"scroll","background-type":"","background-media":"","overlay-type":"","overlay-color":"","overlay-opacity":"","overlay-gradient":""},"mobile":{"background-color":"var(--ast-global-color-5)","background-image":"","background-repeat":"repeat","background-position":"center center","background-size":"auto","background-attachment":"scroll","background-type":"","background-media":"","overlay-type":"","overlay-color":"","overlay-opacity":"","overlay-gradient":""}}},"product_brand":[30],"product_cat":[36,81,77,34,32,15],"product_tag":[],"class_list":{"0":"post-1733","1":"product","2":"type-product","3":"status-publish","4":"has-post-thumbnail","6":"product_brand-jnr","7":"product_cat-jnr-16k","8":"product_cat-puff-16k","9":"product_cat-entrepot-de-lue","10":"product_cat-puff-jnr","11":"product_cat-puff-jnr-16k","12":"product_cat-magasin-cigarette-electronique","13":"desktop-align-center","14":"tablet-align-center","15":"mobile-align-center","16":"ast-product-gallery-layout-horizontal","17":"ast-product-gallery-with-no-image","18":"ast-product-single-variable","19":"ast-product-tabs-layout-horizontal","20":"ast-qv-on-image","22":"first","23":"instock","24":"sale","25":"shipping-taxable","26":"purchasable","27":"product-type-variable","28":"has-default-attributes"},"tiered_pricing_type":"fixed","tiered_pricing_fixed_rules":{"30":9.88,"60":9.26,"100":8.06,"200":7.38,"500":6.98,"1000":6.8},"tiered_pricing_product_settings":{"layout":"default","base_unit_name":{"singular":null,"plural":null},"default_variation":null},"tiered_pricing_minimum_quantity":null,"tiered_pricing_roles_data":[],"tiered_pricing_percentage_rules":[],"_links":{"self":[{"href":"https:\/\/puffvapestore.com\/it\/wp-json\/wp\/v2\/product\/1733","targetHints":{"allow":["GET"]}}],"collection":[{"href":"https:\/\/puffvapestore.com\/it\/wp-json\/wp\/v2\/product"}],"about":[{"href":"https:\/\/puffvapestore.com\/it\/wp-json\/wp\/v2\/types\/product"}],"replies":[{"embeddable":true,"href":"https:\/\/puffvapestore.com\/it\/wp-json\/wp\/v2\/comments?post=1733"}],"version-history":[{"count":10,"href":"https:\/\/puffvapestore.com\/it\/wp-json\/wp\/v2\/product\/1733\/revisions"}],"predecessor-version":[{"id":10285,"href":"https:\/\/puffvapestore.com\/it\/wp-json\/wp\/v2\/product\/1733\/revisions\/10285"}],"wp:featuredmedia":[{"embeddable":true,"href":"https:\/\/puffvapestore.com\/it\/wp-json\/wp\/v2\/media\/1567"}],"wp:attachment":[{"href":"https:\/\/puffvapestore.com\/it\/wp-json\/wp\/v2\/media?parent=1733"}],"wp:term":[{"taxonomy":"product_brand","embeddable":true,"href":"https:\/\/puffvapestore.com\/it\/wp-json\/wp\/v2\/product_brand?post=1733"},{"taxonomy":"product_cat","embeddable":true,"href":"https:\/\/puffvapestore.com\/it\/wp-json\/wp\/v2\/product_cat?post=1733"},{"taxonomy":"product_tag","embeddable":true,"href":"https:\/\/puffvapestore.com\/it\/wp-json\/wp\/v2\/product_tag?post=1733"}],"curies":[{"name":"wp","href":"https:\/\/api.w.org\/{rel}","templated":true}]}}