{"id":1710,"date":"2025-03-23T15:28:03","date_gmt":"2025-03-23T15:28:03","guid":{"rendered":"https:\/\/puffvapestore.com\/?post_type=product&#038;p=1710"},"modified":"2026-01-19T10:42:26","modified_gmt":"2026-01-19T10:42:26","slug":"vape-jnr-falcon-16000-strawberry-kiwi","status":"publish","type":"product","link":"https:\/\/puffvapestore.com\/it\/product\/vape-jnr-falcon-16000-fragola-kiwi\/","title":{"rendered":"Vape JNR Falcon 16000 Fragola Kiwi"},"content":{"rendered":"<div data-elementor-type=\"wp-post\" data-elementor-id=\"1710\" class=\"elementor elementor-1710\">\n\t\t\t\t<div class=\"elementor-element elementor-element-824a998 e-flex e-con-boxed e-con e-parent\" data-id=\"824a998\" data-element_type=\"container\" data-e-type=\"container\">\n\t\t\t\t\t<div class=\"e-con-inner\">\n\t\t\t\t<div class=\"elementor-element elementor-element-55fd5fa elementor-widget elementor-widget-text-editor\" data-id=\"55fd5fa\" data-element_type=\"widget\" data-e-type=\"widget\" data-widget_type=\"text-editor.default\">\n\t\t\t\t<div class=\"elementor-widget-container\">\n\t\t\t\t\t\t\t\t\t<h2>Vape JNR Falcon 16000 Kiwi Fragola<\/h2><p>Se esiste una guida Michelin per l'industria della sigaretta elettronica, allora la <strong>JNR Falcon 16000 Fragola Kiwi<\/strong> \u00e8 sicuramente un'esistenza a tre stelle. Dopotutto, i francesi sono famosi per i loro standard elevati in fatto di sapori. Tutto ci\u00f2 che mettono in bocca deve essere gustoso!<\/p><p>Avete mai provato a mordere una fragola fresca e un kiwi leggermente acido? Prima la dolcezza della fragola \u00e8 come una canzone francese, morbida e delicata, poi la leggera acidit\u00e0 del kiwi aggiunge un tocco di leggerezza, come se si incontrasse un'esibizione improvvisata per le strade di Montmartre: questo \u00e8 il fascino del Kiwi alla fragola, dolce ma non untuoso, e con la giusta dose di acidit\u00e0, come un cocktail estivo perfettamente miscelato.<\/p>\t\t\t\t\t\t\t\t<\/div>\n\t\t\t\t<\/div>\n\t\t\t\t\t<\/div>\n\t\t\t\t<\/div>\n\t\t<div class=\"elementor-element elementor-element-942ccb0 e-flex e-con-boxed e-con e-parent\" data-id=\"942ccb0\" data-element_type=\"container\" data-e-type=\"container\">\n\t\t\t\t\t<div class=\"e-con-inner\">\n\t\t<div class=\"elementor-element elementor-element-577deeb e-con-full e-flex e-con e-child\" data-id=\"577deeb\" data-element_type=\"container\" data-e-type=\"container\">\n\t\t\t\t<div class=\"elementor-element elementor-element-5d167cf elementor-widget elementor-widget-text-editor\" data-id=\"5d167cf\" data-element_type=\"widget\" data-e-type=\"widget\" data-widget_type=\"text-editor.default\">\n\t\t\t\t<div class=\"elementor-widget-container\">\n\t\t\t\t\t\t\t\t\t<h2>Dettagli di JNR Falcon 16000 Fragola Kiwi<\/h2><p>Soffi: Fino a 16.000 soffi<br \/>Liquido: 22 ml<br \/>Livelli di nicotina: 0 %, 2 %, 5 %<br \/>Resistenza: 1,0 ohm<br \/>Capacit\u00e0 della batteria: 850 mAh<br \/>Ricarica: Tipo-C<br \/>Flusso d'aria regolabile: S\u00ec<br \/>Display digitale<br \/>Resistenza a doppia maglia e doppia anima<br \/>Dimensioni: 53,5 x 32 x 110 mm<\/p>\t\t\t\t\t\t\t\t<\/div>\n\t\t\t\t<\/div>\n\t\t\t\t<\/div>\n\t\t<div class=\"elementor-element elementor-element-d5e4b56 e-con-full e-flex e-con e-child\" data-id=\"d5e4b56\" data-element_type=\"container\" data-e-type=\"container\">\n\t\t\t\t<div class=\"elementor-element elementor-element-381dfcb elementor-widget elementor-widget-image-gallery\" data-id=\"381dfcb\" data-element_type=\"widget\" data-e-type=\"widget\" data-widget_type=\"image-gallery.default\">\n\t\t\t\t<div class=\"elementor-widget-container\">\n\t\t\t\t\t\t\t<div class=\"elementor-image-gallery\">\n\t\t\t<div id='gallery-1' class='gallery galleryid-1710 gallery-columns-1 gallery-size-medium_large'><figure class='gallery-item'>\n\t\t\t<div class='gallery-icon portrait'>\n\t\t\t\t<img fetchpriority=\"high\" decoding=\"async\" width=\"654\" height=\"690\" src=\"https:\/\/puffvapestore.com\/wp-content\/uploads\/2025\/03\/pvajf16000-22.jpg\" class=\"attachment-medium_large size-medium_large\" alt=\"JNR Falcon 16K Fragola Kiwi\" aria-describedby=\"gallery-1-1569\" srcset=\"https:\/\/puffvapestore.com\/wp-content\/uploads\/2025\/03\/pvajf16000-22.jpg 654w, https:\/\/puffvapestore.com\/wp-content\/uploads\/2025\/03\/pvajf16000-22-284x300.jpg 284w, https:\/\/puffvapestore.com\/wp-content\/uploads\/2025\/03\/pvajf16000-22-600x633.jpg 600w\" sizes=\"(max-width: 654px) 100vw, 654px\" \/>\n\t\t\t<\/div>\n\t\t\t\t<figcaption class='wp-caption-text gallery-caption' id='gallery-1-1569'>\n\t\t\t\tJNR Falcon 16K Fragola Kiwi\n\t\t\t\t<\/figcaption><\/figure>\n\t\t<\/div>\n\t\t<\/div>\n\t\t\t\t\t\t<\/div>\n\t\t\t\t<\/div>\n\t\t\t\t<\/div>\n\t\t\t\t\t<\/div>\n\t\t\t\t<\/div>\n\t\t<div class=\"elementor-element elementor-element-7926c6b e-flex e-con-boxed e-con e-parent\" data-id=\"7926c6b\" data-element_type=\"container\" data-e-type=\"container\">\n\t\t\t\t\t<div class=\"e-con-inner\">\n\t\t\t\t<div class=\"elementor-element elementor-element-2b41948 elementor-widget elementor-widget-text-editor\" data-id=\"2b41948\" data-element_type=\"widget\" data-e-type=\"widget\" data-widget_type=\"text-editor.default\">\n\t\t\t\t<div class=\"elementor-widget-container\">\n\t\t\t\t\t\t\t\t\t<h3>Il gusto \u00e8 una cosa, l'esperienza \u00e8 un'altra<\/h3><p>Naturalmente, i francesi non prestano attenzione solo al gusto, ma anche all'esperienza. La JNR Falcon 16000 non \u00e8 solo una sigaretta elettronica veloce e rapida. Con una grande capacit\u00e0 di 22 ml di e-liquid e una batteria ricaricabile da 850 mAh, vi offre il piacere duraturo di 16.000 boccate!<\/p><p>Inoltre, la sua bobina a doppia maglia rende il fumo pi\u00f9 ricco e il sapore pi\u00f9 puro, e ogni boccata di fumo sembra un succo appena spremuto invece di uno sciroppo di frutta a buon mercato. E soprattutto, il suo flusso d'aria \u00e8 regolabile. Sia che preferiate un potente colpo in gola o un gusto morbido e cremoso, potete regolarlo a vostro piacimento, proprio come un espresso perfetto.<\/p><h3>Non \u00e8 solo una sigaretta elettronica, \u00e8 l'incarnazione dello stile di vita francese.<\/h3><p>In Francia, la sigaretta elettronica non \u00e8 solo un'abitudine, ma un atteggiamento, una ricerca di libert\u00e0, sapore ed eleganza.<strong> JNR Falcon 16000 Fragola Kiwi<\/strong> non \u00e8 solo una sigaretta elettronica, \u00e8 un pomeriggio tranquillo all'angolo di una strada di Parigi, una degustazione alticcia in un vigneto del Sud della Francia e una storia che vale la pena di assaporare.<\/p><p>Quindi, se non volete solo una \u00abboccata di fumo\u00bb, ma un vero e proprio viaggio nel gusto, allora questo Kiwi alla fragola vale sicuramente la pena di provarlo!<\/p>\t\t\t\t\t\t\t\t<\/div>\n\t\t\t\t<\/div>\n\t\t\t\t\t<\/div>\n\t\t\t\t<\/div>\n\t\t\t\t<\/div>","protected":false},"excerpt":{"rendered":"<p>Vape JNR Falcon 16000 Fraise Kiwi S&rsquo;il existe un guide Michelin dans l&rsquo;industrie de la cigarette \u00e9lectronique, alors le JNR Falcon 16000 Strawberry Kiwi est d\u00e9finitivement une existence de niveau trois \u00e9toiles. Apr\u00e8s tout, les Fran\u00e7ais sont r\u00e9put\u00e9s pour leur exigence en mati\u00e8re de saveurs. Tout ce qu&rsquo;ils mettent dans leur bouche doit \u00eatre savoureux\u00a0! [&hellip;]<\/p>","protected":false},"featured_media":1569,"comment_status":"open","ping_status":"closed","template":"","meta":{"site-sidebar-layout":"no-sidebar","site-content-layout":"page-builder","ast-site-content-layout":"normal-width-container","site-content-style":"default","site-sidebar-style":"default","ast-global-header-display":"","ast-banner-title-visibility":"","ast-main-header-display":"","ast-hfb-above-header-display":"","ast-hfb-below-header-display":"","ast-hfb-mobile-header-display":"","site-post-title":"disabled","ast-breadcrumbs-content":"","ast-featured-img":"disabled","footer-sml-layout":"","theme-transparent-header-meta":"default","adv-header-id-meta":"","stick-header-meta":"default","header-above-stick-meta":"","header-main-stick-meta":"","header-below-stick-meta":"","astra-migrate-meta-layouts":"set","ast-page-background-enabled":"default","ast-page-background-meta":{"desktop":{"background-color":"","background-image":"","background-repeat":"repeat","background-position":"center center","background-size":"auto","background-attachment":"scroll","background-type":"","background-media":"","overlay-type":"","overlay-color":"","overlay-opacity":"","overlay-gradient":""},"tablet":{"background-color":"","background-image":"","background-repeat":"repeat","background-position":"center center","background-size":"auto","background-attachment":"scroll","background-type":"","background-media":"","overlay-type":"","overlay-color":"","overlay-opacity":"","overlay-gradient":""},"mobile":{"background-color":"","background-image":"","background-repeat":"repeat","background-position":"center center","background-size":"auto","background-attachment":"scroll","background-type":"","background-media":"","overlay-type":"","overlay-color":"","overlay-opacity":"","overlay-gradient":""}},"ast-content-background-meta":{"desktop":{"background-color":"var(--ast-global-color-5)","background-image":"","background-repeat":"repeat","background-position":"center center","background-size":"auto","background-attachment":"scroll","background-type":"","background-media":"","overlay-type":"","overlay-color":"","overlay-opacity":"","overlay-gradient":""},"tablet":{"background-color":"var(--ast-global-color-5)","background-image":"","background-repeat":"repeat","background-position":"center center","background-size":"auto","background-attachment":"scroll","background-type":"","background-media":"","overlay-type":"","overlay-color":"","overlay-opacity":"","overlay-gradient":""},"mobile":{"background-color":"var(--ast-global-color-5)","background-image":"","background-repeat":"repeat","background-position":"center center","background-size":"auto","background-attachment":"scroll","background-type":"","background-media":"","overlay-type":"","overlay-color":"","overlay-opacity":"","overlay-gradient":""}}},"product_brand":[30],"product_cat":[36,81,77,34,31,32,15],"product_tag":[],"class_list":{"0":"post-1710","1":"product","2":"type-product","3":"status-publish","4":"has-post-thumbnail","6":"product_brand-jnr","7":"product_cat-jnr-16k","8":"product_cat-puff-16k","9":"product_cat-entrepot-de-lue","10":"product_cat-puff-jnr","11":"product_cat-jnr-falcon","12":"product_cat-puff-jnr-16k","13":"product_cat-magasin-cigarette-electronique","14":"desktop-align-center","15":"tablet-align-center","16":"mobile-align-center","17":"ast-product-gallery-layout-horizontal","18":"ast-product-gallery-with-no-image","19":"ast-product-single-variable","20":"ast-product-tabs-layout-horizontal","21":"ast-qv-on-image","23":"first","24":"instock","25":"sale","26":"shipping-taxable","27":"purchasable","28":"product-type-variable","29":"has-default-attributes"},"tiered_pricing_type":"fixed","tiered_pricing_fixed_rules":{"30":9.88,"60":9.26,"100":8.06,"200":7.38,"500":6.98,"1000":6.8},"tiered_pricing_product_settings":{"layout":"default","base_unit_name":{"singular":null,"plural":null},"default_variation":null},"tiered_pricing_minimum_quantity":null,"tiered_pricing_roles_data":[],"tiered_pricing_percentage_rules":[],"_links":{"self":[{"href":"https:\/\/puffvapestore.com\/it\/wp-json\/wp\/v2\/product\/1710","targetHints":{"allow":["GET"]}}],"collection":[{"href":"https:\/\/puffvapestore.com\/it\/wp-json\/wp\/v2\/product"}],"about":[{"href":"https:\/\/puffvapestore.com\/it\/wp-json\/wp\/v2\/types\/product"}],"replies":[{"embeddable":true,"href":"https:\/\/puffvapestore.com\/it\/wp-json\/wp\/v2\/comments?post=1710"}],"version-history":[{"count":10,"href":"https:\/\/puffvapestore.com\/it\/wp-json\/wp\/v2\/product\/1710\/revisions"}],"predecessor-version":[{"id":10286,"href":"https:\/\/puffvapestore.com\/it\/wp-json\/wp\/v2\/product\/1710\/revisions\/10286"}],"wp:featuredmedia":[{"embeddable":true,"href":"https:\/\/puffvapestore.com\/it\/wp-json\/wp\/v2\/media\/1569"}],"wp:attachment":[{"href":"https:\/\/puffvapestore.com\/it\/wp-json\/wp\/v2\/media?parent=1710"}],"wp:term":[{"taxonomy":"product_brand","embeddable":true,"href":"https:\/\/puffvapestore.com\/it\/wp-json\/wp\/v2\/product_brand?post=1710"},{"taxonomy":"product_cat","embeddable":true,"href":"https:\/\/puffvapestore.com\/it\/wp-json\/wp\/v2\/product_cat?post=1710"},{"taxonomy":"product_tag","embeddable":true,"href":"https:\/\/puffvapestore.com\/it\/wp-json\/wp\/v2\/product_tag?post=1710"}],"curies":[{"name":"wp","href":"https:\/\/api.w.org\/{rel}","templated":true}]}}