{"id":1704,"date":"2025-03-23T13:20:38","date_gmt":"2025-03-23T13:20:38","guid":{"rendered":"https:\/\/puffvapestore.com\/?post_type=product&#038;p=1704"},"modified":"2026-01-19T10:42:26","modified_gmt":"2026-01-19T10:42:26","slug":"puff-jnr-falcon-16000-sakura-grape","status":"publish","type":"product","link":"https:\/\/puffvapestore.com\/it\/product\/soffio-jnr-falcon-16000-uva-sakura\/","title":{"rendered":"Puff JNR Falcon 16000 Uva Sakura"},"content":{"rendered":"<div data-elementor-type=\"wp-post\" data-elementor-id=\"1704\" class=\"elementor elementor-1704\">\n\t\t\t\t<div class=\"elementor-element elementor-element-824a998 e-flex e-con-boxed e-con e-parent\" data-id=\"824a998\" data-element_type=\"container\" data-e-type=\"container\">\n\t\t\t\t\t<div class=\"e-con-inner\">\n\t\t\t\t<div class=\"elementor-element elementor-element-55fd5fa elementor-widget elementor-widget-text-editor\" data-id=\"55fd5fa\" data-element_type=\"widget\" data-e-type=\"widget\" data-widget_type=\"text-editor.default\">\n\t\t\t\t<div class=\"elementor-widget-container\">\n\t\t\t\t\t\t\t\t\t<h2>Puff JNR Falcon 16000 Uva Sakura<\/h2><p>Se la primavera ha un odore, probabilmente \u00e8 quello della <strong>Uva Sakura<\/strong> - il fresco profumo dei fiori di ciliegio, mescolato alla dolcezza dell'uva matura, come un pomeriggio a Parigi, con un vino rosso Bordeaux appena riempito in mano e i fiori di ciliegio accanto a voi che cadono nel vento. Questa non \u00e8 una sigaretta elettronica qualunque, \u00e8 un viaggio nel gusto, dal viale dei fiori di ciliegio in Giappone ai vigneti della Francia.<\/p>\t\t\t\t\t\t\t\t<\/div>\n\t\t\t\t<\/div>\n\t\t\t\t\t<\/div>\n\t\t\t\t<\/div>\n\t\t<div class=\"elementor-element elementor-element-942ccb0 e-flex e-con-boxed e-con e-parent\" data-id=\"942ccb0\" data-element_type=\"container\" data-e-type=\"container\">\n\t\t\t\t\t<div class=\"e-con-inner\">\n\t\t<div class=\"elementor-element elementor-element-577deeb e-con-full e-flex e-con e-child\" data-id=\"577deeb\" data-element_type=\"container\" data-e-type=\"container\">\n\t\t\t\t<div class=\"elementor-element elementor-element-5d167cf elementor-widget elementor-widget-text-editor\" data-id=\"5d167cf\" data-element_type=\"widget\" data-e-type=\"widget\" data-widget_type=\"text-editor.default\">\n\t\t\t\t<div class=\"elementor-widget-container\">\n\t\t\t\t\t\t\t\t\t<h2>Dettagli di JNR Falcon 16000 Sakura Grape<\/h2><p>Soffi: Fino a 16.000 soffi<br \/>Liquido: 22 ml<br \/>Livelli di nicotina: 0 %, 2 %, 5 %<br \/>Resistenza: 1,0 ohm<br \/>Capacit\u00e0 della batteria: 850 mAh<br \/>Ricarica: Tipo-C<br \/>Flusso d'aria regolabile: S\u00ec<br \/>Display digitale<br \/>Resistenza a doppia maglia e doppia anima<br \/>Dimensioni: 53,5 x 32 x 110 mm<\/p>\t\t\t\t\t\t\t\t<\/div>\n\t\t\t\t<\/div>\n\t\t\t\t<\/div>\n\t\t<div class=\"elementor-element elementor-element-d5e4b56 e-con-full e-flex e-con e-child\" data-id=\"d5e4b56\" data-element_type=\"container\" data-e-type=\"container\">\n\t\t\t\t<div class=\"elementor-element elementor-element-381dfcb elementor-widget elementor-widget-image-gallery\" data-id=\"381dfcb\" data-element_type=\"widget\" data-e-type=\"widget\" data-widget_type=\"image-gallery.default\">\n\t\t\t\t<div class=\"elementor-widget-container\">\n\t\t\t\t\t\t\t<div class=\"elementor-image-gallery\">\n\t\t\t<div id='gallery-1' class='gallery galleryid-1704 gallery-columns-1 gallery-size-medium_large'><figure class='gallery-item'>\n\t\t\t<div class='gallery-icon portrait'>\n\t\t\t\t<img fetchpriority=\"high\" decoding=\"async\" width=\"654\" height=\"690\" src=\"https:\/\/puffvapestore.com\/wp-content\/uploads\/2025\/03\/pvajf16000-30.jpg\" class=\"attachment-medium_large size-medium_large\" alt=\"JNR Falcon 16K Uva Sakura\" aria-describedby=\"gallery-1-1577\" srcset=\"https:\/\/puffvapestore.com\/wp-content\/uploads\/2025\/03\/pvajf16000-30.jpg 654w, https:\/\/puffvapestore.com\/wp-content\/uploads\/2025\/03\/pvajf16000-30-284x300.jpg 284w, https:\/\/puffvapestore.com\/wp-content\/uploads\/2025\/03\/pvajf16000-30-600x633.jpg 600w\" sizes=\"(max-width: 654px) 100vw, 654px\" \/>\n\t\t\t<\/div>\n\t\t\t\t<figcaption class='wp-caption-text gallery-caption' id='gallery-1-1577'>\n\t\t\t\tJNR Falcon 16K Uva Sakura\n\t\t\t\t<\/figcaption><\/figure>\n\t\t<\/div>\n\t\t<\/div>\n\t\t\t\t\t\t<\/div>\n\t\t\t\t<\/div>\n\t\t\t\t<\/div>\n\t\t\t\t\t<\/div>\n\t\t\t\t<\/div>\n\t\t<div class=\"elementor-element elementor-element-7926c6b e-flex e-con-boxed e-con e-parent\" data-id=\"7926c6b\" data-element_type=\"container\" data-e-type=\"container\">\n\t\t\t\t\t<div class=\"e-con-inner\">\n\t\t\t\t<div class=\"elementor-element elementor-element-2b41948 elementor-widget elementor-widget-text-editor\" data-id=\"2b41948\" data-element_type=\"widget\" data-e-type=\"widget\" data-widget_type=\"text-editor.default\">\n\t\t\t\t<div class=\"elementor-widget-container\">\n\t\t\t\t\t\t\t\t\t<h3>Puff JNR Falcon 16000 Sakura Grape \u00e8 delicata e audace<\/h3><p>Sakura Grape non \u00e8 solo una sigaretta elettronica dal gusto fruttato, il suo sapore \u00e8 ricco di strati. Fin dalla prima boccata della sigaretta, si percepisce l'elegante aroma dei fiori di ciliegio, come i fiori appena sbocciati nelle prime ore di primavera, morbidi e delicati. Poi emerge lentamente la dolcezza dell'uva, non il gusto untuoso dei dolciumi a buon mercato, ma come il vino rosso di Bordeaux, con il giusto aroma fruttato e una leggera acidit\u00e0, che fa venire voglia di tirare un'altra boccata di sigaretta.<\/p><p>Questo sapore \u00e8 come l'umorismo francese, elegante e sobrio in superficie, ma pieno di personalit\u00e0 e profondit\u00e0. Non bombarda le papille gustative con un'eccessiva dolcezza, ma \u00e8 pi\u00f9 simile a una danza accuratamente coreografata, in cui ogni passo \u00e8 preciso e ogni respiro lascia una sensazione persistente sul palato.<\/p><h3>16.000 boccate di sigarette durano pi\u00f9 di una cena francese<\/h3><p>La <strong>JNR Falcon 16000<\/strong> non \u00e8 il tipo di sigaretta elettronica che si pu\u00f2 fumare per due giorni senza consumarsi. La sua grande capacit\u00e0 di 22 ml e la batteria ricaricabile da 850 mAh offrono un'esperienza straordinaria di 16.000 boccate. In altre parole, pu\u00f2 accompagnarvi in innumerevoli chiacchierate sulla Senna, in qualche dibattito filosofico di mezzanotte e persino sostenervi per un'intera stagione della vostra serie francese preferita.<\/p><p>Inoltre, non solo ha una lunga durata della batteria, ma \u00e8 anche dotato di <strong>Doppia ricarica Type-C e Lightning<\/strong>, Questo lo rende compatibile con quasi tutti i dispositivi di ricarica. In altre parole, il vostro telefono cellulare e la vostra sigaretta elettronica possono condividere un unico cavo di ricarica, minimalista ed efficiente, totalmente in linea con la filosofia di vita parigina: moda e praticit\u00e0 coesistono.<\/p><h3>Non \u00e8 solo una questione di sigarette elettroniche, ma di atteggiamento<\/h3><p>Naturalmente, oltre al sapore e alla durata della batteria, anche il suo design merita una menzione. La sua finitura in cristallo le conferisce un aspetto moderno e si sente come un'opera d'arte in mano. Posto su un tavolino o nel taschino del vestito, emana un'eleganza disinvolta.<\/p><p>Per non parlare della tecnologia dual-mesh coil, che assicura che ogni inalazione di fumo sia liscia e uniforme, con un fumo denso e un gusto delicato. Insieme al sistema di flusso d'aria regolabile, sia che vi piaccia un'aspirazione liscia e lunga o un colpo in gola pi\u00f9 diretto, \u00e8 in grado di soddisfare con precisione le vostre esigenze.<\/p>\t\t\t\t\t\t\t\t<\/div>\n\t\t\t\t<\/div>\n\t\t\t\t\t<\/div>\n\t\t\t\t<\/div>\n\t\t\t\t<\/div>","protected":false},"excerpt":{"rendered":"<p>Puff JNR Falcon 16000 Sakura Grape Si le printemps a une odeur, c&rsquo;est probablement l&rsquo;odeur du raisin Sakura &#8211; le parfum frais des fleurs de cerisier, m\u00eal\u00e9 \u00e0 la douceur des raisins m\u00fbrs, comme un apr\u00e8s-midi \u00e0 Paris, tenant un vin rouge de Bordeaux fra\u00eechement rempli dans votre main, et les fleurs de cerisier \u00e0 [&hellip;]<\/p>\n","protected":false},"featured_media":1577,"comment_status":"open","ping_status":"closed","template":"","meta":{"site-sidebar-layout":"no-sidebar","site-content-layout":"page-builder","ast-site-content-layout":"normal-width-container","site-content-style":"default","site-sidebar-style":"default","ast-global-header-display":"","ast-banner-title-visibility":"","ast-main-header-display":"","ast-hfb-above-header-display":"","ast-hfb-below-header-display":"","ast-hfb-mobile-header-display":"","site-post-title":"disabled","ast-breadcrumbs-content":"","ast-featured-img":"disabled","footer-sml-layout":"","theme-transparent-header-meta":"default","adv-header-id-meta":"","stick-header-meta":"default","header-above-stick-meta":"","header-main-stick-meta":"","header-below-stick-meta":"","astra-migrate-meta-layouts":"set","ast-page-background-enabled":"default","ast-page-background-meta":{"desktop":{"background-color":"","background-image":"","background-repeat":"repeat","background-position":"center center","background-size":"auto","background-attachment":"scroll","background-type":"","background-media":"","overlay-type":"","overlay-color":"","overlay-opacity":"","overlay-gradient":""},"tablet":{"background-color":"","background-image":"","background-repeat":"repeat","background-position":"center center","background-size":"auto","background-attachment":"scroll","background-type":"","background-media":"","overlay-type":"","overlay-color":"","overlay-opacity":"","overlay-gradient":""},"mobile":{"background-color":"","background-image":"","background-repeat":"repeat","background-position":"center center","background-size":"auto","background-attachment":"scroll","background-type":"","background-media":"","overlay-type":"","overlay-color":"","overlay-opacity":"","overlay-gradient":""}},"ast-content-background-meta":{"desktop":{"background-color":"var(--ast-global-color-5)","background-image":"","background-repeat":"repeat","background-position":"center center","background-size":"auto","background-attachment":"scroll","background-type":"","background-media":"","overlay-type":"","overlay-color":"","overlay-opacity":"","overlay-gradient":""},"tablet":{"background-color":"var(--ast-global-color-5)","background-image":"","background-repeat":"repeat","background-position":"center center","background-size":"auto","background-attachment":"scroll","background-type":"","background-media":"","overlay-type":"","overlay-color":"","overlay-opacity":"","overlay-gradient":""},"mobile":{"background-color":"var(--ast-global-color-5)","background-image":"","background-repeat":"repeat","background-position":"center center","background-size":"auto","background-attachment":"scroll","background-type":"","background-media":"","overlay-type":"","overlay-color":"","overlay-opacity":"","overlay-gradient":""}}},"product_brand":[30],"product_cat":[15,81,77,34,35,36,31],"product_tag":[],"class_list":{"0":"post-1704","1":"product","2":"type-product","3":"status-publish","4":"has-post-thumbnail","6":"product_brand-jnr","7":"product_cat-magasin-cigarette-electronique","8":"product_cat-puff-16k","9":"product_cat-entrepot-de-lue","10":"product_cat-puff-jnr","11":"product_cat-jnr-vape","12":"product_cat-jnr-16k","13":"product_cat-jnr-falcon","14":"desktop-align-center","15":"tablet-align-center","16":"mobile-align-center","17":"ast-product-gallery-layout-horizontal","18":"ast-product-gallery-with-no-image","19":"ast-product-single-variable","20":"ast-product-tabs-layout-horizontal","21":"ast-qv-on-image","23":"first","24":"instock","25":"sale","26":"shipping-taxable","27":"purchasable","28":"product-type-variable","29":"has-default-attributes"},"tiered_pricing_type":"fixed","tiered_pricing_fixed_rules":{"30":9.88,"60":9.26,"100":8.06,"200":7.38,"500":6.98,"1000":6.8},"tiered_pricing_product_settings":{"layout":"default","base_unit_name":{"singular":null,"plural":null},"default_variation":null},"tiered_pricing_minimum_quantity":null,"tiered_pricing_roles_data":[],"tiered_pricing_percentage_rules":[],"_links":{"self":[{"href":"https:\/\/puffvapestore.com\/it\/wp-json\/wp\/v2\/product\/1704","targetHints":{"allow":["GET"]}}],"collection":[{"href":"https:\/\/puffvapestore.com\/it\/wp-json\/wp\/v2\/product"}],"about":[{"href":"https:\/\/puffvapestore.com\/it\/wp-json\/wp\/v2\/types\/product"}],"replies":[{"embeddable":true,"href":"https:\/\/puffvapestore.com\/it\/wp-json\/wp\/v2\/comments?post=1704"}],"version-history":[{"count":14,"href":"https:\/\/puffvapestore.com\/it\/wp-json\/wp\/v2\/product\/1704\/revisions"}],"predecessor-version":[{"id":9522,"href":"https:\/\/puffvapestore.com\/it\/wp-json\/wp\/v2\/product\/1704\/revisions\/9522"}],"wp:featuredmedia":[{"embeddable":true,"href":"https:\/\/puffvapestore.com\/it\/wp-json\/wp\/v2\/media\/1577"}],"wp:attachment":[{"href":"https:\/\/puffvapestore.com\/it\/wp-json\/wp\/v2\/media?parent=1704"}],"wp:term":[{"taxonomy":"product_brand","embeddable":true,"href":"https:\/\/puffvapestore.com\/it\/wp-json\/wp\/v2\/product_brand?post=1704"},{"taxonomy":"product_cat","embeddable":true,"href":"https:\/\/puffvapestore.com\/it\/wp-json\/wp\/v2\/product_cat?post=1704"},{"taxonomy":"product_tag","embeddable":true,"href":"https:\/\/puffvapestore.com\/it\/wp-json\/wp\/v2\/product_tag?post=1704"}],"curies":[{"name":"wp","href":"https:\/\/api.w.org\/{rel}","templated":true}]}}