{"id":1692,"date":"2025-03-23T04:49:39","date_gmt":"2025-03-23T04:49:39","guid":{"rendered":"https:\/\/puffvapestore.com\/?post_type=product&#038;p=1692"},"modified":"2026-01-19T10:42:26","modified_gmt":"2026-01-19T10:42:26","slug":"jnr-falcon-16000-mango-passion-fruit","status":"publish","type":"product","link":"https:\/\/puffvapestore.com\/it\/product\/jnr-falcon-16000-mango-frutto-della-passione\/","title":{"rendered":"JNR Falcon 16000 sigaretta elettronica monouso Mango Passion Fruit"},"content":{"rendered":"<div data-elementor-type=\"wp-post\" data-elementor-id=\"1692\" class=\"elementor elementor-1692\">\n\t\t\t\t<div class=\"elementor-element elementor-element-824a998 e-flex e-con-boxed e-con e-parent\" data-id=\"824a998\" data-element_type=\"container\" data-e-type=\"container\">\n\t\t\t\t\t<div class=\"e-con-inner\">\n\t\t\t\t<div class=\"elementor-element elementor-element-55fd5fa elementor-widget elementor-widget-text-editor\" data-id=\"55fd5fa\" data-element_type=\"widget\" data-e-type=\"widget\" data-widget_type=\"text-editor.default\">\n\t\t\t\t<div class=\"elementor-widget-container\">\n\t\t\t\t\t\t\t\t\t<h2>Sigaretta JNR Falcon 16000 Jet Black Mango Passion Fruit<\/h2><p>Immaginatevi seduti sulle rive della Senna all'imbrunire nelle strade di Parigi, con un cocktail appena preparato in mano e un profumo leggermente dolce nell'aria: \u00e8 esattamente questa la sensazione provocata da <strong>JNR Falcon 16000 Mango Frutto della Passione<\/strong>. Dopo una boccata, \u00e8 come se lo stile tropicale dei Caraibi francesi esplodesse sulla punta della lingua. La dolcezza del mango e l'acidit\u00e0 del frutto della passione si fondono perfettamente, entrambe sfrenate e squisite, come una festa estiva nel sud della Francia, calda e coinvolgente.<\/p>\t\t\t\t\t\t\t\t<\/div>\n\t\t\t\t<\/div>\n\t\t\t\t\t<\/div>\n\t\t\t\t<\/div>\n\t\t<div class=\"elementor-element elementor-element-942ccb0 e-flex e-con-boxed e-con e-parent\" data-id=\"942ccb0\" data-element_type=\"container\" data-e-type=\"container\">\n\t\t\t\t\t<div class=\"e-con-inner\">\n\t\t<div class=\"elementor-element elementor-element-577deeb e-con-full e-flex e-con e-child\" data-id=\"577deeb\" data-element_type=\"container\" data-e-type=\"container\">\n\t\t\t\t<div class=\"elementor-element elementor-element-5d167cf elementor-widget elementor-widget-text-editor\" data-id=\"5d167cf\" data-element_type=\"widget\" data-e-type=\"widget\" data-widget_type=\"text-editor.default\">\n\t\t\t\t<div class=\"elementor-widget-container\">\n\t\t\t\t\t\t\t\t\t<h2>Dettagli di JNR Falcon 16000 Mango Passion Fruit<\/h2><p>Soffi: Fino a 16.000 soffi<br \/>Liquido: 22 ml<br \/>Livelli di nicotina: 0 %, 2 %, 5 %<br \/>Resistenza: 1,0 ohm<br \/>Capacit\u00e0 della batteria: 850 mAh<br \/>Ricarica: Tipo-C<br \/>Flusso d'aria regolabile: S\u00ec<br \/>Display digitale<br \/>Resistenza a doppia maglia e doppia anima<br \/>Dimensioni: 53,5 x 32 x 110 mm<\/p>\t\t\t\t\t\t\t\t<\/div>\n\t\t\t\t<\/div>\n\t\t\t\t<\/div>\n\t\t<div class=\"elementor-element elementor-element-d5e4b56 e-con-full e-flex e-con e-child\" data-id=\"d5e4b56\" data-element_type=\"container\" data-e-type=\"container\">\n\t\t\t\t<div class=\"elementor-element elementor-element-381dfcb elementor-widget elementor-widget-image-gallery\" data-id=\"381dfcb\" data-element_type=\"widget\" data-e-type=\"widget\" data-widget_type=\"image-gallery.default\">\n\t\t\t\t<div class=\"elementor-widget-container\">\n\t\t\t\t\t\t\t<div class=\"elementor-image-gallery\">\n\t\t\t<div id='gallery-1' class='gallery galleryid-1692 gallery-columns-1 gallery-size-medium_large'><figure class='gallery-item'>\n\t\t\t<div class='gallery-icon portrait'>\n\t\t\t\t<img fetchpriority=\"high\" decoding=\"async\" width=\"654\" height=\"690\" src=\"https:\/\/puffvapestore.com\/wp-content\/uploads\/2025\/03\/pvajf16000-36.jpg\" class=\"attachment-medium_large size-medium_large\" alt=\"JNR Falcon 16K Mango Frutto della Passione\" aria-describedby=\"gallery-1-1583\" srcset=\"https:\/\/puffvapestore.com\/wp-content\/uploads\/2025\/03\/pvajf16000-36.jpg 654w, https:\/\/puffvapestore.com\/wp-content\/uploads\/2025\/03\/pvajf16000-36-284x300.jpg 284w, https:\/\/puffvapestore.com\/wp-content\/uploads\/2025\/03\/pvajf16000-36-600x633.jpg 600w\" sizes=\"(max-width: 654px) 100vw, 654px\" \/>\n\t\t\t<\/div>\n\t\t\t\t<figcaption class='wp-caption-text gallery-caption' id='gallery-1-1583'>\n\t\t\t\tJNR Falcon 16K Mango Frutto della Passione\n\t\t\t\t<\/figcaption><\/figure>\n\t\t<\/div>\n\t\t<\/div>\n\t\t\t\t\t\t<\/div>\n\t\t\t\t<\/div>\n\t\t\t\t<\/div>\n\t\t\t\t\t<\/div>\n\t\t\t\t<\/div>\n\t\t<div class=\"elementor-element elementor-element-7926c6b e-flex e-con-boxed e-con e-parent\" data-id=\"7926c6b\" data-element_type=\"container\" data-e-type=\"container\">\n\t\t\t\t\t<div class=\"e-con-inner\">\n\t\t\t\t<div class=\"elementor-element elementor-element-2b41948 elementor-widget elementor-widget-text-editor\" data-id=\"2b41948\" data-element_type=\"widget\" data-e-type=\"widget\" data-widget_type=\"text-editor.default\">\n\t\t\t\t<div class=\"elementor-widget-container\">\n\t\t\t\t\t\t\t\t\t<h3>Perch\u00e9 JNR Falcon 16000 Mango Passion Fruit \u00e8 il \u00abdessert star\u00bb nel settore delle sigarette elettroniche?<\/h3><h4>Sapore, come un capolavoro del barman<\/h4><p>Non si tratta di una normale fragranza fruttata, ma di una stravaganza tropicale accuratamente miscelata. La dolcezza cremosa del mango e il frutto della passione, leggermente aspro e rinfrescante, si fondono in un equilibrio perfetto - n\u00e9 troppo dolce n\u00e9 troppo stimolante, proprio come un bicchiere di ottimo cocktail appena fatto nella regione basca, rendendo ogni inalazione di fumo un lussuoso viaggio nel gusto.<\/p><h4>La durata della batteria \u00e8 come una bottiglia di champagne che non si esaurisce mai<\/h4><p>16.000 esperienze di fumo, come una serata che non finisce mai, sempre al meglio. Dotata di un e-liquid di grande capacit\u00e0 da 22 ml, non \u00e8 necessario cambiare spesso dispositivo e ci si pu\u00f2 concentrare sull'assaporare ogni momento del gusto.<\/p><h4>Ricarica, veloce ed efficiente come la metropolitana di Parigi<\/h4><p>La doppia ricarica Type-C e Lightning semplifica la ricarica, sia che siate fan di Apple che di Android, e non c'\u00e8 bisogno di impazzire per non riuscire a trovare un cavo di ricarica adatto. La batteria ricaricabile da 850 mAh consente di ricaricare completamente il telefono quando e dove si vuole, proprio come se si portasse dietro una macchina del caff\u00e8 sempre in standby che non fa mai mancare l'energia.<\/p><h4>Fumo denso come la nebbia del mattino a Montmartre<\/h4><p>La tecnologia a doppia bobina rende il gusto pi\u00f9 delicato e ogni boccata di fumo porta una consistenza liscia come la seta, rilasciando al contempo un fumo pieno per creare un'esperienza di fumo davvero coinvolgente. Il flusso d'aria regolabile vi d\u00e0 la libert\u00e0 di scegliere un forte colpo in gola o un'esperienza leggera e liscia, cos\u00ec come l'attenzione francese per il caff\u00e8 - espresso e americano, tutto dipende dal vostro umore.<\/p><h3>JNR Falcon 16000 Mango Passion Fruit : Aggiungete un tocco francese alla vostra vita<\/h3><p>Questa sigaretta elettronica non \u00e8 solo un dispositivo di erogazione della nicotina, ma uno stile di vita, una ricerca del gusto e un atteggiamento. \u00c8 per coloro che si godono la vita, cercano i dettagli e amano esplorare. Che siate seduti sulla terrazza di un caff\u00e8 a Parigi, sul lungomare di Nizza o in un bistrot di Lione, sar\u00e0 la vostra compagna ideale.<\/p>\t\t\t\t\t\t\t\t<\/div>\n\t\t\t\t<\/div>\n\t\t\t\t\t<\/div>\n\t\t\t\t<\/div>\n\t\t\t\t<\/div>","protected":false},"excerpt":{"rendered":"<p>Cigarette JNR Falcon 16000 Jet Black Mangue Fruit de la Passion Imaginez-vous assis au bord de la Seine au cr\u00e9puscule dans les rues de Paris, tenant un cocktail fra\u00eechement pr\u00e9par\u00e9 \u00e0 la main et un l\u00e9ger parfum sucr\u00e9 dans l&rsquo;air &#8211; c&rsquo;est exactement la sensation apport\u00e9e par JNR Falcon 16000 Mango Passion Fruit. Apr\u00e8s une [&hellip;]<\/p>","protected":false},"featured_media":1583,"comment_status":"open","ping_status":"closed","template":"","meta":{"site-sidebar-layout":"no-sidebar","site-content-layout":"page-builder","ast-site-content-layout":"normal-width-container","site-content-style":"default","site-sidebar-style":"default","ast-global-header-display":"","ast-banner-title-visibility":"","ast-main-header-display":"","ast-hfb-above-header-display":"","ast-hfb-below-header-display":"","ast-hfb-mobile-header-display":"","site-post-title":"disabled","ast-breadcrumbs-content":"","ast-featured-img":"disabled","footer-sml-layout":"","theme-transparent-header-meta":"default","adv-header-id-meta":"","stick-header-meta":"default","header-above-stick-meta":"","header-main-stick-meta":"","header-below-stick-meta":"","astra-migrate-meta-layouts":"set","ast-page-background-enabled":"default","ast-page-background-meta":{"desktop":{"background-color":"","background-image":"","background-repeat":"repeat","background-position":"center center","background-size":"auto","background-attachment":"scroll","background-type":"","background-media":"","overlay-type":"","overlay-color":"","overlay-opacity":"","overlay-gradient":""},"tablet":{"background-color":"","background-image":"","background-repeat":"repeat","background-position":"center center","background-size":"auto","background-attachment":"scroll","background-type":"","background-media":"","overlay-type":"","overlay-color":"","overlay-opacity":"","overlay-gradient":""},"mobile":{"background-color":"","background-image":"","background-repeat":"repeat","background-position":"center center","background-size":"auto","background-attachment":"scroll","background-type":"","background-media":"","overlay-type":"","overlay-color":"","overlay-opacity":"","overlay-gradient":""}},"ast-content-background-meta":{"desktop":{"background-color":"var(--ast-global-color-5)","background-image":"","background-repeat":"repeat","background-position":"center center","background-size":"auto","background-attachment":"scroll","background-type":"","background-media":"","overlay-type":"","overlay-color":"","overlay-opacity":"","overlay-gradient":""},"tablet":{"background-color":"var(--ast-global-color-5)","background-image":"","background-repeat":"repeat","background-position":"center center","background-size":"auto","background-attachment":"scroll","background-type":"","background-media":"","overlay-type":"","overlay-color":"","overlay-opacity":"","overlay-gradient":""},"mobile":{"background-color":"var(--ast-global-color-5)","background-image":"","background-repeat":"repeat","background-position":"center center","background-size":"auto","background-attachment":"scroll","background-type":"","background-media":"","overlay-type":"","overlay-color":"","overlay-opacity":"","overlay-gradient":""}}},"product_brand":[30],"product_cat":[15,81,77,36,32],"product_tag":[],"class_list":{"0":"post-1692","1":"product","2":"type-product","3":"status-publish","4":"has-post-thumbnail","6":"product_brand-jnr","7":"product_cat-magasin-cigarette-electronique","8":"product_cat-puff-16k","9":"product_cat-entrepot-de-lue","10":"product_cat-jnr-16k","11":"product_cat-puff-jnr-16k","12":"desktop-align-center","13":"tablet-align-center","14":"mobile-align-center","15":"ast-product-gallery-layout-horizontal","16":"ast-product-gallery-with-no-image","17":"ast-product-single-variable","18":"ast-product-tabs-layout-horizontal","19":"ast-qv-on-image","21":"first","22":"instock","23":"sale","24":"shipping-taxable","25":"purchasable","26":"product-type-variable","27":"has-default-attributes"},"tiered_pricing_type":"fixed","tiered_pricing_fixed_rules":{"30":9.88,"60":9.26,"100":8.06,"200":7.38,"500":6.98,"1000":6.8},"tiered_pricing_product_settings":{"layout":"default","base_unit_name":{"singular":null,"plural":null},"default_variation":null},"tiered_pricing_minimum_quantity":null,"tiered_pricing_roles_data":[],"tiered_pricing_percentage_rules":[],"_links":{"self":[{"href":"https:\/\/puffvapestore.com\/it\/wp-json\/wp\/v2\/product\/1692","targetHints":{"allow":["GET"]}}],"collection":[{"href":"https:\/\/puffvapestore.com\/it\/wp-json\/wp\/v2\/product"}],"about":[{"href":"https:\/\/puffvapestore.com\/it\/wp-json\/wp\/v2\/types\/product"}],"replies":[{"embeddable":true,"href":"https:\/\/puffvapestore.com\/it\/wp-json\/wp\/v2\/comments?post=1692"}],"version-history":[{"count":14,"href":"https:\/\/puffvapestore.com\/it\/wp-json\/wp\/v2\/product\/1692\/revisions"}],"predecessor-version":[{"id":9520,"href":"https:\/\/puffvapestore.com\/it\/wp-json\/wp\/v2\/product\/1692\/revisions\/9520"}],"wp:featuredmedia":[{"embeddable":true,"href":"https:\/\/puffvapestore.com\/it\/wp-json\/wp\/v2\/media\/1583"}],"wp:attachment":[{"href":"https:\/\/puffvapestore.com\/it\/wp-json\/wp\/v2\/media?parent=1692"}],"wp:term":[{"taxonomy":"product_brand","embeddable":true,"href":"https:\/\/puffvapestore.com\/it\/wp-json\/wp\/v2\/product_brand?post=1692"},{"taxonomy":"product_cat","embeddable":true,"href":"https:\/\/puffvapestore.com\/it\/wp-json\/wp\/v2\/product_cat?post=1692"},{"taxonomy":"product_tag","embeddable":true,"href":"https:\/\/puffvapestore.com\/it\/wp-json\/wp\/v2\/product_tag?post=1692"}],"curies":[{"name":"wp","href":"https:\/\/api.w.org\/{rel}","templated":true}]}}