{"id":1686,"date":"2025-03-23T02:42:11","date_gmt":"2025-03-23T02:42:11","guid":{"rendered":"https:\/\/puffvapestore.com\/?post_type=product&#038;p=1686"},"modified":"2026-01-19T10:42:26","modified_gmt":"2026-01-19T10:42:26","slug":"jnr-falcon-16000-cigarette-electronique-jetable-blueberry-red-raspberry","status":"publish","type":"product","link":"https:\/\/puffvapestore.com\/it\/product\/jnr-falcon-16000-sigaretta-elettronica-monouso-mirtillo-rosso-lampone\/","title":{"rendered":"JNR Falcon 16000 Sigaretta elettronica monouso Mirtillo Rosso Lampone"},"content":{"rendered":"<div data-elementor-type=\"wp-post\" data-elementor-id=\"1686\" class=\"elementor elementor-1686\">\n\t\t\t\t<div class=\"elementor-element elementor-element-824a998 e-flex e-con-boxed e-con e-parent\" data-id=\"824a998\" data-element_type=\"container\" data-e-type=\"container\">\n\t\t\t\t\t<div class=\"e-con-inner\">\n\t\t\t\t<div class=\"elementor-element elementor-element-55fd5fa elementor-widget elementor-widget-text-editor\" data-id=\"55fd5fa\" data-element_type=\"widget\" data-e-type=\"widget\" data-widget_type=\"text-editor.default\">\n\t\t\t\t<div class=\"elementor-widget-container\">\n\t\t\t\t\t\t\t\t\t<h2>Sigaretta elettronica monouso JNR Falcon 16000 Mirtillo Rosso Lampone<\/h2><p>Se c'\u00e8 una cosa che i francesi sanno fare \u00e8 godersi la vita. La <strong>Gusto Mirtillo Rosso Lampone da JNR Falcon 16000<\/strong> \u00e8 la perfetta interpretazione di questa filosofia: ogni boccata di fumo \u00e8 come rubare una mezza giornata di svago nei frutteti della Provenza, mentre la dolcezza profonda dei mirtilli e i lamponi rossi freschi e leggermente aciduli si mescolano per portare un viaggio errante alle vostre papille gustative.<\/p>\t\t\t\t\t\t\t\t<\/div>\n\t\t\t\t<\/div>\n\t\t\t\t\t<\/div>\n\t\t\t\t<\/div>\n\t\t<div class=\"elementor-element elementor-element-942ccb0 e-flex e-con-boxed e-con e-parent\" data-id=\"942ccb0\" data-element_type=\"container\" data-e-type=\"container\">\n\t\t\t\t\t<div class=\"e-con-inner\">\n\t\t<div class=\"elementor-element elementor-element-577deeb e-con-full e-flex e-con e-child\" data-id=\"577deeb\" data-element_type=\"container\" data-e-type=\"container\">\n\t\t\t\t<div class=\"elementor-element elementor-element-5d167cf elementor-widget elementor-widget-text-editor\" data-id=\"5d167cf\" data-element_type=\"widget\" data-e-type=\"widget\" data-widget_type=\"text-editor.default\">\n\t\t\t\t<div class=\"elementor-widget-container\">\n\t\t\t\t\t\t\t\t\t<h2>Dettagli di JNR Falcon 16000 Mirtillo Rosso Lampone<\/h2><p>Soffi: Fino a 16.000 soffi<br \/>Liquido: 22 ml<br \/>Livelli di nicotina: 0 %, 2 %, 5 %<br \/>Resistenza: 1,0 ohm<br \/>Capacit\u00e0 della batteria: 850 mAh<br \/>Ricarica: Tipo-C<br \/>Flusso d'aria regolabile: S\u00ec<br \/>Display digitale<br \/>Resistenza a doppia maglia e doppia anima<br \/>Dimensioni: 53,5 x 32 x 110 mm<\/p>\t\t\t\t\t\t\t\t<\/div>\n\t\t\t\t<\/div>\n\t\t\t\t<\/div>\n\t\t<div class=\"elementor-element elementor-element-d5e4b56 e-con-full e-flex e-con e-child\" data-id=\"d5e4b56\" data-element_type=\"container\" data-e-type=\"container\">\n\t\t\t\t<div class=\"elementor-element elementor-element-381dfcb elementor-widget elementor-widget-image-gallery\" data-id=\"381dfcb\" data-element_type=\"widget\" data-e-type=\"widget\" data-widget_type=\"image-gallery.default\">\n\t\t\t\t<div class=\"elementor-widget-container\">\n\t\t\t\t\t\t\t<div class=\"elementor-image-gallery\">\n\t\t\t<div id='gallery-1' class='gallery galleryid-1686 gallery-columns-1 gallery-size-medium_large'><figure class='gallery-item'>\n\t\t\t<div class='gallery-icon portrait'>\n\t\t\t\t<img fetchpriority=\"high\" decoding=\"async\" width=\"654\" height=\"690\" src=\"https:\/\/puffvapestore.com\/wp-content\/uploads\/2025\/03\/pvajf16000-31.jpg\" class=\"attachment-medium_large size-medium_large\" alt=\"JNR Falcon 16K Mirtillo Rosso Lampone\" aria-describedby=\"gallery-1-1578\" srcset=\"https:\/\/puffvapestore.com\/wp-content\/uploads\/2025\/03\/pvajf16000-31.jpg 654w, https:\/\/puffvapestore.com\/wp-content\/uploads\/2025\/03\/pvajf16000-31-284x300.jpg 284w, https:\/\/puffvapestore.com\/wp-content\/uploads\/2025\/03\/pvajf16000-31-600x633.jpg 600w\" sizes=\"(max-width: 654px) 100vw, 654px\" \/>\n\t\t\t<\/div>\n\t\t\t\t<figcaption class='wp-caption-text gallery-caption' id='gallery-1-1578'>\n\t\t\t\tJNR Falcon 16K Mirtillo Rosso Lampone\n\t\t\t\t<\/figcaption><\/figure>\n\t\t<\/div>\n\t\t<\/div>\n\t\t\t\t\t\t<\/div>\n\t\t\t\t<\/div>\n\t\t\t\t<\/div>\n\t\t\t\t\t<\/div>\n\t\t\t\t<\/div>\n\t\t<div class=\"elementor-element elementor-element-7926c6b e-flex e-con-boxed e-con e-parent\" data-id=\"7926c6b\" data-element_type=\"container\" data-e-type=\"container\">\n\t\t\t\t\t<div class=\"e-con-inner\">\n\t\t\t\t<div class=\"elementor-element elementor-element-2b41948 elementor-widget elementor-widget-text-editor\" data-id=\"2b41948\" data-element_type=\"widget\" data-e-type=\"widget\" data-widget_type=\"text-editor.default\">\n\t\t\t\t<div class=\"elementor-widget-container\">\n\t\t\t\t\t\t\t\t\t<h3>Quando la sigaretta elettronica diventa anche una sorta di \u00abdessert francese\u00bb.\u00bb<\/h3><p>Immaginate di essere seduti in un caff\u00e8 all'aperto sulle rive della Senna a Parigi, con una tazza di espresso appena macinato in mano e il profumo di croissant appena sfornati nell'aria. In quel momento, <strong>tirare una boccata di sigaretta JNR Falcon 16000<\/strong>, L'aroma fruttato e morbido dei mirtilli avvolge immediatamente la punta della lingua, seguito dal sottile sapore agrodolce dei lamponi rossi, come se un cucchiaio di marmellata preparata con cura fosse spalmato su un morbido pane imburrato. Questa non \u00e8 solo una sigaretta elettronica, \u00e8 un incontro romantico con il gusto.<\/p><h3>Cosa rende questo sapore cos\u00ec speciale?<\/h3><ul><li>La dolcezza del mirtillo \u00e8 ricca e complessa come il vino rosso di Bordeaux e porta con s\u00e9 un dono della natura che rende ogni boccata di fumo piena di profondit\u00e0.<\/li><li>L'aroma fruttato leggermente aspro dei lamponi rossi, un tocco dell'anima dei dessert francesi, aggiunge vitalit\u00e0 e leggerezza al gusto complessivo.<\/li><li>La miscela perfetta dei due crea un'esperienza di gusto calda ma rinfrescante, irresistibile.<\/li><\/ul><h3>Una combinazione di tecnologia ed eleganza francese<\/h3><p>Naturalmente, la JNR Falcon 16000 offre molto di pi\u00f9 di un sapore incredibile. La sua tecnologia Dual Mesh Coil assicura un fumo pieno e saporito a ogni boccata, mentre il sistema di flusso d'aria regolabile consente di scegliere un'esperienza di svapo ricca o leggera. Abbinata a una batteria ricaricabile da 850 mAh e a una doppia porta di ricarica Type-C e Lightning, questa sigaretta elettronica rispecchia il design classico che i francesi amano: elegante senza compromettere la praticit\u00e0.<\/p>\t\t\t\t\t\t\t\t<\/div>\n\t\t\t\t<\/div>\n\t\t\t\t\t<\/div>\n\t\t\t\t<\/div>\n\t\t\t\t<\/div>","protected":false},"excerpt":{"rendered":"<p>Cigarette \u00e9lectronique jetable JNR Falcon 16000 Myrtille Rouge Framboise S&rsquo;il y a une chose que les Fran\u00e7ais savent, c&rsquo;est profiter de la vie. La saveur Myrtille Rouge Framboise du JNR Falcon 16000 est l&rsquo;interpr\u00e9tation parfaite de cette philosophie &#8211; chaque bouff\u00e9e de fum\u00e9e est comme voler une demi-journ\u00e9e de loisirs dans les vergers de Provence, [&hellip;]<\/p>\n","protected":false},"featured_media":1578,"comment_status":"open","ping_status":"closed","template":"","meta":{"site-sidebar-layout":"no-sidebar","site-content-layout":"page-builder","ast-site-content-layout":"normal-width-container","site-content-style":"default","site-sidebar-style":"default","ast-global-header-display":"","ast-banner-title-visibility":"","ast-main-header-display":"","ast-hfb-above-header-display":"","ast-hfb-below-header-display":"","ast-hfb-mobile-header-display":"","site-post-title":"disabled","ast-breadcrumbs-content":"","ast-featured-img":"disabled","footer-sml-layout":"","theme-transparent-header-meta":"default","adv-header-id-meta":"","stick-header-meta":"default","header-above-stick-meta":"","header-main-stick-meta":"","header-below-stick-meta":"","astra-migrate-meta-layouts":"set","ast-page-background-enabled":"default","ast-page-background-meta":{"desktop":{"background-color":"","background-image":"","background-repeat":"repeat","background-position":"center center","background-size":"auto","background-attachment":"scroll","background-type":"","background-media":"","overlay-type":"","overlay-color":"","overlay-opacity":"","overlay-gradient":""},"tablet":{"background-color":"","background-image":"","background-repeat":"repeat","background-position":"center center","background-size":"auto","background-attachment":"scroll","background-type":"","background-media":"","overlay-type":"","overlay-color":"","overlay-opacity":"","overlay-gradient":""},"mobile":{"background-color":"","background-image":"","background-repeat":"repeat","background-position":"center center","background-size":"auto","background-attachment":"scroll","background-type":"","background-media":"","overlay-type":"","overlay-color":"","overlay-opacity":"","overlay-gradient":""}},"ast-content-background-meta":{"desktop":{"background-color":"var(--ast-global-color-5)","background-image":"","background-repeat":"repeat","background-position":"center center","background-size":"auto","background-attachment":"scroll","background-type":"","background-media":"","overlay-type":"","overlay-color":"","overlay-opacity":"","overlay-gradient":""},"tablet":{"background-color":"var(--ast-global-color-5)","background-image":"","background-repeat":"repeat","background-position":"center center","background-size":"auto","background-attachment":"scroll","background-type":"","background-media":"","overlay-type":"","overlay-color":"","overlay-opacity":"","overlay-gradient":""},"mobile":{"background-color":"var(--ast-global-color-5)","background-image":"","background-repeat":"repeat","background-position":"center center","background-size":"auto","background-attachment":"scroll","background-type":"","background-media":"","overlay-type":"","overlay-color":"","overlay-opacity":"","overlay-gradient":""}}},"product_brand":[30],"product_cat":[15,81,77,34,36,31],"product_tag":[],"class_list":{"0":"post-1686","1":"product","2":"type-product","3":"status-publish","4":"has-post-thumbnail","6":"product_brand-jnr","7":"product_cat-magasin-cigarette-electronique","8":"product_cat-puff-16k","9":"product_cat-entrepot-de-lue","10":"product_cat-puff-jnr","11":"product_cat-jnr-16k","12":"product_cat-jnr-falcon","13":"desktop-align-center","14":"tablet-align-center","15":"mobile-align-center","16":"ast-product-gallery-layout-horizontal","17":"ast-product-gallery-with-no-image","18":"ast-product-single-variable","19":"ast-product-tabs-layout-horizontal","20":"ast-qv-on-image","22":"first","23":"instock","24":"sale","25":"shipping-taxable","26":"purchasable","27":"product-type-variable","28":"has-default-attributes"},"tiered_pricing_type":"fixed","tiered_pricing_fixed_rules":{"30":9.88,"60":9.26,"100":8.06,"200":7.38,"500":6.98,"1000":6.8},"tiered_pricing_product_settings":{"layout":"default","base_unit_name":{"singular":null,"plural":null},"default_variation":null},"tiered_pricing_minimum_quantity":null,"tiered_pricing_roles_data":[],"tiered_pricing_percentage_rules":[],"_links":{"self":[{"href":"https:\/\/puffvapestore.com\/it\/wp-json\/wp\/v2\/product\/1686","targetHints":{"allow":["GET"]}}],"collection":[{"href":"https:\/\/puffvapestore.com\/it\/wp-json\/wp\/v2\/product"}],"about":[{"href":"https:\/\/puffvapestore.com\/it\/wp-json\/wp\/v2\/types\/product"}],"replies":[{"embeddable":true,"href":"https:\/\/puffvapestore.com\/it\/wp-json\/wp\/v2\/comments?post=1686"}],"version-history":[{"count":14,"href":"https:\/\/puffvapestore.com\/it\/wp-json\/wp\/v2\/product\/1686\/revisions"}],"predecessor-version":[{"id":9519,"href":"https:\/\/puffvapestore.com\/it\/wp-json\/wp\/v2\/product\/1686\/revisions\/9519"}],"wp:featuredmedia":[{"embeddable":true,"href":"https:\/\/puffvapestore.com\/it\/wp-json\/wp\/v2\/media\/1578"}],"wp:attachment":[{"href":"https:\/\/puffvapestore.com\/it\/wp-json\/wp\/v2\/media?parent=1686"}],"wp:term":[{"taxonomy":"product_brand","embeddable":true,"href":"https:\/\/puffvapestore.com\/it\/wp-json\/wp\/v2\/product_brand?post=1686"},{"taxonomy":"product_cat","embeddable":true,"href":"https:\/\/puffvapestore.com\/it\/wp-json\/wp\/v2\/product_cat?post=1686"},{"taxonomy":"product_tag","embeddable":true,"href":"https:\/\/puffvapestore.com\/it\/wp-json\/wp\/v2\/product_tag?post=1686"}],"curies":[{"name":"wp","href":"https:\/\/api.w.org\/{rel}","templated":true}]}}