{"id":1680,"date":"2025-03-22T17:35:11","date_gmt":"2025-03-22T17:35:11","guid":{"rendered":"https:\/\/puffvapestore.com\/?post_type=product&#038;p=1680"},"modified":"2026-01-19T10:42:26","modified_gmt":"2026-01-19T10:42:26","slug":"puff-jnr-falcon-16000-blueberry-pomegranate-ice","status":"publish","type":"product","link":"https:\/\/puffvapestore.com\/it\/product\/puff-jnr-falcon-16000-mirtillo-melograno-ghiaccio\/","title":{"rendered":"Puff JNR Falcon 16000 Mirtillo Melograno Ghiacciato"},"content":{"rendered":"<div data-elementor-type=\"wp-post\" data-elementor-id=\"1680\" class=\"elementor elementor-1680\">\n\t\t\t\t<div class=\"elementor-element elementor-element-824a998 e-flex e-con-boxed e-con e-parent\" data-id=\"824a998\" data-element_type=\"container\" data-e-type=\"container\">\n\t\t\t\t\t<div class=\"e-con-inner\">\n\t\t\t\t<div class=\"elementor-element elementor-element-55fd5fa elementor-widget elementor-widget-text-editor\" data-id=\"55fd5fa\" data-element_type=\"widget\" data-e-type=\"widget\" data-widget_type=\"text-editor.default\">\n\t\t\t\t<div class=\"elementor-widget-container\">\n\t\t\t\t\t\t\t\t\t<h2>Puff JNR Falcon 16000 Gelato al mirtillo e melograno<\/h2><p>Immaginate di essere seduti in un piccolo caff\u00e8 nascosto a Parigi, con la Senna che scorre lentamente fuori dalla finestra, un bicchiere di vino rosso appena miscelato in mano e il lieve aroma di mirtilli e melograni che aleggia nell'aria. Non si tratta di una fantasia, ma di un'esperienza reale portata dal gusto. <strong>Ghiaccio Mirtillo Melograno da JNR Falcon 16000<\/strong>.<\/p><h3>Un soffio di fumo francese<\/h3><p>I francesi hanno sempre saputo come godersi la vita e il sapore di questa sigaretta elettronica \u00e8 un omaggio a questo atteggiamento nei confronti della vita. L'aroma fruttato e dolce dei mirtilli evoca la brezza estiva della Provenza, mentre il gusto leggermente aspro della melagrana aggiunge un tocco di giocosa eleganza francese. Infine, il tocco di freschezza trasforma l'esperienza in un cocktail perfetto, rinfrescante e persistente.<\/p>\t\t\t\t\t\t\t\t<\/div>\n\t\t\t\t<\/div>\n\t\t\t\t\t<\/div>\n\t\t\t\t<\/div>\n\t\t<div class=\"elementor-element elementor-element-942ccb0 e-flex e-con-boxed e-con e-parent\" data-id=\"942ccb0\" data-element_type=\"container\" data-e-type=\"container\">\n\t\t\t\t\t<div class=\"e-con-inner\">\n\t\t<div class=\"elementor-element elementor-element-577deeb e-con-full e-flex e-con e-child\" data-id=\"577deeb\" data-element_type=\"container\" data-e-type=\"container\">\n\t\t\t\t<div class=\"elementor-element elementor-element-5d167cf elementor-widget elementor-widget-text-editor\" data-id=\"5d167cf\" data-element_type=\"widget\" data-e-type=\"widget\" data-widget_type=\"text-editor.default\">\n\t\t\t\t<div class=\"elementor-widget-container\">\n\t\t\t\t\t\t\t\t\t<h2>Dettagli di JNR Falcon 16000 Mirtillo Melograno Ghiaccio<\/h2><p>Soffi: Fino a 16.000 soffi<br \/>Liquido: 22 ml<br \/>Livelli di nicotina: 0 %, 2 %, 5 %<br \/>Resistenza: 1,0 ohm<br \/>Capacit\u00e0 della batteria: 850 mAh<br \/>Ricarica: Tipo-C<br \/>Flusso d'aria regolabile: S\u00ec<br \/>Display digitale<br \/>Resistenza a doppia maglia e doppia anima<br \/>Dimensioni: 53,5 x 32 x 110 mm<\/p>\t\t\t\t\t\t\t\t<\/div>\n\t\t\t\t<\/div>\n\t\t\t\t<\/div>\n\t\t<div class=\"elementor-element elementor-element-d5e4b56 e-con-full e-flex e-con e-child\" data-id=\"d5e4b56\" data-element_type=\"container\" data-e-type=\"container\">\n\t\t\t\t<div class=\"elementor-element elementor-element-381dfcb elementor-widget elementor-widget-image-gallery\" data-id=\"381dfcb\" data-element_type=\"widget\" data-e-type=\"widget\" data-widget_type=\"image-gallery.default\">\n\t\t\t\t<div class=\"elementor-widget-container\">\n\t\t\t\t\t\t\t<div class=\"elementor-image-gallery\">\n\t\t\t<div id='gallery-1' class='gallery galleryid-1680 gallery-columns-1 gallery-size-medium_large'><figure class='gallery-item'>\n\t\t\t<div class='gallery-icon portrait'>\n\t\t\t\t<img fetchpriority=\"high\" decoding=\"async\" width=\"654\" height=\"690\" src=\"https:\/\/puffvapestore.com\/wp-content\/uploads\/2025\/03\/pvajf16000-7.jpg\" class=\"attachment-medium_large size-medium_large\" alt=\"JNR Falcon 16K Mirtillo Melograno Ghiacciato\" aria-describedby=\"gallery-1-1554\" srcset=\"https:\/\/puffvapestore.com\/wp-content\/uploads\/2025\/03\/pvajf16000-7.jpg 654w, https:\/\/puffvapestore.com\/wp-content\/uploads\/2025\/03\/pvajf16000-7-284x300.jpg 284w, https:\/\/puffvapestore.com\/wp-content\/uploads\/2025\/03\/pvajf16000-7-600x633.jpg 600w\" sizes=\"(max-width: 654px) 100vw, 654px\" \/>\n\t\t\t<\/div>\n\t\t\t\t<figcaption class='wp-caption-text gallery-caption' id='gallery-1-1554'>\n\t\t\t\tJNR Falcon 16K Mirtillo Melograno Ghiacciato\n\t\t\t\t<\/figcaption><\/figure>\n\t\t<\/div>\n\t\t<\/div>\n\t\t\t\t\t\t<\/div>\n\t\t\t\t<\/div>\n\t\t\t\t<\/div>\n\t\t\t\t\t<\/div>\n\t\t\t\t<\/div>\n\t\t<div class=\"elementor-element elementor-element-7926c6b e-flex e-con-boxed e-con e-parent\" data-id=\"7926c6b\" data-element_type=\"container\" data-e-type=\"container\">\n\t\t\t\t\t<div class=\"e-con-inner\">\n\t\t\t\t<div class=\"elementor-element elementor-element-2b41948 elementor-widget elementor-widget-text-editor\" data-id=\"2b41948\" data-element_type=\"widget\" data-e-type=\"widget\" data-widget_type=\"text-editor.default\">\n\t\t\t\t<div class=\"elementor-widget-container\">\n\t\t\t\t\t\t\t\t\t<h3>Per chi \u00e8 adatto Puff JNR Falcon 16000 Blueberry Pomegranate Ice?<\/h3><p>Questo gusto di gelato al mirtillo e melograno \u00e8 perfetto per chi ama trovare le piccole cose nella vita. \u00c8 l'epitome dello stile boh\u00e9mien parigino, un tocco di freschezza al sole del sud della Francia e il tocco finale per le feste di mezzanotte.<\/p><ul><li><strong>Giovent\u00f9 letteraria?<\/strong> Se state scrivendo poesie mentre fumate in un caff\u00e8, l'odore pu\u00f2 sicuramente ispirarvi.<\/li><li><strong>Amanti della vita notturna?<\/strong> Nelle strade umide, un soffio di sigaretta ghiacciata al mirtillo e al melograno rende la notte pi\u00f9 incantevole.<\/li><li><strong>Puff JNR Falcon 16000 ?<\/strong> Il complesso sapore fruttato \u00e8 sufficiente per essere assaporato con cura, anzich\u00e9 limitarsi a un noioso gusto dolce.<\/li><\/ul><h3>Puff JNR Falcon 16000 Blueberry Pomegranate Ice - Fare del vaping uno stile di vita<\/h3><p>I francesi sanno che la bellezza della vita sta nei dettagli e questo gusto di gelato al mirtillo e melograno JNR Falcon 16000 \u00e8 la scelta \u00abgourmet\u00bb nel mondo delle sigarette elettroniche. Non \u00e8 solo un sostituto della nicotina, \u00e8 un atteggiamento elegante e sofisticato nei confronti della vita.<\/p><p>La prossima volta che passeggiate lungo la Senna o bevete un drink in un bistrot di Montmartre, portate con voi un JNR Falcon 16000 e lasciate che l'aroma di mirtilli e melograni faccia parte della vostra vita francese.<\/p>\t\t\t\t\t\t\t\t<\/div>\n\t\t\t\t<\/div>\n\t\t\t\t\t<\/div>\n\t\t\t\t<\/div>\n\t\t\t\t<\/div>","protected":false},"excerpt":{"rendered":"<p>Puff JNR Falcon 16000 Glace Myrtille Grenade Imaginez que vous \u00eates assis dans un petit caf\u00e9 cach\u00e9 \u00e0 Paris, avec la Seine qui coule lentement \u00e0 l&rsquo;ext\u00e9rieur de la fen\u00eatre, un verre de vin rouge fra\u00eechement m\u00e9lang\u00e9 \u00e0 la main et le l\u00e9ger ar\u00f4me de myrtilles et de grenades flottant dans l&rsquo;air. Ce n\u2019est pas [&hellip;]<\/p>","protected":false},"featured_media":1554,"comment_status":"open","ping_status":"closed","template":"","meta":{"site-sidebar-layout":"no-sidebar","site-content-layout":"page-builder","ast-site-content-layout":"normal-width-container","site-content-style":"default","site-sidebar-style":"default","ast-global-header-display":"","ast-banner-title-visibility":"","ast-main-header-display":"","ast-hfb-above-header-display":"","ast-hfb-below-header-display":"","ast-hfb-mobile-header-display":"","site-post-title":"disabled","ast-breadcrumbs-content":"","ast-featured-img":"disabled","footer-sml-layout":"","theme-transparent-header-meta":"default","adv-header-id-meta":"","stick-header-meta":"default","header-above-stick-meta":"","header-main-stick-meta":"","header-below-stick-meta":"","astra-migrate-meta-layouts":"set","ast-page-background-enabled":"default","ast-page-background-meta":{"desktop":{"background-color":"","background-image":"","background-repeat":"repeat","background-position":"center center","background-size":"auto","background-attachment":"scroll","background-type":"","background-media":"","overlay-type":"","overlay-color":"","overlay-opacity":"","overlay-gradient":""},"tablet":{"background-color":"","background-image":"","background-repeat":"repeat","background-position":"center center","background-size":"auto","background-attachment":"scroll","background-type":"","background-media":"","overlay-type":"","overlay-color":"","overlay-opacity":"","overlay-gradient":""},"mobile":{"background-color":"","background-image":"","background-repeat":"repeat","background-position":"center center","background-size":"auto","background-attachment":"scroll","background-type":"","background-media":"","overlay-type":"","overlay-color":"","overlay-opacity":"","overlay-gradient":""}},"ast-content-background-meta":{"desktop":{"background-color":"var(--ast-global-color-5)","background-image":"","background-repeat":"repeat","background-position":"center center","background-size":"auto","background-attachment":"scroll","background-type":"","background-media":"","overlay-type":"","overlay-color":"","overlay-opacity":"","overlay-gradient":""},"tablet":{"background-color":"var(--ast-global-color-5)","background-image":"","background-repeat":"repeat","background-position":"center center","background-size":"auto","background-attachment":"scroll","background-type":"","background-media":"","overlay-type":"","overlay-color":"","overlay-opacity":"","overlay-gradient":""},"mobile":{"background-color":"var(--ast-global-color-5)","background-image":"","background-repeat":"repeat","background-position":"center center","background-size":"auto","background-attachment":"scroll","background-type":"","background-media":"","overlay-type":"","overlay-color":"","overlay-opacity":"","overlay-gradient":""}}},"product_brand":[30],"product_cat":[15,81,77,34,35,36],"product_tag":[],"class_list":{"0":"post-1680","1":"product","2":"type-product","3":"status-publish","4":"has-post-thumbnail","6":"product_brand-jnr","7":"product_cat-magasin-cigarette-electronique","8":"product_cat-puff-16k","9":"product_cat-entrepot-de-lue","10":"product_cat-puff-jnr","11":"product_cat-jnr-vape","12":"product_cat-jnr-16k","13":"desktop-align-center","14":"tablet-align-center","15":"mobile-align-center","16":"ast-product-gallery-layout-horizontal","17":"ast-product-gallery-with-no-image","18":"ast-product-single-variable","19":"ast-product-tabs-layout-horizontal","20":"ast-qv-on-image","22":"first","23":"instock","24":"sale","25":"shipping-taxable","26":"purchasable","27":"product-type-variable","28":"has-default-attributes"},"tiered_pricing_type":"fixed","tiered_pricing_fixed_rules":{"30":9.88,"60":9.26,"100":8.06,"200":7.38,"500":6.98,"1000":6.8},"tiered_pricing_product_settings":{"layout":"default","base_unit_name":{"singular":null,"plural":null},"default_variation":null},"tiered_pricing_minimum_quantity":null,"tiered_pricing_roles_data":[],"tiered_pricing_percentage_rules":[],"_links":{"self":[{"href":"https:\/\/puffvapestore.com\/it\/wp-json\/wp\/v2\/product\/1680","targetHints":{"allow":["GET"]}}],"collection":[{"href":"https:\/\/puffvapestore.com\/it\/wp-json\/wp\/v2\/product"}],"about":[{"href":"https:\/\/puffvapestore.com\/it\/wp-json\/wp\/v2\/types\/product"}],"replies":[{"embeddable":true,"href":"https:\/\/puffvapestore.com\/it\/wp-json\/wp\/v2\/comments?post=1680"}],"version-history":[{"count":14,"href":"https:\/\/puffvapestore.com\/it\/wp-json\/wp\/v2\/product\/1680\/revisions"}],"predecessor-version":[{"id":9518,"href":"https:\/\/puffvapestore.com\/it\/wp-json\/wp\/v2\/product\/1680\/revisions\/9518"}],"wp:featuredmedia":[{"embeddable":true,"href":"https:\/\/puffvapestore.com\/it\/wp-json\/wp\/v2\/media\/1554"}],"wp:attachment":[{"href":"https:\/\/puffvapestore.com\/it\/wp-json\/wp\/v2\/media?parent=1680"}],"wp:term":[{"taxonomy":"product_brand","embeddable":true,"href":"https:\/\/puffvapestore.com\/it\/wp-json\/wp\/v2\/product_brand?post=1680"},{"taxonomy":"product_cat","embeddable":true,"href":"https:\/\/puffvapestore.com\/it\/wp-json\/wp\/v2\/product_cat?post=1680"},{"taxonomy":"product_tag","embeddable":true,"href":"https:\/\/puffvapestore.com\/it\/wp-json\/wp\/v2\/product_tag?post=1680"}],"curies":[{"name":"wp","href":"https:\/\/api.w.org\/{rel}","templated":true}]}}