{"id":1668,"date":"2025-03-22T06:18:18","date_gmt":"2025-03-22T06:18:18","guid":{"rendered":"https:\/\/puffvapestore.com\/?post_type=product&#038;p=1668"},"modified":"2026-01-19T10:42:26","modified_gmt":"2026-01-19T10:42:26","slug":"jnr-falcon-vape-16000-blackberry-red-raspberry","status":"publish","type":"product","link":"https:\/\/puffvapestore.com\/it\/product\/jnr-falcon-vape-16000-mora-rossa-lampone\/","title":{"rendered":"JNR Falcon Vape 16000 Mirtillo Rosso Lampone"},"content":{"rendered":"<div data-elementor-type=\"wp-post\" data-elementor-id=\"1668\" class=\"elementor elementor-1668\">\n\t\t\t\t<div class=\"elementor-element elementor-element-824a998 e-flex e-con-boxed e-con e-parent\" data-id=\"824a998\" data-element_type=\"container\" data-e-type=\"container\">\n\t\t\t\t\t<div class=\"e-con-inner\">\n\t\t\t\t<div class=\"elementor-element elementor-element-55fd5fa elementor-widget elementor-widget-text-editor\" data-id=\"55fd5fa\" data-element_type=\"widget\" data-e-type=\"widget\" data-widget_type=\"text-editor.default\">\n\t\t\t\t<div class=\"elementor-widget-container\">\n\t\t\t\t\t\t\t\t\t<h2>JNR Falcon Vape 16000 Mirtillo Rosso Lampone<\/h2><p>In Francia, la cucina non \u00e8 solo un piacere da gustare, ma anche un'arte. Quando la dolcezza profonda delle more incontra la sottile acidit\u00e0 dei lamponi rossi, inizia un romantico incontro di sapori. Questo <strong>Aroma di sigaretta elettronica al gelso rosso e lampone<\/strong> \u00e8 come un viaggio tra i frutteti della campagna francese. Ogni boccata di fumo permette di assaporare l'aroma naturale e maturo della frutta.<\/p><h3>Mora e lampone rosso, una sinfonia di sapori francesi<\/h3><p>Immaginate di passeggiare di prima mattina tra i frutteti della Provenza, con l'aria piena dell'aroma delle more e dei lamponi rossi appena raccolti. Le more apportano una dolcezza un po' selvatica, come una morbida marmellata di frutti di bosco, densa e profonda. I lamponi rossi aggiungono una giocosa asprezza, rendendo il gusto complessivo pi\u00f9 equilibrato, n\u00e9 troppo dolce n\u00e9 perdendo il sapore fruttato stratificato.<\/p><p>Non si tratta solo di un assaggio, ma di un'esperienza, come ordinare un cocktail speciale ai frutti di bosco in un piccolo caff\u00e8 della Rive Gauche di Parigi e assaporare gli strati di miscela che contiene ascoltando una melodiosa musica jazz.<\/p>\t\t\t\t\t\t\t\t<\/div>\n\t\t\t\t<\/div>\n\t\t\t\t\t<\/div>\n\t\t\t\t<\/div>\n\t\t<div class=\"elementor-element elementor-element-942ccb0 e-flex e-con-boxed e-con e-parent\" data-id=\"942ccb0\" data-element_type=\"container\" data-e-type=\"container\">\n\t\t\t\t\t<div class=\"e-con-inner\">\n\t\t<div class=\"elementor-element elementor-element-577deeb e-con-full e-flex e-con e-child\" data-id=\"577deeb\" data-element_type=\"container\" data-e-type=\"container\">\n\t\t\t\t<div class=\"elementor-element elementor-element-5d167cf elementor-widget elementor-widget-text-editor\" data-id=\"5d167cf\" data-element_type=\"widget\" data-e-type=\"widget\" data-widget_type=\"text-editor.default\">\n\t\t\t\t<div class=\"elementor-widget-container\">\n\t\t\t\t\t\t\t\t\t<h2>Dettagli di JNR Falcon 16000 Mora Rosso Lampone<\/h2><p>Soffi: Fino a 16.000 soffi<br \/>Liquido: 22 ml<br \/>Livelli di nicotina: 0 %, 2 %, 5 %<br \/>Resistenza: 1,0 ohm<br \/>Capacit\u00e0 della batteria: 850 mAh<br \/>Ricarica: Tipo-C<br \/>Flusso d'aria regolabile: S\u00ec<br \/>Display digitale<br \/>Resistenza a doppia maglia e doppia anima<br \/>Dimensioni: 53,5 x 32 x 110 mm<\/p>\t\t\t\t\t\t\t\t<\/div>\n\t\t\t\t<\/div>\n\t\t\t\t<\/div>\n\t\t<div class=\"elementor-element elementor-element-d5e4b56 e-con-full e-flex e-con e-child\" data-id=\"d5e4b56\" data-element_type=\"container\" data-e-type=\"container\">\n\t\t\t\t<div class=\"elementor-element elementor-element-381dfcb elementor-widget elementor-widget-image-gallery\" data-id=\"381dfcb\" data-element_type=\"widget\" data-e-type=\"widget\" data-widget_type=\"image-gallery.default\">\n\t\t\t\t<div class=\"elementor-widget-container\">\n\t\t\t\t\t\t\t<div class=\"elementor-image-gallery\">\n\t\t\t<div id='gallery-1' class='gallery galleryid-1668 gallery-columns-1 gallery-size-medium_large'><figure class='gallery-item'>\n\t\t\t<div class='gallery-icon portrait'>\n\t\t\t\t<img fetchpriority=\"high\" decoding=\"async\" width=\"654\" height=\"690\" src=\"https:\/\/puffvapestore.com\/wp-content\/uploads\/2025\/03\/pvajf16000-13.jpg\" class=\"attachment-medium_large size-medium_large\" alt=\"JNR Falcon 16K Mora Rosso Lampone\" aria-describedby=\"gallery-1-1560\" srcset=\"https:\/\/puffvapestore.com\/wp-content\/uploads\/2025\/03\/pvajf16000-13.jpg 654w, https:\/\/puffvapestore.com\/wp-content\/uploads\/2025\/03\/pvajf16000-13-284x300.jpg 284w, https:\/\/puffvapestore.com\/wp-content\/uploads\/2025\/03\/pvajf16000-13-600x633.jpg 600w\" sizes=\"(max-width: 654px) 100vw, 654px\" \/>\n\t\t\t<\/div>\n\t\t\t\t<figcaption class='wp-caption-text gallery-caption' id='gallery-1-1560'>\n\t\t\t\tJNR Falcon 16K Mora Rosso Lampone\n\t\t\t\t<\/figcaption><\/figure>\n\t\t<\/div>\n\t\t<\/div>\n\t\t\t\t\t\t<\/div>\n\t\t\t\t<\/div>\n\t\t\t\t<\/div>\n\t\t\t\t\t<\/div>\n\t\t\t\t<\/div>\n\t\t<div class=\"elementor-element elementor-element-7926c6b e-flex e-con-boxed e-con e-parent\" data-id=\"7926c6b\" data-element_type=\"container\" data-e-type=\"container\">\n\t\t\t\t\t<div class=\"e-con-inner\">\n\t\t\t\t<div class=\"elementor-element elementor-element-2b41948 elementor-widget elementor-widget-text-editor\" data-id=\"2b41948\" data-element_type=\"widget\" data-e-type=\"widget\" data-widget_type=\"text-editor.default\">\n\t\t\t\t<div class=\"elementor-widget-container\">\n\t\t\t\t\t\t\t\t\t<h3>JNR Falcon Vape 16000 Blackberry Red Raspberry - Gusto pi\u00f9 duraturo, maggiore piacere<\/h3><p>Naturalmente, un'esperienza deliziosa non deve essere limitata dal tempo. JNR Falcon 16000 vi permette di assaporare il gusto squisito di questo frutto rosso per 16.000 boccate, e ogni inalazione \u00e8 una visita francese per le vostre papille gustative.<\/p><ul><li>Con una grande capacit\u00e0 di 22 ml, non \u00e8 necessario cambiarlo frequentemente e ci si pu\u00f2 immergere completamente nella fragranza delle bacche.<\/li><li>La tecnologia a doppia maglia riproduce accuratamente il sapore delicato delle more e dei lamponi rossi e ogni boccata di fumo \u00e8 fresca come la frutta appena colta.<\/li><li>Design ricaricabile (batteria da 850 mAh, compatibile con Type-C e Lightning), per un divertimento ininterrotto e coinvolgente in riva al mare francese, sempre e ovunque.<\/li><li>Il flusso d'aria \u00e8 regolabile, in modo da poterlo controllare liberamente, sia che si desideri un fumo ricco e pieno, sia che si desideri un gusto leggero e morbido.<\/li><li>Il design artigianale in cristallo non \u00e8 solo una sigaretta elettronica, ma anche un simbolo di gusto, perfettamente in linea con l'elegante stile francese.<\/li><\/ul><h3>Perch\u00e9 mora e lampone rosso?<\/h3><p>In Francia, il piacere del gusto \u00e8 uno stile di vita. <strong>Quando si sceglie Blackberry Red Raspberr<\/strong>y, scegliete un'esperienza di vaping sofisticata con un tocco francese. Non si tratta di un semplice aroma per sigarette elettroniche, ma di un'esplorazione gustativa di aromi di frutta matura, strati eleganti e un lungo retrogusto.<\/p><p>Che siate sulle rive della Senna al sole del pomeriggio o sugli Champs-Elys\u00e9es con le sue luci al neon lampeggianti di notte, questo aroma di bacche diventer\u00e0 il compagno pi\u00f9 squisito nelle vostre mani, rendendo ogni inalazione un viaggio gustativo.<\/p>\t\t\t\t\t\t\t\t<\/div>\n\t\t\t\t<\/div>\n\t\t\t\t\t<\/div>\n\t\t\t\t<\/div>\n\t\t\t\t<\/div>","protected":false},"excerpt":{"rendered":"<p>JNR Falcon Vape 16000 M\u00fbre Rouge Framboise En France, la cuisine n\u2019est pas seulement un plaisir gustatif, mais aussi un art. Lorsque la douceur profonde des m\u00fbres rencontre l&rsquo;acidit\u00e9 subtile des framboises rouges, une rencontre romantique de saveurs commence. Cette saveur de cigarette \u00e9lectronique M\u00fbre Rouge Framboise est comme un voyage \u00e0 travers les vergers [&hellip;]<\/p>\n","protected":false},"featured_media":1560,"comment_status":"open","ping_status":"closed","template":"","meta":{"site-sidebar-layout":"no-sidebar","site-content-layout":"page-builder","ast-site-content-layout":"normal-width-container","site-content-style":"default","site-sidebar-style":"default","ast-global-header-display":"","ast-banner-title-visibility":"","ast-main-header-display":"","ast-hfb-above-header-display":"","ast-hfb-below-header-display":"","ast-hfb-mobile-header-display":"","site-post-title":"disabled","ast-breadcrumbs-content":"","ast-featured-img":"disabled","footer-sml-layout":"","theme-transparent-header-meta":"default","adv-header-id-meta":"","stick-header-meta":"default","header-above-stick-meta":"","header-main-stick-meta":"","header-below-stick-meta":"","astra-migrate-meta-layouts":"set","ast-page-background-enabled":"default","ast-page-background-meta":{"desktop":{"background-color":"","background-image":"","background-repeat":"repeat","background-position":"center center","background-size":"auto","background-attachment":"scroll","background-type":"","background-media":"","overlay-type":"","overlay-color":"","overlay-opacity":"","overlay-gradient":""},"tablet":{"background-color":"","background-image":"","background-repeat":"repeat","background-position":"center center","background-size":"auto","background-attachment":"scroll","background-type":"","background-media":"","overlay-type":"","overlay-color":"","overlay-opacity":"","overlay-gradient":""},"mobile":{"background-color":"","background-image":"","background-repeat":"repeat","background-position":"center center","background-size":"auto","background-attachment":"scroll","background-type":"","background-media":"","overlay-type":"","overlay-color":"","overlay-opacity":"","overlay-gradient":""}},"ast-content-background-meta":{"desktop":{"background-color":"var(--ast-global-color-5)","background-image":"","background-repeat":"repeat","background-position":"center center","background-size":"auto","background-attachment":"scroll","background-type":"","background-media":"","overlay-type":"","overlay-color":"","overlay-opacity":"","overlay-gradient":""},"tablet":{"background-color":"var(--ast-global-color-5)","background-image":"","background-repeat":"repeat","background-position":"center center","background-size":"auto","background-attachment":"scroll","background-type":"","background-media":"","overlay-type":"","overlay-color":"","overlay-opacity":"","overlay-gradient":""},"mobile":{"background-color":"var(--ast-global-color-5)","background-image":"","background-repeat":"repeat","background-position":"center center","background-size":"auto","background-attachment":"scroll","background-type":"","background-media":"","overlay-type":"","overlay-color":"","overlay-opacity":"","overlay-gradient":""}}},"product_brand":[30],"product_cat":[15,81,77,34,35,36,31,32],"product_tag":[],"class_list":{"0":"post-1668","1":"product","2":"type-product","3":"status-publish","4":"has-post-thumbnail","6":"product_brand-jnr","7":"product_cat-magasin-cigarette-electronique","8":"product_cat-puff-16k","9":"product_cat-entrepot-de-lue","10":"product_cat-puff-jnr","11":"product_cat-jnr-vape","12":"product_cat-jnr-16k","13":"product_cat-jnr-falcon","14":"product_cat-puff-jnr-16k","15":"desktop-align-center","16":"tablet-align-center","17":"mobile-align-center","18":"ast-product-gallery-layout-horizontal","19":"ast-product-gallery-with-no-image","20":"ast-product-single-variable","21":"ast-product-tabs-layout-horizontal","22":"ast-qv-on-image","24":"first","25":"instock","26":"sale","27":"shipping-taxable","28":"purchasable","29":"product-type-variable","30":"has-default-attributes"},"tiered_pricing_type":"fixed","tiered_pricing_fixed_rules":{"30":9.88,"60":9.26,"100":8.06,"200":7.38,"500":6.98,"1000":6.8},"tiered_pricing_product_settings":{"layout":"default","base_unit_name":{"singular":null,"plural":null},"default_variation":null},"tiered_pricing_minimum_quantity":null,"tiered_pricing_roles_data":[],"tiered_pricing_percentage_rules":[],"_links":{"self":[{"href":"https:\/\/puffvapestore.com\/it\/wp-json\/wp\/v2\/product\/1668","targetHints":{"allow":["GET"]}}],"collection":[{"href":"https:\/\/puffvapestore.com\/it\/wp-json\/wp\/v2\/product"}],"about":[{"href":"https:\/\/puffvapestore.com\/it\/wp-json\/wp\/v2\/types\/product"}],"replies":[{"embeddable":true,"href":"https:\/\/puffvapestore.com\/it\/wp-json\/wp\/v2\/comments?post=1668"}],"version-history":[{"count":14,"href":"https:\/\/puffvapestore.com\/it\/wp-json\/wp\/v2\/product\/1668\/revisions"}],"predecessor-version":[{"id":9515,"href":"https:\/\/puffvapestore.com\/it\/wp-json\/wp\/v2\/product\/1668\/revisions\/9515"}],"wp:featuredmedia":[{"embeddable":true,"href":"https:\/\/puffvapestore.com\/it\/wp-json\/wp\/v2\/media\/1560"}],"wp:attachment":[{"href":"https:\/\/puffvapestore.com\/it\/wp-json\/wp\/v2\/media?parent=1668"}],"wp:term":[{"taxonomy":"product_brand","embeddable":true,"href":"https:\/\/puffvapestore.com\/it\/wp-json\/wp\/v2\/product_brand?post=1668"},{"taxonomy":"product_cat","embeddable":true,"href":"https:\/\/puffvapestore.com\/it\/wp-json\/wp\/v2\/product_cat?post=1668"},{"taxonomy":"product_tag","embeddable":true,"href":"https:\/\/puffvapestore.com\/it\/wp-json\/wp\/v2\/product_tag?post=1668"}],"curies":[{"name":"wp","href":"https:\/\/api.w.org\/{rel}","templated":true}]}}