{"id":3,"date":"2025-03-23T09:13:23","date_gmt":"2025-03-23T09:13:23","guid":{"rendered":"https:\/\/puffvapestore.com\/?page_id=3"},"modified":"2025-03-24T07:27:33","modified_gmt":"2025-03-24T07:27:33","slug":"politique-de-confidentialite","status":"publish","type":"page","link":"https:\/\/puffvapestore.com\/it\/informativa-sulla-privacy\/","title":{"rendered":"Informativa sulla privacy"},"content":{"rendered":"<div data-elementor-type=\"wp-page\" data-elementor-id=\"3\" class=\"elementor elementor-3\">\n\t\t\t\t<div class=\"elementor-element elementor-element-84991eb e-flex e-con-boxed e-con e-parent\" data-id=\"84991eb\" data-element_type=\"container\" data-e-type=\"container\">\n\t\t\t\t\t<div class=\"e-con-inner\">\n\t\t<div class=\"elementor-element elementor-element-9e8c2e3 e-con-full e-flex e-con e-child\" data-id=\"9e8c2e3\" data-element_type=\"container\" data-e-type=\"container\">\n\t\t\t\t<div class=\"elementor-element elementor-element-77c916f elementor-widget elementor-widget-text-editor\" data-id=\"77c916f\" data-element_type=\"widget\" data-e-type=\"widget\" data-widget_type=\"text-editor.default\">\n\t\t\t\t<div class=\"elementor-widget-container\">\n\t\t\t\t\t\t\t\t\t<h1>Informativa sulla privacy<\/h1><p>La presente Informativa sulla privacy spiega come noi (il \u00abSito\u00bb, \u00abnoi\u00bb o \u00abci\u00bb) raccogliamo, utilizziamo e divulghiamo i vostri dati personali quando visitate, utilizzate i nostri servizi o effettuate un acquisto dal nostro sito web (il \u00abSito\u00bb) o comunicate in altro modo con noi riguardo al Sito (collettivamente, i \u00abServizi\u00bb). Ai fini della presente Informativa sulla privacy, \u00abvoi\u00bb, \u00abvostro\u00bb e \u00abvostro\u00bb si riferiscono all'utente dei Servizi, sia esso un cliente, un visitatore del Sito o un'altra persona di cui raccogliamo le informazioni ai sensi della presente Informativa sulla privacy.<\/p><h2>Come raccogliamo e utilizziamo i vostri dati personali<\/h2><p>Per fornire i Servizi, raccogliamo le informazioni personali dell'utente da diverse fonti, come descritto di seguito. Le informazioni raccolte e utilizzate dipendono dal modo in cui l'utente interagisce con noi.<\/p><p>Oltre agli usi specifici indicati di seguito, possiamo utilizzare le informazioni raccolte sull'utente per comunicare con lui, per fornire o migliorare i Servizi, per ottemperare a qualsiasi obbligo legale applicabile, per far rispettare i Termini di servizio applicabili e per proteggere o difendere i Servizi, i nostri diritti e i diritti dei nostri utenti o di altri.<\/p><h2>Informazioni personali raccolte<\/h2><p>I tipi di informazioni personali che otteniamo su di voi dipendono dal modo in cui interagite con il nostro sito web e utilizzate i nostri servizi. Quando utilizziamo il termine \u00abinformazioni personali\u00bb, intendiamo informazioni che vi identificano, vi riguardano, vi descrivono o possono essere associate a voi. Le sezioni seguenti descrivono le categorie e i tipi specifici di informazioni personali che raccogliamo.<\/p><h2>Informazioni che raccogliamo direttamente da voi<\/h2><p>Le informazioni che ci inviate direttamente tramite i nostri Servizi possono includere:<\/p><p>Dati di contatto, tra cui nome, indirizzo, numero di telefono e indirizzo e-mail.<br \/>I dati dell'ordine comprendono il nome, l'indirizzo di fatturazione, l'indirizzo di consegna, la conferma di pagamento, l'indirizzo e-mail e il numero di telefono.<br \/>Le informazioni sull'account includono il nome utente, la password, le domande di sicurezza e altre informazioni utilizzate per la sicurezza dell'account.<br \/>Le informazioni sul servizio clienti comprendono le informazioni che l'utente sceglie di includere nelle sue comunicazioni con noi, ad esempio quando invia un messaggio tramite i Servizi.<br \/>Alcune funzioni dei Servizi possono richiedere all'utente di fornire direttamente a noi alcune informazioni su di lui. L'utente pu\u00f2 scegliere di non fornire tali informazioni, ma ci\u00f2 potrebbe impedirgli di utilizzare o accedere a tali funzionalit\u00e0.<\/p><h2>Informazioni raccolte sul vostro utilizzo<\/h2><p>Possiamo anche raccogliere automaticamente alcune informazioni sulle vostre interazioni con il Servizio (\u00abDati di utilizzo\u00bb). A tal fine, possiamo utilizzare cookie, pixel e tecnologie simili (\u00abcookie\u00bb). I Dati di utilizzo possono includere informazioni sul modo in cui l'utente accede e utilizza il nostro sito web e il suo account, tra cui informazioni sul dispositivo, informazioni sul browser, informazioni sulla sua connessione di rete, il suo indirizzo IP e altre informazioni sulla sua interazione con il Servizio.<\/p><h2>Come utilizziamo i vostri dati personali<\/h2><p>Per fornire prodotti e servizi. Utilizziamo i vostri dati personali per fornirvi servizi al fine di eseguire il nostro contratto con voi, tra cui l'elaborazione dei vostri pagamenti, l'evasione dei vostri ordini, l'invio di notifiche relative al vostro account, i vostri acquisti, resi, cambi o altre transazioni, la creazione, la manutenzione e la gestione del vostro account, l'organizzazione delle spedizioni, la facilitazione dei resi e dei cambi e altre funzioni relative all'account.<\/p><p>Marketing e pubblicit\u00e0. Possiamo utilizzare i vostri dati personali per scopi di marketing e promozionali, come l'invio di comunicazioni di marketing, pubblicitarie e promozionali via e-mail, SMS o posta, e la visualizzazione di pubblicit\u00e0 di prodotti o servizi. Ci\u00f2 pu\u00f2 includere l'utilizzo dei vostri dati personali per adattare meglio i servizi e la pubblicit\u00e0 sul nostro sito e su altri siti. Se vi trovate nello Spazio Economico Europeo (SEE), la base giuridica per queste attivit\u00e0 di trattamento dei dati \u00e8 il nostro legittimo interesse a vendere i nostri prodotti, ai sensi dell'art. 6(1)(f). Articolo 6(1)(f) del GDPR.<\/p><p>Sicurezza e prevenzione delle frodi. Utilizziamo le informazioni personali dell'utente per individuare, indagare o prendere provvedimenti in merito a possibili attivit\u00e0 fraudolente, illegali o dannose. Se scegliete di utilizzare i Servizi e di creare un account, siete responsabili della sicurezza delle vostre credenziali di accesso. Si consiglia vivamente di non condividere il nome utente, la password o altre informazioni di accesso. Se ritenete che il vostro account sia stato compromesso, contattateci immediatamente. Se l'utente si trova nello Spazio economico europeo (SEE), la base giuridica per queste attivit\u00e0 di elaborazione dei dati \u00e8 il nostro legittimo interesse a mantenere la sicurezza del nostro sito web per l'utente e per gli altri clienti, in conformit\u00e0 con l'Articolo 6. Articolo 6(1)(f) del GDPR.<\/p><p>Comunicare con voi e migliorare i Servizi. Utilizziamo i vostri dati personali per fornirvi un servizio di assistenza clienti e per migliorare i nostri servizi. \u00c8 nostro legittimo interesse garantire la nostra reattivit\u00e0 e fornirvi un servizio efficiente e mantenere il nostro rapporto commerciale con voi in conformit\u00e0 all'Articolo 6. Articolo 6(1)(f) del GDPR.<\/p><h2>Gestione dei cookie e di altri identificatori<\/h2><p>I siti web utilizzano i \u00abcookie\u00bb e altri strumenti simili per migliorare l'esperienza di acquisto, fornire servizi e capire come i clienti utilizzano i nostri servizi in modo da poter apportare miglioramenti.<\/p><p>Il menu \u00abAiuto\u00bb della maggior parte dei browser e dei dispositivi contiene istruzioni su come impedire al browser o al dispositivo di accettare nuovi cookie, su come gestire le notifiche quando si riceve un nuovo cookie e su come disattivare completamente i cookie. Poich\u00e9 i cookie consentono di utilizzare alcuni servizi essenziali, si consiglia di mantenerli attivi. Ad esempio, se bloccate o rifiutate i nostri cookie, non potrete aggiungere articoli al vostro carrello, completare il vostro ordine o utilizzare servizi che richiedono l'autenticazione.<\/p><p>Se desiderate navigare sul nostro sito web ma non volete che la vostra attivit\u00e0 di navigazione sia associata al vostro account, potete uscire dal vostro account e disabilitare i cookie nel vostro browser.<\/p><p>Scopo della raccolta dei dati: raccogliamo questi dati per garantire la corretta visualizzazione del sito web sul vostro dispositivo e per analizzare l'utilizzo del sito web al fine di ottimizzarlo.<\/p><p>Come raccogliamo i dati: Quando utilizzate il nostro sito web, raccogliamo automaticamente dati tramite cookie, file di log, web beacon, tag, pixel o altre tecnologie di tracciamento digitale.<\/p><p>Utilizzo dei dati personali: utilizziamo i vostri dati personali per fornire i nostri servizi, tra cui la vendita di prodotti, l'elaborazione dei pagamenti, l'evasione degli ordini e la fornitura di nuovi prodotti e offerte.<\/p><p>Contatti : Per saperne di pi\u00f9 sulle nostre pratiche in materia di privacy o per sollevare domande o dubbi, contattateci tramite l'indirizzo e-mail ufficiale.<\/p>\t\t\t\t\t\t\t\t<\/div>\n\t\t\t\t<\/div>\n\t\t\t\t<\/div>\n\t\t\t\t\t<\/div>\n\t\t\t\t<\/div>\n\t\t\t\t<\/div>","protected":false},"excerpt":{"rendered":"<p>politique de confidentialit\u00e9 Cette politique de confidentialit\u00e9 explique comment nous (le \u00ab Site \u00bb, \u00ab nous \u00bb ou \u00ab nos \u00bb) collectons, utilisons et divulguons vos informations personnelles lorsque vous visitez, utilisez nos services ou effectuez un achat sur notre site Web (le \u00ab Site \u00bb) ou communiquez autrement avec nous concernant le Site (collectivement, [&hellip;]<\/p>","protected":false},"author":1,"featured_media":0,"parent":0,"menu_order":11,"comment_status":"closed","ping_status":"open","template":"","meta":{"site-sidebar-layout":"no-sidebar","site-content-layout":"page-builder","ast-site-content-layout":"full-width-container","site-content-style":"default","site-sidebar-style":"default","ast-global-header-display":"","ast-banner-title-visibility":"","ast-main-header-display":"","ast-hfb-above-header-display":"","ast-hfb-below-header-display":"","ast-hfb-mobile-header-display":"","site-post-title":"disabled","ast-breadcrumbs-content":"","ast-featured-img":"disabled","footer-sml-layout":"","theme-transparent-header-meta":"","adv-header-id-meta":"","stick-header-meta":"","header-above-stick-meta":"","header-main-stick-meta":"","header-below-stick-meta":"","astra-migrate-meta-layouts":"set","ast-page-background-enabled":"default","ast-page-background-meta":{"desktop":{"background-color":"","background-image":"","background-repeat":"repeat","background-position":"center center","background-size":"auto","background-attachment":"scroll","background-type":"","background-media":"","overlay-type":"","overlay-color":"","overlay-opacity":"","overlay-gradient":""},"tablet":{"background-color":"","background-image":"","background-repeat":"repeat","background-position":"center center","background-size":"auto","background-attachment":"scroll","background-type":"","background-media":"","overlay-type":"","overlay-color":"","overlay-opacity":"","overlay-gradient":""},"mobile":{"background-color":"","background-image":"","background-repeat":"repeat","background-position":"center center","background-size":"auto","background-attachment":"scroll","background-type":"","background-media":"","overlay-type":"","overlay-color":"","overlay-opacity":"","overlay-gradient":""}},"ast-content-background-meta":{"desktop":{"background-color":"var(--ast-global-color-5)","background-image":"","background-repeat":"repeat","background-position":"center center","background-size":"auto","background-attachment":"scroll","background-type":"","background-media":"","overlay-type":"","overlay-color":"","overlay-opacity":"","overlay-gradient":""},"tablet":{"background-color":"var(--ast-global-color-5)","background-image":"","background-repeat":"repeat","background-position":"center center","background-size":"auto","background-attachment":"scroll","background-type":"","background-media":"","overlay-type":"","overlay-color":"","overlay-opacity":"","overlay-gradient":""},"mobile":{"background-color":"var(--ast-global-color-5)","background-image":"","background-repeat":"repeat","background-position":"center center","background-size":"auto","background-attachment":"scroll","background-type":"","background-media":"","overlay-type":"","overlay-color":"","overlay-opacity":"","overlay-gradient":""}},"footnotes":""},"class_list":["post-3","page","type-page","status-publish","hentry"],"_links":{"self":[{"href":"https:\/\/puffvapestore.com\/it\/wp-json\/wp\/v2\/pages\/3","targetHints":{"allow":["GET"]}}],"collection":[{"href":"https:\/\/puffvapestore.com\/it\/wp-json\/wp\/v2\/pages"}],"about":[{"href":"https:\/\/puffvapestore.com\/it\/wp-json\/wp\/v2\/types\/page"}],"author":[{"embeddable":true,"href":"https:\/\/puffvapestore.com\/it\/wp-json\/wp\/v2\/users\/1"}],"replies":[{"embeddable":true,"href":"https:\/\/puffvapestore.com\/it\/wp-json\/wp\/v2\/comments?post=3"}],"version-history":[{"count":4,"href":"https:\/\/puffvapestore.com\/it\/wp-json\/wp\/v2\/pages\/3\/revisions"}],"predecessor-version":[{"id":1757,"href":"https:\/\/puffvapestore.com\/it\/wp-json\/wp\/v2\/pages\/3\/revisions\/1757"}],"wp:attachment":[{"href":"https:\/\/puffvapestore.com\/it\/wp-json\/wp\/v2\/media?parent=3"}],"curies":[{"name":"wp","href":"https:\/\/api.w.org\/{rel}","templated":true}]}}