{"id":6868,"date":"2025-08-24T02:20:23","date_gmt":"2025-08-24T02:20:23","guid":{"rendered":"https:\/\/puffvapestore.com\/?post_type=product&#038;p=6868"},"modified":"2026-01-19T10:31:54","modified_gmt":"2026-01-19T10:31:54","slug":"watermelon-bang-king-35k-offre-une-saveur-vive-et-authentique-de-pasteque","status":"publish","type":"product","link":"https:\/\/puffvapestore.com\/es\/product\/sandia-bang-king-35k-ofrece-un-sabor-vivo-y-autentico-de-pasteque\/","title":{"rendered":"Sand\u00eda - Bang King 35K"},"content":{"rendered":"<div data-elementor-type=\"wp-post\" data-elementor-id=\"6868\" class=\"elementor elementor-6868\">\n\t\t\t\t<div class=\"elementor-element elementor-element-08c26f9 e-flex e-con-boxed e-con e-parent\" data-id=\"08c26f9\" data-element_type=\"container\" data-e-type=\"container\">\n\t\t\t\t\t<div class=\"e-con-inner\">\n\t\t\t\t<div class=\"elementor-element elementor-element-a005a97 elementor-widget elementor-widget-text-editor\" data-id=\"a005a97\" data-element_type=\"widget\" data-e-type=\"widget\" data-widget_type=\"text-editor.default\">\n\t\t\t\t<div class=\"elementor-widget-container\">\n\t\t\t\t\t\t\t\t\t<p>Sand\u00eda Bang King 35000 ofrece un animado y aut\u00e9ntico sabor a sand\u00eda, complementado con una refrescante nota verde y una delicada sensaci\u00f3n en boca, proporcionando una refrescante experiencia veraniega. Dulce y refrescante a la vez.<\/p><p>El sabor a sand\u00eda tiene un gusto fresco y jugoso, que recuerda a la sand\u00eda reci\u00e9n cortada, y un aroma rico y afrutado. Su dulzor es moderado, sin ser demasiado pronunciado, reproduciendo perfectamente el dulzor natural de la sand\u00eda.<\/p><h2>Un aroma afrutado rico y complejo<\/h2><p>M\u00e1s all\u00e1 del sabor limpio de la sand\u00eda, un sutil frescor de mel\u00f3n, matizado con un toque de hojas verdes frescas, a\u00f1ade profundidad al paladar, haciendo que el conjunto sea vibrante y vivo, en lugar de mon\u00f3tono.<\/p><h2>Sabor delicado y cremoso<\/h2><p>La expresi\u00f3n arom\u00e1tica va acompa\u00f1ada de una sensaci\u00f3n sutil y h\u00fameda, como si el zumo fluyera suavemente en la boca, creando una experiencia extraordinariamente suave. Este delicado sabor realza la experiencia global, dejando una sensaci\u00f3n refrescante que quita la sed.<\/p><h2>El final es refrescante pero no abrumador.<\/h2><p>El regusto es ligeramente dulce y fresco, sin az\u00facar pesado persistente, dejando una sensaci\u00f3n refrescante en el paladar. Es perfecto para el verano o para un peque\u00f1o aperitivo.<\/p><p>Aunque el dulzor general es notable, no resulta mon\u00f3tono. La acidez equilibrada confiere al sabor una sensaci\u00f3n viva y el\u00e1stica, sin resultar empalagoso ni soso.<\/p><h2>Pantalla LED de alta definici\u00f3n<\/h2><p>El Bang King 35000 Watermelon incorpora una innovadora pantalla LED inteligente que muestra el estado del dispositivo en tiempo real. Esta pantalla f\u00e1cil de usar muestra informaci\u00f3n clave como la duraci\u00f3n restante de la bater\u00eda y el nivel de e-l\u00edquido, facilitando a los usuarios el control de su consumo. La pantalla es pr\u00e1ctica y garantiza un uso \u00f3ptimo en caso de que la bater\u00eda se agote o el nivel de e-l\u00edquido sea bajo.<\/p><h2>Gran capacidad de e-l\u00edquido<\/h2><p>El Bang King 35000 Watermelon est\u00e1 precargado con 23 ml de e-l\u00edquido de primera calidad, lo que garantiza un uso prolongado sin necesidad de rellenarlo. Esta gran capacidad es ideal para aquellos que buscan una experiencia duradera y sin preocupaciones, ya sean usuarios ocasionales o intensivos. Su dise\u00f1o precargado elimina la molestia de las recargas manuales de e-l\u00edquido, ofreciendo una soluci\u00f3n sencilla y lista para usar.<\/p><p>Dise\u00f1ado para una larga durabilidad, el Bang King 35000 ofrece la impresionante cifra de 35.000 caladas por unidad. Este elevado n\u00famero de caladas lo convierte en uno de los cigarrillos electr\u00f3nicos desechables m\u00e1s duraderos del mercado, satisfaciendo las necesidades de los usuarios que prefieren un uso duradero sin tener que sustituir el dispositivo con frecuencia. Un alto ciclo de caladas garantiza un rendimiento duradero y constante, por lo que es una opci\u00f3n asequible para los vapers.<\/p><h2>M\u00faltiples dosis de nicotina y tecnolog\u00eda de resistencia Mesh<\/h2><p>El Bang King 35000 Sand\u00eda ofrece una variedad de dosis de nicotina para adaptarse a cada necesidad: 0 %, 2 %, 3 % y 5 %. Tanto si buscas una experiencia sin nicotina o un vapeo m\u00e1s intenso, estas opciones ofrecen una gran flexibilidad, tanto para los principiantes que abandonan los cigarrillos tradicionales como para los vapeadores experimentados que buscan una experiencia personalizada. Esta gama satisface una gran variedad de necesidades y atrae a un p\u00fablico muy amplio.<\/p><p>En el coraz\u00f3n del Bang King 35000 Watermelon hay una resistencia Mesh de 0,6 \u03a9 dise\u00f1ada para optimizar el sabor y la producci\u00f3n de vapor. La mayor superficie de la resistencia Mesh asegura un calentamiento uniforme, para un sabor consistente y rico y una experiencia de vapeo suave y c\u00f3moda. Esta avanzada tecnolog\u00eda mejora la experiencia general de vapeo, ofreciendo un sabor y un rendimiento superiores en comparaci\u00f3n con las resistencias tradicionales.<\/p><h2>Bater\u00eda recargable<\/h2><p>El Bang King 35000 Watermelon est\u00e1 equipado con una bater\u00eda recargable de 1000 mAh, que combina la comodidad de un cigarrillo electr\u00f3nico desechable con la durabilidad de una bater\u00eda recargable. Su bater\u00eda de alta capacidad permite un uso prolongado, y el puerto de carga Type-C garantiza una carga r\u00e1pida y eficiente. Esta caracter\u00edstica minimiza el tiempo de inactividad, permitiendo a los usuarios vaporizar sin interrupci\u00f3n.<\/p>\t\t\t\t\t\t\t\t<\/div>\n\t\t\t\t<\/div>\n\t\t\t\t\t<\/div>\n\t\t\t\t<\/div>\n\t\t\t\t<\/div>","protected":false},"excerpt":{"rendered":"<p>La past\u00e8que Bang King 35000 offre une saveur vive et authentique de past\u00e8que, compl\u00e9t\u00e9e par une note verte rafra\u00eechissante et une sensation en bouche d\u00e9licate, offrant une exp\u00e9rience estivale rafra\u00eechissante. \u00c0 la fois sucr\u00e9e et rafra\u00eechissante. La saveur past\u00e8que offre d&rsquo;abord une saveur fra\u00eeche et juteuse, rappelant la past\u00e8que fra\u00eechement coup\u00e9e, et un ar\u00f4me riche [&hellip;]<\/p>\n","protected":false},"featured_media":6670,"comment_status":"open","ping_status":"closed","template":"","meta":{"site-sidebar-layout":"no-sidebar","site-content-layout":"page-builder","ast-site-content-layout":"normal-width-container","site-content-style":"default","site-sidebar-style":"default","ast-global-header-display":"","ast-banner-title-visibility":"","ast-main-header-display":"","ast-hfb-above-header-display":"","ast-hfb-below-header-display":"","ast-hfb-mobile-header-display":"","site-post-title":"disabled","ast-breadcrumbs-content":"","ast-featured-img":"disabled","footer-sml-layout":"","ast-disable-related-posts":"","theme-transparent-header-meta":"default","adv-header-id-meta":"","stick-header-meta":"default","header-above-stick-meta":"","header-main-stick-meta":"","header-below-stick-meta":"","astra-migrate-meta-layouts":"set","ast-page-background-enabled":"default","ast-page-background-meta":{"desktop":{"background-color":"","background-image":"","background-repeat":"repeat","background-position":"center center","background-size":"auto","background-attachment":"scroll","background-type":"","background-media":"","overlay-type":"","overlay-color":"","overlay-opacity":"","overlay-gradient":""},"tablet":{"background-color":"","background-image":"","background-repeat":"repeat","background-position":"center center","background-size":"auto","background-attachment":"scroll","background-type":"","background-media":"","overlay-type":"","overlay-color":"","overlay-opacity":"","overlay-gradient":""},"mobile":{"background-color":"","background-image":"","background-repeat":"repeat","background-position":"center center","background-size":"auto","background-attachment":"scroll","background-type":"","background-media":"","overlay-type":"","overlay-color":"","overlay-opacity":"","overlay-gradient":""}},"ast-content-background-meta":{"desktop":{"background-color":"var(--ast-global-color-5)","background-image":"","background-repeat":"repeat","background-position":"center center","background-size":"auto","background-attachment":"scroll","background-type":"","background-media":"","overlay-type":"","overlay-color":"","overlay-opacity":"","overlay-gradient":""},"tablet":{"background-color":"var(--ast-global-color-5)","background-image":"","background-repeat":"repeat","background-position":"center center","background-size":"auto","background-attachment":"scroll","background-type":"","background-media":"","overlay-type":"","overlay-color":"","overlay-opacity":"","overlay-gradient":""},"mobile":{"background-color":"var(--ast-global-color-5)","background-image":"","background-repeat":"repeat","background-position":"center center","background-size":"auto","background-attachment":"scroll","background-type":"","background-media":"","overlay-type":"","overlay-color":"","overlay-opacity":"","overlay-gradient":""}}},"product_brand":[52],"product_cat":[57,105,15],"product_tag":[],"class_list":{"0":"post-6868","1":"product","2":"type-product","3":"status-publish","4":"has-post-thumbnail","6":"product_brand-bang-king","7":"product_cat-bang-king-35k-resistance-mesh","8":"product_cat-puff-35k","9":"product_cat-magasin-cigarette-electronique","10":"desktop-align-center","11":"tablet-align-center","12":"mobile-align-center","13":"ast-product-gallery-layout-horizontal","14":"ast-product-gallery-with-no-image","15":"ast-product-single-variable","16":"ast-product-tabs-layout-horizontal","17":"ast-qv-on-image","19":"first","20":"instock","21":"sale","22":"shipping-taxable","23":"purchasable","24":"product-type-variable","25":"has-default-attributes"},"tiered_pricing_type":"fixed","tiered_pricing_fixed_rules":{"50":6.83,"100":6.22},"tiered_pricing_product_settings":{"layout":"default","base_unit_name":{"singular":null,"plural":null},"default_variation":null},"tiered_pricing_minimum_quantity":null,"tiered_pricing_roles_data":[],"tiered_pricing_percentage_rules":[],"_links":{"self":[{"href":"https:\/\/puffvapestore.com\/es\/wp-json\/wp\/v2\/product\/6868","targetHints":{"allow":["GET"]}}],"collection":[{"href":"https:\/\/puffvapestore.com\/es\/wp-json\/wp\/v2\/product"}],"about":[{"href":"https:\/\/puffvapestore.com\/es\/wp-json\/wp\/v2\/types\/product"}],"replies":[{"embeddable":true,"href":"https:\/\/puffvapestore.com\/es\/wp-json\/wp\/v2\/comments?post=6868"}],"version-history":[{"count":7,"href":"https:\/\/puffvapestore.com\/es\/wp-json\/wp\/v2\/product\/6868\/revisions"}],"predecessor-version":[{"id":7228,"href":"https:\/\/puffvapestore.com\/es\/wp-json\/wp\/v2\/product\/6868\/revisions\/7228"}],"wp:featuredmedia":[{"embeddable":true,"href":"https:\/\/puffvapestore.com\/es\/wp-json\/wp\/v2\/media\/6670"}],"wp:attachment":[{"href":"https:\/\/puffvapestore.com\/es\/wp-json\/wp\/v2\/media?parent=6868"}],"wp:term":[{"taxonomy":"product_brand","embeddable":true,"href":"https:\/\/puffvapestore.com\/es\/wp-json\/wp\/v2\/product_brand?post=6868"},{"taxonomy":"product_cat","embeddable":true,"href":"https:\/\/puffvapestore.com\/es\/wp-json\/wp\/v2\/product_cat?post=6868"},{"taxonomy":"product_tag","embeddable":true,"href":"https:\/\/puffvapestore.com\/es\/wp-json\/wp\/v2\/product_tag?post=6868"}],"curies":[{"name":"wp","href":"https:\/\/api.w.org\/{rel}","templated":true}]}}