{"id":6835,"date":"2025-08-17T04:01:37","date_gmt":"2025-08-17T04:01:37","guid":{"rendered":"https:\/\/puffvapestore.com\/?post_type=product&#038;p=6835"},"modified":"2026-01-19T10:31:54","modified_gmt":"2026-01-19T10:31:54","slug":"love-66-bang-king-35k-offre-un-arome-sucre-et-fruite","status":"publish","type":"product","link":"https:\/\/puffvapestore.com\/es\/product\/love-66-bang-king-35k-ofrece-un-aroma-dulce-y-afrutado\/","title":{"rendered":"Amor 66 - Bang King 35000"},"content":{"rendered":"<div data-elementor-type=\"wp-post\" data-elementor-id=\"6835\" class=\"elementor elementor-6835\">\n\t\t\t\t<div class=\"elementor-element elementor-element-08c26f9 e-flex e-con-boxed e-con e-parent\" data-id=\"08c26f9\" data-element_type=\"container\" data-e-type=\"container\">\n\t\t\t\t\t<div class=\"e-con-inner\">\n\t\t\t\t<div class=\"elementor-element elementor-element-a005a97 elementor-widget elementor-widget-text-editor\" data-id=\"a005a97\" data-element_type=\"widget\" data-e-type=\"widget\" data-widget_type=\"text-editor.default\">\n\t\t\t\t<div class=\"elementor-widget-container\">\n\t\t\t\t\t\t\t\t\t<p>Bang King 35000 Love 66 es famosa por su sabor rico y complejo. Su equilibrio general ofrece un aroma dulce y afrutado con una sensaci\u00f3n refrescante y ligeramente fr\u00eda, ideal para los amantes de los sabores complejos.<\/p><h2>Detalles de Love 66 flavour<\/h2><p><strong>Notas afrutadas<\/strong><br \/>El cigarrillo electr\u00f3nico Love 66 ofrece un pronunciado sabor afrutado, basado principalmente en bayas maduras como ar\u00e1ndanos y moras, con un sabor naturalmente agridulce. Nada m\u00e1s vapear, sentir\u00e1 inicialmente un dulzor afrutado y una ligera acidez, creando una experiencia rica y compleja sin resultar mon\u00f3tona.<\/p><p><strong>Suave y fresco<\/strong><br \/>Love 66 tiene un dulzor moderado, redondo pero no excesivo, que complementa a la perfecci\u00f3n su aroma afrutado. Un toque de menta o ligero frescor impregna el dulzor, creando un sabor general refrescante y agradable. El frescor en la inhalaci\u00f3n no irrita la garganta, acentuando la frescura en el paladar.<\/p><p><strong>Aromas sutiles de tabaco y frutos secos<\/strong><br \/>M\u00e1s all\u00e1 de sus notas afrutadas y dulces, Love 66 tambi\u00e9n ofrece un sutil cuerpo de tabaco, similar a un sabor a nuez ligeramente tostado, que a\u00f1ade profundidad y complejidad. Este sutil aroma a nuez aporta dimensi\u00f3n y calidez al paladar.<\/p><p><strong>Final<\/strong><br \/>El final es limpio, con un sutil frescor afrutado y mentolado. El aroma perdura moderadamente, sin estorbar en la siguiente calada y sin ser demasiado ligero.<\/p><h2>Pantalla LED de alta definici\u00f3n<\/h2><p>El Bang King 35000 Love 66 incorpora una innovadora pantalla LED inteligente que muestra el estado del dispositivo en tiempo real. Esta pantalla f\u00e1cil de usar muestra informaci\u00f3n clave como la duraci\u00f3n restante de la bater\u00eda y el nivel de e-l\u00edquido, facilitando a los usuarios el control de su consumo. La pantalla es pr\u00e1ctica y garantiza un uso \u00f3ptimo en caso de que la bater\u00eda se agote o el nivel de e-l\u00edquido sea bajo.<\/p><h2>Gran capacidad de e-l\u00edquido<\/h2><p>El Bang King 35000 Love 66 est\u00e1 precargado con 23 ml de e-l\u00edquido de primera calidad, lo que garantiza un uso prolongado sin necesidad de rellenarlo. Esta gran capacidad es ideal para aquellos que buscan una experiencia duradera y sin complicaciones, ya sean usuarios ocasionales o intensivos. Su dise\u00f1o precargado elimina la molestia de las recargas manuales de e-l\u00edquido, ofreciendo una soluci\u00f3n sencilla y lista para usar.<\/p><p>Dise\u00f1ado para una larga durabilidad, el Bang King 35000 ofrece la impresionante cifra de 35.000 caladas por unidad. Este elevado n\u00famero de caladas lo convierte en uno de los cigarrillos electr\u00f3nicos desechables m\u00e1s duraderos del mercado, satisfaciendo las necesidades de los usuarios que prefieren un uso duradero sin tener que sustituir el dispositivo con frecuencia. Un alto ciclo de caladas garantiza un rendimiento duradero y constante, por lo que es una opci\u00f3n asequible para los vapers.<\/p><h2>M\u00faltiples dosis de nicotina y tecnolog\u00eda de resistencia Mesh<\/h2><p>El Bang King 35000 Love 66 ofrece una variedad de dosis de nicotina para adaptarse a cada necesidad: 0 %, 2 %, 3 % y 5 %. Tanto si buscas una experiencia sin nicotina o un vapeo m\u00e1s intenso, estas opciones ofrecen una gran flexibilidad, tanto para los principiantes que abandonan los cigarrillos tradicionales como para los vapeadores experimentados que buscan una experiencia personalizada. Esta gama satisface una gran variedad de necesidades y atrae a un p\u00fablico muy amplio.<\/p><p>En el coraz\u00f3n del Bang King 35000 hay una resistencia Mesh de 0,6 \u03a9 dise\u00f1ada para optimizar el sabor y la producci\u00f3n de vapor. La mayor superficie de la resistencia Mesh asegura un calentamiento uniforme, para un sabor consistente y rico y una experiencia de vapeo suave y c\u00f3moda. Esta avanzada tecnolog\u00eda mejora la experiencia general de vapeo, ofreciendo un sabor y un rendimiento superiores en comparaci\u00f3n con las resistencias tradicionales.<\/p><h2>Bater\u00eda recargable<\/h2><p>El Bang King 35000 Love 66 est\u00e1 equipado con una bater\u00eda recargable de 1000 mAh, que combina la comodidad de un cigarrillo electr\u00f3nico desechable con la durabilidad de una bater\u00eda recargable. Su bater\u00eda de alta capacidad permite un uso prolongado, y el puerto de carga Type-C garantiza una carga r\u00e1pida y eficiente. Esta caracter\u00edstica minimiza el tiempo de inactividad, permitiendo a los usuarios vaporizar sin interrupci\u00f3n.<\/p>\t\t\t\t\t\t\t\t<\/div>\n\t\t\t\t<\/div>\n\t\t\t\t\t<\/div>\n\t\t\t\t<\/div>\n\t\t\t\t<\/div>","protected":false},"excerpt":{"rendered":"<p>La Bang King 35000 Love 66 est r\u00e9put\u00e9e pour sa saveur riche et complexe. Son \u00e9quilibre global offre un ar\u00f4me sucr\u00e9 et fruit\u00e9 avec une sensation rafra\u00eechissante et l\u00e9g\u00e8rement rafra\u00eechissante, id\u00e9ale pour les amateurs de saveurs complexes. D\u00e9tails de la saveur Love 66 Notes fruit\u00e9es La cigarette \u00e9lectronique Love 66 offre une saveur fruit\u00e9e prononc\u00e9e, [&hellip;]<\/p>\n","protected":false},"featured_media":6665,"comment_status":"open","ping_status":"closed","template":"","meta":{"site-sidebar-layout":"no-sidebar","site-content-layout":"page-builder","ast-site-content-layout":"normal-width-container","site-content-style":"default","site-sidebar-style":"default","ast-global-header-display":"","ast-banner-title-visibility":"","ast-main-header-display":"","ast-hfb-above-header-display":"","ast-hfb-below-header-display":"","ast-hfb-mobile-header-display":"","site-post-title":"disabled","ast-breadcrumbs-content":"","ast-featured-img":"disabled","footer-sml-layout":"","ast-disable-related-posts":"","theme-transparent-header-meta":"default","adv-header-id-meta":"","stick-header-meta":"default","header-above-stick-meta":"","header-main-stick-meta":"","header-below-stick-meta":"","astra-migrate-meta-layouts":"set","ast-page-background-enabled":"default","ast-page-background-meta":{"desktop":{"background-color":"","background-image":"","background-repeat":"repeat","background-position":"center center","background-size":"auto","background-attachment":"scroll","background-type":"","background-media":"","overlay-type":"","overlay-color":"","overlay-opacity":"","overlay-gradient":""},"tablet":{"background-color":"","background-image":"","background-repeat":"repeat","background-position":"center center","background-size":"auto","background-attachment":"scroll","background-type":"","background-media":"","overlay-type":"","overlay-color":"","overlay-opacity":"","overlay-gradient":""},"mobile":{"background-color":"","background-image":"","background-repeat":"repeat","background-position":"center center","background-size":"auto","background-attachment":"scroll","background-type":"","background-media":"","overlay-type":"","overlay-color":"","overlay-opacity":"","overlay-gradient":""}},"ast-content-background-meta":{"desktop":{"background-color":"var(--ast-global-color-5)","background-image":"","background-repeat":"repeat","background-position":"center center","background-size":"auto","background-attachment":"scroll","background-type":"","background-media":"","overlay-type":"","overlay-color":"","overlay-opacity":"","overlay-gradient":""},"tablet":{"background-color":"var(--ast-global-color-5)","background-image":"","background-repeat":"repeat","background-position":"center center","background-size":"auto","background-attachment":"scroll","background-type":"","background-media":"","overlay-type":"","overlay-color":"","overlay-opacity":"","overlay-gradient":""},"mobile":{"background-color":"var(--ast-global-color-5)","background-image":"","background-repeat":"repeat","background-position":"center center","background-size":"auto","background-attachment":"scroll","background-type":"","background-media":"","overlay-type":"","overlay-color":"","overlay-opacity":"","overlay-gradient":""}}},"product_brand":[52],"product_cat":[57,105,15],"product_tag":[],"class_list":{"0":"post-6835","1":"product","2":"type-product","3":"status-publish","4":"has-post-thumbnail","6":"product_brand-bang-king","7":"product_cat-bang-king-35k-resistance-mesh","8":"product_cat-puff-35k","9":"product_cat-magasin-cigarette-electronique","10":"desktop-align-center","11":"tablet-align-center","12":"mobile-align-center","13":"ast-product-gallery-layout-horizontal","14":"ast-product-gallery-with-no-image","15":"ast-product-single-variable","16":"ast-product-tabs-layout-horizontal","17":"ast-qv-on-image","19":"first","20":"instock","21":"sale","22":"shipping-taxable","23":"purchasable","24":"product-type-variable","25":"has-default-attributes"},"tiered_pricing_type":"fixed","tiered_pricing_fixed_rules":{"50":6.83,"100":6.22},"tiered_pricing_product_settings":{"layout":"default","base_unit_name":{"singular":null,"plural":null},"default_variation":null},"tiered_pricing_minimum_quantity":null,"tiered_pricing_roles_data":[],"tiered_pricing_percentage_rules":[],"_links":{"self":[{"href":"https:\/\/puffvapestore.com\/es\/wp-json\/wp\/v2\/product\/6835","targetHints":{"allow":["GET"]}}],"collection":[{"href":"https:\/\/puffvapestore.com\/es\/wp-json\/wp\/v2\/product"}],"about":[{"href":"https:\/\/puffvapestore.com\/es\/wp-json\/wp\/v2\/types\/product"}],"replies":[{"embeddable":true,"href":"https:\/\/puffvapestore.com\/es\/wp-json\/wp\/v2\/comments?post=6835"}],"version-history":[{"count":7,"href":"https:\/\/puffvapestore.com\/es\/wp-json\/wp\/v2\/product\/6835\/revisions"}],"predecessor-version":[{"id":7225,"href":"https:\/\/puffvapestore.com\/es\/wp-json\/wp\/v2\/product\/6835\/revisions\/7225"}],"wp:featuredmedia":[{"embeddable":true,"href":"https:\/\/puffvapestore.com\/es\/wp-json\/wp\/v2\/media\/6665"}],"wp:attachment":[{"href":"https:\/\/puffvapestore.com\/es\/wp-json\/wp\/v2\/media?parent=6835"}],"wp:term":[{"taxonomy":"product_brand","embeddable":true,"href":"https:\/\/puffvapestore.com\/es\/wp-json\/wp\/v2\/product_brand?post=6835"},{"taxonomy":"product_cat","embeddable":true,"href":"https:\/\/puffvapestore.com\/es\/wp-json\/wp\/v2\/product_cat?post=6835"},{"taxonomy":"product_tag","embeddable":true,"href":"https:\/\/puffvapestore.com\/es\/wp-json\/wp\/v2\/product_tag?post=6835"}],"curies":[{"name":"wp","href":"https:\/\/api.w.org\/{rel}","templated":true}]}}