{"id":6820,"date":"2025-08-23T11:50:03","date_gmt":"2025-08-23T11:50:03","guid":{"rendered":"https:\/\/puffvapestore.com\/?post_type=product&#038;p=6820"},"modified":"2026-01-19T10:31:54","modified_gmt":"2026-01-19T10:31:54","slug":"lemon-mint-bang-king-35k-avec-sa-fraicheur-mentholee-qui-se-diffuse-progressivement","status":"publish","type":"product","link":"https:\/\/puffvapestore.com\/es\/product\/menta-limon-bang-king-35k-con-su-frescor-mentolado-que-se-difunde-gradualmente\/","title":{"rendered":"Menta lim\u00f3n - Bang King 35000"},"content":{"rendered":"<div data-elementor-type=\"wp-post\" data-elementor-id=\"6820\" class=\"elementor elementor-6820\">\n\t\t\t\t<div class=\"elementor-element elementor-element-08c26f9 e-flex e-con-boxed e-con e-parent\" data-id=\"08c26f9\" data-element_type=\"container\" data-e-type=\"container\">\n\t\t\t\t\t<div class=\"e-con-inner\">\n\t\t\t\t<div class=\"elementor-element elementor-element-a005a97 elementor-widget elementor-widget-text-editor\" data-id=\"a005a97\" data-element_type=\"widget\" data-e-type=\"widget\" data-widget_type=\"text-editor.default\">\n\t\t\t\t<div class=\"elementor-widget-container\">\n\t\t\t\t\t\t\t\t\t<p>Bang King 35000 Lim\u00f3n Menta, con su base viva y \u00e1cida de lim\u00f3n, su frescor mentolado que se difunde gradualmente y su toque moderado de dulzor, ofrece un regusto distinto y complejo con un retrogusto persistente.<\/p><h2>La acidez del lim\u00f3n<\/h2><p>El principal atractivo del e-cigarrillo Bang King 35000 Lemon Mint es su animado y \u00e1cido sabor a lim\u00f3n. A diferencia de la mon\u00f3tona acidez de los caramelos de lim\u00f3n tradicionales, este caramelo ofrece un sabor a c\u00e1scara de lim\u00f3n natural y refrescante, con un sutil toque de ralladura y un equilibrio de dulzor y acidez procedente de la pulpa de la fruta. La acidez es crujiente pero no amarga, como morder una rodaja de lim\u00f3n reci\u00e9n cortada, con la boca inmediatamente iluminada por su brillante sabor a lim\u00f3n.<\/p><h2>Frescor mentolado<\/h2><p>La acidez del lim\u00f3n se combina con el frescor helado de la menta. Su aroma puro deja un frescor penetrante que disipa r\u00e1pidamente el calor y la astringencia en el paladar. La frescura de la menta es progresiva, no abruma al principio, pero se extiende gradualmente detr\u00e1s de la acidez del lim\u00f3n, creando una experiencia gustativa compleja.<\/p><h2>Az\u00facar y equilibrio<\/h2><p>El dulzor aporta un efecto equilibrante al Bang King 35000 Lim\u00f3n Menta. Sin ser demasiado fuerte, suaviza la acidez del lim\u00f3n y la menta, evitando que resulte demasiado mon\u00f3tono. El dulzor redondea los sabores del lim\u00f3n y la menta, creando una sensaci\u00f3n m\u00e1s suave en boca.<\/p><p>Despu\u00e9s de fumar, una ligera fragancia a lim\u00f3n y un toque de mentol fresco perduran en el paladar, dejando un final largo, rico y complejo. El refrescante regusto a menta se desvanece gradualmente, mientras que el afrutado aroma a lim\u00f3n perdura en el paladar, dej\u00e1ndote un regusto interminable.<\/p><h2>Gran capacidad de l\u00edquido y bater\u00eda de gran capacidad<\/h2><p>El Bang King 35000 Menta Lim\u00f3n viene con 23 ml de e-l\u00edquido precargado, eliminando la necesidad de recargas frecuentes y garantizando un uso prolongado y sin preocupaciones. Su gran capacidad garantiza un sabor consistente y una atomizaci\u00f3n duradera.<\/p><p>Equipado con una bater\u00eda de litio de alta capacidad de 1000 mAh y compatibilidad con carga r\u00e1pida Type-C, ofrece una autonom\u00eda ampliada y carga r\u00e1pida para tus necesidades de vapeo diarias.<\/p><p>Cada cigarrillo electr\u00f3nico Bang King 35000 Lemon Mint ofrece hasta 35.000 caladas, una duraci\u00f3n superior a la de los productos convencionales del mercado, ideal para usuarios intensivos o viajeros de larga distancia.<\/p><h2>Resistencia atomizadora de alto rendimiento<\/h2><p>El Bang King 35000 Menta Lim\u00f3n cuenta con una resistencia de malla de 0,6 \u03a9 para un calentamiento uniforme y un gran volumen de vapor, ofreciendo un sabor m\u00e1s intenso y una inhalaci\u00f3n m\u00e1s suave.<\/p><h2>Pantalla LED inteligente<\/h2><p>La pantalla LED inteligente independiente muestra el nivel de bater\u00eda y el e-l\u00edquido restante en tiempo real, lo que permite a los usuarios controlar claramente el estado del dispositivo y evitar cortes de energ\u00eda inesperados o niveles bajos de e-l\u00edquido.<\/p><h2>Una selecci\u00f3n de concentraciones de nicotina<\/h2><p>El Bang King 35000 Menta Lim\u00f3n ofrece varias dosis de nicotina: 0 %, 2 %, 3 % y 5 %, para satisfacer las necesidades de todos los usuarios, desde la experiencia sin nicotina hasta el golpe de garganta rico en nicotina.<\/p><h2>Sistema de protecci\u00f3n<\/h2><p>El Bang King 35000 Lemon Mint incorpora un sistema de protecci\u00f3n contra quemaduras en seco que detiene autom\u00e1ticamente el calentamiento cuando se acaba el e-l\u00edquido, evitando da\u00f1os en la resistencia del atomizador y garantizando la seguridad del usuario.<\/p><p>La Bang King 35000 Lemon Mint tiene un cuerpo ergon\u00f3mico y redondeado que resulta c\u00f3modo de sujetar y un delicado acabado antideslizante y resistente a los ara\u00f1azos para facilitar su transporte y uso.<\/p>\t\t\t\t\t\t\t\t<\/div>\n\t\t\t\t<\/div>\n\t\t\t\t\t<\/div>\n\t\t\t\t<\/div>\n\t\t\t\t<\/div>","protected":false},"excerpt":{"rendered":"<p>La Bang King 35000 Citron Menthe, avec sa base citronn\u00e9e vive et acidul\u00e9e, sa fra\u00eecheur menthol\u00e9e qui se diffuse progressivement et sa touche de douceur mod\u00e9r\u00e9e, offre un arri\u00e8re-go\u00fbt distinct et complexe, avec un arri\u00e8re-go\u00fbt persistant. L&rsquo;acidit\u00e9 du citron Le principal atout de la e-cigarette Bang King 35000 Citron Menthe est son ar\u00f4me citronn\u00e9 vif [&hellip;]<\/p>\n","protected":false},"featured_media":6664,"comment_status":"open","ping_status":"closed","template":"","meta":{"site-sidebar-layout":"no-sidebar","site-content-layout":"page-builder","ast-site-content-layout":"normal-width-container","site-content-style":"default","site-sidebar-style":"default","ast-global-header-display":"","ast-banner-title-visibility":"","ast-main-header-display":"","ast-hfb-above-header-display":"","ast-hfb-below-header-display":"","ast-hfb-mobile-header-display":"","site-post-title":"disabled","ast-breadcrumbs-content":"","ast-featured-img":"disabled","footer-sml-layout":"","ast-disable-related-posts":"","theme-transparent-header-meta":"default","adv-header-id-meta":"","stick-header-meta":"default","header-above-stick-meta":"","header-main-stick-meta":"","header-below-stick-meta":"","astra-migrate-meta-layouts":"set","ast-page-background-enabled":"default","ast-page-background-meta":{"desktop":{"background-color":"","background-image":"","background-repeat":"repeat","background-position":"center center","background-size":"auto","background-attachment":"scroll","background-type":"","background-media":"","overlay-type":"","overlay-color":"","overlay-opacity":"","overlay-gradient":""},"tablet":{"background-color":"","background-image":"","background-repeat":"repeat","background-position":"center center","background-size":"auto","background-attachment":"scroll","background-type":"","background-media":"","overlay-type":"","overlay-color":"","overlay-opacity":"","overlay-gradient":""},"mobile":{"background-color":"","background-image":"","background-repeat":"repeat","background-position":"center center","background-size":"auto","background-attachment":"scroll","background-type":"","background-media":"","overlay-type":"","overlay-color":"","overlay-opacity":"","overlay-gradient":""}},"ast-content-background-meta":{"desktop":{"background-color":"var(--ast-global-color-5)","background-image":"","background-repeat":"repeat","background-position":"center center","background-size":"auto","background-attachment":"scroll","background-type":"","background-media":"","overlay-type":"","overlay-color":"","overlay-opacity":"","overlay-gradient":""},"tablet":{"background-color":"var(--ast-global-color-5)","background-image":"","background-repeat":"repeat","background-position":"center center","background-size":"auto","background-attachment":"scroll","background-type":"","background-media":"","overlay-type":"","overlay-color":"","overlay-opacity":"","overlay-gradient":""},"mobile":{"background-color":"var(--ast-global-color-5)","background-image":"","background-repeat":"repeat","background-position":"center center","background-size":"auto","background-attachment":"scroll","background-type":"","background-media":"","overlay-type":"","overlay-color":"","overlay-opacity":"","overlay-gradient":""}}},"product_brand":[52],"product_cat":[57,105,15],"product_tag":[],"class_list":{"0":"post-6820","1":"product","2":"type-product","3":"status-publish","4":"has-post-thumbnail","6":"product_brand-bang-king","7":"product_cat-bang-king-35k-resistance-mesh","8":"product_cat-puff-35k","9":"product_cat-magasin-cigarette-electronique","10":"desktop-align-center","11":"tablet-align-center","12":"mobile-align-center","13":"ast-product-gallery-layout-horizontal","14":"ast-product-gallery-with-no-image","15":"ast-product-single-variable","16":"ast-product-tabs-layout-horizontal","17":"ast-qv-on-image","19":"first","20":"instock","21":"sale","22":"shipping-taxable","23":"purchasable","24":"product-type-variable","25":"has-default-attributes"},"tiered_pricing_type":"fixed","tiered_pricing_fixed_rules":{"50":6.83,"100":6.22},"tiered_pricing_product_settings":{"layout":"default","base_unit_name":{"singular":null,"plural":null},"default_variation":null},"tiered_pricing_minimum_quantity":null,"tiered_pricing_roles_data":[],"tiered_pricing_percentage_rules":[],"_links":{"self":[{"href":"https:\/\/puffvapestore.com\/es\/wp-json\/wp\/v2\/product\/6820","targetHints":{"allow":["GET"]}}],"collection":[{"href":"https:\/\/puffvapestore.com\/es\/wp-json\/wp\/v2\/product"}],"about":[{"href":"https:\/\/puffvapestore.com\/es\/wp-json\/wp\/v2\/types\/product"}],"replies":[{"embeddable":true,"href":"https:\/\/puffvapestore.com\/es\/wp-json\/wp\/v2\/comments?post=6820"}],"version-history":[{"count":7,"href":"https:\/\/puffvapestore.com\/es\/wp-json\/wp\/v2\/product\/6820\/revisions"}],"predecessor-version":[{"id":7224,"href":"https:\/\/puffvapestore.com\/es\/wp-json\/wp\/v2\/product\/6820\/revisions\/7224"}],"wp:featuredmedia":[{"embeddable":true,"href":"https:\/\/puffvapestore.com\/es\/wp-json\/wp\/v2\/media\/6664"}],"wp:attachment":[{"href":"https:\/\/puffvapestore.com\/es\/wp-json\/wp\/v2\/media?parent=6820"}],"wp:term":[{"taxonomy":"product_brand","embeddable":true,"href":"https:\/\/puffvapestore.com\/es\/wp-json\/wp\/v2\/product_brand?post=6820"},{"taxonomy":"product_cat","embeddable":true,"href":"https:\/\/puffvapestore.com\/es\/wp-json\/wp\/v2\/product_cat?post=6820"},{"taxonomy":"product_tag","embeddable":true,"href":"https:\/\/puffvapestore.com\/es\/wp-json\/wp\/v2\/product_tag?post=6820"}],"curies":[{"name":"wp","href":"https:\/\/api.w.org\/{rel}","templated":true}]}}