{"id":6809,"date":"2025-08-23T07:43:10","date_gmt":"2025-08-23T07:43:10","guid":{"rendered":"https:\/\/puffvapestore.com\/?post_type=product&#038;p=6809"},"modified":"2026-01-19T10:31:54","modified_gmt":"2026-01-19T10:31:54","slug":"blueberry-ice-bang-king-35k-est-incroyablement-authentique","status":"publish","type":"product","link":"https:\/\/puffvapestore.com\/es\/product\/blueberry-ice-bang-king-35k-es-increiblemente-autentico\/","title":{"rendered":"Blueberry Ice - Bang King 35000"},"content":{"rendered":"<div data-elementor-type=\"wp-post\" data-elementor-id=\"6809\" class=\"elementor elementor-6809\">\n\t\t\t\t<div class=\"elementor-element elementor-element-08c26f9 e-flex e-con-boxed e-con e-parent\" data-id=\"08c26f9\" data-element_type=\"container\" data-e-type=\"container\">\n\t\t\t\t\t<div class=\"e-con-inner\">\n\t\t\t\t<div class=\"elementor-element elementor-element-a005a97 elementor-widget elementor-widget-text-editor\" data-id=\"a005a97\" data-element_type=\"widget\" data-e-type=\"widget\" data-widget_type=\"text-editor.default\">\n\t\t\t\t<div class=\"elementor-widget-container\">\n\t\t\t\t\t\t\t\t\t<p>El sabor de Blueberry Ice est\u00e1 dominado por el ar\u00e1ndano, y lo primero que se percibe al fumarlo es un rico y fresco aroma a ar\u00e1ndano. El sabor a ar\u00e1ndano es vivo y dulce, con una acidez natural que equilibra perfectamente el dulzor, evitando un sabor enfermizo o mon\u00f3tono. El sabor a ar\u00e1ndanos es incre\u00edblemente aut\u00e9ntico, como a ar\u00e1ndanos reci\u00e9n recogidos, con una textura potente y carnosa y una sutil acidez a bayas.<\/p><p>Al dulce ar\u00e1ndano le sigue un marcado sabor a menta fresca. Esta sensaci\u00f3n de frescor es refrescante, sin ser agresiva, sino suave y persistente, proporcionando un refrescante frescor en el paladar que realza el sabor general. El efecto refrescante realza el dulzor del ar\u00e1ndano y equilibra el fuerte dulzor en el paladar.<\/p><h2>El dulzor es moderado y complejo.<\/h2><p>A pesar de su base muy dulce, no domina las notas afrutadas y mentoladas. Al contrario, crea un tr\u00edo armonioso con la acidez del ar\u00e1ndano y el frescor de la menta. El dulzor es delicado, con un toque de fructosa que completa el sabor suave y cremoso.<\/p><h2>El final es largo y limpio.<\/h2><p>Despu\u00e9s de inhalar el humo, los sabores afrutados y frescos del ar\u00e1ndano persisten en el paladar, dejando un final limpio y refrescante, sin dulzor persistente ni sensaciones desagradables. El frescor se disipa lentamente, dejando un regusto afrutado persistente.<\/p><h2>Descripci\u00f3n general del sabor<\/h2><p>Bang King 35000 Blueberry Ice es una mezcla equilibrada que combina la frescura de la fruta con la del helado. Es perfecto para quienes disfrutan de un sabor rico y afrutado, al tiempo que satisface a quienes prefieren un sabor refrescante. Tanto si lo saborea lentamente como si lo inhala r\u00e1pidamente, descubrir\u00e1 un rico sabor y una sensaci\u00f3n en boca suave y agradable.<\/p><h2>Gran capacidad de l\u00edquido y bater\u00eda de gran capacidad<\/h2><p>El Bang King 35000 Blueberry Ice viene con 23 ml de e-l\u00edquido precargado, lo que elimina la necesidad de recargas frecuentes y garantiza un uso prolongado y sin preocupaciones. Su gran capacidad garantiza un sabor uniforme y una atomizaci\u00f3n duradera.<\/p><p>Equipado con una bater\u00eda de litio de alta capacidad de 1000 mAh y compatibilidad con carga r\u00e1pida Type-C, ofrece una autonom\u00eda ampliada y carga r\u00e1pida para tus necesidades de vapeo diarias.<\/p><p>Cada cigarrillo electr\u00f3nico Bang King 35000 Blueberry Ice ofrece hasta 35.000 caladas, una duraci\u00f3n superior a la de los productos convencionales del mercado, ideal para usuarios intensivos o viajeros de larga distancia.<\/p><h2>Resistencia atomizadora de alto rendimiento<\/h2><p>El Bang King 35000 Blueberry Ice cuenta con una resistencia de malla de 0,6 \u03a9 para un calentamiento uniforme y un gran volumen de vapor, ofreciendo un sabor m\u00e1s intenso y una inhalaci\u00f3n m\u00e1s suave.<\/p><h2>Pantalla LED inteligente<\/h2><p>La pantalla LED inteligente independiente muestra el nivel de bater\u00eda y el e-l\u00edquido restante en tiempo real, lo que permite a los usuarios controlar claramente el estado del dispositivo y evitar cortes de energ\u00eda inesperados o niveles bajos de e-l\u00edquido.<\/p><h2>Una selecci\u00f3n de concentraciones de nicotina<\/h2><p>El Bang King 35000 Blueberry Ice ofrece varias potencias de nicotina: 0 %, 2 %, 3 % y 5 %, para satisfacer las necesidades de todos los usuarios, desde la experiencia sin nicotina hasta el golpe de garganta rico en nicotina.<\/p><h2>Sistema de protecci\u00f3n<\/h2><p>El Bang King 35000 incorpora un sistema de protecci\u00f3n contra quemaduras en seco que detiene autom\u00e1ticamente el calentamiento cuando se agota el e-l\u00edquido, evitando da\u00f1os en la resistencia del atomizador y garantizando la seguridad del usuario.<\/p><p>La Bang King 35000 tiene un cuerpo ergon\u00f3mico y redondeado que resulta c\u00f3modo de sujetar y un delicado acabado antideslizante y resistente a los ara\u00f1azos para facilitar su transporte y uso.<\/p>\t\t\t\t\t\t\t\t<\/div>\n\t\t\t\t<\/div>\n\t\t\t\t\t<\/div>\n\t\t\t\t<\/div>\n\t\t\t\t<\/div>","protected":false},"excerpt":{"rendered":"<p>L&rsquo;ar\u00f4me Blueberry Ice est domin\u00e9 par la myrtille, et la premi\u00e8re chose que l&rsquo;on per\u00e7oit en fumant est un ar\u00f4me riche et frais de myrtille. La saveur de myrtille est vive et sucr\u00e9e, avec une acidit\u00e9 naturelle qui \u00e9quilibre parfaitement la douceur, \u00e9vitant ainsi un go\u00fbt \u00e9c\u0153urant ou monotone. La saveur de myrtille est incroyablement [&hellip;]<\/p>\n","protected":false},"featured_media":6659,"comment_status":"open","ping_status":"closed","template":"","meta":{"site-sidebar-layout":"no-sidebar","site-content-layout":"page-builder","ast-site-content-layout":"normal-width-container","site-content-style":"default","site-sidebar-style":"default","ast-global-header-display":"","ast-banner-title-visibility":"","ast-main-header-display":"","ast-hfb-above-header-display":"","ast-hfb-below-header-display":"","ast-hfb-mobile-header-display":"","site-post-title":"disabled","ast-breadcrumbs-content":"","ast-featured-img":"disabled","footer-sml-layout":"","ast-disable-related-posts":"","theme-transparent-header-meta":"default","adv-header-id-meta":"","stick-header-meta":"default","header-above-stick-meta":"","header-main-stick-meta":"","header-below-stick-meta":"","astra-migrate-meta-layouts":"set","ast-page-background-enabled":"default","ast-page-background-meta":{"desktop":{"background-color":"","background-image":"","background-repeat":"repeat","background-position":"center center","background-size":"auto","background-attachment":"scroll","background-type":"","background-media":"","overlay-type":"","overlay-color":"","overlay-opacity":"","overlay-gradient":""},"tablet":{"background-color":"","background-image":"","background-repeat":"repeat","background-position":"center center","background-size":"auto","background-attachment":"scroll","background-type":"","background-media":"","overlay-type":"","overlay-color":"","overlay-opacity":"","overlay-gradient":""},"mobile":{"background-color":"","background-image":"","background-repeat":"repeat","background-position":"center center","background-size":"auto","background-attachment":"scroll","background-type":"","background-media":"","overlay-type":"","overlay-color":"","overlay-opacity":"","overlay-gradient":""}},"ast-content-background-meta":{"desktop":{"background-color":"var(--ast-global-color-5)","background-image":"","background-repeat":"repeat","background-position":"center center","background-size":"auto","background-attachment":"scroll","background-type":"","background-media":"","overlay-type":"","overlay-color":"","overlay-opacity":"","overlay-gradient":""},"tablet":{"background-color":"var(--ast-global-color-5)","background-image":"","background-repeat":"repeat","background-position":"center center","background-size":"auto","background-attachment":"scroll","background-type":"","background-media":"","overlay-type":"","overlay-color":"","overlay-opacity":"","overlay-gradient":""},"mobile":{"background-color":"var(--ast-global-color-5)","background-image":"","background-repeat":"repeat","background-position":"center center","background-size":"auto","background-attachment":"scroll","background-type":"","background-media":"","overlay-type":"","overlay-color":"","overlay-opacity":"","overlay-gradient":""}}},"product_brand":[52],"product_cat":[57,105,15],"product_tag":[],"class_list":{"0":"post-6809","1":"product","2":"type-product","3":"status-publish","4":"has-post-thumbnail","6":"product_brand-bang-king","7":"product_cat-bang-king-35k-resistance-mesh","8":"product_cat-puff-35k","9":"product_cat-magasin-cigarette-electronique","10":"desktop-align-center","11":"tablet-align-center","12":"mobile-align-center","13":"ast-product-gallery-layout-horizontal","14":"ast-product-gallery-with-no-image","15":"ast-product-single-variable","16":"ast-product-tabs-layout-horizontal","17":"ast-qv-on-image","19":"first","20":"instock","21":"sale","22":"shipping-taxable","23":"purchasable","24":"product-type-variable","25":"has-default-attributes"},"tiered_pricing_type":"fixed","tiered_pricing_fixed_rules":{"50":6.83,"100":6.22},"tiered_pricing_product_settings":{"layout":"default","base_unit_name":{"singular":null,"plural":null},"default_variation":null},"tiered_pricing_minimum_quantity":null,"tiered_pricing_roles_data":[],"tiered_pricing_percentage_rules":[],"_links":{"self":[{"href":"https:\/\/puffvapestore.com\/es\/wp-json\/wp\/v2\/product\/6809","targetHints":{"allow":["GET"]}}],"collection":[{"href":"https:\/\/puffvapestore.com\/es\/wp-json\/wp\/v2\/product"}],"about":[{"href":"https:\/\/puffvapestore.com\/es\/wp-json\/wp\/v2\/types\/product"}],"replies":[{"embeddable":true,"href":"https:\/\/puffvapestore.com\/es\/wp-json\/wp\/v2\/comments?post=6809"}],"version-history":[{"count":7,"href":"https:\/\/puffvapestore.com\/es\/wp-json\/wp\/v2\/product\/6809\/revisions"}],"predecessor-version":[{"id":7223,"href":"https:\/\/puffvapestore.com\/es\/wp-json\/wp\/v2\/product\/6809\/revisions\/7223"}],"wp:featuredmedia":[{"embeddable":true,"href":"https:\/\/puffvapestore.com\/es\/wp-json\/wp\/v2\/media\/6659"}],"wp:attachment":[{"href":"https:\/\/puffvapestore.com\/es\/wp-json\/wp\/v2\/media?parent=6809"}],"wp:term":[{"taxonomy":"product_brand","embeddable":true,"href":"https:\/\/puffvapestore.com\/es\/wp-json\/wp\/v2\/product_brand?post=6809"},{"taxonomy":"product_cat","embeddable":true,"href":"https:\/\/puffvapestore.com\/es\/wp-json\/wp\/v2\/product_cat?post=6809"},{"taxonomy":"product_tag","embeddable":true,"href":"https:\/\/puffvapestore.com\/es\/wp-json\/wp\/v2\/product_tag?post=6809"}],"curies":[{"name":"wp","href":"https:\/\/api.w.org\/{rel}","templated":true}]}}