{"id":6798,"date":"2025-08-23T02:32:08","date_gmt":"2025-08-23T02:32:08","guid":{"rendered":"https:\/\/puffvapestore.com\/?post_type=product&#038;p=6798"},"modified":"2026-01-19T10:31:54","modified_gmt":"2026-01-19T10:31:54","slug":"strawberry-watermelon-bang-king-35000-allie-la-douceur-intense-de-la-fraise","status":"publish","type":"product","link":"https:\/\/puffvapestore.com\/es\/product\/sandia-fresa-bang-king-35000-combina-el-intenso-dulzor-de-la-fresa\/","title":{"rendered":"Sand\u00eda fresa - Bang King 35000"},"content":{"rendered":"<div data-elementor-type=\"wp-post\" data-elementor-id=\"6798\" class=\"elementor elementor-6798\">\n\t\t\t\t<div class=\"elementor-element elementor-element-08c26f9 e-flex e-con-boxed e-con e-parent\" data-id=\"08c26f9\" data-element_type=\"container\" data-e-type=\"container\">\n\t\t\t\t\t<div class=\"e-con-inner\">\n\t\t\t\t<div class=\"elementor-element elementor-element-a005a97 elementor-widget elementor-widget-text-editor\" data-id=\"a005a97\" data-element_type=\"widget\" data-e-type=\"widget\" data-widget_type=\"text-editor.default\">\n\t\t\t\t<div class=\"elementor-widget-container\">\n\t\t\t\t\t\t\t\t\t<p>El cigarrillo electr\u00f3nico Bang King 35000 Fresa Sand\u00eda combina la intensa dulzura de las fresas con la jugosa frescura de la sand\u00eda. El aroma es dulce y refrescante, con un ligero sabor a sand\u00eda.<\/p><p>Fresa: Ofrece un sabor vivo y dulce, t\u00edpico del dulzor natural y suave de las fresas maduras. Imag\u00ednese fresas frescas recogidas a principios de verano, con un sabor intenso pero no exagerado.<\/p><p>Sand\u00eda: Refrescante y jugosa, con una sutil sensaci\u00f3n de frescor, como una refrescante fruta de verano. En boca es ligero, ligeramente acuoso, y el dulzor es suave.<\/p><p>Experiencia cigarrillo electr\u00f3nico: Dulce y refrescante, el aroma afrutado de las fresas se mezcla armoniosamente con la jugosa frescura de la sand\u00eda.<\/p><p>Sabor: El dulzor de la fresa aparece en primer lugar, seguido de un regusto fresco y jugoso.<\/p><p>Impresi\u00f3n general : Dulce, refrescante y discreto, ideal para quienes disfrutan de los sabores afrutados pero prefieren una sensaci\u00f3n m\u00e1s ligera y refrescante.<\/p><h2>Gran capacidad de l\u00edquido y bater\u00eda de gran capacidad<\/h2><p>El Bang King 35000 Strawberry Watermelon viene con 23 ml de e-l\u00edquido precargado, eliminando la necesidad de recargas frecuentes y garantizando un uso prolongado y sin preocupaciones. Su gran capacidad garantiza un sabor consistente y una atomizaci\u00f3n duradera.<\/p><p>Equipado con una bater\u00eda de litio de alta capacidad de 1000 mAh y compatibilidad con carga r\u00e1pida Type-C, ofrece una autonom\u00eda ampliada y carga r\u00e1pida para tus necesidades de vapeo diarias.<\/p><p>Cada cigarrillo electr\u00f3nico Bang King 35000 Strawberry Watermelon ofrece hasta 35.000 caladas, una duraci\u00f3n superior a la de los productos convencionales del mercado, ideal para usuarios intensivos o viajeros de larga distancia.<\/p><h2>Resistencia atomizadora de alto rendimiento<\/h2><p>El Bang King 35000 Strawberry Watermelon cuenta con una resistencia de malla de 0,6 \u03a9 para un calentamiento uniforme y un gran volumen de vapor, ofreciendo un sabor m\u00e1s intenso y una inhalaci\u00f3n m\u00e1s suave.<\/p><h2>Pantalla LED inteligente<\/h2><p>La pantalla LED inteligente independiente muestra el nivel de bater\u00eda y el e-l\u00edquido restante en tiempo real, lo que permite a los usuarios controlar claramente el estado del dispositivo y evitar cortes de energ\u00eda inesperados o niveles bajos de e-l\u00edquido.<\/p><h2>Una selecci\u00f3n de concentraciones de nicotina<\/h2><p>El Bang King 35000 ofrece varias dosis de nicotina: 0 %, 2 %, 3 % y 5 %, para satisfacer las necesidades de todos los usuarios, desde la experiencia sin nicotina hasta el golpe de garganta rico en nicotina.<\/p><h2>Sistema de protecci\u00f3n<\/h2><p>El Bang King 35000 Strawberry Watermelon lleva incorporado un sistema de protecci\u00f3n contra quemaduras en seco que detiene autom\u00e1ticamente el calentamiento cuando se acaba el e-l\u00edquido, evitando da\u00f1os en la resistencia del atomizador y garantizando la seguridad del usuario.<\/p><p>La Bang King 35000 Strawberry Watermelon tiene un cuerpo ergon\u00f3mico y redondeado que resulta c\u00f3modo de sujetar y un delicado acabado antideslizante y resistente a los ara\u00f1azos para facilitar su transporte y uso.<\/p>\t\t\t\t\t\t\t\t<\/div>\n\t\t\t\t<\/div>\n\t\t\t\t\t<\/div>\n\t\t\t\t<\/div>\n\t\t\t\t<\/div>","protected":false},"excerpt":{"rendered":"<p>La cigarette \u00e9lectronique Bang King 35000 Fraise Past\u00e8que allie la douceur intense de la fraise \u00e0 la fra\u00eecheur juteuse de la past\u00e8que. L&rsquo;ar\u00f4me est doux et rafra\u00eechissant, avec une l\u00e9g\u00e8re saveur de past\u00e8que aqueuse. Fraise\u00a0: Offre un ar\u00f4me vif et sucr\u00e9, typique de la douceur naturelle et moelleuse des fraises m\u00fbres. Imaginez des fraises fra\u00eeches [&hellip;]<\/p>\n","protected":false},"featured_media":6669,"comment_status":"open","ping_status":"closed","template":"","meta":{"site-sidebar-layout":"no-sidebar","site-content-layout":"page-builder","ast-site-content-layout":"normal-width-container","site-content-style":"default","site-sidebar-style":"default","ast-global-header-display":"","ast-banner-title-visibility":"","ast-main-header-display":"","ast-hfb-above-header-display":"","ast-hfb-below-header-display":"","ast-hfb-mobile-header-display":"","site-post-title":"disabled","ast-breadcrumbs-content":"","ast-featured-img":"disabled","footer-sml-layout":"","ast-disable-related-posts":"","theme-transparent-header-meta":"default","adv-header-id-meta":"","stick-header-meta":"default","header-above-stick-meta":"","header-main-stick-meta":"","header-below-stick-meta":"","astra-migrate-meta-layouts":"set","ast-page-background-enabled":"default","ast-page-background-meta":{"desktop":{"background-color":"","background-image":"","background-repeat":"repeat","background-position":"center center","background-size":"auto","background-attachment":"scroll","background-type":"","background-media":"","overlay-type":"","overlay-color":"","overlay-opacity":"","overlay-gradient":""},"tablet":{"background-color":"","background-image":"","background-repeat":"repeat","background-position":"center center","background-size":"auto","background-attachment":"scroll","background-type":"","background-media":"","overlay-type":"","overlay-color":"","overlay-opacity":"","overlay-gradient":""},"mobile":{"background-color":"","background-image":"","background-repeat":"repeat","background-position":"center center","background-size":"auto","background-attachment":"scroll","background-type":"","background-media":"","overlay-type":"","overlay-color":"","overlay-opacity":"","overlay-gradient":""}},"ast-content-background-meta":{"desktop":{"background-color":"var(--ast-global-color-5)","background-image":"","background-repeat":"repeat","background-position":"center center","background-size":"auto","background-attachment":"scroll","background-type":"","background-media":"","overlay-type":"","overlay-color":"","overlay-opacity":"","overlay-gradient":""},"tablet":{"background-color":"var(--ast-global-color-5)","background-image":"","background-repeat":"repeat","background-position":"center center","background-size":"auto","background-attachment":"scroll","background-type":"","background-media":"","overlay-type":"","overlay-color":"","overlay-opacity":"","overlay-gradient":""},"mobile":{"background-color":"var(--ast-global-color-5)","background-image":"","background-repeat":"repeat","background-position":"center center","background-size":"auto","background-attachment":"scroll","background-type":"","background-media":"","overlay-type":"","overlay-color":"","overlay-opacity":"","overlay-gradient":""}}},"product_brand":[52],"product_cat":[57,105,15],"product_tag":[],"class_list":{"0":"post-6798","1":"product","2":"type-product","3":"status-publish","4":"has-post-thumbnail","6":"product_brand-bang-king","7":"product_cat-bang-king-35k-resistance-mesh","8":"product_cat-puff-35k","9":"product_cat-magasin-cigarette-electronique","10":"desktop-align-center","11":"tablet-align-center","12":"mobile-align-center","13":"ast-product-gallery-layout-horizontal","14":"ast-product-gallery-with-no-image","15":"ast-product-single-variable","16":"ast-product-tabs-layout-horizontal","17":"ast-qv-on-image","19":"first","20":"instock","21":"sale","22":"shipping-taxable","23":"purchasable","24":"product-type-variable","25":"has-default-attributes"},"tiered_pricing_type":"fixed","tiered_pricing_fixed_rules":{"50":6.83,"100":6.22},"tiered_pricing_product_settings":{"layout":"default","base_unit_name":{"singular":null,"plural":null},"default_variation":null},"tiered_pricing_minimum_quantity":null,"tiered_pricing_roles_data":[],"tiered_pricing_percentage_rules":[],"_links":{"self":[{"href":"https:\/\/puffvapestore.com\/es\/wp-json\/wp\/v2\/product\/6798","targetHints":{"allow":["GET"]}}],"collection":[{"href":"https:\/\/puffvapestore.com\/es\/wp-json\/wp\/v2\/product"}],"about":[{"href":"https:\/\/puffvapestore.com\/es\/wp-json\/wp\/v2\/types\/product"}],"replies":[{"embeddable":true,"href":"https:\/\/puffvapestore.com\/es\/wp-json\/wp\/v2\/comments?post=6798"}],"version-history":[{"count":7,"href":"https:\/\/puffvapestore.com\/es\/wp-json\/wp\/v2\/product\/6798\/revisions"}],"predecessor-version":[{"id":7222,"href":"https:\/\/puffvapestore.com\/es\/wp-json\/wp\/v2\/product\/6798\/revisions\/7222"}],"wp:featuredmedia":[{"embeddable":true,"href":"https:\/\/puffvapestore.com\/es\/wp-json\/wp\/v2\/media\/6669"}],"wp:attachment":[{"href":"https:\/\/puffvapestore.com\/es\/wp-json\/wp\/v2\/media?parent=6798"}],"wp:term":[{"taxonomy":"product_brand","embeddable":true,"href":"https:\/\/puffvapestore.com\/es\/wp-json\/wp\/v2\/product_brand?post=6798"},{"taxonomy":"product_cat","embeddable":true,"href":"https:\/\/puffvapestore.com\/es\/wp-json\/wp\/v2\/product_cat?post=6798"},{"taxonomy":"product_tag","embeddable":true,"href":"https:\/\/puffvapestore.com\/es\/wp-json\/wp\/v2\/product_tag?post=6798"}],"curies":[{"name":"wp","href":"https:\/\/api.w.org\/{rel}","templated":true}]}}