{"id":6787,"date":"2025-08-18T11:23:02","date_gmt":"2025-08-18T11:23:02","guid":{"rendered":"https:\/\/puffvapestore.com\/?post_type=product&#038;p=6787"},"modified":"2026-01-19T10:31:54","modified_gmt":"2026-01-19T10:31:54","slug":"bang-king-35k-blue-razz-ice-offre-un-arome-equilibre-de-framboise-bleue","status":"publish","type":"product","link":"https:\/\/puffvapestore.com\/es\/product\/bang-king-35k-blue-razz-ice-ofrece-un-aroma-equilibrado-a-frambuesa-azul\/","title":{"rendered":"Bang King 35000 - Azul Razz Hielo"},"content":{"rendered":"<div data-elementor-type=\"wp-post\" data-elementor-id=\"6787\" class=\"elementor elementor-6787\">\n\t\t\t\t<div class=\"elementor-element elementor-element-08c26f9 e-flex e-con-boxed e-con e-parent\" data-id=\"08c26f9\" data-element_type=\"container\" data-e-type=\"container\">\n\t\t\t\t\t<div class=\"e-con-inner\">\n\t\t\t\t<div class=\"elementor-element elementor-element-a005a97 elementor-widget elementor-widget-text-editor\" data-id=\"a005a97\" data-element_type=\"widget\" data-e-type=\"widget\" data-widget_type=\"text-editor.default\">\n\t\t\t\t<div class=\"elementor-widget-container\">\n\t\t\t\t\t\t\t\t\t<p>El cigarrillo electr\u00f3nico Bang King 35000 Blue Razz Ice ofrece un sabor equilibrado a frambuesa azul desde la primera calada, proporcionando un sabor afrutado, jugoso y refrescante desde la primera calada, seguido de una sensaci\u00f3n fresca y mentolada que se extiende r\u00e1pidamente por la garganta para una experiencia refrescante suave, clara y duradera.<\/p><h2>Nota principal : Frambuesa azul agridulce<\/h2><p>El sabor principal es un \u00abar\u00e1ndano\u00bb dulce y \u00e1cido, similar al sabor afrutado y ligeramente \u00e1cido de las frambuesas azules. Esto crea un refrescante equilibrio entre aroma afrutado y dulzor desde la primera calada.<\/p><h2>Hielo: Un refrescante toque de menta y hielo<\/h2><p>Al sabor afrutado se a\u00f1ade una marcada sensaci\u00f3n de hielo, que crea una sensaci\u00f3n refrescante y estimulante, similar a la de una niebla de menta o hielo. A\u00f1ade profundidad al sabor y deja una sensaci\u00f3n refrescante en la boca y la garganta al inhalar.<\/p><h2>Sabor : Suave y claro<\/h2><p>La f\u00f3rmula acent\u00faa la suavidad y el frescor, con una ligera resistencia a la inhalaci\u00f3n y ausencia de aspereza. La ausencia de regusto desagradable y de aspereza ofrece una experiencia pura y cristalina.<\/p><h2>Detalles del sabor Blue Razz Ice<\/h2><h3>Aroma afrutado fresco + regusto helado<\/h3><p>Los aromas dulces y acidulados del ar\u00e1ndano invaden primero la boca, seguidos de una r\u00e1pida sensaci\u00f3n helada, creando una \u00abtormenta de hielo afrutada\u00bb al inhalar: una mezcla dulce y refrescante de frescor que deja con ganas de m\u00e1s.<\/p><h3>Adecuado para los aficionados a los sabores mentolados, mentolados o helados.<\/h3><p>Si prefiere un sabor afrutado dulce con un acabado helado, Blue Razz Ice encarna este estilo: una experiencia afrutada refrescante sin ser demasiado fuerte ni pesada.<\/p><h2>Gran capacidad de l\u00edquido y bater\u00eda de gran capacidad<\/h2><p>El Bang King 35000 Blue Razz Ice viene con 23 ml de e-l\u00edquido precargado, lo que elimina la necesidad de recargas frecuentes y garantiza un uso prolongado y sin preocupaciones. Su gran capacidad garantiza un sabor consistente y una atomizaci\u00f3n duradera.<\/p><p>Equipado con una bater\u00eda de litio de alta capacidad de 1000 mAh y compatibilidad con carga r\u00e1pida Type-C, ofrece una autonom\u00eda ampliada y carga r\u00e1pida para tus necesidades de vapeo diarias.<\/p><p>Cada cigarrillo electr\u00f3nico Bang King 35000 Blue Razz Ice ofrece hasta 35.000 caladas, una duraci\u00f3n superior a la de los productos convencionales del mercado, ideal para usuarios intensivos o viajeros de larga distancia.<\/p><h2>Resistencia atomizadora de alto rendimiento<\/h2><p>El Bang King 35000 Blue Razz Ice cuenta con una resistencia de malla de 0,6 \u03a9 para un calentamiento uniforme y un gran volumen de vapor, ofreciendo un sabor m\u00e1s intenso y una inhalaci\u00f3n m\u00e1s suave.<\/p><h2>Pantalla LED inteligente<\/h2><p>La pantalla LED inteligente independiente muestra el nivel de bater\u00eda y el e-l\u00edquido restante en tiempo real, lo que permite a los usuarios controlar claramente el estado del dispositivo y evitar cortes de energ\u00eda inesperados o niveles bajos de e-l\u00edquido.<\/p><h2>Una selecci\u00f3n de concentraciones de nicotina<\/h2><p>El Bang King 35000 Blue Razz Ice ofrece varias dosis de nicotina: 0 %, 2 %, 3 % y 5 %, para satisfacer las necesidades de todos los usuarios, desde la experiencia sin nicotina hasta el golpe de garganta rico en nicotina.<\/p><h2>Sistema de protecci\u00f3n<\/h2><p>El Bang King 35000 incorpora un sistema de protecci\u00f3n contra quemaduras en seco que detiene autom\u00e1ticamente el calentamiento cuando se agota el e-l\u00edquido, evitando da\u00f1os en la resistencia del atomizador y garantizando la seguridad del usuario.<\/p><p>La Bang King 35000 tiene un cuerpo ergon\u00f3mico y redondeado que resulta c\u00f3modo de sujetar y un delicado acabado antideslizante y resistente a los ara\u00f1azos para facilitar su transporte y uso.<\/p>\t\t\t\t\t\t\t\t<\/div>\n\t\t\t\t<\/div>\n\t\t\t\t\t<\/div>\n\t\t\t\t<\/div>\n\t\t\t\t<\/div>","protected":false},"excerpt":{"rendered":"<p>La cigarette \u00e9lectronique Bang King 35000 Blue Razz Ice offre un ar\u00f4me \u00e9quilibr\u00e9 de framboise bleue d\u00e8s la premi\u00e8re bouff\u00e9e, offrant une saveur fruit\u00e9e, juteuse et rafra\u00eechissante d\u00e8s la premi\u00e8re bouff\u00e9e, suivie d&rsquo;une sensation fra\u00eeche et menthol\u00e9e qui se propage rapidement en gorge, pour une exp\u00e9rience rafra\u00eechissante douce, claire et durable. Note principale\u00a0: Framboise bleue [&hellip;]<\/p>\n","protected":false},"featured_media":6658,"comment_status":"open","ping_status":"closed","template":"","meta":{"site-sidebar-layout":"no-sidebar","site-content-layout":"page-builder","ast-site-content-layout":"normal-width-container","site-content-style":"default","site-sidebar-style":"default","ast-global-header-display":"","ast-banner-title-visibility":"","ast-main-header-display":"","ast-hfb-above-header-display":"","ast-hfb-below-header-display":"","ast-hfb-mobile-header-display":"","site-post-title":"disabled","ast-breadcrumbs-content":"","ast-featured-img":"disabled","footer-sml-layout":"","ast-disable-related-posts":"","theme-transparent-header-meta":"default","adv-header-id-meta":"","stick-header-meta":"default","header-above-stick-meta":"","header-main-stick-meta":"","header-below-stick-meta":"","astra-migrate-meta-layouts":"set","ast-page-background-enabled":"default","ast-page-background-meta":{"desktop":{"background-color":"","background-image":"","background-repeat":"repeat","background-position":"center center","background-size":"auto","background-attachment":"scroll","background-type":"","background-media":"","overlay-type":"","overlay-color":"","overlay-opacity":"","overlay-gradient":""},"tablet":{"background-color":"","background-image":"","background-repeat":"repeat","background-position":"center center","background-size":"auto","background-attachment":"scroll","background-type":"","background-media":"","overlay-type":"","overlay-color":"","overlay-opacity":"","overlay-gradient":""},"mobile":{"background-color":"","background-image":"","background-repeat":"repeat","background-position":"center center","background-size":"auto","background-attachment":"scroll","background-type":"","background-media":"","overlay-type":"","overlay-color":"","overlay-opacity":"","overlay-gradient":""}},"ast-content-background-meta":{"desktop":{"background-color":"var(--ast-global-color-5)","background-image":"","background-repeat":"repeat","background-position":"center center","background-size":"auto","background-attachment":"scroll","background-type":"","background-media":"","overlay-type":"","overlay-color":"","overlay-opacity":"","overlay-gradient":""},"tablet":{"background-color":"var(--ast-global-color-5)","background-image":"","background-repeat":"repeat","background-position":"center center","background-size":"auto","background-attachment":"scroll","background-type":"","background-media":"","overlay-type":"","overlay-color":"","overlay-opacity":"","overlay-gradient":""},"mobile":{"background-color":"var(--ast-global-color-5)","background-image":"","background-repeat":"repeat","background-position":"center center","background-size":"auto","background-attachment":"scroll","background-type":"","background-media":"","overlay-type":"","overlay-color":"","overlay-opacity":"","overlay-gradient":""}}},"product_brand":[52],"product_cat":[57,105,15],"product_tag":[],"class_list":{"0":"post-6787","1":"product","2":"type-product","3":"status-publish","4":"has-post-thumbnail","6":"product_brand-bang-king","7":"product_cat-bang-king-35k-resistance-mesh","8":"product_cat-puff-35k","9":"product_cat-magasin-cigarette-electronique","10":"desktop-align-center","11":"tablet-align-center","12":"mobile-align-center","13":"ast-product-gallery-layout-horizontal","14":"ast-product-gallery-with-no-image","15":"ast-product-single-variable","16":"ast-product-tabs-layout-horizontal","17":"ast-qv-on-image","19":"first","20":"instock","21":"sale","22":"shipping-taxable","23":"purchasable","24":"product-type-variable","25":"has-default-attributes"},"tiered_pricing_type":"fixed","tiered_pricing_fixed_rules":{"50":6.83,"100":6.22},"tiered_pricing_product_settings":{"layout":"default","base_unit_name":{"singular":null,"plural":null},"default_variation":null},"tiered_pricing_minimum_quantity":null,"tiered_pricing_roles_data":[],"tiered_pricing_percentage_rules":[],"_links":{"self":[{"href":"https:\/\/puffvapestore.com\/es\/wp-json\/wp\/v2\/product\/6787","targetHints":{"allow":["GET"]}}],"collection":[{"href":"https:\/\/puffvapestore.com\/es\/wp-json\/wp\/v2\/product"}],"about":[{"href":"https:\/\/puffvapestore.com\/es\/wp-json\/wp\/v2\/types\/product"}],"replies":[{"embeddable":true,"href":"https:\/\/puffvapestore.com\/es\/wp-json\/wp\/v2\/comments?post=6787"}],"version-history":[{"count":7,"href":"https:\/\/puffvapestore.com\/es\/wp-json\/wp\/v2\/product\/6787\/revisions"}],"predecessor-version":[{"id":7221,"href":"https:\/\/puffvapestore.com\/es\/wp-json\/wp\/v2\/product\/6787\/revisions\/7221"}],"wp:featuredmedia":[{"embeddable":true,"href":"https:\/\/puffvapestore.com\/es\/wp-json\/wp\/v2\/media\/6658"}],"wp:attachment":[{"href":"https:\/\/puffvapestore.com\/es\/wp-json\/wp\/v2\/media?parent=6787"}],"wp:term":[{"taxonomy":"product_brand","embeddable":true,"href":"https:\/\/puffvapestore.com\/es\/wp-json\/wp\/v2\/product_brand?post=6787"},{"taxonomy":"product_cat","embeddable":true,"href":"https:\/\/puffvapestore.com\/es\/wp-json\/wp\/v2\/product_cat?post=6787"},{"taxonomy":"product_tag","embeddable":true,"href":"https:\/\/puffvapestore.com\/es\/wp-json\/wp\/v2\/product_tag?post=6787"}],"curies":[{"name":"wp","href":"https:\/\/api.w.org\/{rel}","templated":true}]}}