{"id":6768,"date":"2025-08-18T05:07:38","date_gmt":"2025-08-18T05:07:38","guid":{"rendered":"https:\/\/puffvapestore.com\/?post_type=product&#038;p=6768"},"modified":"2026-01-19T10:31:54","modified_gmt":"2026-01-19T10:31:54","slug":"bang-king-35k-energy-drink-est-davantage-une-saveur-reveil-energetique","status":"publish","type":"product","link":"https:\/\/puffvapestore.com\/es\/product\/bang-king-35k-bebida-energetica-es-mas-un-sabor-de-impulso-de-energia\/","title":{"rendered":"Bang King 35000 - Bebida energ\u00e9tica"},"content":{"rendered":"<div data-elementor-type=\"wp-post\" data-elementor-id=\"6768\" class=\"elementor elementor-6768\">\n\t\t\t\t<div class=\"elementor-element elementor-element-08c26f9 e-flex e-con-boxed e-con e-parent\" data-id=\"08c26f9\" data-element_type=\"container\" data-e-type=\"container\">\n\t\t\t\t\t<div class=\"e-con-inner\">\n\t\t\t\t<div class=\"elementor-element elementor-element-a005a97 elementor-widget elementor-widget-text-editor\" data-id=\"a005a97\" data-element_type=\"widget\" data-e-type=\"widget\" data-widget_type=\"text-editor.default\">\n\t\t\t\t<div class=\"elementor-widget-container\">\n\t\t\t\t\t\t\t\t\t<p>En comparaci\u00f3n con sabores afrutados y helados como Blue Razz Ice o Peach Ice, el e-cigarrillo Bang King 35000 Energy Drink favorece una sensaci\u00f3n refrescante y estimulante m\u00e1s que un rico aroma afrutado o un fuerte frescor mentolado. Es m\u00e1s un sabor \u00abdespertador de energ\u00eda\u00bb que un sabor puramente afrutado o helado.<\/p><h2>Composici\u00f3n arom\u00e1tica<\/h2><p>Equilibrio dulce-\u00e1cido: El dulzor procede del sirope o la fructosa que suelen contener las bebidas energ\u00e9ticas, mientras que su acidez aporta un toque estimulante, similar a la refrescante acidez de los c\u00edtricos.<\/p><p>Efervescente: Aunque el cigarrillo electr\u00f3nico utiliza vapor en lugar de l\u00edquido, el sabor simula la efervescencia de las bebidas gaseosas, creando una ligera efervescencia que mejora la experiencia general.<\/p><h2>Experiencia gustativa global<\/h2><p>El usuario experimenta un tufillo refrescante y no irritante en la garganta:<\/p><p>El dulzor inicial del vapor se extiende r\u00e1pidamente, evocando la vigorizaci\u00f3n instant\u00e1nea de una lata de bebida energ\u00e9tica helada.<\/p><p>Una ligera acidez en el paladar medio da una sensaci\u00f3n de claridad y activaci\u00f3n.<\/p><p>El final ofrece un regusto dulce y una sutil sensaci\u00f3n de frescor, simulando una sensaci\u00f3n de vigilia.<\/p><h2>Bater\u00eda de larga duraci\u00f3n y bater\u00eda recargable de alta capacidad<\/h2><p>El BANG KING 35000 Energy Drink es un vaporizador electr\u00f3nico desechable de gran capacidad dise\u00f1ado para ofrecer una experiencia duradera y sabores incomparables. Cada cigarrillo electr\u00f3nico BANG KING 35000 ofrece hasta 35.000 caladas. Su bater\u00eda recargable integrada de alta capacidad y su dep\u00f3sito de e-l\u00edquido extragrande garantizan una inhalaci\u00f3n suave y completa.<\/p><p>Gracias a su bater\u00eda de litio recargable de 1000 mAh de alto rendimiento y al puerto de carga r\u00e1pida Type-C, nunca m\u00e1s tendr\u00e1s que preocuparte por un fallo de la bater\u00eda. Su dep\u00f3sito de e-l\u00edquido precargado extragrande de 23 ml, combinado con la tecnolog\u00eda Mesh Coil y una resistencia optimizada de 0,6 \u03a9, garantiza un calentamiento uniforme, un rico sabor y un generoso volumen de vapor.<\/p><h2>Pantalla LED y m\u00faltiples niveles de nicotina<\/h2><p>El BANG KING 35000 Energy Drink cuenta con una pantalla LED inteligente que muestra la carga restante de la bater\u00eda y el nivel de e-l\u00edquido en tiempo real, lo que le permite controlar el estado del dispositivo en todo momento. La exclusiva tecnolog\u00eda Anti-Dry-Burn evita eficazmente los olores a quemado cuando el nivel de e-l\u00edquido es bajo, prolongando la vida \u00fatil de la resistencia del atomizador.<\/p><p>La Bebida Energ\u00e9tica BANG KING 35000 ofrece varios niveles de nicotina: 0 %, 2 %, 3 % y 5 %, para satisfacer las diferentes necesidades de los usuarios. Tanto si eres un fumador sin nicotina que busca un sabor puro como si eres un fumador experimentado que prefiere la satisfacci\u00f3n de un vapeo potente, encontrar\u00e1s la opci\u00f3n ideal.<\/p><p>Con su dise\u00f1o refinado, bater\u00eda de larga duraci\u00f3n y numerosas opciones de sabores, el BANG KING 35000 (DSK032) destaca entre los vaporizadores electr\u00f3nicos desechables de gama alta. Para uso diario o viajes, ofrece una experiencia de vapeo suave, estable y duradera.<\/p><h2>Especificaciones de la bebida energ\u00e9tica BANG KING 35000:<\/h2><p>N\u00famero de caladas : Hasta 35.000<\/p><p>Capacidad de la bater\u00eda: 1.000 mAh recargable (Tipo-C)<\/p><p>Capacidad de l\u00edquido: 23 ml precargados<\/p><p>Atomizador: resistencia de malla de 0,6 \u03a9<\/p><p>Pantalla: Pantalla LED inteligente (nivel de bater\u00eda\/nivel de l\u00edquido)<\/p><p>Protecci\u00f3n: Protecci\u00f3n antiquemaduras<\/p><p>Niveles de nicotina: 0 %, 2 %, 3 %, 5 %<\/p>\t\t\t\t\t\t\t\t<\/div>\n\t\t\t\t<\/div>\n\t\t\t\t\t<\/div>\n\t\t\t\t<\/div>\n\t\t\t\t<\/div>","protected":false},"excerpt":{"rendered":"<p>Compar\u00e9e aux saveurs fruit\u00e9es et glac\u00e9es comme Blue Razz Ice ou Peach Ice, la e-cigarette Bang King 35000 Energy Drink privil\u00e9gie une sensation rafra\u00eechissante et stimulante plut\u00f4t qu&rsquo;un ar\u00f4me fruit\u00e9 riche ou une forte sensation de fra\u00eecheur menthol\u00e9e. Il s&rsquo;agit davantage d&rsquo;une saveur \u00ab\u00a0r\u00e9veil \u00e9nerg\u00e9tique\u00a0\u00bb que d&rsquo;une saveur purement fruit\u00e9e ou glac\u00e9e. Composition aromatique \u00c9quilibre [&hellip;]<\/p>\n","protected":false},"featured_media":6662,"comment_status":"open","ping_status":"closed","template":"","meta":{"site-sidebar-layout":"no-sidebar","site-content-layout":"page-builder","ast-site-content-layout":"normal-width-container","site-content-style":"default","site-sidebar-style":"default","ast-global-header-display":"","ast-banner-title-visibility":"","ast-main-header-display":"","ast-hfb-above-header-display":"","ast-hfb-below-header-display":"","ast-hfb-mobile-header-display":"","site-post-title":"disabled","ast-breadcrumbs-content":"","ast-featured-img":"disabled","footer-sml-layout":"","ast-disable-related-posts":"","theme-transparent-header-meta":"default","adv-header-id-meta":"","stick-header-meta":"default","header-above-stick-meta":"","header-main-stick-meta":"","header-below-stick-meta":"","astra-migrate-meta-layouts":"set","ast-page-background-enabled":"default","ast-page-background-meta":{"desktop":{"background-color":"","background-image":"","background-repeat":"repeat","background-position":"center center","background-size":"auto","background-attachment":"scroll","background-type":"","background-media":"","overlay-type":"","overlay-color":"","overlay-opacity":"","overlay-gradient":""},"tablet":{"background-color":"","background-image":"","background-repeat":"repeat","background-position":"center center","background-size":"auto","background-attachment":"scroll","background-type":"","background-media":"","overlay-type":"","overlay-color":"","overlay-opacity":"","overlay-gradient":""},"mobile":{"background-color":"","background-image":"","background-repeat":"repeat","background-position":"center center","background-size":"auto","background-attachment":"scroll","background-type":"","background-media":"","overlay-type":"","overlay-color":"","overlay-opacity":"","overlay-gradient":""}},"ast-content-background-meta":{"desktop":{"background-color":"var(--ast-global-color-5)","background-image":"","background-repeat":"repeat","background-position":"center center","background-size":"auto","background-attachment":"scroll","background-type":"","background-media":"","overlay-type":"","overlay-color":"","overlay-opacity":"","overlay-gradient":""},"tablet":{"background-color":"var(--ast-global-color-5)","background-image":"","background-repeat":"repeat","background-position":"center center","background-size":"auto","background-attachment":"scroll","background-type":"","background-media":"","overlay-type":"","overlay-color":"","overlay-opacity":"","overlay-gradient":""},"mobile":{"background-color":"var(--ast-global-color-5)","background-image":"","background-repeat":"repeat","background-position":"center center","background-size":"auto","background-attachment":"scroll","background-type":"","background-media":"","overlay-type":"","overlay-color":"","overlay-opacity":"","overlay-gradient":""}}},"product_brand":[52],"product_cat":[57,105,15],"product_tag":[],"class_list":{"0":"post-6768","1":"product","2":"type-product","3":"status-publish","4":"has-post-thumbnail","6":"product_brand-bang-king","7":"product_cat-bang-king-35k-resistance-mesh","8":"product_cat-puff-35k","9":"product_cat-magasin-cigarette-electronique","10":"desktop-align-center","11":"tablet-align-center","12":"mobile-align-center","13":"ast-product-gallery-layout-horizontal","14":"ast-product-gallery-with-no-image","15":"ast-product-single-variable","16":"ast-product-tabs-layout-horizontal","17":"ast-qv-on-image","19":"first","20":"instock","21":"sale","22":"shipping-taxable","23":"purchasable","24":"product-type-variable","25":"has-default-attributes"},"tiered_pricing_type":"fixed","tiered_pricing_fixed_rules":{"50":6.83,"100":6.22},"tiered_pricing_product_settings":{"layout":"default","base_unit_name":{"singular":null,"plural":null},"default_variation":null},"tiered_pricing_minimum_quantity":null,"tiered_pricing_roles_data":[],"tiered_pricing_percentage_rules":[],"_links":{"self":[{"href":"https:\/\/puffvapestore.com\/es\/wp-json\/wp\/v2\/product\/6768","targetHints":{"allow":["GET"]}}],"collection":[{"href":"https:\/\/puffvapestore.com\/es\/wp-json\/wp\/v2\/product"}],"about":[{"href":"https:\/\/puffvapestore.com\/es\/wp-json\/wp\/v2\/types\/product"}],"replies":[{"embeddable":true,"href":"https:\/\/puffvapestore.com\/es\/wp-json\/wp\/v2\/comments?post=6768"}],"version-history":[{"count":7,"href":"https:\/\/puffvapestore.com\/es\/wp-json\/wp\/v2\/product\/6768\/revisions"}],"predecessor-version":[{"id":7220,"href":"https:\/\/puffvapestore.com\/es\/wp-json\/wp\/v2\/product\/6768\/revisions\/7220"}],"wp:featuredmedia":[{"embeddable":true,"href":"https:\/\/puffvapestore.com\/es\/wp-json\/wp\/v2\/media\/6662"}],"wp:attachment":[{"href":"https:\/\/puffvapestore.com\/es\/wp-json\/wp\/v2\/media?parent=6768"}],"wp:term":[{"taxonomy":"product_brand","embeddable":true,"href":"https:\/\/puffvapestore.com\/es\/wp-json\/wp\/v2\/product_brand?post=6768"},{"taxonomy":"product_cat","embeddable":true,"href":"https:\/\/puffvapestore.com\/es\/wp-json\/wp\/v2\/product_cat?post=6768"},{"taxonomy":"product_tag","embeddable":true,"href":"https:\/\/puffvapestore.com\/es\/wp-json\/wp\/v2\/product_tag?post=6768"}],"curies":[{"name":"wp","href":"https:\/\/api.w.org\/{rel}","templated":true}]}}