{"id":6757,"date":"2025-08-18T01:56:40","date_gmt":"2025-08-18T01:56:40","guid":{"rendered":"https:\/\/puffvapestore.com\/?post_type=product&#038;p=6757"},"modified":"2026-01-19T10:31:54","modified_gmt":"2026-01-19T10:31:54","slug":"bang-king-35000-grape-ice-met-en-valeur-larome-fruite","status":"publish","type":"product","link":"https:\/\/puffvapestore.com\/es\/product\/bang-king-35000-uva-ice-resalta-los-aromas-afrutados\/","title":{"rendered":"Bang King 35000 - Uva Ice"},"content":{"rendered":"<div data-elementor-type=\"wp-post\" data-elementor-id=\"6757\" class=\"elementor elementor-6757\">\n\t\t\t\t<div class=\"elementor-element elementor-element-08c26f9 e-flex e-con-boxed e-con e-parent\" data-id=\"08c26f9\" data-element_type=\"container\" data-e-type=\"container\">\n\t\t\t\t\t<div class=\"e-con-inner\">\n\t\t\t\t<div class=\"elementor-element elementor-element-a005a97 elementor-widget elementor-widget-text-editor\" data-id=\"a005a97\" data-element_type=\"widget\" data-e-type=\"widget\" data-widget_type=\"text-editor.default\">\n\t\t\t\t<div class=\"elementor-widget-container\">\n\t\t\t\t\t\t\t\t\t<p>El atractivo \u00fanico del sabor \u00abGrape Ice\u00bb reside en su perfecto equilibrio entre dulzor y cubitos de hielo: ni demasiado dulce ni demasiado fuerte, no enmascara el dulzor natural de la uva. Al contrario, este contraste realza el aroma afrutado y proporciona un regusto refrescante.<\/p><p>El vaporizador Bang King 35000 Grape Ice es ideal para aquellos que disfrutan de sabores afrutados intensos y refrescantes, especialmente en verano o cuando buscan un impulso de energ\u00eda. Un sabor que no debe perderse.<\/p><h2>Sabor principal :<\/h2><p>El humo inicial desprende un rico, jugoso y dulce aroma a uva, como uvas frescas reci\u00e9n sacadas de la nevera, frescas y dulces, pero con un vibrante sabor afrutado.<\/p><h2>Pa\u00f1ales congelados :<\/h2><p>A esto le sigue una sensaci\u00f3n de frescor intenso y helado, como la escarcha que se derrite instant\u00e1neamente en la boca, proporcion\u00e1ndole una emoci\u00f3n refrescante. El vapor de este cigarrillo electr\u00f3nico es comparable al placer de tragar un sorbo de refresco de uva helado.<\/p><h2>Equilibrio de sabores y final :<\/h2><p>El dulzor y la frescura se equilibran sin resultar abrumadores, ofreciendo un final refrescante y persistente. La calidez del aroma afrutado y la frescura del hielo crean una experiencia compleja que cautiva el paladar.<\/p><h2>Bater\u00eda de larga duraci\u00f3n y bater\u00eda recargable de alta capacidad<\/h2><p>El BANG KING 35000 es un vaporizador electr\u00f3nico desechable de alta capacidad dise\u00f1ado para una experiencia duradera y sabores incomparables. Cada cigarrillo electr\u00f3nico BANG KING 35000 ofrece hasta 35.000 caladas. Su bater\u00eda recargable integrada de alta capacidad y su dep\u00f3sito de e-l\u00edquido extragrande garantizan una inhalaci\u00f3n suave y completa.<\/p><p>Gracias a su bater\u00eda de litio recargable de 1000 mAh de alto rendimiento y al puerto de carga r\u00e1pida Type-C, nunca m\u00e1s tendr\u00e1s que preocuparte por un fallo de la bater\u00eda. Su dep\u00f3sito de e-l\u00edquido precargado extragrande de 23 ml, combinado con la tecnolog\u00eda Mesh Coil y una resistencia optimizada de 0,6 \u03a9, garantiza un calentamiento uniforme, un rico sabor y un generoso volumen de vapor.<\/p><h2>Pantalla LED y m\u00faltiples niveles de nicotina<\/h2><p>El BANG KING 35000 cuenta con una pantalla LED inteligente que muestra la carga restante de la bater\u00eda y el nivel de e-l\u00edquido en tiempo real, lo que le permite controlar el estado del dispositivo en todo momento. La exclusiva tecnolog\u00eda Anti-Dry-Burn evita eficazmente los olores a quemado cuando el nivel de e-l\u00edquido es bajo, prolongando la vida \u00fatil de la resistencia del atomizador.<\/p><p>El BANG KING 35000 ofrece varios niveles de nicotina: 0 %, 2 %, 3 % y 5 %, para satisfacer las diferentes necesidades de los usuarios. Tanto si eres un fumador sin nicotina que busca un sabor puro como si eres un fumador experimentado que prefiere la satisfacci\u00f3n de un vapeo potente, encontrar\u00e1s la elecci\u00f3n ideal.<\/p><p>Con su dise\u00f1o refinado, bater\u00eda de larga duraci\u00f3n y numerosas opciones de sabores, el BANG KING 35000 (DSK032) destaca entre los vaporizadores electr\u00f3nicos desechables de gama alta. Para uso diario o viajes, ofrece una experiencia de vapeo suave, estable y duradera.<\/p><h2>Especificaciones del BANG KING 35000 :<\/h2><p>N\u00famero de caladas : Hasta 35.000<\/p><p>Capacidad de la bater\u00eda: 1.000 mAh recargable (Tipo-C)<\/p><p>Capacidad de l\u00edquido: 23 ml precargados<\/p><p>Atomizador: resistencia de malla de 0,6 \u03a9<\/p><p>Pantalla: Pantalla LED inteligente (nivel de bater\u00eda\/nivel de l\u00edquido)<\/p><p>Protecci\u00f3n: Protecci\u00f3n antiquemaduras<\/p><p>Niveles de nicotina: 0 %, 2 %, 3 %, 5 %<\/p>\t\t\t\t\t\t\t\t<\/div>\n\t\t\t\t<\/div>\n\t\t\t\t\t<\/div>\n\t\t\t\t<\/div>\n\t\t\t\t<\/div>","protected":false},"excerpt":{"rendered":"<p>L&rsquo;attrait unique de la saveur \u00ab Grape Ice \u00bb r\u00e9side dans son \u00e9quilibre parfait entre douceur et gla\u00e7ons\u00a0: ni trop sucr\u00e9e, ni trop prononc\u00e9e, elle ne masque la douceur naturelle du raisin. Au contraire, ce contraste met en valeur l&rsquo;ar\u00f4me fruit\u00e9 tout en offrant un arri\u00e8re-go\u00fbt rafra\u00eechissant. Bang King 35000 Grape Ice vape est id\u00e9ale [&hellip;]<\/p>\n","protected":false},"featured_media":6663,"comment_status":"open","ping_status":"closed","template":"","meta":{"site-sidebar-layout":"no-sidebar","site-content-layout":"page-builder","ast-site-content-layout":"normal-width-container","site-content-style":"default","site-sidebar-style":"default","ast-global-header-display":"","ast-banner-title-visibility":"","ast-main-header-display":"","ast-hfb-above-header-display":"","ast-hfb-below-header-display":"","ast-hfb-mobile-header-display":"","site-post-title":"disabled","ast-breadcrumbs-content":"","ast-featured-img":"disabled","footer-sml-layout":"","ast-disable-related-posts":"","theme-transparent-header-meta":"default","adv-header-id-meta":"","stick-header-meta":"default","header-above-stick-meta":"","header-main-stick-meta":"","header-below-stick-meta":"","astra-migrate-meta-layouts":"set","ast-page-background-enabled":"default","ast-page-background-meta":{"desktop":{"background-color":"","background-image":"","background-repeat":"repeat","background-position":"center center","background-size":"auto","background-attachment":"scroll","background-type":"","background-media":"","overlay-type":"","overlay-color":"","overlay-opacity":"","overlay-gradient":""},"tablet":{"background-color":"","background-image":"","background-repeat":"repeat","background-position":"center center","background-size":"auto","background-attachment":"scroll","background-type":"","background-media":"","overlay-type":"","overlay-color":"","overlay-opacity":"","overlay-gradient":""},"mobile":{"background-color":"","background-image":"","background-repeat":"repeat","background-position":"center center","background-size":"auto","background-attachment":"scroll","background-type":"","background-media":"","overlay-type":"","overlay-color":"","overlay-opacity":"","overlay-gradient":""}},"ast-content-background-meta":{"desktop":{"background-color":"var(--ast-global-color-5)","background-image":"","background-repeat":"repeat","background-position":"center center","background-size":"auto","background-attachment":"scroll","background-type":"","background-media":"","overlay-type":"","overlay-color":"","overlay-opacity":"","overlay-gradient":""},"tablet":{"background-color":"var(--ast-global-color-5)","background-image":"","background-repeat":"repeat","background-position":"center center","background-size":"auto","background-attachment":"scroll","background-type":"","background-media":"","overlay-type":"","overlay-color":"","overlay-opacity":"","overlay-gradient":""},"mobile":{"background-color":"var(--ast-global-color-5)","background-image":"","background-repeat":"repeat","background-position":"center center","background-size":"auto","background-attachment":"scroll","background-type":"","background-media":"","overlay-type":"","overlay-color":"","overlay-opacity":"","overlay-gradient":""}}},"product_brand":[52],"product_cat":[57,105,15],"product_tag":[],"class_list":{"0":"post-6757","1":"product","2":"type-product","3":"status-publish","4":"has-post-thumbnail","6":"product_brand-bang-king","7":"product_cat-bang-king-35k-resistance-mesh","8":"product_cat-puff-35k","9":"product_cat-magasin-cigarette-electronique","10":"desktop-align-center","11":"tablet-align-center","12":"mobile-align-center","13":"ast-product-gallery-layout-horizontal","14":"ast-product-gallery-with-no-image","15":"ast-product-single-variable","16":"ast-product-tabs-layout-horizontal","17":"ast-qv-on-image","19":"first","20":"instock","21":"sale","22":"shipping-taxable","23":"purchasable","24":"product-type-variable","25":"has-default-attributes"},"tiered_pricing_type":"fixed","tiered_pricing_fixed_rules":{"50":6.83,"100":6.22},"tiered_pricing_product_settings":{"layout":"default","base_unit_name":{"singular":null,"plural":null},"default_variation":null},"tiered_pricing_minimum_quantity":null,"tiered_pricing_roles_data":[],"tiered_pricing_percentage_rules":[],"_links":{"self":[{"href":"https:\/\/puffvapestore.com\/es\/wp-json\/wp\/v2\/product\/6757","targetHints":{"allow":["GET"]}}],"collection":[{"href":"https:\/\/puffvapestore.com\/es\/wp-json\/wp\/v2\/product"}],"about":[{"href":"https:\/\/puffvapestore.com\/es\/wp-json\/wp\/v2\/types\/product"}],"replies":[{"embeddable":true,"href":"https:\/\/puffvapestore.com\/es\/wp-json\/wp\/v2\/comments?post=6757"}],"version-history":[{"count":7,"href":"https:\/\/puffvapestore.com\/es\/wp-json\/wp\/v2\/product\/6757\/revisions"}],"predecessor-version":[{"id":7219,"href":"https:\/\/puffvapestore.com\/es\/wp-json\/wp\/v2\/product\/6757\/revisions\/7219"}],"wp:featuredmedia":[{"embeddable":true,"href":"https:\/\/puffvapestore.com\/es\/wp-json\/wp\/v2\/media\/6663"}],"wp:attachment":[{"href":"https:\/\/puffvapestore.com\/es\/wp-json\/wp\/v2\/media?parent=6757"}],"wp:term":[{"taxonomy":"product_brand","embeddable":true,"href":"https:\/\/puffvapestore.com\/es\/wp-json\/wp\/v2\/product_brand?post=6757"},{"taxonomy":"product_cat","embeddable":true,"href":"https:\/\/puffvapestore.com\/es\/wp-json\/wp\/v2\/product_cat?post=6757"},{"taxonomy":"product_tag","embeddable":true,"href":"https:\/\/puffvapestore.com\/es\/wp-json\/wp\/v2\/product_tag?post=6757"}],"curies":[{"name":"wp","href":"https:\/\/api.w.org\/{rel}","templated":true}]}}