{"id":6683,"date":"2025-08-14T05:04:16","date_gmt":"2025-08-14T05:04:16","guid":{"rendered":"https:\/\/puffvapestore.com\/?post_type=product&#038;p=6683"},"modified":"2026-01-19T10:31:53","modified_gmt":"2026-01-19T10:31:53","slug":"bang-king-35000-avec-23-ml-de-e-liquide-prerempli","status":"publish","type":"product","link":"https:\/\/puffvapestore.com\/es\/product\/bang-king-35000-con-23-ml-e-liquido-prerempli\/","title":{"rendered":"BANG KING 35000: Ofrece 35.000 caladas, viene con 23 ml de e-l\u00edquido precargado, una resistencia de malla de 0,6 \u03a9 y una pantalla LED de alta definici\u00f3n."},"content":{"rendered":"<div data-elementor-type=\"wp-post\" data-elementor-id=\"6683\" class=\"elementor elementor-6683\">\n\t\t\t\t<div class=\"elementor-element elementor-element-08c26f9 e-flex e-con-boxed e-con e-parent\" data-id=\"08c26f9\" data-element_type=\"container\" data-e-type=\"container\">\n\t\t\t\t\t<div class=\"e-con-inner\">\n\t\t\t\t<div class=\"elementor-element elementor-element-a005a97 elementor-widget elementor-widget-text-editor\" data-id=\"a005a97\" data-element_type=\"widget\" data-e-type=\"widget\" data-widget_type=\"text-editor.default\">\n\t\t\t\t<div class=\"elementor-widget-container\">\n\t\t\t\t\t\t\t\t\t<h2>Bater\u00eda de larga duraci\u00f3n y bater\u00eda recargable de alta capacidad<\/h2><p>El BANG KING 35000 es un vaporizador electr\u00f3nico desechable de alta capacidad dise\u00f1ado para una experiencia duradera y sabores incomparables. Cada cigarrillo electr\u00f3nico BANG KING 35000 ofrece hasta 35.000 caladas. Su bater\u00eda recargable integrada de alta capacidad y su dep\u00f3sito de e-l\u00edquido extragrande garantizan una inhalaci\u00f3n suave y completa.<\/p><p>Gracias a su bater\u00eda de litio recargable de 1000 mAh de alto rendimiento y al puerto de carga r\u00e1pida Type-C, nunca m\u00e1s tendr\u00e1s que preocuparte por un fallo de la bater\u00eda. Su dep\u00f3sito de e-l\u00edquido precargado extragrande de 23 ml, combinado con la tecnolog\u00eda Mesh Coil y una resistencia optimizada de 0,6 \u03a9, garantiza un calentamiento uniforme, un rico sabor y un generoso volumen de vapor.<\/p><h2>Pantalla LED y m\u00faltiples niveles de nicotina<\/h2><p>El BANG KING 35000 cuenta con una pantalla LED inteligente que muestra la carga restante de la bater\u00eda y el nivel de e-l\u00edquido en tiempo real, lo que le permite controlar el estado del dispositivo en todo momento. La exclusiva tecnolog\u00eda Anti-Dry-Burn evita eficazmente los olores a quemado cuando el nivel de e-l\u00edquido es bajo, prolongando la vida \u00fatil de la resistencia del atomizador.<\/p><p>El BANG KING 35000 ofrece varios niveles de nicotina: 0 %, 2 %, 3 % y 5 %, para satisfacer las diferentes necesidades de los usuarios. Tanto si eres un fumador sin nicotina que busca un sabor puro como si eres un fumador experimentado que prefiere la satisfacci\u00f3n de un vapeo potente, encontrar\u00e1s la elecci\u00f3n ideal.<\/p><p>Con su dise\u00f1o refinado, bater\u00eda de larga duraci\u00f3n y numerosas opciones de sabores, el BANG KING 35000 (DSK032) destaca entre los vaporizadores electr\u00f3nicos desechables de gama alta. Para uso diario o viajes, ofrece una experiencia de vapeo suave, estable y duradera.<\/p><h2>Especificaciones del BANG KING 35000 :<\/h2><p>N\u00famero de caladas : Hasta 35.000<\/p><p>Capacidad de la bater\u00eda: 1.000 mAh recargable (Tipo-C)<\/p><p>Capacidad de l\u00edquido: 23 ml precargados<\/p><p>Atomizador: resistencia de malla de 0,6 \u03a9<\/p><p>Pantalla: Pantalla LED inteligente (nivel de bater\u00eda\/nivel de l\u00edquido)<\/p><p>Protecci\u00f3n: Protecci\u00f3n antiquemaduras<\/p><p>Niveles de nicotina: 0 %, 2 %, 3 %, 5 %<\/p><h2>La serie BANG KING 35000 incluye 12 sabores diferentes.<\/h2><p>La serie BANG KING 35000 incluye 12 sabores diferentes para adaptarse a las preferencias de cada usuario. En primer lugar, la gama de sabores afrutados ofrece una variedad de combinaciones cl\u00e1sicas, como \u00abBlue Razz Ice\u00bb, \u00abBlueberry Ice\u00bb, \u00abRaspberry Ice\u00bb, \u00abPeach Ice\u00bb, \u00abStrawberry Kiwi\u00bb, \u00abStrawberry Mango\u00bb, \u00abStrawberry Watermelon\u00bb y \u00abWatermelon\u00bb. Estos sabores ofrecen una refrescante sensaci\u00f3n de frescor con un equilibrado sabor agridulce, perfecto para los amantes de las sensaciones afrutadas y heladas.<\/p><p>En segundo lugar, la BANG KING 35000 tambi\u00e9n ofrece sabores \u00fanicos como \u00abDoble Manzana\u00bb y \u00abMenta Lim\u00f3n\u00bb. El primero ofrece un rico aroma a manzana, mientras que el segundo combina la acidez del lim\u00f3n con la frescura de la menta, creando un sabor rico y complejo. Por \u00faltimo, \u00abEnergy Drink\u00bb ofrece una experiencia de sabor familiar y estimulante para los aficionados a las bebidas energ\u00e9ticas.<\/p><p>Por \u00faltimo, \u00abLove 66\u00bb es un sabor m\u00e1s original de la gama, con un nombre bastante misterioso. Puede tratarse de una fusi\u00f3n de varios sabores, lo que le confiere un posicionamiento gustativo \u00fanico, ideal para quienes gustan de descubrir nuevos sabores. La serie BANG KING 35000 es predominantemente afrutada y refrescante, al tiempo que ofrece una variedad de sabores para satisfacer las necesidades de los distintos grupos de consumidores.<\/p>\t\t\t\t\t\t\t\t<\/div>\n\t\t\t\t<\/div>\n\t\t\t\t\t<\/div>\n\t\t\t\t<\/div>\n\t\t\t\t<\/div>","protected":false},"excerpt":{"rendered":"<p>Batterie longue dur\u00e9e et batterie rechargeable grande capacit\u00e9 Le BANG KING 35000 est un vaporisateur \u00e9lectronique jetable haute capacit\u00e9 con\u00e7u pour une exp\u00e9rience longue dur\u00e9e et des saveurs incomparables. Chaque cigarette \u00e9lectronique BANG KING 35000 offre jusqu&rsquo;\u00e0 35000 bouff\u00e9es. Sa batterie rechargeable grande capacit\u00e9 int\u00e9gr\u00e9e et son r\u00e9servoir d&rsquo;e-liquide extra-large garantissent une inhalation ample et [&hellip;]<\/p>\n","protected":false},"featured_media":6663,"comment_status":"open","ping_status":"closed","template":"","meta":{"site-sidebar-layout":"no-sidebar","site-content-layout":"page-builder","ast-site-content-layout":"normal-width-container","site-content-style":"default","site-sidebar-style":"default","ast-global-header-display":"","ast-banner-title-visibility":"","ast-main-header-display":"","ast-hfb-above-header-display":"","ast-hfb-below-header-display":"","ast-hfb-mobile-header-display":"","site-post-title":"disabled","ast-breadcrumbs-content":"","ast-featured-img":"disabled","footer-sml-layout":"","ast-disable-related-posts":"","theme-transparent-header-meta":"default","adv-header-id-meta":"","stick-header-meta":"default","header-above-stick-meta":"","header-main-stick-meta":"","header-below-stick-meta":"","astra-migrate-meta-layouts":"set","ast-page-background-enabled":"default","ast-page-background-meta":{"desktop":{"background-color":"","background-image":"","background-repeat":"repeat","background-position":"center center","background-size":"auto","background-attachment":"scroll","background-type":"","background-media":"","overlay-type":"","overlay-color":"","overlay-opacity":"","overlay-gradient":""},"tablet":{"background-color":"","background-image":"","background-repeat":"repeat","background-position":"center center","background-size":"auto","background-attachment":"scroll","background-type":"","background-media":"","overlay-type":"","overlay-color":"","overlay-opacity":"","overlay-gradient":""},"mobile":{"background-color":"","background-image":"","background-repeat":"repeat","background-position":"center center","background-size":"auto","background-attachment":"scroll","background-type":"","background-media":"","overlay-type":"","overlay-color":"","overlay-opacity":"","overlay-gradient":""}},"ast-content-background-meta":{"desktop":{"background-color":"var(--ast-global-color-5)","background-image":"","background-repeat":"repeat","background-position":"center center","background-size":"auto","background-attachment":"scroll","background-type":"","background-media":"","overlay-type":"","overlay-color":"","overlay-opacity":"","overlay-gradient":""},"tablet":{"background-color":"var(--ast-global-color-5)","background-image":"","background-repeat":"repeat","background-position":"center center","background-size":"auto","background-attachment":"scroll","background-type":"","background-media":"","overlay-type":"","overlay-color":"","overlay-opacity":"","overlay-gradient":""},"mobile":{"background-color":"var(--ast-global-color-5)","background-image":"","background-repeat":"repeat","background-position":"center center","background-size":"auto","background-attachment":"scroll","background-type":"","background-media":"","overlay-type":"","overlay-color":"","overlay-opacity":"","overlay-gradient":""}}},"product_brand":[52],"product_cat":[57,105,15],"product_tag":[],"class_list":{"0":"post-6683","1":"product","2":"type-product","3":"status-publish","4":"has-post-thumbnail","6":"product_brand-bang-king","7":"product_cat-bang-king-35k-resistance-mesh","8":"product_cat-puff-35k","9":"product_cat-magasin-cigarette-electronique","10":"desktop-align-center","11":"tablet-align-center","12":"mobile-align-center","13":"ast-product-gallery-layout-horizontal","14":"ast-product-single-variable","15":"ast-product-tabs-layout-horizontal","16":"ast-qv-on-image","18":"first","19":"instock","20":"sale","21":"shipping-taxable","22":"purchasable","23":"product-type-variable","24":"has-default-attributes"},"tiered_pricing_type":"fixed","tiered_pricing_fixed_rules":{"50":6.83,"100":6.22},"tiered_pricing_product_settings":{"layout":"default","base_unit_name":{"singular":null,"plural":null},"default_variation":null},"tiered_pricing_minimum_quantity":null,"tiered_pricing_roles_data":[],"tiered_pricing_percentage_rules":[],"_links":{"self":[{"href":"https:\/\/puffvapestore.com\/es\/wp-json\/wp\/v2\/product\/6683","targetHints":{"allow":["GET"]}}],"collection":[{"href":"https:\/\/puffvapestore.com\/es\/wp-json\/wp\/v2\/product"}],"about":[{"href":"https:\/\/puffvapestore.com\/es\/wp-json\/wp\/v2\/types\/product"}],"replies":[{"embeddable":true,"href":"https:\/\/puffvapestore.com\/es\/wp-json\/wp\/v2\/comments?post=6683"}],"version-history":[{"count":7,"href":"https:\/\/puffvapestore.com\/es\/wp-json\/wp\/v2\/product\/6683\/revisions"}],"predecessor-version":[{"id":7230,"href":"https:\/\/puffvapestore.com\/es\/wp-json\/wp\/v2\/product\/6683\/revisions\/7230"}],"wp:featuredmedia":[{"embeddable":true,"href":"https:\/\/puffvapestore.com\/es\/wp-json\/wp\/v2\/media\/6663"}],"wp:attachment":[{"href":"https:\/\/puffvapestore.com\/es\/wp-json\/wp\/v2\/media?parent=6683"}],"wp:term":[{"taxonomy":"product_brand","embeddable":true,"href":"https:\/\/puffvapestore.com\/es\/wp-json\/wp\/v2\/product_brand?post=6683"},{"taxonomy":"product_cat","embeddable":true,"href":"https:\/\/puffvapestore.com\/es\/wp-json\/wp\/v2\/product_cat?post=6683"},{"taxonomy":"product_tag","embeddable":true,"href":"https:\/\/puffvapestore.com\/es\/wp-json\/wp\/v2\/product_tag?post=6683"}],"curies":[{"name":"wp","href":"https:\/\/api.w.org\/{rel}","templated":true}]}}