{"id":6609,"date":"2025-08-08T09:17:34","date_gmt":"2025-08-08T09:17:34","guid":{"rendered":"https:\/\/puffvapestore.com\/?post_type=product&#038;p=6609"},"modified":"2026-01-19T10:52:38","modified_gmt":"2026-01-19T10:52:38","slug":"bang-king-15k-triple-berry-ice-est-un-rafraichissement-fruite-unique-pour-la-vie","status":"publish","type":"product","link":"https:\/\/puffvapestore.com\/es\/product\/bang-king-15k-triple-berry-ice-es-un-refresco-afrutado-unico-para-toda-la-vida\/","title":{"rendered":"Bang King 15K - Triple Berry Ice"},"content":{"rendered":"<div data-elementor-type=\"wp-post\" data-elementor-id=\"6609\" class=\"elementor elementor-6609\">\n\t\t\t\t<div class=\"elementor-element elementor-element-08c26f9 e-flex e-con-boxed e-con e-parent\" data-id=\"08c26f9\" data-element_type=\"container\" data-e-type=\"container\">\n\t\t\t\t\t<div class=\"e-con-inner\">\n\t\t\t\t<div class=\"elementor-element elementor-element-a005a97 elementor-widget elementor-widget-text-editor\" data-id=\"a005a97\" data-element_type=\"widget\" data-e-type=\"widget\" data-widget_type=\"text-editor.default\">\n\t\t\t\t<div class=\"elementor-widget-container\">\n\t\t\t\t\t\t\t\t\t<p>Bang King 15000 Triple Berry Ice es un refresco afrutado \u00fanico para toda la vida. El sabor de Triple Berry Ice combina la riqueza de tres bayas con un acabado helado: la dulzura de la fresa, la profundidad del ar\u00e1ndano y la sutil acidez de la mora, sublimadas con cada inhalaci\u00f3n, para una experiencia afrutada y refrescante.<\/p><h2>Sabor principal : Triple baya<\/h2><p>Este helado de triple baya se compone de tres bayas -normalmente ar\u00e1ndano, frambuesa y fresa- con sabores sutiles, cada una con sus propias caracter\u00edsticas:<\/p><h3>Ar\u00e1ndano :<\/h3><p>Dulce y picante, es rico y jugoso.<\/p><p>Aparece en la primera inhalaci\u00f3n, con una textura suave, natural y parecida a la mermelada.<\/p><p>Tiene una capa afrutada en el paladar.<\/p><h3>Frambuesa :<\/h3><p>Aflora en el paladar medio, con una acidez pronunciada que realza el sabor.<\/p><p>Aporta una complejidad refrescante y afrutada sin ser demasiado dulce.<\/p><p>Se mezcla con el ar\u00e1ndano para crear una sutil nota de frutas silvestres.<\/p><h3>Fresa :<\/h3><p>Aparece sobre todo al final o al exhalar, ofreciendo un aroma dulce y natural con una clara nota de caramelo.<\/p><p>Tiene un dulzor suave y cremoso, que recuerda al de un bomb\u00f3n de fresa, lo que realza la redondez general.<\/p><h2>Caracter\u00edsticas del helado: Menta fresca (helado)<\/h2><p>La sensaci\u00f3n de hielo es perceptible, pero sin ser excesivamente estimulante, lo que la sit\u00faa en la categor\u00eda de \u00abmoderadamente fuerte\u00bb.<\/p><p>Se combina de forma natural con los frutos rojos, sin sobrecargarlos, sino, por el contrario, subrayando su refrescante sabor afrutado.<\/p><p>Al inhalarlo, un frescor helado envuelve inmediatamente la garganta, creando una sensaci\u00f3n refrescante similar a la de un chicle de menta fresca.<\/p><h2>Dise\u00f1o elegante y ergon\u00f3mico<\/h2><p>La Bang King 15000 Triple Berry Ice presenta un dise\u00f1o elegante y una carcasa ergon\u00f3mica que garantizan un agarre c\u00f3modo y una f\u00e1cil portabilidad. Su moderno dise\u00f1o no s\u00f3lo mejora la est\u00e9tica, sino que tambi\u00e9n optimiza la experiencia del usuario, por lo que es ideal para un uso prolongado. La superficie del dispositivo est\u00e1 cuidadosamente tratada para conseguir un acabado antideslizante y duradero, por lo que resulta ideal para una amplia gama de ocasiones, desde los desplazamientos diarios hasta las reuniones con amigos.<\/p><h2>E-l\u00edquido precargado de gran capacidad<\/h2><p>El Bang King 15000 Triple Berry Ice tiene una capacidad de 25 ml de e-l\u00edquido precargado, mucho mayor que muchos productos similares en el mercado. Esta generosa capacidad reduce la necesidad de cambios frecuentes de e-l\u00edquido y garantiza una experiencia de vapeo suave y duradera. El e-l\u00edquido utiliza una f\u00f3rmula de alta calidad, que ofrece un sabor intenso y duradero para satisfacer las diferentes necesidades de los usuarios.<\/p><p>Para satisfacer las variadas preferencias de los usuarios, Bang King 15000 Triple Berry Ice est\u00e1 disponible en cuatro potencias de sales de nicotina: 0 %, 2 %, 3 % y 5 %. La opci\u00f3n sin nicotina es adecuada para los consumidores que buscan un sabor m\u00e1s puro, mientras que la opci\u00f3n de alta potencia est\u00e1 dise\u00f1ada para los que buscan una sensaci\u00f3n de nicotina m\u00e1s intensa. Esta flexibilidad permite a los usuarios elegir la potencia que mejor se adapte a sus preferencias.<\/p><h2>Tecnolog\u00eda de resistencia de malla<\/h2><p>Este cigarrillo electr\u00f3nico incorpora una avanzada resistencia Mesh que proporciona una atomizaci\u00f3n m\u00e1s uniforme y un calentamiento m\u00e1s estable que las resistencias tradicionales. Este dise\u00f1o garantiza una calada rica y sabrosa, al tiempo que prolonga eficazmente la vida \u00fatil del dispositivo y reduce el riesgo de quemaduras o sabor irregular.<\/p><h2>Duraci\u00f3n extrema de la calada<\/h2><p>El Bang King 15000 Triple Berry Ice ofrece hasta 15.000 caladas, una cifra impresionante que lo convierte en uno de los cigarrillos electr\u00f3nicos m\u00e1s duraderos del mercado. Tanto si eres un fumador empedernido como un usuario ocasional, este cigarrillo electr\u00f3nico ofrece una autonom\u00eda excepcional, eliminando la necesidad de recargas frecuentes y sustituciones del dispositivo.<\/p><h2>Dise\u00f1o recargable respetuoso con el medio ambiente<\/h2><p>El Bang King 15000 Triple Berry Ice es respetuoso con el medio ambiente y cuenta con una bater\u00eda recargable integrada de alto rendimiento de 550 mAh, compatible con carga r\u00e1pida a trav\u00e9s de un puerto USB-C. Este dise\u00f1o no solo prolonga la vida \u00fatil del dispositivo, sino que tambi\u00e9n reduce el impacto medioambiental de las bater\u00edas usadas, lo que demuestra nuestro compromiso con el desarrollo sostenible.<\/p><p>Compacto, ligero y port\u00e1til, este cigarrillo electr\u00f3nico es f\u00e1cil de llevar a cualquier parte. Su carcasa est\u00e1 fabricada con materiales de alta resistencia a los golpes y ara\u00f1azos cotidianos, lo que garantiza una larga vida \u00fatil. Tanto si lo mete en un bolsillo como en una mochila, el Bang King 15000 conserva sus excelentes prestaciones.<\/p><h2>Carga r\u00e1pida y gesti\u00f3n eficiente de la bater\u00eda<\/h2><p>La bater\u00eda de 550 mAh no solo ofrece una gran capacidad, sino que tambi\u00e9n incorpora un sistema de gesti\u00f3n inteligente que optimiza el consumo de energ\u00eda y garantiza un suministro constante con cada carga. El puerto USB-C admite carga r\u00e1pida, lo que permite una carga completa en 30 a 60 minutos, reduciendo el tiempo de espera y dando a los usuarios la tranquilidad de fumar cuando quieran.<\/p>\t\t\t\t\t\t\t\t<\/div>\n\t\t\t\t<\/div>\n\t\t\t\t\t<\/div>\n\t\t\t\t<\/div>\n\t\t\t\t<\/div>","protected":false},"excerpt":{"rendered":"<p>Bang King 15000 Triple Berry Ice est un rafra\u00eechissement fruit\u00e9 unique pour la vie. La saveur de Triple Berry Ice allie la richesse de trois baies \u00e0 une finale glac\u00e9e\u00a0: la douceur de la fraise, la profondeur de la myrtille et la subtile acidit\u00e9 de la m\u00fbre, sublim\u00e9es \u00e0 chaque inhalation, pour une exp\u00e9rience fruit\u00e9e [&hellip;]<\/p>\n","protected":false},"featured_media":6252,"comment_status":"open","ping_status":"closed","template":"","meta":{"site-sidebar-layout":"no-sidebar","site-content-layout":"page-builder","ast-site-content-layout":"normal-width-container","site-content-style":"default","site-sidebar-style":"default","ast-global-header-display":"","ast-banner-title-visibility":"","ast-main-header-display":"","ast-hfb-above-header-display":"","ast-hfb-below-header-display":"","ast-hfb-mobile-header-display":"","site-post-title":"disabled","ast-breadcrumbs-content":"","ast-featured-img":"disabled","footer-sml-layout":"","ast-disable-related-posts":"","theme-transparent-header-meta":"default","adv-header-id-meta":"","stick-header-meta":"default","header-above-stick-meta":"","header-main-stick-meta":"","header-below-stick-meta":"","astra-migrate-meta-layouts":"set","ast-page-background-enabled":"default","ast-page-background-meta":{"desktop":{"background-color":"","background-image":"","background-repeat":"repeat","background-position":"center center","background-size":"auto","background-attachment":"scroll","background-type":"","background-media":"","overlay-type":"","overlay-color":"","overlay-opacity":"","overlay-gradient":""},"tablet":{"background-color":"","background-image":"","background-repeat":"repeat","background-position":"center center","background-size":"auto","background-attachment":"scroll","background-type":"","background-media":"","overlay-type":"","overlay-color":"","overlay-opacity":"","overlay-gradient":""},"mobile":{"background-color":"","background-image":"","background-repeat":"repeat","background-position":"center center","background-size":"auto","background-attachment":"scroll","background-type":"","background-media":"","overlay-type":"","overlay-color":"","overlay-opacity":"","overlay-gradient":""}},"ast-content-background-meta":{"desktop":{"background-color":"var(--ast-global-color-5)","background-image":"","background-repeat":"repeat","background-position":"center center","background-size":"auto","background-attachment":"scroll","background-type":"","background-media":"","overlay-type":"","overlay-color":"","overlay-opacity":"","overlay-gradient":""},"tablet":{"background-color":"var(--ast-global-color-5)","background-image":"","background-repeat":"repeat","background-position":"center center","background-size":"auto","background-attachment":"scroll","background-type":"","background-media":"","overlay-type":"","overlay-color":"","overlay-opacity":"","overlay-gradient":""},"mobile":{"background-color":"var(--ast-global-color-5)","background-image":"","background-repeat":"repeat","background-position":"center center","background-size":"auto","background-attachment":"scroll","background-type":"","background-media":"","overlay-type":"","overlay-color":"","overlay-opacity":"","overlay-gradient":""}}},"product_brand":[52],"product_cat":[56,80,15],"product_tag":[],"class_list":{"0":"post-6609","1":"product","2":"type-product","3":"status-publish","4":"has-post-thumbnail","6":"product_brand-bang-king","7":"product_cat-bang-king-15000-est-equipee-dune-resistance-mesh-nouvelle-generation","8":"product_cat-puff-15k","9":"product_cat-magasin-cigarette-electronique","10":"desktop-align-center","11":"tablet-align-center","12":"mobile-align-center","13":"ast-product-gallery-layout-horizontal","14":"ast-product-gallery-with-no-image","15":"ast-product-single-variable","16":"ast-product-tabs-layout-horizontal","17":"ast-qv-on-image","19":"first","20":"instock","21":"sale","22":"shipping-taxable","23":"purchasable","24":"product-type-variable","25":"has-default-attributes"},"tiered_pricing_type":"fixed","tiered_pricing_fixed_rules":{"50":6.05,"100":5.59},"tiered_pricing_product_settings":{"layout":"default","base_unit_name":{"singular":null,"plural":null},"default_variation":null},"tiered_pricing_minimum_quantity":null,"tiered_pricing_roles_data":[],"tiered_pricing_percentage_rules":[],"_links":{"self":[{"href":"https:\/\/puffvapestore.com\/es\/wp-json\/wp\/v2\/product\/6609","targetHints":{"allow":["GET"]}}],"collection":[{"href":"https:\/\/puffvapestore.com\/es\/wp-json\/wp\/v2\/product"}],"about":[{"href":"https:\/\/puffvapestore.com\/es\/wp-json\/wp\/v2\/types\/product"}],"replies":[{"embeddable":true,"href":"https:\/\/puffvapestore.com\/es\/wp-json\/wp\/v2\/comments?post=6609"}],"version-history":[{"count":6,"href":"https:\/\/puffvapestore.com\/es\/wp-json\/wp\/v2\/product\/6609\/revisions"}],"predecessor-version":[{"id":6619,"href":"https:\/\/puffvapestore.com\/es\/wp-json\/wp\/v2\/product\/6609\/revisions\/6619"}],"wp:featuredmedia":[{"embeddable":true,"href":"https:\/\/puffvapestore.com\/es\/wp-json\/wp\/v2\/media\/6252"}],"wp:attachment":[{"href":"https:\/\/puffvapestore.com\/es\/wp-json\/wp\/v2\/media?parent=6609"}],"wp:term":[{"taxonomy":"product_brand","embeddable":true,"href":"https:\/\/puffvapestore.com\/es\/wp-json\/wp\/v2\/product_brand?post=6609"},{"taxonomy":"product_cat","embeddable":true,"href":"https:\/\/puffvapestore.com\/es\/wp-json\/wp\/v2\/product_cat?post=6609"},{"taxonomy":"product_tag","embeddable":true,"href":"https:\/\/puffvapestore.com\/es\/wp-json\/wp\/v2\/product_tag?post=6609"}],"curies":[{"name":"wp","href":"https:\/\/api.w.org\/{rel}","templated":true}]}}