{"id":6586,"date":"2025-08-08T03:42:41","date_gmt":"2025-08-08T03:42:41","guid":{"rendered":"https:\/\/puffvapestore.com\/?post_type=product&#038;p=6586"},"modified":"2026-01-19T10:52:38","modified_gmt":"2026-01-19T10:52:38","slug":"black-dragon-ice-bang-king-15k-est-mysterieux-et-frais","status":"publish","type":"product","link":"https:\/\/puffvapestore.com\/es\/product\/black-dragon-ice-bang-king-15k-es-misterioso-y-fresco\/","title":{"rendered":"Bang King 15K - Drag\u00f3n Negro Hielo"},"content":{"rendered":"<div data-elementor-type=\"wp-post\" data-elementor-id=\"6586\" class=\"elementor elementor-6586\">\n\t\t\t\t<div class=\"elementor-element elementor-element-08c26f9 e-flex e-con-boxed e-con e-parent\" data-id=\"08c26f9\" data-element_type=\"container\" data-e-type=\"container\">\n\t\t\t\t\t<div class=\"e-con-inner\">\n\t\t\t\t<div class=\"elementor-element elementor-element-a005a97 elementor-widget elementor-widget-text-editor\" data-id=\"a005a97\" data-element_type=\"widget\" data-e-type=\"widget\" data-widget_type=\"text-editor.default\">\n\t\t\t\t<div class=\"elementor-widget-container\">\n\t\t\t\t\t\t\t\t\t<p>El sabor de Black Dragon Ice no es simplemente una combinaci\u00f3n afrutada y fresca. Expresa una atm\u00f3sfera oscura y urbana: misteriosa y fresca, al tiempo que revela un aroma c\u00e1lido y afrutado en cada detalle.<\/p><h2>Primera bocanada: Una explosi\u00f3n afrutada, dulce y picante.<\/h2><p>Al inhalar el humo, lo primero que percibe el paladar es un rico y dulce aroma a bayas oscuras, probablemente el profundo y \u00e1cido sabor afrutado de las grosellas negras o las moras.<\/p><p>Este aroma afrutado difiere del ligero dulzor de la fresa o el ar\u00e1ndano. Se acerca m\u00e1s a la mermelada, densa y melosa, con una sutil acidez que realza el sabor.<\/p><h2>Paladar medio: La dulzura y el aroma de la fruta del drag\u00f3n impregnan el paladar.<\/h2><p>Tras los aromas oscuros y afrutados, emerge suavemente el dulzor refrescante de la fruta del drag\u00f3n, que suaviza la acidez inicial.<\/p><p>La fruta del drag\u00f3n tiene un perfil arom\u00e1tico relativamente ligero, pero equilibra la estructura arom\u00e1tica general y a\u00f1ade un toque de sabor ex\u00f3tico, evitando un exceso de potencia.<\/p><h2>Final: Una explosi\u00f3n de sabores helados, un final refrescante.<\/h2><p>Por \u00faltimo, al exhalar, una menta refrescante o un agente refrescante se difunden r\u00e1pidamente, proporcionando una fuerte sensaci\u00f3n de frescor.<\/p><p>Este \u00abhielo\u00bb no es s\u00f3lo menta; tiene un efecto refrescante.<\/p><h2>Dise\u00f1o elegante y ergon\u00f3mico<\/h2><p>El Bang King 15000 Black Dragon Ice presenta un dise\u00f1o elegante y una carcasa ergon\u00f3mica que garantizan un agarre c\u00f3modo y una f\u00e1cil portabilidad. Su moderno dise\u00f1o no s\u00f3lo mejora la est\u00e9tica, sino que tambi\u00e9n optimiza la experiencia del usuario, por lo que es ideal para un uso prolongado. La superficie del dispositivo est\u00e1 cuidadosamente tratada para conseguir un acabado antideslizante y duradero, por lo que resulta ideal para una amplia gama de ocasiones, desde los desplazamientos diarios hasta las reuniones con amigos.<\/p><h2>E-l\u00edquido precargado de gran capacidad<\/h2><p>El Bang King 15000 Black Dragon Ice tiene una capacidad de 25 ml de e-l\u00edquido precargado, mucho mayor que muchos productos similares en el mercado. Esta generosa capacidad reduce la necesidad de cambios frecuentes de e-l\u00edquido y garantiza una experiencia de vapeo suave y duradera. El e-l\u00edquido utiliza una f\u00f3rmula de alta calidad, que ofrece un sabor intenso y duradero para satisfacer las diferentes necesidades de los usuarios.<\/p><p>Para satisfacer las variadas preferencias de los usuarios, Bang King 15000 Black Dragon Ice est\u00e1 disponible en cuatro potencias de sales de nicotina: 0 %, 2 %, 3 % y 5 %. La opci\u00f3n sin nicotina es adecuada para los consumidores que buscan un sabor m\u00e1s puro, mientras que la opci\u00f3n de alta potencia est\u00e1 dise\u00f1ada para los que buscan una sensaci\u00f3n de nicotina m\u00e1s intensa. Esta flexibilidad permite a los usuarios elegir la potencia que mejor se adapte a sus preferencias.<\/p><h2>Tecnolog\u00eda de resistencia de malla<\/h2><p>Este cigarrillo electr\u00f3nico incorpora una avanzada resistencia Mesh que proporciona una atomizaci\u00f3n m\u00e1s uniforme y un calentamiento m\u00e1s estable que las resistencias tradicionales. Este dise\u00f1o garantiza una calada rica y sabrosa, al tiempo que prolonga eficazmente la vida \u00fatil del dispositivo y reduce el riesgo de quemaduras o sabor irregular.<\/p><h2>Duraci\u00f3n extrema de la calada<\/h2><p>El Bang King 15000 Black Dragon Ice ofrece hasta 15.000 caladas, una cifra impresionante que lo convierte en uno de los cigarrillos electr\u00f3nicos m\u00e1s duraderos del mercado. Tanto si eres un fumador empedernido como un usuario ocasional, este cigarrillo electr\u00f3nico ofrece una autonom\u00eda excepcional, eliminando la necesidad de recargas frecuentes y sustituciones del dispositivo.<\/p><h2>Dise\u00f1o recargable respetuoso con el medio ambiente<\/h2><p>El Bang King 15000 es respetuoso con el medio ambiente y cuenta con una bater\u00eda recargable integrada de alto rendimiento de 550 mAh, compatible con carga r\u00e1pida a trav\u00e9s de un puerto USB-C. Este dise\u00f1o no solo prolonga la vida \u00fatil del dispositivo, sino que tambi\u00e9n reduce el impacto medioambiental de las bater\u00edas usadas, lo que demuestra nuestro compromiso con el desarrollo sostenible.<\/p><p>Compacto, ligero y port\u00e1til, este cigarrillo electr\u00f3nico es f\u00e1cil de llevar a cualquier parte. Su carcasa est\u00e1 fabricada con materiales de alta resistencia a los golpes y ara\u00f1azos cotidianos, lo que garantiza una larga vida \u00fatil. Tanto si lo mete en un bolsillo como en una mochila, el Bang King 15000 conserva sus excelentes prestaciones.<\/p><h2>Carga r\u00e1pida y gesti\u00f3n eficiente de la bater\u00eda<\/h2><p>La bater\u00eda de 550 mAh no solo ofrece una gran capacidad, sino que tambi\u00e9n incorpora un sistema de gesti\u00f3n inteligente que optimiza el consumo de energ\u00eda y garantiza un suministro constante con cada carga. El puerto USB-C admite carga r\u00e1pida, lo que permite una carga completa en 30 a 60 minutos, reduciendo el tiempo de espera y dando a los usuarios la tranquilidad de fumar cuando quieran.<\/p>\t\t\t\t\t\t\t\t<\/div>\n\t\t\t\t<\/div>\n\t\t\t\t\t<\/div>\n\t\t\t\t<\/div>\n\t\t\t\t<\/div>","protected":false},"excerpt":{"rendered":"<p>Le go\u00fbt de Black Dragon Ice n&rsquo;est pas simplement une combinaison fruit\u00e9e et fra\u00eeche. Il exprime une ambiance sombre et urbaine\u00a0: myst\u00e9rieux et frais, tout en r\u00e9v\u00e9lant un ar\u00f4me chaud et fruit\u00e9 dans les moindres d\u00e9tails. Premi\u00e8re bouff\u00e9e\u00a0: Explosion fruit\u00e9e, sucr\u00e9e et acidul\u00e9e. Lorsque vous inhalez la fum\u00e9e, la premi\u00e8re chose qui frappe votre palais [&hellip;]<\/p>\n","protected":false},"featured_media":6235,"comment_status":"open","ping_status":"closed","template":"","meta":{"site-sidebar-layout":"no-sidebar","site-content-layout":"page-builder","ast-site-content-layout":"normal-width-container","site-content-style":"default","site-sidebar-style":"default","ast-global-header-display":"","ast-banner-title-visibility":"","ast-main-header-display":"","ast-hfb-above-header-display":"","ast-hfb-below-header-display":"","ast-hfb-mobile-header-display":"","site-post-title":"disabled","ast-breadcrumbs-content":"","ast-featured-img":"disabled","footer-sml-layout":"","ast-disable-related-posts":"","theme-transparent-header-meta":"default","adv-header-id-meta":"","stick-header-meta":"default","header-above-stick-meta":"","header-main-stick-meta":"","header-below-stick-meta":"","astra-migrate-meta-layouts":"set","ast-page-background-enabled":"default","ast-page-background-meta":{"desktop":{"background-color":"","background-image":"","background-repeat":"repeat","background-position":"center center","background-size":"auto","background-attachment":"scroll","background-type":"","background-media":"","overlay-type":"","overlay-color":"","overlay-opacity":"","overlay-gradient":""},"tablet":{"background-color":"","background-image":"","background-repeat":"repeat","background-position":"center center","background-size":"auto","background-attachment":"scroll","background-type":"","background-media":"","overlay-type":"","overlay-color":"","overlay-opacity":"","overlay-gradient":""},"mobile":{"background-color":"","background-image":"","background-repeat":"repeat","background-position":"center center","background-size":"auto","background-attachment":"scroll","background-type":"","background-media":"","overlay-type":"","overlay-color":"","overlay-opacity":"","overlay-gradient":""}},"ast-content-background-meta":{"desktop":{"background-color":"var(--ast-global-color-5)","background-image":"","background-repeat":"repeat","background-position":"center center","background-size":"auto","background-attachment":"scroll","background-type":"","background-media":"","overlay-type":"","overlay-color":"","overlay-opacity":"","overlay-gradient":""},"tablet":{"background-color":"var(--ast-global-color-5)","background-image":"","background-repeat":"repeat","background-position":"center center","background-size":"auto","background-attachment":"scroll","background-type":"","background-media":"","overlay-type":"","overlay-color":"","overlay-opacity":"","overlay-gradient":""},"mobile":{"background-color":"var(--ast-global-color-5)","background-image":"","background-repeat":"repeat","background-position":"center center","background-size":"auto","background-attachment":"scroll","background-type":"","background-media":"","overlay-type":"","overlay-color":"","overlay-opacity":"","overlay-gradient":""}}},"product_brand":[52],"product_cat":[56,80,15],"product_tag":[],"class_list":{"0":"post-6586","1":"product","2":"type-product","3":"status-publish","4":"has-post-thumbnail","6":"product_brand-bang-king","7":"product_cat-bang-king-15000-est-equipee-dune-resistance-mesh-nouvelle-generation","8":"product_cat-puff-15k","9":"product_cat-magasin-cigarette-electronique","10":"desktop-align-center","11":"tablet-align-center","12":"mobile-align-center","13":"ast-product-gallery-layout-horizontal","14":"ast-product-gallery-with-no-image","15":"ast-product-single-variable","16":"ast-product-tabs-layout-horizontal","17":"ast-qv-on-image","19":"first","20":"instock","21":"sale","22":"shipping-taxable","23":"purchasable","24":"product-type-variable","25":"has-default-attributes"},"tiered_pricing_type":"fixed","tiered_pricing_fixed_rules":{"50":6.05,"100":5.59},"tiered_pricing_product_settings":{"layout":"default","base_unit_name":{"singular":null,"plural":null},"default_variation":null},"tiered_pricing_minimum_quantity":null,"tiered_pricing_roles_data":[],"tiered_pricing_percentage_rules":[],"_links":{"self":[{"href":"https:\/\/puffvapestore.com\/es\/wp-json\/wp\/v2\/product\/6586","targetHints":{"allow":["GET"]}}],"collection":[{"href":"https:\/\/puffvapestore.com\/es\/wp-json\/wp\/v2\/product"}],"about":[{"href":"https:\/\/puffvapestore.com\/es\/wp-json\/wp\/v2\/types\/product"}],"replies":[{"embeddable":true,"href":"https:\/\/puffvapestore.com\/es\/wp-json\/wp\/v2\/comments?post=6586"}],"version-history":[{"count":7,"href":"https:\/\/puffvapestore.com\/es\/wp-json\/wp\/v2\/product\/6586\/revisions"}],"predecessor-version":[{"id":6621,"href":"https:\/\/puffvapestore.com\/es\/wp-json\/wp\/v2\/product\/6586\/revisions\/6621"}],"wp:featuredmedia":[{"embeddable":true,"href":"https:\/\/puffvapestore.com\/es\/wp-json\/wp\/v2\/media\/6235"}],"wp:attachment":[{"href":"https:\/\/puffvapestore.com\/es\/wp-json\/wp\/v2\/media?parent=6586"}],"wp:term":[{"taxonomy":"product_brand","embeddable":true,"href":"https:\/\/puffvapestore.com\/es\/wp-json\/wp\/v2\/product_brand?post=6586"},{"taxonomy":"product_cat","embeddable":true,"href":"https:\/\/puffvapestore.com\/es\/wp-json\/wp\/v2\/product_cat?post=6586"},{"taxonomy":"product_tag","embeddable":true,"href":"https:\/\/puffvapestore.com\/es\/wp-json\/wp\/v2\/product_tag?post=6586"}],"curies":[{"name":"wp","href":"https:\/\/api.w.org\/{rel}","templated":true}]}}