{"id":6559,"date":"2025-08-07T09:06:44","date_gmt":"2025-08-07T09:06:44","guid":{"rendered":"https:\/\/puffvapestore.com\/?post_type=product&#038;p=6559"},"modified":"2026-01-19T10:52:38","modified_gmt":"2026-01-19T10:52:38","slug":"pasteque-bubblegum-bang-king-15k-un-doux-melange-daromes-fruites-et-de-douceur","status":"publish","type":"product","link":"https:\/\/puffvapestore.com\/es\/product\/pasteque-bubblegum-bang-king-15k-una-suave-mezcla-de-aromas-afrutados-y-dulzura\/","title":{"rendered":"Bang King 15K - Sand\u00eda Chicle"},"content":{"rendered":"<div data-elementor-type=\"wp-post\" data-elementor-id=\"6559\" class=\"elementor elementor-6559\">\n\t\t\t\t<div class=\"elementor-element elementor-element-08c26f9 e-flex e-con-boxed e-con e-parent\" data-id=\"08c26f9\" data-element_type=\"container\" data-e-type=\"container\">\n\t\t\t\t\t<div class=\"e-con-inner\">\n\t\t\t\t<div class=\"elementor-element elementor-element-a005a97 elementor-widget elementor-widget-text-editor\" data-id=\"a005a97\" data-element_type=\"widget\" data-e-type=\"widget\" data-widget_type=\"text-editor.default\">\n\t\t\t\t<div class=\"elementor-widget-container\">\n\t\t\t\t\t\t\t\t\t<p>La sand\u00eda Bubblegum combina la dulzura de la infancia con la frescura del verano. Desde el primer soplo, un aroma vivo y jugoso de sand\u00eda, dulce pero no abrumador, aporta una sensaci\u00f3n de frescor. A continuaci\u00f3n, aparece lentamente una nota suave y dulce de chicle, que evoca un ambiente relajado y alegre, como el de un caf\u00e9 parisino, ba\u00f1ado por el sol en las sillas de la terraza.<\/p><h2>Sand\u00eda nota de cabeza: dulce, jugosa y fresca<\/h2><p>La primera bocanada de humo trae un refrescante aroma a sand\u00eda, como morder una sand\u00eda perfectamente madura reci\u00e9n sacada de la nevera. El aroma es naturalmente afrutado, con una textura sutil y fibrosa y un final refrescantemente acuoso.<\/p><p>El dulzor se equilibra con un toque de acidez, como la corteza de una aut\u00e9ntica sand\u00eda, que evoca un huerto en una ma\u00f1ana de verano.<\/p><h2>Coraz\u00f3n y final de chicle: Un aroma dulce que trae recuerdos de la infancia<\/h2><p>A medida que el humo se asienta en el paladar, el sabor a chicle emerge gradualmente: un cl\u00e1sico aroma a chicle rosa, dulce pero no abrumador.<\/p><p>Combinado perfectamente con el sabor de la sand\u00eda, este dulzor no es abrumador, sino que crea una sensaci\u00f3n ligera y suave, como una burbuja dulce en la boca.<\/p><p>El sabor a chicle no es s\u00f3lo dulce, sino que tiene una textura cremosa y suave que completa la experiencia global.<\/p><h2>Dise\u00f1o recargable y respetuoso con el medio ambiente<\/h2><p>Con su bater\u00eda recargable USB-C integrada, reduce el impacto medioambiental de los cigarrillos electr\u00f3nicos desechables. Los usuarios pueden recargar la bater\u00eda r\u00e1pidamente y reanudar su uso en cualquier momento y lugar, combinando practicidad y durabilidad. Este dise\u00f1o no solo ahorra dinero, sino que tambi\u00e9n es respetuoso con el medio ambiente.<\/p><p>El Bang King 15000 Watermelon Bubblegum tiene un dise\u00f1o elegante y ergon\u00f3mico que garantiza un agarre c\u00f3modo y una larga vida \u00fatil. Su carcasa ligera y sus modernos colores mejoran la experiencia del usuario, al tiempo que muestran individualidad y estilo. La carcasa ha sido cuidadosamente tratada para ofrecer resistencia al desgaste y propiedades antideslizantes, combinando est\u00e9tica y practicidad.<\/p><h2>E-l\u00edquido precargado de gran capacidad<\/h2><p>Cada Bang King 15000 Watermelon Bubblegum est\u00e1 precargado con 25 ml de e-l\u00edquido de primera calidad, mucho m\u00e1s que los cigarrillos electr\u00f3nicos convencionales, para un uso duradero. El e-l\u00edquido est\u00e1 hecho de ingredientes de alta calidad, ofreciendo una sensaci\u00f3n suave en la garganta y una amplia variedad de sabores, para una satisfacci\u00f3n constante con cada calada.<\/p><h2>Diversas concentraciones de nicotina disponibles<\/h2><p>El Bang King 15000 Watermelon Bubblegum ofrece cuatro potencias de sales de nicotina: 0 %, 2 %, 3 % y 5 %, para satisfacer las necesidades de diferentes vapeadores. La opci\u00f3n sin nicotina 0 % es ideal para los que buscan un sabor m\u00e1s puro, mientras que la opci\u00f3n con nicotina 5 % ofrece una experiencia satisfactoria a los vapeadores habituales. Gracias a esta flexibilidad, todo el mundo puede encontrar la experiencia que mejor se adapte a sus necesidades.<\/p><p>Un solo cigarrillo electr\u00f3nico Bang King 15000 proporciona hasta 15.000 caladas, y su excepcional autonom\u00eda permite no tener que sustituir el dispositivo con frecuencia. Ya sea para uso diario o para viajar, este cigarrillo electr\u00f3nico ofrece una comodidad duradera y simplifica las recargas.<\/p><h2>Tecnolog\u00eda de resistencia de malla<\/h2><p>Este cigarrillo electr\u00f3nico incorpora una avanzada resistencia Mesh, que ofrece una atomizaci\u00f3n m\u00e1s uniforme y un calentamiento m\u00e1s estable que las resistencias tradicionales, garantizando un vapor suave y aut\u00e9ntico. La estructura Mesh tambi\u00e9n prolonga la vida \u00fatil de la resistencia y reduce los olores a quemado, garantizando un vapeo de alta calidad en cada calada.<\/p><p>Compacto y ligero, el Bang King 15000 es f\u00e1cil de transportar y cabe perfectamente en un bolsillo o mochila. Fabricado con materiales de alta resistencia, es resistente a ca\u00eddas y duradero, conservando su aspecto y rendimiento incluso con un uso diario frecuente.<\/p><h2>Bater\u00eda recargable de alta capacidad<\/h2><p>Equipado con una bater\u00eda integrada de unos 550 mAh, el Bang King 15000 ofrece una impresionante autonom\u00eda. Gracias a la tecnolog\u00eda de carga r\u00e1pida USB-C, los usuarios pueden recargar r\u00e1pidamente su tel\u00e9fono, reduciendo el tiempo de espera. Un sistema de gesti\u00f3n de la bater\u00eda optimiza el consumo de energ\u00eda, garantizando un funcionamiento estable y duradero.<\/p>\t\t\t\t\t\t\t\t<\/div>\n\t\t\t\t<\/div>\n\t\t\t\t\t<\/div>\n\t\t\t\t<\/div>\n\t\t\t\t<\/div>","protected":false},"excerpt":{"rendered":"<p>La past\u00e8que Bubblegum allie la douceur de l&rsquo;enfance \u00e0 la fra\u00eecheur estivale. D\u00e8s la premi\u00e8re bouff\u00e9e, un ar\u00f4me vif et juteux de past\u00e8que, doux mais sans \u00eatre envahissant, apporte une sensation de fra\u00eecheur. Puis, une note douce et sucr\u00e9e de bubble gum \u00e9merge lentement, \u00e9voquant une atmosph\u00e8re d\u00e9tendue et joyeuse, comme dans un caf\u00e9 parisien, [&hellip;]<\/p>\n","protected":false},"featured_media":6254,"comment_status":"open","ping_status":"closed","template":"","meta":{"site-sidebar-layout":"no-sidebar","site-content-layout":"page-builder","ast-site-content-layout":"normal-width-container","site-content-style":"default","site-sidebar-style":"default","ast-global-header-display":"","ast-banner-title-visibility":"","ast-main-header-display":"","ast-hfb-above-header-display":"","ast-hfb-below-header-display":"","ast-hfb-mobile-header-display":"","site-post-title":"disabled","ast-breadcrumbs-content":"","ast-featured-img":"disabled","footer-sml-layout":"","ast-disable-related-posts":"","theme-transparent-header-meta":"default","adv-header-id-meta":"","stick-header-meta":"default","header-above-stick-meta":"","header-main-stick-meta":"","header-below-stick-meta":"","astra-migrate-meta-layouts":"set","ast-page-background-enabled":"default","ast-page-background-meta":{"desktop":{"background-color":"","background-image":"","background-repeat":"repeat","background-position":"center center","background-size":"auto","background-attachment":"scroll","background-type":"","background-media":"","overlay-type":"","overlay-color":"","overlay-opacity":"","overlay-gradient":""},"tablet":{"background-color":"","background-image":"","background-repeat":"repeat","background-position":"center center","background-size":"auto","background-attachment":"scroll","background-type":"","background-media":"","overlay-type":"","overlay-color":"","overlay-opacity":"","overlay-gradient":""},"mobile":{"background-color":"","background-image":"","background-repeat":"repeat","background-position":"center center","background-size":"auto","background-attachment":"scroll","background-type":"","background-media":"","overlay-type":"","overlay-color":"","overlay-opacity":"","overlay-gradient":""}},"ast-content-background-meta":{"desktop":{"background-color":"var(--ast-global-color-5)","background-image":"","background-repeat":"repeat","background-position":"center center","background-size":"auto","background-attachment":"scroll","background-type":"","background-media":"","overlay-type":"","overlay-color":"","overlay-opacity":"","overlay-gradient":""},"tablet":{"background-color":"var(--ast-global-color-5)","background-image":"","background-repeat":"repeat","background-position":"center center","background-size":"auto","background-attachment":"scroll","background-type":"","background-media":"","overlay-type":"","overlay-color":"","overlay-opacity":"","overlay-gradient":""},"mobile":{"background-color":"var(--ast-global-color-5)","background-image":"","background-repeat":"repeat","background-position":"center center","background-size":"auto","background-attachment":"scroll","background-type":"","background-media":"","overlay-type":"","overlay-color":"","overlay-opacity":"","overlay-gradient":""}}},"product_brand":[52],"product_cat":[56,80,15],"product_tag":[],"class_list":{"0":"post-6559","1":"product","2":"type-product","3":"status-publish","4":"has-post-thumbnail","6":"product_brand-bang-king","7":"product_cat-bang-king-15000-est-equipee-dune-resistance-mesh-nouvelle-generation","8":"product_cat-puff-15k","9":"product_cat-magasin-cigarette-electronique","10":"desktop-align-center","11":"tablet-align-center","12":"mobile-align-center","13":"ast-product-gallery-layout-horizontal","14":"ast-product-gallery-with-no-image","15":"ast-product-single-variable","16":"ast-product-tabs-layout-horizontal","17":"ast-qv-on-image","19":"first","20":"instock","21":"sale","22":"shipping-taxable","23":"purchasable","24":"product-type-variable","25":"has-default-attributes"},"tiered_pricing_type":"fixed","tiered_pricing_fixed_rules":{"50":6.05,"100":5.59},"tiered_pricing_product_settings":{"layout":"default","base_unit_name":{"singular":null,"plural":null},"default_variation":null},"tiered_pricing_minimum_quantity":null,"tiered_pricing_roles_data":[],"tiered_pricing_percentage_rules":[],"_links":{"self":[{"href":"https:\/\/puffvapestore.com\/es\/wp-json\/wp\/v2\/product\/6559","targetHints":{"allow":["GET"]}}],"collection":[{"href":"https:\/\/puffvapestore.com\/es\/wp-json\/wp\/v2\/product"}],"about":[{"href":"https:\/\/puffvapestore.com\/es\/wp-json\/wp\/v2\/types\/product"}],"replies":[{"embeddable":true,"href":"https:\/\/puffvapestore.com\/es\/wp-json\/wp\/v2\/comments?post=6559"}],"version-history":[{"count":7,"href":"https:\/\/puffvapestore.com\/es\/wp-json\/wp\/v2\/product\/6559\/revisions"}],"predecessor-version":[{"id":6623,"href":"https:\/\/puffvapestore.com\/es\/wp-json\/wp\/v2\/product\/6559\/revisions\/6623"}],"wp:featuredmedia":[{"embeddable":true,"href":"https:\/\/puffvapestore.com\/es\/wp-json\/wp\/v2\/media\/6254"}],"wp:attachment":[{"href":"https:\/\/puffvapestore.com\/es\/wp-json\/wp\/v2\/media?parent=6559"}],"wp:term":[{"taxonomy":"product_brand","embeddable":true,"href":"https:\/\/puffvapestore.com\/es\/wp-json\/wp\/v2\/product_brand?post=6559"},{"taxonomy":"product_cat","embeddable":true,"href":"https:\/\/puffvapestore.com\/es\/wp-json\/wp\/v2\/product_cat?post=6559"},{"taxonomy":"product_tag","embeddable":true,"href":"https:\/\/puffvapestore.com\/es\/wp-json\/wp\/v2\/product_tag?post=6559"}],"curies":[{"name":"wp","href":"https:\/\/api.w.org\/{rel}","templated":true}]}}