{"id":6522,"date":"2025-08-07T01:25:40","date_gmt":"2025-08-07T01:25:40","guid":{"rendered":"https:\/\/puffvapestore.com\/?post_type=product&#038;p=6522"},"modified":"2026-01-19T10:52:38","modified_gmt":"2026-01-19T10:52:38","slug":"aloe-grape-bang-king-15000-moderement-sucre","status":"publish","type":"product","link":"https:\/\/puffvapestore.com\/es\/product\/aloe-uva-bang-king-15000-azucar-moderado\/","title":{"rendered":"Uva Aloe - Bang King 15K"},"content":{"rendered":"<div data-elementor-type=\"wp-post\" data-elementor-id=\"6522\" class=\"elementor elementor-6522\">\n\t\t\t\t<div class=\"elementor-element elementor-element-08c26f9 e-flex e-con-boxed e-con e-parent\" data-id=\"08c26f9\" data-element_type=\"container\" data-e-type=\"container\">\n\t\t\t\t\t<div class=\"e-con-inner\">\n\t\t\t\t<div class=\"elementor-element elementor-element-a005a97 elementor-widget elementor-widget-text-editor\" data-id=\"a005a97\" data-element_type=\"widget\" data-e-type=\"widget\" data-widget_type=\"text-editor.default\">\n\t\t\t\t<div class=\"elementor-widget-container\">\n\t\t\t\t\t\t\t\t\t<p>El sabor Aloe Raisin de Bang King 15000 ofrece un aut\u00e9ntico aroma afrutado moderadamente dulce con un sabor refrescante y persistente, ideal para aquellos que prefieren un sabor natural y fresco. Si prefiere una experiencia de vapeo no nauseabunda, ligeramente refrescante y aut\u00e9nticamente afrutada, merece la pena echar un vistazo a este sabor Aloe Raisin.<\/p><h2>Aroma de uva - Nota principal<\/h2><p>Moderadamente dulce: A diferencia de algunos aromas de uva, el aroma de uva de Bang King ofrece un aroma afrutado natural con una ligera acidez, m\u00e1s cercano al aut\u00e9ntico sabor de las uvas moradas frescas.<\/p><p>Ricamente afrutado: Desde el primer sorbo, el humo desprende un aroma rico y jugoso con matices distintivos y una sensaci\u00f3n embriagadora, que evoca la sensaci\u00f3n de estallido de uvas reci\u00e9n estrujadas.<\/p><p>Liso y suave: La textura de la uva en el humo no irrita la garganta, dejando un final sedoso y persistente.<\/p><h2>Aroma de aloe vera: una nota sutil y distintiva<\/h2><p>Fresco herb\u00e1ceo: El aloe vera desprende un aroma herb\u00e1ceo ligeramente fresco, similar al frescor del pepino o del zumo de ca\u00f1a de az\u00facar, que aporta un toque de frescor al conjunto.<\/p><p>Sutil, sin excesos: El aloe vera no enmascara la nota de uva, sino que aparece entre la inhalaci\u00f3n y la exhalaci\u00f3n, lubricando y limpiando la boca, dejando una experiencia de sabor puro, no graso.<\/p><h2>Dise\u00f1o recargable y respetuoso con el medio ambiente<\/h2><p>Con su bater\u00eda recargable USB-C integrada, reduce el impacto medioambiental de los cigarrillos electr\u00f3nicos desechables. Los usuarios pueden recargar la bater\u00eda r\u00e1pidamente y reanudar su uso en cualquier momento y lugar, combinando practicidad y durabilidad. Este dise\u00f1o no solo ahorra dinero, sino que tambi\u00e9n es respetuoso con el medio ambiente.<\/p><p>El Bang King 15000 Aloe Grape tiene un dise\u00f1o elegante y ergon\u00f3mico, que garantiza un agarre c\u00f3modo y una larga vida \u00fatil. Su carcasa ligera y sus modernos colores mejoran la experiencia del usuario, a la vez que muestran individualidad y estilo. Su carcasa ha sido cuidadosamente tratada para ofrecer resistencia al desgaste y propiedades antideslizantes, combinando est\u00e9tica y practicidad.<\/p><h2>E-l\u00edquido precargado de gran capacidad<\/h2><p>Cada Bang King 15000 Aloe Grape est\u00e1 precargado con 25 ml de e-l\u00edquido de primera calidad, mucho m\u00e1s que los cigarrillos electr\u00f3nicos convencionales, para un uso duradero. El e-l\u00edquido est\u00e1 hecho de ingredientes de alta calidad, ofreciendo una sensaci\u00f3n suave en la garganta y una amplia variedad de sabores, para una satisfacci\u00f3n constante con cada calada.<\/p><h2>Diversas concentraciones de nicotina disponibles<\/h2><p>El Bang King 15000 Aloe Grape ofrece cuatro potencias de sales de nicotina: 0 %, 2 %, 3 % y 5 %, para satisfacer las necesidades de diferentes vapeadores. La opci\u00f3n sin nicotina 0 % es ideal para los que buscan un sabor m\u00e1s puro, mientras que la opci\u00f3n con nicotina 5 % ofrece una experiencia satisfactoria a los vapeadores habituales. Gracias a esta flexibilidad, todo el mundo puede encontrar la experiencia que mejor se adapte a sus necesidades.<\/p><p>Un solo cigarrillo electr\u00f3nico Bang King 15000 proporciona hasta 15.000 caladas, y su excepcional autonom\u00eda permite no tener que sustituir el dispositivo con frecuencia. Ya sea para uso diario o para viajar, este cigarrillo electr\u00f3nico ofrece una comodidad duradera y simplifica las recargas.<\/p><h2>Tecnolog\u00eda de resistencia de malla<\/h2><p>Este cigarrillo electr\u00f3nico incorpora una avanzada resistencia Mesh, que ofrece una atomizaci\u00f3n m\u00e1s uniforme y un calentamiento m\u00e1s estable que las resistencias tradicionales, garantizando un vapor suave y aut\u00e9ntico. La estructura Mesh tambi\u00e9n prolonga la vida \u00fatil de la resistencia y reduce los olores a quemado, garantizando un vapeo de alta calidad en cada calada.<\/p><p>Compacto y ligero, el Bang King 15000 Aloe Grape es f\u00e1cil de transportar y cabe perfectamente en un bolsillo o mochila. Fabricado con materiales de alta resistencia, es resistente a ca\u00eddas y duradero, conservando su aspecto y rendimiento incluso con un uso diario frecuente.<\/p><h2>Bater\u00eda recargable de alta capacidad<\/h2><p>Equipado con una bater\u00eda integrada de unos 550 mAh, el Bang King 15000 ofrece una impresionante autonom\u00eda. Gracias a la tecnolog\u00eda de carga r\u00e1pida USB-C, los usuarios pueden recargar r\u00e1pidamente su tel\u00e9fono, reduciendo el tiempo de espera. Un sistema de gesti\u00f3n de la bater\u00eda optimiza el consumo de energ\u00eda, garantizando un funcionamiento estable y duradero.<\/p>\t\t\t\t\t\t\t\t<\/div>\n\t\t\t\t<\/div>\n\t\t\t\t\t<\/div>\n\t\t\t\t<\/div>\n\t\t\t\t<\/div>","protected":false},"excerpt":{"rendered":"<p>L&rsquo;ar\u00f4me Aloe Raisin du Bang King 15000 offre un ar\u00f4me fruit\u00e9 authentique et mod\u00e9r\u00e9ment sucr\u00e9, avec une saveur rafra\u00eechissante et persistante, id\u00e9al pour ceux qui pr\u00e9f\u00e8rent un go\u00fbt naturel et frais. Si vous pr\u00e9f\u00e9rez une exp\u00e9rience de vapotage non \u00e9coeurante, l\u00e9g\u00e8rement rafra\u00eechissante et authentiquement fruit\u00e9e, cet ar\u00f4me Aloe Raisin vaut vraiment le d\u00e9tour. Ar\u00f4me Raisin [&hellip;]<\/p>\n","protected":false},"featured_media":6234,"comment_status":"open","ping_status":"closed","template":"","meta":{"site-sidebar-layout":"no-sidebar","site-content-layout":"page-builder","ast-site-content-layout":"normal-width-container","site-content-style":"default","site-sidebar-style":"default","ast-global-header-display":"","ast-banner-title-visibility":"","ast-main-header-display":"","ast-hfb-above-header-display":"","ast-hfb-below-header-display":"","ast-hfb-mobile-header-display":"","site-post-title":"disabled","ast-breadcrumbs-content":"","ast-featured-img":"disabled","footer-sml-layout":"","ast-disable-related-posts":"","theme-transparent-header-meta":"default","adv-header-id-meta":"","stick-header-meta":"default","header-above-stick-meta":"","header-main-stick-meta":"","header-below-stick-meta":"","astra-migrate-meta-layouts":"set","ast-page-background-enabled":"default","ast-page-background-meta":{"desktop":{"background-color":"","background-image":"","background-repeat":"repeat","background-position":"center center","background-size":"auto","background-attachment":"scroll","background-type":"","background-media":"","overlay-type":"","overlay-color":"","overlay-opacity":"","overlay-gradient":""},"tablet":{"background-color":"","background-image":"","background-repeat":"repeat","background-position":"center center","background-size":"auto","background-attachment":"scroll","background-type":"","background-media":"","overlay-type":"","overlay-color":"","overlay-opacity":"","overlay-gradient":""},"mobile":{"background-color":"","background-image":"","background-repeat":"repeat","background-position":"center center","background-size":"auto","background-attachment":"scroll","background-type":"","background-media":"","overlay-type":"","overlay-color":"","overlay-opacity":"","overlay-gradient":""}},"ast-content-background-meta":{"desktop":{"background-color":"var(--ast-global-color-5)","background-image":"","background-repeat":"repeat","background-position":"center center","background-size":"auto","background-attachment":"scroll","background-type":"","background-media":"","overlay-type":"","overlay-color":"","overlay-opacity":"","overlay-gradient":""},"tablet":{"background-color":"var(--ast-global-color-5)","background-image":"","background-repeat":"repeat","background-position":"center center","background-size":"auto","background-attachment":"scroll","background-type":"","background-media":"","overlay-type":"","overlay-color":"","overlay-opacity":"","overlay-gradient":""},"mobile":{"background-color":"var(--ast-global-color-5)","background-image":"","background-repeat":"repeat","background-position":"center center","background-size":"auto","background-attachment":"scroll","background-type":"","background-media":"","overlay-type":"","overlay-color":"","overlay-opacity":"","overlay-gradient":""}}},"product_brand":[52],"product_cat":[56,80,15],"product_tag":[],"class_list":{"0":"post-6522","1":"product","2":"type-product","3":"status-publish","4":"has-post-thumbnail","6":"product_brand-bang-king","7":"product_cat-bang-king-15000-est-equipee-dune-resistance-mesh-nouvelle-generation","8":"product_cat-puff-15k","9":"product_cat-magasin-cigarette-electronique","10":"desktop-align-center","11":"tablet-align-center","12":"mobile-align-center","13":"ast-product-gallery-layout-horizontal","14":"ast-product-gallery-with-no-image","15":"ast-product-single-variable","16":"ast-product-tabs-layout-horizontal","17":"ast-qv-on-image","19":"first","20":"instock","21":"sale","22":"shipping-taxable","23":"purchasable","24":"product-type-variable","25":"has-default-attributes"},"tiered_pricing_type":"fixed","tiered_pricing_fixed_rules":{"50":6.05,"100":5.59},"tiered_pricing_product_settings":{"layout":"default","base_unit_name":{"singular":null,"plural":null},"default_variation":null},"tiered_pricing_minimum_quantity":null,"tiered_pricing_roles_data":[],"tiered_pricing_percentage_rules":[],"_links":{"self":[{"href":"https:\/\/puffvapestore.com\/es\/wp-json\/wp\/v2\/product\/6522","targetHints":{"allow":["GET"]}}],"collection":[{"href":"https:\/\/puffvapestore.com\/es\/wp-json\/wp\/v2\/product"}],"about":[{"href":"https:\/\/puffvapestore.com\/es\/wp-json\/wp\/v2\/types\/product"}],"replies":[{"embeddable":true,"href":"https:\/\/puffvapestore.com\/es\/wp-json\/wp\/v2\/comments?post=6522"}],"version-history":[{"count":7,"href":"https:\/\/puffvapestore.com\/es\/wp-json\/wp\/v2\/product\/6522\/revisions"}],"predecessor-version":[{"id":6626,"href":"https:\/\/puffvapestore.com\/es\/wp-json\/wp\/v2\/product\/6522\/revisions\/6626"}],"wp:featuredmedia":[{"embeddable":true,"href":"https:\/\/puffvapestore.com\/es\/wp-json\/wp\/v2\/media\/6234"}],"wp:attachment":[{"href":"https:\/\/puffvapestore.com\/es\/wp-json\/wp\/v2\/media?parent=6522"}],"wp:term":[{"taxonomy":"product_brand","embeddable":true,"href":"https:\/\/puffvapestore.com\/es\/wp-json\/wp\/v2\/product_brand?post=6522"},{"taxonomy":"product_cat","embeddable":true,"href":"https:\/\/puffvapestore.com\/es\/wp-json\/wp\/v2\/product_cat?post=6522"},{"taxonomy":"product_tag","embeddable":true,"href":"https:\/\/puffvapestore.com\/es\/wp-json\/wp\/v2\/product_tag?post=6522"}],"curies":[{"name":"wp","href":"https:\/\/api.w.org\/{rel}","templated":true}]}}