{"id":6495,"date":"2025-08-11T06:11:27","date_gmt":"2025-08-11T06:11:27","guid":{"rendered":"https:\/\/puffvapestore.com\/?post_type=product&#038;p=6495"},"modified":"2026-01-19T10:52:39","modified_gmt":"2026-01-19T10:52:39","slug":"lush-ice-bang-king-15000-debordez-instantanement-daromes-rafraichissants","status":"publish","type":"product","link":"https:\/\/puffvapestore.com\/es\/product\/exuberante-hielo-bang-king-15000-desbordan-al-instante-aromas-refrescantes\/","title":{"rendered":"Lush Ice - Bang King 15K"},"content":{"rendered":"<div data-elementor-type=\"wp-post\" data-elementor-id=\"6495\" class=\"elementor elementor-6495\">\n\t\t\t\t<div class=\"elementor-element elementor-element-08c26f9 e-flex e-con-boxed e-con e-parent\" data-id=\"08c26f9\" data-element_type=\"container\" data-e-type=\"container\">\n\t\t\t\t\t<div class=\"e-con-inner\">\n\t\t\t\t<div class=\"elementor-element elementor-element-a005a97 elementor-widget elementor-widget-text-editor\" data-id=\"a005a97\" data-element_type=\"widget\" data-e-type=\"widget\" data-widget_type=\"text-editor.default\">\n\t\t\t\t<div class=\"elementor-widget-container\">\n\t\t\t\t\t\t\t\t\t<p>El cigarrillo electr\u00f3nico Bang King 15000 Lush Ice, con su dise\u00f1o ergon\u00f3mico, es una aut\u00e9ntica joya de dise\u00f1o. Nada m\u00e1s inhalar, el refrescante aroma a sand\u00eda y menta suave llena instant\u00e1neamente la boca, ofreciendo un sutil dulzor y una sensaci\u00f3n fresca y helada, como el primer sorbo de zumo de sand\u00eda helado en la costa sur de Francia en verano: refrescante y para calmar la sed.<\/p><h2>Sabor dominante a sand\u00eda:<\/h2><p>Verdaderamente afrutado: El sabor a sand\u00eda de Bang King es menos dulce que un caramelo artificial, recuerda m\u00e1s a una sand\u00eda reci\u00e9n cortada, con un toque de fruta natural.<\/p><p>Intenso aroma afrutado: Una ligera nota de mel\u00f3n dulce o pepino complementa el sabor de la sand\u00eda, creando una sensaci\u00f3n dulce y refrescante.<\/p><h2>Refrescante menta\/mentol :<\/h2><p>Sensaci\u00f3n de frescor perceptible pero no irritante: Ofrece una sutil sensaci\u00f3n de frescor, como un cubito de hielo derriti\u00e9ndose lentamente en la lengua.<\/p><p>Retrogusto limpio: Tras la exhalaci\u00f3n, perdura en el paladar un aroma a menta fresca y pura que ayuda a disipar el excesivo dulzor de los sabores afrutados y a equilibrar el perfil arom\u00e1tico general.<\/p><h2>Experiencia general con Lush Ice :<\/h2><p>El humo es suave en el paladar, con una sensaci\u00f3n suave en la garganta: no irrita la garganta, por lo que es ideal para un uso prolongado, especialmente para aquellos que prefieren un sabor refrescante.<\/p><p>Duradero y no graso: A pesar de su mezcla afrutada y helada, el efecto general no es graso ni abrumador, lo que lo convierte en un agradable sabor de uso diario.<\/p><p>Final largo: Un refrescante aroma dulce, similar a una combinaci\u00f3n de zumo de sand\u00eda y caramelo de menta, persiste en la garganta y la boca, dejando una agradable sensaci\u00f3n refrescante.<\/p><h2>Gran capacidad de almacenamiento de e-l\u00edquido<\/h2><p>El Bang King 15000 Lush Ice est\u00e1 precargado con 25 ml de e-l\u00edquido de nicotina de alta calidad, una capacidad poco habitual en productos similares. Esto garantiza una larga vida \u00fatil y reduce la necesidad de sustituir el dispositivo con frecuencia.<\/p><p>Cada cigarrillo electr\u00f3nico Bang King 15000 Lush Ice ofrece hasta 15.000 caladas, mucho m\u00e1s que la mayor\u00eda de los cigarrillos electr\u00f3nicos desechables del mercado, lo que lo convierte en el referente de la autonom\u00eda ultralarga.<\/p><h2>Varias dosis de nicotina disponibles<\/h2><p>Para satisfacer las preferencias de los usuarios y sus necesidades para dejar de fumar, Bang King 15000 Lush Ice se presenta en cuatro potencias de sales de nicotina: 0 %, 2 %, 3 % y 5 %. Tanto si quieres dejar de fumar por completo como si optas por una dosis m\u00e1s alta, seguro que encuentras la opci\u00f3n ideal.<\/p><p>Este cigarrillo electr\u00f3nico utiliza una resistencia de malla de nueva generaci\u00f3n para un calentamiento uniforme del e-l\u00edquido y una atomizaci\u00f3n eficiente. En comparaci\u00f3n con las resistencias tradicionales, ofrece una atomizaci\u00f3n m\u00e1s fina, un sabor m\u00e1s rico y un mayor volumen de vapor, mejorando la experiencia del usuario.<\/p><h2>Dise\u00f1o ecol\u00f3gico y rellenable<\/h2><p>Incorpora una bater\u00eda integrada de 550 mAh con carga r\u00e1pida mediante USB-C. Este dise\u00f1o recargable prolonga significativamente su vida \u00fatil y es m\u00e1s respetuoso con el medio ambiente que los dispositivos desechables, cumpliendo los requisitos de sostenibilidad de los usuarios modernos.<\/p><p>El Bang King 15000 Lush Ice tiene un dise\u00f1o ergon\u00f3mico y un aspecto moderno. Su tacto, textura y est\u00e9tica reflejan un enfoque centrado en la experiencia del usuario, combinando comodidad y estilo.<\/p><p>A pesar de sus potentes funciones y su gran capacidad de almacenamiento, el Bang King 15000 Lush Ice conserva un dise\u00f1o compacto y port\u00e1til, f\u00e1cil de transportar y adecuado para cualquier estilo de vida. Adem\u00e1s, est\u00e1 fabricado con materiales duraderos, por lo que es resistente a ca\u00eddas y duradero, lo que garantiza un uso estable a largo plazo.<\/p>\t\t\t\t\t\t\t\t<\/div>\n\t\t\t\t<\/div>\n\t\t\t\t\t<\/div>\n\t\t\t\t<\/div>\n\t\t\t\t<\/div>","protected":false},"excerpt":{"rendered":"<p>La cigarette \u00e9lectronique Lush Ice de Bang King 15000, au design ergonomique, est un v\u00e9ritable bijou de design. D\u00e8s l&rsquo;inhalation, l&rsquo;ar\u00f4me rafra\u00eechissant de past\u00e8que et de menthe l\u00e9g\u00e8re emplit instantan\u00e9ment votre bouche, offrant une douceur subtile et une sensation fra\u00eeche et glac\u00e9e, comme la premi\u00e8re gorg\u00e9e de jus de past\u00e8que glac\u00e9 sur la c\u00f4te sud [&hellip;]<\/p>\n","protected":false},"featured_media":6243,"comment_status":"open","ping_status":"closed","template":"","meta":{"site-sidebar-layout":"no-sidebar","site-content-layout":"page-builder","ast-site-content-layout":"normal-width-container","site-content-style":"default","site-sidebar-style":"default","ast-global-header-display":"","ast-banner-title-visibility":"","ast-main-header-display":"","ast-hfb-above-header-display":"","ast-hfb-below-header-display":"","ast-hfb-mobile-header-display":"","site-post-title":"disabled","ast-breadcrumbs-content":"","ast-featured-img":"disabled","footer-sml-layout":"","ast-disable-related-posts":"","theme-transparent-header-meta":"default","adv-header-id-meta":"","stick-header-meta":"default","header-above-stick-meta":"","header-main-stick-meta":"","header-below-stick-meta":"","astra-migrate-meta-layouts":"set","ast-page-background-enabled":"default","ast-page-background-meta":{"desktop":{"background-color":"","background-image":"","background-repeat":"repeat","background-position":"center center","background-size":"auto","background-attachment":"scroll","background-type":"","background-media":"","overlay-type":"","overlay-color":"","overlay-opacity":"","overlay-gradient":""},"tablet":{"background-color":"","background-image":"","background-repeat":"repeat","background-position":"center center","background-size":"auto","background-attachment":"scroll","background-type":"","background-media":"","overlay-type":"","overlay-color":"","overlay-opacity":"","overlay-gradient":""},"mobile":{"background-color":"","background-image":"","background-repeat":"repeat","background-position":"center center","background-size":"auto","background-attachment":"scroll","background-type":"","background-media":"","overlay-type":"","overlay-color":"","overlay-opacity":"","overlay-gradient":""}},"ast-content-background-meta":{"desktop":{"background-color":"var(--ast-global-color-5)","background-image":"","background-repeat":"repeat","background-position":"center center","background-size":"auto","background-attachment":"scroll","background-type":"","background-media":"","overlay-type":"","overlay-color":"","overlay-opacity":"","overlay-gradient":""},"tablet":{"background-color":"var(--ast-global-color-5)","background-image":"","background-repeat":"repeat","background-position":"center center","background-size":"auto","background-attachment":"scroll","background-type":"","background-media":"","overlay-type":"","overlay-color":"","overlay-opacity":"","overlay-gradient":""},"mobile":{"background-color":"var(--ast-global-color-5)","background-image":"","background-repeat":"repeat","background-position":"center center","background-size":"auto","background-attachment":"scroll","background-type":"","background-media":"","overlay-type":"","overlay-color":"","overlay-opacity":"","overlay-gradient":""}}},"product_brand":[52],"product_cat":[56,80,15],"product_tag":[],"class_list":{"0":"post-6495","1":"product","2":"type-product","3":"status-publish","4":"has-post-thumbnail","6":"product_brand-bang-king","7":"product_cat-bang-king-15000-est-equipee-dune-resistance-mesh-nouvelle-generation","8":"product_cat-puff-15k","9":"product_cat-magasin-cigarette-electronique","10":"desktop-align-center","11":"tablet-align-center","12":"mobile-align-center","13":"ast-product-gallery-layout-horizontal","14":"ast-product-gallery-with-no-image","15":"ast-product-single-variable","16":"ast-product-tabs-layout-horizontal","17":"ast-qv-on-image","19":"first","20":"instock","21":"sale","22":"shipping-taxable","23":"purchasable","24":"product-type-variable","25":"has-default-attributes"},"tiered_pricing_type":"fixed","tiered_pricing_fixed_rules":{"50":6.05,"100":5.59},"tiered_pricing_product_settings":{"layout":"default","base_unit_name":{"singular":null,"plural":null},"default_variation":null},"tiered_pricing_minimum_quantity":null,"tiered_pricing_roles_data":[],"tiered_pricing_percentage_rules":[],"_links":{"self":[{"href":"https:\/\/puffvapestore.com\/es\/wp-json\/wp\/v2\/product\/6495","targetHints":{"allow":["GET"]}}],"collection":[{"href":"https:\/\/puffvapestore.com\/es\/wp-json\/wp\/v2\/product"}],"about":[{"href":"https:\/\/puffvapestore.com\/es\/wp-json\/wp\/v2\/types\/product"}],"replies":[{"embeddable":true,"href":"https:\/\/puffvapestore.com\/es\/wp-json\/wp\/v2\/comments?post=6495"}],"version-history":[{"count":11,"href":"https:\/\/puffvapestore.com\/es\/wp-json\/wp\/v2\/product\/6495\/revisions"}],"predecessor-version":[{"id":6627,"href":"https:\/\/puffvapestore.com\/es\/wp-json\/wp\/v2\/product\/6495\/revisions\/6627"}],"wp:featuredmedia":[{"embeddable":true,"href":"https:\/\/puffvapestore.com\/es\/wp-json\/wp\/v2\/media\/6243"}],"wp:attachment":[{"href":"https:\/\/puffvapestore.com\/es\/wp-json\/wp\/v2\/media?parent=6495"}],"wp:term":[{"taxonomy":"product_brand","embeddable":true,"href":"https:\/\/puffvapestore.com\/es\/wp-json\/wp\/v2\/product_brand?post=6495"},{"taxonomy":"product_cat","embeddable":true,"href":"https:\/\/puffvapestore.com\/es\/wp-json\/wp\/v2\/product_cat?post=6495"},{"taxonomy":"product_tag","embeddable":true,"href":"https:\/\/puffvapestore.com\/es\/wp-json\/wp\/v2\/product_tag?post=6495"}],"curies":[{"name":"wp","href":"https:\/\/api.w.org\/{rel}","templated":true}]}}