{"id":6473,"date":"2025-08-05T08:11:49","date_gmt":"2025-08-05T08:11:49","guid":{"rendered":"https:\/\/puffvapestore.com\/?post_type=product&#038;p=6473"},"modified":"2026-01-19T10:52:38","modified_gmt":"2026-01-19T10:52:38","slug":"cotton-candy-bang-king-15000-cree-une-base-douce-et-sucree","status":"publish","type":"product","link":"https:\/\/puffvapestore.com\/es\/product\/algodon-de-azucar-bang-king-15000-crea-una-base-suave-y-dulce\/","title":{"rendered":"Algod\u00f3n de az\u00facar - Bang King 15000"},"content":{"rendered":"<div data-elementor-type=\"wp-post\" data-elementor-id=\"6473\" class=\"elementor elementor-6473\">\n\t\t\t\t<div class=\"elementor-element elementor-element-08c26f9 e-flex e-con-boxed e-con e-parent\" data-id=\"08c26f9\" data-element_type=\"container\" data-e-type=\"container\">\n\t\t\t\t\t<div class=\"e-con-inner\">\n\t\t\t\t<div class=\"elementor-element elementor-element-a005a97 elementor-widget elementor-widget-text-editor\" data-id=\"a005a97\" data-element_type=\"widget\" data-e-type=\"widget\" data-widget_type=\"text-editor.default\">\n\t\t\t\t<div class=\"elementor-widget-container\">\n\t\t\t\t\t\t\t\t\t<p>D\u00e9 una calada al cigarrillo electr\u00f3nico Bang King 15000 Cotton Candy y la resistencia de la malla calentar\u00e1 un delicado vapor, como un parque de atracciones en miniatura. Una nota ligeramente dulce, como el algod\u00f3n de az\u00facar rosa de un parque de atracciones parisino, se difunde lentamente entre tu nariz y tus papilas gustativas.<\/p><h2>Nota de cabeza : Dulce y a\u00e9rea<\/h2><p>Al inhalar, la primera nota es la cl\u00e1sica dulzura a\u00e9rea del algod\u00f3n de az\u00facar, como hebras de az\u00facar de ca\u00f1a derriti\u00e9ndose suavemente en la lengua, dulce sin ser repugnante.<\/p><p>Un toque de sirope de vainilla a\u00f1ade una base suave y dulce.<\/p><h2>Nota de coraz\u00f3n: suave transici\u00f3n l\u00e1ctea<\/h2><p>Tras el dulzor, surge una suave nota l\u00e1ctea, sin ser prepotente, que recuerda m\u00e1s bien a un ligero aroma l\u00e1cteo mezclado con leche en polvo y sacarina, que suaviza el dulzor.<\/p><h2>Nota de fondo: Final dulce<\/h2><p>La exhalaci\u00f3n deja un sutil aroma a az\u00facar caramelizado con un ligero regusto a toffee.<\/p><p>El final es largo, sin ser abrumador. Persiste suavemente en el paladar, como el regusto dulce de un peque\u00f1o caramelo.<\/p><h2>Gran capacidad de almacenamiento de e-l\u00edquido<\/h2><p>El Bang King 15000 Cotton Candy est\u00e1 precargado con 25 ml de e-l\u00edquido de nicotina de alta calidad, una capacidad poco habitual en productos similares. Esto garantiza una larga vida \u00fatil y reduce la necesidad de sustituir el dispositivo con frecuencia.<\/p><p>Cada cigarrillo electr\u00f3nico Bang King 15000 Cotton Candy ofrece hasta 15.000 caladas, mucho m\u00e1s que la mayor\u00eda de los cigarrillos electr\u00f3nicos desechables del mercado, lo que lo convierte en el referente de la autonom\u00eda ultralarga.<\/p><h2>Varias dosis de nicotina disponibles<\/h2><p>Para satisfacer las preferencias de los usuarios y sus necesidades para dejar de fumar, el Bang King 15000 se presenta en cuatro concentraciones de sales de nicotina: 0 %, 2 %, 3 % y 5 %. Tanto si quieres dejar de fumar por completo como si optas por una dosis m\u00e1s alta, seguro que encuentras la opci\u00f3n ideal.<\/p><p>Este cigarrillo electr\u00f3nico utiliza una resistencia de malla de nueva generaci\u00f3n para un calentamiento uniforme del e-l\u00edquido y una atomizaci\u00f3n eficiente. En comparaci\u00f3n con las resistencias tradicionales, ofrece una atomizaci\u00f3n m\u00e1s fina, un sabor m\u00e1s rico y un mayor volumen de vapor, mejorando la experiencia del usuario.<\/p><h2>Dise\u00f1o ecol\u00f3gico y rellenable<\/h2><p>Incorpora una bater\u00eda integrada de 550 mAh con carga r\u00e1pida mediante USB-C. Este dise\u00f1o recargable prolonga significativamente su vida \u00fatil y es m\u00e1s respetuoso con el medio ambiente que los dispositivos desechables, cumpliendo los requisitos de sostenibilidad de los usuarios modernos.<\/p><p>El Bang King 15000 Cotton Candy tiene un dise\u00f1o ergon\u00f3mico y un aspecto moderno. Su tacto, textura y est\u00e9tica reflejan un enfoque centrado en la experiencia del usuario, combinando comodidad y estilo.<\/p><p>A pesar de sus potentes funciones y su gran capacidad de almacenamiento, el Bang King 15000 Cotton Candy conserva un dise\u00f1o compacto y port\u00e1til, f\u00e1cil de transportar y adecuado para cualquier estilo de vida. Adem\u00e1s, est\u00e1 fabricado con materiales duraderos, por lo que es resistente a ca\u00eddas y duradero, lo que garantiza un uso estable a largo plazo.<\/p>\t\t\t\t\t\t\t\t<\/div>\n\t\t\t\t<\/div>\n\t\t\t\t\t<\/div>\n\t\t\t\t<\/div>\n\t\t\t\t<\/div>","protected":false},"excerpt":{"rendered":"<p>Prenez une bouff\u00e9e de la cigarette \u00e9lectronique Bang King 15000 Barbe \u00e0 papa et la r\u00e9sistance mesh chauffe une vapeur d\u00e9licate, telle une f\u00eate foraine miniature. Une l\u00e9g\u00e8re note sucr\u00e9e, telle la barbe \u00e0 papa rose d&rsquo;un parc d&rsquo;attractions parisien, se diffuse lentement entre votre nez et vos papilles. Note de t\u00eate\u00a0: Sucr\u00e9 et a\u00e9rien [&hellip;]<\/p>\n","protected":false},"featured_media":6239,"comment_status":"open","ping_status":"closed","template":"","meta":{"site-sidebar-layout":"no-sidebar","site-content-layout":"page-builder","ast-site-content-layout":"normal-width-container","site-content-style":"default","site-sidebar-style":"default","ast-global-header-display":"","ast-banner-title-visibility":"","ast-main-header-display":"","ast-hfb-above-header-display":"","ast-hfb-below-header-display":"","ast-hfb-mobile-header-display":"","site-post-title":"disabled","ast-breadcrumbs-content":"","ast-featured-img":"disabled","footer-sml-layout":"","ast-disable-related-posts":"","theme-transparent-header-meta":"default","adv-header-id-meta":"","stick-header-meta":"default","header-above-stick-meta":"","header-main-stick-meta":"","header-below-stick-meta":"","astra-migrate-meta-layouts":"set","ast-page-background-enabled":"default","ast-page-background-meta":{"desktop":{"background-color":"","background-image":"","background-repeat":"repeat","background-position":"center center","background-size":"auto","background-attachment":"scroll","background-type":"","background-media":"","overlay-type":"","overlay-color":"","overlay-opacity":"","overlay-gradient":""},"tablet":{"background-color":"","background-image":"","background-repeat":"repeat","background-position":"center center","background-size":"auto","background-attachment":"scroll","background-type":"","background-media":"","overlay-type":"","overlay-color":"","overlay-opacity":"","overlay-gradient":""},"mobile":{"background-color":"","background-image":"","background-repeat":"repeat","background-position":"center center","background-size":"auto","background-attachment":"scroll","background-type":"","background-media":"","overlay-type":"","overlay-color":"","overlay-opacity":"","overlay-gradient":""}},"ast-content-background-meta":{"desktop":{"background-color":"var(--ast-global-color-5)","background-image":"","background-repeat":"repeat","background-position":"center center","background-size":"auto","background-attachment":"scroll","background-type":"","background-media":"","overlay-type":"","overlay-color":"","overlay-opacity":"","overlay-gradient":""},"tablet":{"background-color":"var(--ast-global-color-5)","background-image":"","background-repeat":"repeat","background-position":"center center","background-size":"auto","background-attachment":"scroll","background-type":"","background-media":"","overlay-type":"","overlay-color":"","overlay-opacity":"","overlay-gradient":""},"mobile":{"background-color":"var(--ast-global-color-5)","background-image":"","background-repeat":"repeat","background-position":"center center","background-size":"auto","background-attachment":"scroll","background-type":"","background-media":"","overlay-type":"","overlay-color":"","overlay-opacity":"","overlay-gradient":""}}},"product_brand":[52],"product_cat":[56,80,15],"product_tag":[],"class_list":{"0":"post-6473","1":"product","2":"type-product","3":"status-publish","4":"has-post-thumbnail","6":"product_brand-bang-king","7":"product_cat-bang-king-15000-est-equipee-dune-resistance-mesh-nouvelle-generation","8":"product_cat-puff-15k","9":"product_cat-magasin-cigarette-electronique","10":"desktop-align-center","11":"tablet-align-center","12":"mobile-align-center","13":"ast-product-gallery-layout-horizontal","14":"ast-product-gallery-with-no-image","15":"ast-product-single-variable","16":"ast-product-tabs-layout-horizontal","17":"ast-qv-on-image","19":"first","20":"instock","21":"sale","22":"shipping-taxable","23":"purchasable","24":"product-type-variable","25":"has-default-attributes"},"tiered_pricing_type":"fixed","tiered_pricing_fixed_rules":{"50":6.05,"100":5.59},"tiered_pricing_product_settings":{"layout":"default","base_unit_name":{"singular":null,"plural":null},"default_variation":null},"tiered_pricing_minimum_quantity":null,"tiered_pricing_roles_data":[],"tiered_pricing_percentage_rules":[],"_links":{"self":[{"href":"https:\/\/puffvapestore.com\/es\/wp-json\/wp\/v2\/product\/6473","targetHints":{"allow":["GET"]}}],"collection":[{"href":"https:\/\/puffvapestore.com\/es\/wp-json\/wp\/v2\/product"}],"about":[{"href":"https:\/\/puffvapestore.com\/es\/wp-json\/wp\/v2\/types\/product"}],"replies":[{"embeddable":true,"href":"https:\/\/puffvapestore.com\/es\/wp-json\/wp\/v2\/comments?post=6473"}],"version-history":[{"count":6,"href":"https:\/\/puffvapestore.com\/es\/wp-json\/wp\/v2\/product\/6473\/revisions"}],"predecessor-version":[{"id":6483,"href":"https:\/\/puffvapestore.com\/es\/wp-json\/wp\/v2\/product\/6473\/revisions\/6483"}],"wp:featuredmedia":[{"embeddable":true,"href":"https:\/\/puffvapestore.com\/es\/wp-json\/wp\/v2\/media\/6239"}],"wp:attachment":[{"href":"https:\/\/puffvapestore.com\/es\/wp-json\/wp\/v2\/media?parent=6473"}],"wp:term":[{"taxonomy":"product_brand","embeddable":true,"href":"https:\/\/puffvapestore.com\/es\/wp-json\/wp\/v2\/product_brand?post=6473"},{"taxonomy":"product_cat","embeddable":true,"href":"https:\/\/puffvapestore.com\/es\/wp-json\/wp\/v2\/product_cat?post=6473"},{"taxonomy":"product_tag","embeddable":true,"href":"https:\/\/puffvapestore.com\/es\/wp-json\/wp\/v2\/product_tag?post=6473"}],"curies":[{"name":"wp","href":"https:\/\/api.w.org\/{rel}","templated":true}]}}