{"id":6458,"date":"2025-08-05T05:55:26","date_gmt":"2025-08-05T05:55:26","guid":{"rendered":"https:\/\/puffvapestore.com\/?post_type=product&#038;p=6458"},"modified":"2026-01-19T10:52:38","modified_gmt":"2026-01-19T10:52:38","slug":"peach-mango-bang-king-15k-vous-offre-une-touche-de-soleil-tropical","status":"publish","type":"product","link":"https:\/\/puffvapestore.com\/es\/product\/mango-melocoton-bang-king-15k-te-da-un-toque-de-sol-tropical\/","title":{"rendered":"Melocot\u00f3n Mango - Bang King 15000"},"content":{"rendered":"<div data-elementor-type=\"wp-post\" data-elementor-id=\"6458\" class=\"elementor elementor-6458\">\n\t\t\t\t<div class=\"elementor-element elementor-element-08c26f9 e-flex e-con-boxed e-con e-parent\" data-id=\"08c26f9\" data-element_type=\"container\" data-e-type=\"container\">\n\t\t\t\t\t<div class=\"e-con-inner\">\n\t\t\t\t<div class=\"elementor-element elementor-element-a005a97 elementor-widget elementor-widget-text-editor\" data-id=\"a005a97\" data-element_type=\"widget\" data-e-type=\"widget\" data-widget_type=\"text-editor.default\">\n\t\t\t\t<div class=\"elementor-widget-container\">\n\t\t\t\t\t\t\t\t\t<p>El sabor Melocot\u00f3n Mango del Bang King 15000 ofrece una mezcla perfecta de dulzura tropical y elegancia francesa. Desde la primera calada, el suave aroma a melocot\u00f3n florece en el paladar, seguido de un rico sabor a mango, aportando un toque de sol tropical.<\/p><p>Con el Bang King 15000 en la mano, das una calada suave, exhalando una bocanada de humo con aromas dulces de melocot\u00f3n y mango, que se disipa lentamente, pareciendo ralentizar el ritmo fren\u00e9tico de la ciudad moderna.<\/p><p>Caracter\u00edsticas del melocot\u00f3n: Al inhalar, la primera sensaci\u00f3n es el dulce aroma de melocotones blancos maduros, suaves y jugosos, con un sabor afrutado natural similar a la pulpa de melocotones amarillos o blancos reci\u00e9n cortados.<\/p><p>Caracter\u00edsticas del mango: Tras el aroma a melocot\u00f3n, el sabor a mango emerge lentamente, evolucionando hacia un mango Alphonso maduro, con una textura ligeramente lechosa y un rico y dulce aroma a frutas tropicales.<\/p><p>Equilibrio agridulce: El sabor del mango tiene una ligera acidez que equilibra el dulzor del melocot\u00f3n, a\u00f1adiendo profundidad al sabor sin resultar mon\u00f3tono.<\/p><h2>Gran capacidad de almacenamiento de e-l\u00edquido<\/h2><p>El Bang King 15000 est\u00e1 precargado con 25 ml de e-l\u00edquido de nicotina de alta calidad, una capacidad poco habitual en productos similares. Esto garantiza una larga vida \u00fatil y reduce la necesidad de sustituir el dispositivo con frecuencia.<\/p><p>Cada cigarrillo electr\u00f3nico Bang King 15000 ofrece hasta 15.000 caladas, mucho m\u00e1s que la mayor\u00eda de los cigarrillos electr\u00f3nicos desechables del mercado, lo que lo convierte en el referente de la autonom\u00eda ultralarga.<\/p><h2>Varias dosis de nicotina disponibles<\/h2><p>Para satisfacer las preferencias de los usuarios y sus necesidades para dejar de fumar, el Bang King 15000 se presenta en cuatro concentraciones de sales de nicotina: 0 %, 2 %, 3 % y 5 %. Tanto si quieres dejar de fumar por completo como si optas por una dosis m\u00e1s alta, seguro que encuentras la opci\u00f3n ideal.<\/p><p>Este cigarrillo electr\u00f3nico utiliza una resistencia de malla de nueva generaci\u00f3n para un calentamiento uniforme del e-l\u00edquido y una atomizaci\u00f3n eficiente. En comparaci\u00f3n con las resistencias tradicionales, ofrece una atomizaci\u00f3n m\u00e1s fina, un sabor m\u00e1s rico y un mayor volumen de vapor, mejorando la experiencia del usuario.<\/p><h2>Dise\u00f1o ecol\u00f3gico y rellenable<\/h2><p>Incorpora una bater\u00eda integrada de 550 mAh con carga r\u00e1pida mediante USB-C. Este dise\u00f1o recargable prolonga significativamente su vida \u00fatil y es m\u00e1s respetuoso con el medio ambiente que los dispositivos desechables, cumpliendo los requisitos de sostenibilidad de los usuarios modernos.<\/p><p>El Bang King 15000 tiene un dise\u00f1o ergon\u00f3mico y una est\u00e9tica moderna. Su tacto, textura y est\u00e9tica reflejan un enfoque centrado en la experiencia del usuario, combinando comodidad y estilo.<\/p><p>A pesar de sus potentes funciones y su gran capacidad de almacenamiento, el Bang King 15000 conserva un dise\u00f1o compacto y port\u00e1til, f\u00e1cil de transportar y adecuado para cualquier estilo de vida. Adem\u00e1s, est\u00e1 fabricado con materiales duraderos, por lo que es resistente a ca\u00eddas y duradero, lo que garantiza un uso estable a largo plazo.<\/p>\t\t\t\t\t\t\t\t<\/div>\n\t\t\t\t<\/div>\n\t\t\t\t\t<\/div>\n\t\t\t\t<\/div>\n\t\t\t\t<\/div>","protected":false},"excerpt":{"rendered":"<p>La saveur P\u00eache Mangue du Bang King 15000 offre un m\u00e9lange parfait de douceur tropicale et d&rsquo;\u00e9l\u00e9gance fran\u00e7aise. D\u00e8s la premi\u00e8re bouff\u00e9e, l&rsquo;ar\u00f4me onctueux de la p\u00eache s&rsquo;\u00e9panouit en bouche, suivi d&rsquo;une riche saveur de mangue, apportant une touche de soleil tropical. En tenant le Bang King 15000 en main, vous prenez une l\u00e9g\u00e8re bouff\u00e9e, [&hellip;]<\/p>\n","protected":false},"featured_media":6245,"comment_status":"open","ping_status":"closed","template":"","meta":{"site-sidebar-layout":"no-sidebar","site-content-layout":"page-builder","ast-site-content-layout":"normal-width-container","site-content-style":"default","site-sidebar-style":"default","ast-global-header-display":"","ast-banner-title-visibility":"","ast-main-header-display":"","ast-hfb-above-header-display":"","ast-hfb-below-header-display":"","ast-hfb-mobile-header-display":"","site-post-title":"disabled","ast-breadcrumbs-content":"","ast-featured-img":"disabled","footer-sml-layout":"","ast-disable-related-posts":"","theme-transparent-header-meta":"default","adv-header-id-meta":"","stick-header-meta":"default","header-above-stick-meta":"","header-main-stick-meta":"","header-below-stick-meta":"","astra-migrate-meta-layouts":"set","ast-page-background-enabled":"default","ast-page-background-meta":{"desktop":{"background-color":"","background-image":"","background-repeat":"repeat","background-position":"center center","background-size":"auto","background-attachment":"scroll","background-type":"","background-media":"","overlay-type":"","overlay-color":"","overlay-opacity":"","overlay-gradient":""},"tablet":{"background-color":"","background-image":"","background-repeat":"repeat","background-position":"center center","background-size":"auto","background-attachment":"scroll","background-type":"","background-media":"","overlay-type":"","overlay-color":"","overlay-opacity":"","overlay-gradient":""},"mobile":{"background-color":"","background-image":"","background-repeat":"repeat","background-position":"center center","background-size":"auto","background-attachment":"scroll","background-type":"","background-media":"","overlay-type":"","overlay-color":"","overlay-opacity":"","overlay-gradient":""}},"ast-content-background-meta":{"desktop":{"background-color":"var(--ast-global-color-5)","background-image":"","background-repeat":"repeat","background-position":"center center","background-size":"auto","background-attachment":"scroll","background-type":"","background-media":"","overlay-type":"","overlay-color":"","overlay-opacity":"","overlay-gradient":""},"tablet":{"background-color":"var(--ast-global-color-5)","background-image":"","background-repeat":"repeat","background-position":"center center","background-size":"auto","background-attachment":"scroll","background-type":"","background-media":"","overlay-type":"","overlay-color":"","overlay-opacity":"","overlay-gradient":""},"mobile":{"background-color":"var(--ast-global-color-5)","background-image":"","background-repeat":"repeat","background-position":"center center","background-size":"auto","background-attachment":"scroll","background-type":"","background-media":"","overlay-type":"","overlay-color":"","overlay-opacity":"","overlay-gradient":""}}},"product_brand":[52],"product_cat":[56,80,15],"product_tag":[],"class_list":{"0":"post-6458","1":"product","2":"type-product","3":"status-publish","4":"has-post-thumbnail","6":"product_brand-bang-king","7":"product_cat-bang-king-15000-est-equipee-dune-resistance-mesh-nouvelle-generation","8":"product_cat-puff-15k","9":"product_cat-magasin-cigarette-electronique","10":"desktop-align-center","11":"tablet-align-center","12":"mobile-align-center","13":"ast-product-gallery-layout-horizontal","14":"ast-product-gallery-with-no-image","15":"ast-product-single-variable","16":"ast-product-tabs-layout-horizontal","17":"ast-qv-on-image","19":"first","20":"instock","21":"sale","22":"shipping-taxable","23":"purchasable","24":"product-type-variable","25":"has-default-attributes"},"tiered_pricing_type":"fixed","tiered_pricing_fixed_rules":{"50":6.05,"100":5.59},"tiered_pricing_product_settings":{"layout":"default","base_unit_name":{"singular":null,"plural":null},"default_variation":null},"tiered_pricing_minimum_quantity":null,"tiered_pricing_roles_data":[],"tiered_pricing_percentage_rules":[],"_links":{"self":[{"href":"https:\/\/puffvapestore.com\/es\/wp-json\/wp\/v2\/product\/6458","targetHints":{"allow":["GET"]}}],"collection":[{"href":"https:\/\/puffvapestore.com\/es\/wp-json\/wp\/v2\/product"}],"about":[{"href":"https:\/\/puffvapestore.com\/es\/wp-json\/wp\/v2\/types\/product"}],"replies":[{"embeddable":true,"href":"https:\/\/puffvapestore.com\/es\/wp-json\/wp\/v2\/comments?post=6458"}],"version-history":[{"count":6,"href":"https:\/\/puffvapestore.com\/es\/wp-json\/wp\/v2\/product\/6458\/revisions"}],"predecessor-version":[{"id":6468,"href":"https:\/\/puffvapestore.com\/es\/wp-json\/wp\/v2\/product\/6458\/revisions\/6468"}],"wp:featuredmedia":[{"embeddable":true,"href":"https:\/\/puffvapestore.com\/es\/wp-json\/wp\/v2\/media\/6245"}],"wp:attachment":[{"href":"https:\/\/puffvapestore.com\/es\/wp-json\/wp\/v2\/media?parent=6458"}],"wp:term":[{"taxonomy":"product_brand","embeddable":true,"href":"https:\/\/puffvapestore.com\/es\/wp-json\/wp\/v2\/product_brand?post=6458"},{"taxonomy":"product_cat","embeddable":true,"href":"https:\/\/puffvapestore.com\/es\/wp-json\/wp\/v2\/product_cat?post=6458"},{"taxonomy":"product_tag","embeddable":true,"href":"https:\/\/puffvapestore.com\/es\/wp-json\/wp\/v2\/product_tag?post=6458"}],"curies":[{"name":"wp","href":"https:\/\/api.w.org\/{rel}","templated":true}]}}