{"id":6433,"date":"2025-08-09T07:46:38","date_gmt":"2025-08-09T07:46:38","guid":{"rendered":"https:\/\/puffvapestore.com\/?post_type=product&#038;p=6433"},"modified":"2026-01-19T10:52:39","modified_gmt":"2026-01-19T10:52:39","slug":"blue-razz-ice-bang-king-15000-offre-une-sensation-rafraichissante","status":"publish","type":"product","link":"https:\/\/puffvapestore.com\/es\/product\/blue-razz-ice-bang-king-15000-ofrece-una-sensacion-refrescante\/","title":{"rendered":"Azul Razz Hielo - Bang King 15000"},"content":{"rendered":"<div data-elementor-type=\"wp-post\" data-elementor-id=\"6433\" class=\"elementor elementor-6433\">\n\t\t\t\t<div class=\"elementor-element elementor-element-08c26f9 e-flex e-con-boxed e-con e-parent\" data-id=\"08c26f9\" data-element_type=\"container\" data-e-type=\"container\">\n\t\t\t\t\t<div class=\"e-con-inner\">\n\t\t\t\t<div class=\"elementor-element elementor-element-a005a97 elementor-widget elementor-widget-text-editor\" data-id=\"a005a97\" data-element_type=\"widget\" data-e-type=\"widget\" data-widget_type=\"text-editor.default\">\n\t\t\t\t<div class=\"elementor-widget-container\">\n\t\t\t\t\t\t\t\t\t<p>El Bang King 15000 Blue Razz Ice es un cigarrillo electr\u00f3nico desechable muy popular, que ofrece una refrescante sensaci\u00f3n dulce, \u00e1cida y helada.<\/p><h2>Sabor principal : Blue Razz<\/h2><p>Fuerte dulzor: Blue Razz es una mezcla de ar\u00e1ndano y frambuesa, con un aroma rico y afrutado. El humo da una sensaci\u00f3n jugosa, dulce y helada, como fruta fresca explotando en tu boca.<\/p><p>Dulce y \u00e1cido: A diferencia del ar\u00e1ndano o la frambuesa puros, Blue Razz es \u00fanico por su delicado equilibrio entre dulce y \u00e1cido, sin ser abrumador ni mon\u00f3tono. La ligera acidez estimula las papilas gustativas y a\u00f1ade un toque de profundidad.<\/p><h2>Enfriamiento por \u00abhielo\u00bb:<\/h2><p>Base de mentol fresco: \u00abIce\u00bb indica la adici\u00f3n de un agente refrescante (similar al mentol), que proporciona una sensaci\u00f3n perceptible de frescor que penetra en la garganta entre la inhalaci\u00f3n y la exhalaci\u00f3n.<\/p><p>Dulzor duradero: Tras la calada, un ligero dulzor y fragancia perduran en la base de la lengua y la garganta, dejando una agradable sensaci\u00f3n de frescor en la boca durante un breve espacio de tiempo.<\/p><h2>Hasta 15.000 caladas<\/h2><p>El Bang King 15000 Blue Razz Ice es conocido por su gran capacidad de caladas, ofreciendo hasta 15K caladas por cigarrillo electr\u00f3nico. Es uno de los cigarrillos electr\u00f3nicos desechables m\u00e1s duraderos del mercado, reduciendo dr\u00e1sticamente la necesidad de sustituci\u00f3n y proporcionando a los usuarios una experiencia agradable y duradera.<\/p><p>Cuenta con una bater\u00eda de litio de alto rendimiento de 550 mAh con carga r\u00e1pida USB-C, por lo que es respetuosa con el medio ambiente. Los usuarios pueden recargar la bater\u00eda varias veces a trav\u00e9s de USB-C, lo que garantiza una gran autonom\u00eda antes de que se agote el e-l\u00edquido.<\/p><h2>Gran capacidad precargada de 25 ml<\/h2><p>Cada cigarrillo electr\u00f3nico Bang King 15000 Blue Razz Ice est\u00e1 precargado con 25 ml de e-l\u00edquido salado de nicotina de alta calidad, una capacidad inigualable en su categor\u00eda. Este dise\u00f1o no s\u00f3lo prolonga su vida \u00fatil, sino que tambi\u00e9n reduce la necesidad de reemplazos frecuentes.<\/p><h2>Varias dosis de nicotina - Para adaptarse a sus preferencias<\/h2><p>Para satisfacer las necesidades de cada usuario, el Bang King 15000 ofrece cuatro dosis de sales de nicotina:<\/p><p>0 % (sin nicotina)<\/p><p>2 % (luz)<\/p><p>3 % (mediano)<\/p><p>5 % (fuerte)<\/p><p>Esta selecci\u00f3n flexible permite a los usuarios elegir en funci\u00f3n de sus planes para dejar de fumar o de sus h\u00e1bitos.<\/p><h2>Tecnolog\u00eda de resistencia de malla - Una difusi\u00f3n m\u00e1s pura de los aromas<\/h2><p>El Bang King 15000 Blue Razz Ice utiliza una avanzada estructura de resistencia de malla, que garantiza un calentamiento m\u00e1s r\u00e1pido y una distribuci\u00f3n m\u00e1s uniforme del calor. Esto maximiza la propagaci\u00f3n de los sabores del e-l\u00edquido, garantizando una sensaci\u00f3n suave y rica y un golpe profundo y rico con cada calada.<\/p><p>Este cigarrillo electr\u00f3nico tiene un dise\u00f1o elegante y ergon\u00f3mico que se adapta c\u00f3modamente a la palma de la mano, garantizando un uso sin fatiga incluso despu\u00e9s de largos periodos. Su construcci\u00f3n robusta y tacto suave, combinados con su dise\u00f1o minimalista y moderno, lo hacen adecuado para una amplia variedad de usos.<\/p><h2>Port\u00e1til y duradero: una experiencia para fumar en cualquier momento y lugar<\/h2><p>A pesar de su gran capacidad, la Bang King 15000 Blue Razz Ice mantiene un formato compacto para una \u00f3ptima portabilidad, desliz\u00e1ndose f\u00e1cilmente en un bolsillo o bolso. Su robusta construcci\u00f3n resiste eficazmente los golpes y el desgaste cotidianos, por lo que es ideal para el uso diario, cuando se viaja o se est\u00e1 en movimiento.<\/p>\t\t\t\t\t\t\t\t<\/div>\n\t\t\t\t<\/div>\n\t\t\t\t\t<\/div>\n\t\t\t\t<\/div>\n\t\t\t\t<\/div>","protected":false},"excerpt":{"rendered":"<p>La Bang King 15000 Blue Razz Ice est une cigarette \u00e9lectronique jetable tr\u00e8s populaire, offrant une sensation rafra\u00eechissante, sucr\u00e9e, acidul\u00e9e et glac\u00e9e. Ar\u00f4me principal\u00a0: Blue Razz Forte douceur\u00a0: Blue Razz est un m\u00e9lange de myrtille et de framboise, avec un ar\u00f4me riche et fruit\u00e9. La fum\u00e9e procure une sensation juteuse, sucr\u00e9e et glac\u00e9e, comme si [&hellip;]<\/p>\n","protected":false},"featured_media":6236,"comment_status":"open","ping_status":"closed","template":"","meta":{"site-sidebar-layout":"no-sidebar","site-content-layout":"page-builder","ast-site-content-layout":"normal-width-container","site-content-style":"default","site-sidebar-style":"default","ast-global-header-display":"","ast-banner-title-visibility":"","ast-main-header-display":"","ast-hfb-above-header-display":"","ast-hfb-below-header-display":"","ast-hfb-mobile-header-display":"","site-post-title":"disabled","ast-breadcrumbs-content":"","ast-featured-img":"disabled","footer-sml-layout":"","ast-disable-related-posts":"","theme-transparent-header-meta":"default","adv-header-id-meta":"","stick-header-meta":"default","header-above-stick-meta":"","header-main-stick-meta":"","header-below-stick-meta":"","astra-migrate-meta-layouts":"set","ast-page-background-enabled":"default","ast-page-background-meta":{"desktop":{"background-color":"","background-image":"","background-repeat":"repeat","background-position":"center center","background-size":"auto","background-attachment":"scroll","background-type":"","background-media":"","overlay-type":"","overlay-color":"","overlay-opacity":"","overlay-gradient":""},"tablet":{"background-color":"","background-image":"","background-repeat":"repeat","background-position":"center center","background-size":"auto","background-attachment":"scroll","background-type":"","background-media":"","overlay-type":"","overlay-color":"","overlay-opacity":"","overlay-gradient":""},"mobile":{"background-color":"","background-image":"","background-repeat":"repeat","background-position":"center center","background-size":"auto","background-attachment":"scroll","background-type":"","background-media":"","overlay-type":"","overlay-color":"","overlay-opacity":"","overlay-gradient":""}},"ast-content-background-meta":{"desktop":{"background-color":"var(--ast-global-color-5)","background-image":"","background-repeat":"repeat","background-position":"center center","background-size":"auto","background-attachment":"scroll","background-type":"","background-media":"","overlay-type":"","overlay-color":"","overlay-opacity":"","overlay-gradient":""},"tablet":{"background-color":"var(--ast-global-color-5)","background-image":"","background-repeat":"repeat","background-position":"center center","background-size":"auto","background-attachment":"scroll","background-type":"","background-media":"","overlay-type":"","overlay-color":"","overlay-opacity":"","overlay-gradient":""},"mobile":{"background-color":"var(--ast-global-color-5)","background-image":"","background-repeat":"repeat","background-position":"center center","background-size":"auto","background-attachment":"scroll","background-type":"","background-media":"","overlay-type":"","overlay-color":"","overlay-opacity":"","overlay-gradient":""}}},"product_brand":[52],"product_cat":[56,80,15],"product_tag":[],"class_list":{"0":"post-6433","1":"product","2":"type-product","3":"status-publish","4":"has-post-thumbnail","6":"product_brand-bang-king","7":"product_cat-bang-king-15000-est-equipee-dune-resistance-mesh-nouvelle-generation","8":"product_cat-puff-15k","9":"product_cat-magasin-cigarette-electronique","10":"desktop-align-center","11":"tablet-align-center","12":"mobile-align-center","13":"ast-product-gallery-layout-horizontal","14":"ast-product-gallery-with-no-image","15":"ast-product-single-variable","16":"ast-product-tabs-layout-horizontal","17":"ast-qv-on-image","19":"first","20":"instock","21":"sale","22":"shipping-taxable","23":"purchasable","24":"product-type-variable","25":"has-default-attributes"},"tiered_pricing_type":"fixed","tiered_pricing_fixed_rules":{"50":6.05,"100":5.59},"tiered_pricing_product_settings":{"layout":"default","base_unit_name":{"singular":null,"plural":null},"default_variation":null},"tiered_pricing_minimum_quantity":null,"tiered_pricing_roles_data":[],"tiered_pricing_percentage_rules":[],"_links":{"self":[{"href":"https:\/\/puffvapestore.com\/es\/wp-json\/wp\/v2\/product\/6433","targetHints":{"allow":["GET"]}}],"collection":[{"href":"https:\/\/puffvapestore.com\/es\/wp-json\/wp\/v2\/product"}],"about":[{"href":"https:\/\/puffvapestore.com\/es\/wp-json\/wp\/v2\/types\/product"}],"replies":[{"embeddable":true,"href":"https:\/\/puffvapestore.com\/es\/wp-json\/wp\/v2\/comments?post=6433"}],"version-history":[{"count":7,"href":"https:\/\/puffvapestore.com\/es\/wp-json\/wp\/v2\/product\/6433\/revisions"}],"predecessor-version":[{"id":6634,"href":"https:\/\/puffvapestore.com\/es\/wp-json\/wp\/v2\/product\/6433\/revisions\/6634"}],"wp:featuredmedia":[{"embeddable":true,"href":"https:\/\/puffvapestore.com\/es\/wp-json\/wp\/v2\/media\/6236"}],"wp:attachment":[{"href":"https:\/\/puffvapestore.com\/es\/wp-json\/wp\/v2\/media?parent=6433"}],"wp:term":[{"taxonomy":"product_brand","embeddable":true,"href":"https:\/\/puffvapestore.com\/es\/wp-json\/wp\/v2\/product_brand?post=6433"},{"taxonomy":"product_cat","embeddable":true,"href":"https:\/\/puffvapestore.com\/es\/wp-json\/wp\/v2\/product_cat?post=6433"},{"taxonomy":"product_tag","embeddable":true,"href":"https:\/\/puffvapestore.com\/es\/wp-json\/wp\/v2\/product_tag?post=6433"}],"curies":[{"name":"wp","href":"https:\/\/api.w.org\/{rel}","templated":true}]}}