{"id":6385,"date":"2025-08-04T05:07:36","date_gmt":"2025-08-04T05:07:36","guid":{"rendered":"https:\/\/puffvapestore.com\/?post_type=product&#038;p=6385"},"modified":"2026-01-19T10:52:39","modified_gmt":"2026-01-19T10:52:39","slug":"bang-king-15000-double-pomme-sinspire-de-la-chicha-classique-double-pomme","status":"publish","type":"product","link":"https:\/\/puffvapestore.com\/es\/product\/bang-king-15000-doble-manzana-sinspire-de-la-clasica-shisha-doble-manzana\/","title":{"rendered":"Bang King 15000 - Manzana doble"},"content":{"rendered":"<div data-elementor-type=\"wp-post\" data-elementor-id=\"6385\" class=\"elementor elementor-6385\">\n\t\t\t\t<div class=\"elementor-element elementor-element-08c26f9 e-flex e-con-boxed e-con e-parent\" data-id=\"08c26f9\" data-element_type=\"container\" data-e-type=\"container\">\n\t\t\t\t\t<div class=\"e-con-inner\">\n\t\t\t\t<div class=\"elementor-element elementor-element-a005a97 elementor-widget elementor-widget-text-editor\" data-id=\"a005a97\" data-element_type=\"widget\" data-e-type=\"widget\" data-widget_type=\"text-editor.default\">\n\t\t\t\t<div class=\"elementor-widget-container\">\n\t\t\t\t\t\t\t\t\t<p>Bang King 15000 Double Apple es un sabor de cigarrillo electr\u00f3nico inspirado en la cl\u00e1sica shisha Double Apple, un sabor popular entre los amantes de la shisha en Oriente Medio y en todo el mundo.<\/p><h2>Aromas afrutados<\/h2><h3>Una combinaci\u00f3n equilibrada de manzanas rojas y verdes:<\/h3><p>La inhalaci\u00f3n inicial revela un sabor a manzana verde crujiente y ligeramente \u00e1cido. El aroma dulce y suave de la manzana roja se revela gradualmente, creando un d\u00fao de manzana agridulce que es naturalmente refrescante.<\/p><p>El sabor es aut\u00e9ntico, cercano al aroma afrutado de una manzana reci\u00e9n cortada, sin el dulzor excesivo de los zumos artificiales.<\/p><h2>Sensaci\u00f3n de frescor<\/h2><h3>Final sutil y mentolado:<\/h3><p>Poco despu\u00e9s de la inhalaci\u00f3n, un suave frescor se extiende por la garganta y las fosas nasales, creando una experiencia de inhalaci\u00f3n refrescante y pura.<\/p><p>Esta sensaci\u00f3n de frescor no es una calada fuerte y helada, sino m\u00e1s bien una experiencia agradable, fresca y no acre, similar a los aromas herb\u00e1ceos y mentolados de las chichas tradicionales.<\/p><h2>Notas de fondo herb\u00e1ceas<\/h2><h3>Sutiles notas de an\u00eds y regaliz:<\/h3><p>Esta sutil nota no domina el sabor afrutado de la manzana, sino que sirve de base, a\u00f1adiendo complejidad y un sabor ex\u00f3tico.<\/p><p>Esto confiere al conjunto un sabor m\u00e1s complejo, a diferencia del simple sabor afrutado que recuerda a la chicha.<\/p><h2>Especificaciones de la Bang King 15000 Double Apple<\/h2><p>Caladas: Cada cigarrillo electr\u00f3nico Bang King 15000 Double Apple puede aguantar hasta 15.000 caladas.<\/p><p>Bater\u00eda integrada: Aprox. 550 mAh, recargable a trav\u00e9s del puerto USB-C.<\/p><p>L\u00edquido electr\u00f3nico precargado: capacidad aproximada de 25 ml.<\/p><p>Tipo de resistencia: Resistencia de malla para una atomizaci\u00f3n uniforme y un calentamiento estable.<\/p><h2>Varias dosis de nicotina disponibles.<\/h2><p>El Bang King 15000 Doble Manzana ofrece cuatro dosis de sales de nicotina: 0 %, 2 %, 3 % y 5 %, para satisfacer las necesidades de cada usuario. Tanto si quieres evitar la nicotina por completo como si prefieres una experiencia m\u00e1s intensa, encontrar\u00e1s la dosis adecuada para ti. Esta flexibilidad permite a los usuarios adaptar su ingesta de nicotina a sus necesidades personales, o reducirla gradualmente, para una experiencia personalizada.<\/p><h2>Dise\u00f1o port\u00e1til y duradero<\/h2><p>Este cigarrillo electr\u00f3nico tiene un dise\u00f1o port\u00e1til y un cuerpo ligero, lo que facilita su transporte. Ya sea para ir al trabajo o para viajes largos, se desliza f\u00e1cilmente en un bolsillo o mochila. La carcasa del Bang King 15000 est\u00e1 fabricada con materiales cuidadosamente seleccionados, lo que le confiere una estructura duradera que soporta los golpes y el desgaste del uso diario, garantizando su fiabilidad a largo plazo.<\/p><h2>Dise\u00f1o recargable respetuoso con el medio ambiente<\/h2><p>El Bang King 15000 Double Apple est\u00e1 equipado con un puerto de carga r\u00e1pida de tipo C, que garantiza una carga r\u00e1pida y compatibilidad con los dispositivos electr\u00f3nicos modernos. Permite a los usuarios recargar su dispositivo en cualquier momento y lugar. En comparaci\u00f3n con los cigarrillos electr\u00f3nicos desechables tradicionales, este dise\u00f1o recargable reduce significativamente los residuos y prolonga la vida \u00fatil del dispositivo, respetando as\u00ed los principios medioambientales y contribuyendo al desarrollo sostenible.<\/p><h2>Caudal de aire regulable<\/h2><p>El cigarrillo electr\u00f3nico cuenta con un sistema de flujo de aire ajustable, que permite a los usuarios ajustar libremente la resistencia a la inhalaci\u00f3n para adaptarla a sus preferencias, desde una inhalaci\u00f3n firme a una ligera.<\/p><h2>Dise\u00f1o elegante y ergon\u00f3mico<\/h2><p>La Bang King 15000 pone el \u00e9nfasis en la funcionalidad, y presume de un dise\u00f1o moderno con l\u00edneas limpias y una variedad de colores que se adaptan a las preferencias est\u00e9ticas de cada usuario. Su dise\u00f1o ergon\u00f3mico garantiza un agarre c\u00f3modo y un uso sin fatiga incluso despu\u00e9s de largos periodos.<\/p>\t\t\t\t\t\t\t\t<\/div>\n\t\t\t\t<\/div>\n\t\t\t\t\t<\/div>\n\t\t\t\t<\/div>\n\t\t\t\t<\/div>","protected":false},"excerpt":{"rendered":"<p>La Bang King 15000 Double Pomme est une saveur de cigarette \u00e9lectronique inspir\u00e9e de la chicha classique Double Pomme, un ar\u00f4me populaire aupr\u00e8s des amateurs de chicha au Moyen-Orient et dans le monde entier. Ar\u00f4mes fruit\u00e9s Une combinaison \u00e9quilibr\u00e9e de pommes rouges et vertes\u00a0: L&rsquo;inhalation initiale r\u00e9v\u00e8le une saveur de pomme verte croquante, l\u00e9g\u00e8rement acidul\u00e9e. [&hellip;]<\/p>\n","protected":false},"featured_media":6241,"comment_status":"open","ping_status":"closed","template":"","meta":{"site-sidebar-layout":"no-sidebar","site-content-layout":"page-builder","ast-site-content-layout":"normal-width-container","site-content-style":"default","site-sidebar-style":"default","ast-global-header-display":"","ast-banner-title-visibility":"","ast-main-header-display":"","ast-hfb-above-header-display":"","ast-hfb-below-header-display":"","ast-hfb-mobile-header-display":"","site-post-title":"disabled","ast-breadcrumbs-content":"","ast-featured-img":"disabled","footer-sml-layout":"","ast-disable-related-posts":"","theme-transparent-header-meta":"default","adv-header-id-meta":"","stick-header-meta":"default","header-above-stick-meta":"","header-main-stick-meta":"","header-below-stick-meta":"","astra-migrate-meta-layouts":"set","ast-page-background-enabled":"default","ast-page-background-meta":{"desktop":{"background-color":"","background-image":"","background-repeat":"repeat","background-position":"center center","background-size":"auto","background-attachment":"scroll","background-type":"","background-media":"","overlay-type":"","overlay-color":"","overlay-opacity":"","overlay-gradient":""},"tablet":{"background-color":"","background-image":"","background-repeat":"repeat","background-position":"center center","background-size":"auto","background-attachment":"scroll","background-type":"","background-media":"","overlay-type":"","overlay-color":"","overlay-opacity":"","overlay-gradient":""},"mobile":{"background-color":"","background-image":"","background-repeat":"repeat","background-position":"center center","background-size":"auto","background-attachment":"scroll","background-type":"","background-media":"","overlay-type":"","overlay-color":"","overlay-opacity":"","overlay-gradient":""}},"ast-content-background-meta":{"desktop":{"background-color":"var(--ast-global-color-5)","background-image":"","background-repeat":"repeat","background-position":"center center","background-size":"auto","background-attachment":"scroll","background-type":"","background-media":"","overlay-type":"","overlay-color":"","overlay-opacity":"","overlay-gradient":""},"tablet":{"background-color":"var(--ast-global-color-5)","background-image":"","background-repeat":"repeat","background-position":"center center","background-size":"auto","background-attachment":"scroll","background-type":"","background-media":"","overlay-type":"","overlay-color":"","overlay-opacity":"","overlay-gradient":""},"mobile":{"background-color":"var(--ast-global-color-5)","background-image":"","background-repeat":"repeat","background-position":"center center","background-size":"auto","background-attachment":"scroll","background-type":"","background-media":"","overlay-type":"","overlay-color":"","overlay-opacity":"","overlay-gradient":""}}},"product_brand":[52],"product_cat":[56,80,15],"product_tag":[],"class_list":{"0":"post-6385","1":"product","2":"type-product","3":"status-publish","4":"has-post-thumbnail","6":"product_brand-bang-king","7":"product_cat-bang-king-15000-est-equipee-dune-resistance-mesh-nouvelle-generation","8":"product_cat-puff-15k","9":"product_cat-magasin-cigarette-electronique","10":"desktop-align-center","11":"tablet-align-center","12":"mobile-align-center","13":"ast-product-gallery-layout-horizontal","14":"ast-product-gallery-with-no-image","15":"ast-product-single-variable","16":"ast-product-tabs-layout-horizontal","17":"ast-qv-on-image","19":"first","20":"instock","21":"sale","22":"shipping-taxable","23":"purchasable","24":"product-type-variable","25":"has-default-attributes"},"tiered_pricing_type":"fixed","tiered_pricing_fixed_rules":{"50":6.05,"100":5.59},"tiered_pricing_product_settings":{"layout":"default","base_unit_name":{"singular":null,"plural":null},"default_variation":null},"tiered_pricing_minimum_quantity":null,"tiered_pricing_roles_data":[],"tiered_pricing_percentage_rules":[],"_links":{"self":[{"href":"https:\/\/puffvapestore.com\/es\/wp-json\/wp\/v2\/product\/6385","targetHints":{"allow":["GET"]}}],"collection":[{"href":"https:\/\/puffvapestore.com\/es\/wp-json\/wp\/v2\/product"}],"about":[{"href":"https:\/\/puffvapestore.com\/es\/wp-json\/wp\/v2\/types\/product"}],"replies":[{"embeddable":true,"href":"https:\/\/puffvapestore.com\/es\/wp-json\/wp\/v2\/comments?post=6385"}],"version-history":[{"count":6,"href":"https:\/\/puffvapestore.com\/es\/wp-json\/wp\/v2\/product\/6385\/revisions"}],"predecessor-version":[{"id":6395,"href":"https:\/\/puffvapestore.com\/es\/wp-json\/wp\/v2\/product\/6385\/revisions\/6395"}],"wp:featuredmedia":[{"embeddable":true,"href":"https:\/\/puffvapestore.com\/es\/wp-json\/wp\/v2\/media\/6241"}],"wp:attachment":[{"href":"https:\/\/puffvapestore.com\/es\/wp-json\/wp\/v2\/media?parent=6385"}],"wp:term":[{"taxonomy":"product_brand","embeddable":true,"href":"https:\/\/puffvapestore.com\/es\/wp-json\/wp\/v2\/product_brand?post=6385"},{"taxonomy":"product_cat","embeddable":true,"href":"https:\/\/puffvapestore.com\/es\/wp-json\/wp\/v2\/product_cat?post=6385"},{"taxonomy":"product_tag","embeddable":true,"href":"https:\/\/puffvapestore.com\/es\/wp-json\/wp\/v2\/product_tag?post=6385"}],"curies":[{"name":"wp","href":"https:\/\/api.w.org\/{rel}","templated":true}]}}