{"id":6363,"date":"2025-08-02T12:20:56","date_gmt":"2025-08-02T12:20:56","guid":{"rendered":"https:\/\/puffvapestore.com\/?post_type=product&#038;p=6363"},"modified":"2026-01-19T10:52:39","modified_gmt":"2026-01-19T10:52:39","slug":"bang-king-15000-tropical-fruit-est-rafraichissant-et-sucre","status":"publish","type":"product","link":"https:\/\/puffvapestore.com\/es\/product\/bang-king-15000-fruta-tropical-refrescante-y-dulce\/","title":{"rendered":"Bang King 15000 - Frutas tropicales"},"content":{"rendered":"<div data-elementor-type=\"wp-post\" data-elementor-id=\"6363\" class=\"elementor elementor-6363\">\n\t\t\t\t<div class=\"elementor-element elementor-element-08c26f9 e-flex e-con-boxed e-con e-parent\" data-id=\"08c26f9\" data-element_type=\"container\" data-e-type=\"container\">\n\t\t\t\t\t<div class=\"e-con-inner\">\n\t\t\t\t<div class=\"elementor-element elementor-element-a005a97 elementor-widget elementor-widget-text-editor\" data-id=\"a005a97\" data-element_type=\"widget\" data-e-type=\"widget\" data-widget_type=\"text-editor.default\">\n\t\t\t\t<div class=\"elementor-widget-container\">\n\t\t\t\t\t\t\t\t\t<p>Bang King 15000 Tropical Fruits ofrece una experiencia de sabor fresca, dulce y afrutada, gracias a una mezcla de diversas frutas tropicales. El sabor general es refrescantemente dulce, con un toque de acidez y un gusto rico y equilibrado.<\/p><p>Si le gustan los batidos de frutas, los zumos tropicales y las bebidas de frutas mezcladas, el sabor de Bang King 15000 - Fruta tropical probablemente se ajustar\u00e1 a sus preferencias. No es tan mon\u00f3tono como una sola fruta, sino que ofrece una experiencia compleja que recuerda a un vergel tropical.<\/p><h2>Principales caracter\u00edsticas de sabor :<\/h2><h3>1. Notas afrutadas dominantes : Pi\u00f1a y mango<\/h3><p>Pi\u00f1a: La primera nota ahumada es un marcado sabor a pi\u00f1a, con acidez y dulzor naturales, un dulzor equilibrado y una ligera sensaci\u00f3n energizante.<\/p><p>Mango: le sigue un sabor a mango suave y dulce, similar a la carne tierna de un mango maduro, que contrasta y complementa el sabor agridulce de la pi\u00f1a.<\/p><h3>2. Aromas secundarios : Fruta de la pasi\u00f3n, papaya y coco<\/h3><p>Fruta de la pasi\u00f3n: Al final de la fumada, emerge un ligero aroma a fruta de la pasi\u00f3n, con una sutil nota floral, que a\u00f1ade un toque ex\u00f3tico al conjunto.<\/p><p>Papeye: Tiene un efecto equilibrante, suavizando el dulzor del mango y dando al sabor una base suave y cremosa.<\/p><p>Coco (light): Un toque de leche de coco en el retrogusto a\u00f1ade una nota l\u00e1ctea o cremosa al conjunto sin sobrecargarlo.<\/p><h2>Especificaciones del Bang King 15000 Fruta Tropical<\/h2><p>Caladas: Cada cigarrillo electr\u00f3nico Bang King 15000 Tropical Fruit puede aguantar hasta 15.000 caladas.<\/p><p>Bater\u00eda integrada: Aprox. 550 mAh, recargable a trav\u00e9s del puerto USB-C.<\/p><p>L\u00edquido electr\u00f3nico precargado: capacidad aproximada de 25 ml.<\/p><p>Tipo de resistencia: Resistencia de malla para una atomizaci\u00f3n uniforme y un calentamiento estable.<\/p><h2>Varias dosis de nicotina disponibles.<\/h2><p>Bang King 15000 Tropical Fruit se presenta en cuatro potencias de sales de nicotina: 0 %, 2 %, 3 % y 5 %, para satisfacer las necesidades de cada usuario. Tanto si quieres evitar la nicotina por completo como si prefieres una experiencia m\u00e1s intensa, encontrar\u00e1s la dosis adecuada para ti. Esta flexibilidad permite a los usuarios adaptar su ingesta de nicotina a sus necesidades personales, o reducirla gradualmente, para una experiencia personalizada.<\/p><h2>Dise\u00f1o port\u00e1til y duradero<\/h2><p>Este cigarrillo electr\u00f3nico tiene un dise\u00f1o port\u00e1til y un cuerpo ligero, lo que facilita su transporte. Ya sea para ir al trabajo o para viajes largos, se desliza f\u00e1cilmente en un bolsillo o mochila. La carcasa del Bang King 15000 est\u00e1 fabricada con materiales cuidadosamente seleccionados, lo que le confiere una estructura duradera que soporta los golpes y el desgaste del uso diario, garantizando su fiabilidad a largo plazo.<\/p><h2>Dise\u00f1o recargable respetuoso con el medio ambiente<\/h2><p>El Bang King 15000 Fruta Tropical est\u00e1 equipado con un puerto de carga r\u00e1pida de tipo C, que garantiza una carga r\u00e1pida y compatibilidad con los dispositivos electr\u00f3nicos modernos. Permite a los usuarios recargar su dispositivo en cualquier momento y lugar. En comparaci\u00f3n con los cigarrillos electr\u00f3nicos desechables tradicionales, este dise\u00f1o recargable reduce significativamente los residuos y prolonga la vida \u00fatil del dispositivo, respetando as\u00ed los principios medioambientales y contribuyendo al desarrollo sostenible.<\/p><h2>Caudal de aire regulable<\/h2><p>El cigarrillo electr\u00f3nico cuenta con un sistema de flujo de aire ajustable, que permite a los usuarios ajustar libremente la resistencia a la inhalaci\u00f3n para adaptarla a sus preferencias, desde una inhalaci\u00f3n firme a una ligera.<\/p><h2>Dise\u00f1o elegante y ergon\u00f3mico<\/h2><p>La Bang King 15000 Tropical Fruit se centra en la funcionalidad y cuenta con un dise\u00f1o moderno de l\u00edneas limpias y una variedad de colores que se adaptan a las preferencias est\u00e9ticas de cada usuario. Su dise\u00f1o ergon\u00f3mico garantiza un agarre c\u00f3modo y un uso sin fatiga incluso despu\u00e9s de largos periodos.<\/p>\t\t\t\t\t\t\t\t<\/div>\n\t\t\t\t<\/div>\n\t\t\t\t\t<\/div>\n\t\t\t\t<\/div>\n\t\t\t\t<\/div>","protected":false},"excerpt":{"rendered":"<p>Bang King 15000 Fruits tropicaux offre une exp\u00e9rience gustative fra\u00eeche, sucr\u00e9e et fruit\u00e9e, gr\u00e2ce \u00e0 un m\u00e9lange de divers fruits tropicaux. La saveur globale est rafra\u00eechissante et sucr\u00e9e, avec une pointe d&rsquo;acidit\u00e9, et un go\u00fbt riche et \u00e9quilibr\u00e9. Si vous aimez les milk-shakes aux fruits, les jus tropicaux et les boissons aux fruits m\u00e9lang\u00e9s, la [&hellip;]<\/p>\n","protected":false},"featured_media":6253,"comment_status":"open","ping_status":"closed","template":"","meta":{"site-sidebar-layout":"no-sidebar","site-content-layout":"page-builder","ast-site-content-layout":"normal-width-container","site-content-style":"default","site-sidebar-style":"default","ast-global-header-display":"","ast-banner-title-visibility":"","ast-main-header-display":"","ast-hfb-above-header-display":"","ast-hfb-below-header-display":"","ast-hfb-mobile-header-display":"","site-post-title":"disabled","ast-breadcrumbs-content":"","ast-featured-img":"disabled","footer-sml-layout":"","ast-disable-related-posts":"","theme-transparent-header-meta":"default","adv-header-id-meta":"","stick-header-meta":"default","header-above-stick-meta":"","header-main-stick-meta":"","header-below-stick-meta":"","astra-migrate-meta-layouts":"set","ast-page-background-enabled":"default","ast-page-background-meta":{"desktop":{"background-color":"","background-image":"","background-repeat":"repeat","background-position":"center center","background-size":"auto","background-attachment":"scroll","background-type":"","background-media":"","overlay-type":"","overlay-color":"","overlay-opacity":"","overlay-gradient":""},"tablet":{"background-color":"","background-image":"","background-repeat":"repeat","background-position":"center center","background-size":"auto","background-attachment":"scroll","background-type":"","background-media":"","overlay-type":"","overlay-color":"","overlay-opacity":"","overlay-gradient":""},"mobile":{"background-color":"","background-image":"","background-repeat":"repeat","background-position":"center center","background-size":"auto","background-attachment":"scroll","background-type":"","background-media":"","overlay-type":"","overlay-color":"","overlay-opacity":"","overlay-gradient":""}},"ast-content-background-meta":{"desktop":{"background-color":"var(--ast-global-color-5)","background-image":"","background-repeat":"repeat","background-position":"center center","background-size":"auto","background-attachment":"scroll","background-type":"","background-media":"","overlay-type":"","overlay-color":"","overlay-opacity":"","overlay-gradient":""},"tablet":{"background-color":"var(--ast-global-color-5)","background-image":"","background-repeat":"repeat","background-position":"center center","background-size":"auto","background-attachment":"scroll","background-type":"","background-media":"","overlay-type":"","overlay-color":"","overlay-opacity":"","overlay-gradient":""},"mobile":{"background-color":"var(--ast-global-color-5)","background-image":"","background-repeat":"repeat","background-position":"center center","background-size":"auto","background-attachment":"scroll","background-type":"","background-media":"","overlay-type":"","overlay-color":"","overlay-opacity":"","overlay-gradient":""}}},"product_brand":[52],"product_cat":[56,80,15],"product_tag":[],"class_list":{"0":"post-6363","1":"product","2":"type-product","3":"status-publish","4":"has-post-thumbnail","6":"product_brand-bang-king","7":"product_cat-bang-king-15000-est-equipee-dune-resistance-mesh-nouvelle-generation","8":"product_cat-puff-15k","9":"product_cat-magasin-cigarette-electronique","10":"desktop-align-center","11":"tablet-align-center","12":"mobile-align-center","13":"ast-product-gallery-layout-horizontal","14":"ast-product-gallery-with-no-image","15":"ast-product-single-variable","16":"ast-product-tabs-layout-horizontal","17":"ast-qv-on-image","19":"first","20":"instock","21":"sale","22":"shipping-taxable","23":"purchasable","24":"product-type-variable","25":"has-default-attributes"},"tiered_pricing_type":"fixed","tiered_pricing_fixed_rules":{"50":6.05,"100":5.59},"tiered_pricing_product_settings":{"layout":"default","base_unit_name":{"singular":null,"plural":null},"default_variation":null},"tiered_pricing_minimum_quantity":null,"tiered_pricing_roles_data":[],"tiered_pricing_percentage_rules":[],"_links":{"self":[{"href":"https:\/\/puffvapestore.com\/es\/wp-json\/wp\/v2\/product\/6363","targetHints":{"allow":["GET"]}}],"collection":[{"href":"https:\/\/puffvapestore.com\/es\/wp-json\/wp\/v2\/product"}],"about":[{"href":"https:\/\/puffvapestore.com\/es\/wp-json\/wp\/v2\/types\/product"}],"replies":[{"embeddable":true,"href":"https:\/\/puffvapestore.com\/es\/wp-json\/wp\/v2\/comments?post=6363"}],"version-history":[{"count":6,"href":"https:\/\/puffvapestore.com\/es\/wp-json\/wp\/v2\/product\/6363\/revisions"}],"predecessor-version":[{"id":6373,"href":"https:\/\/puffvapestore.com\/es\/wp-json\/wp\/v2\/product\/6363\/revisions\/6373"}],"wp:featuredmedia":[{"embeddable":true,"href":"https:\/\/puffvapestore.com\/es\/wp-json\/wp\/v2\/media\/6253"}],"wp:attachment":[{"href":"https:\/\/puffvapestore.com\/es\/wp-json\/wp\/v2\/media?parent=6363"}],"wp:term":[{"taxonomy":"product_brand","embeddable":true,"href":"https:\/\/puffvapestore.com\/es\/wp-json\/wp\/v2\/product_brand?post=6363"},{"taxonomy":"product_cat","embeddable":true,"href":"https:\/\/puffvapestore.com\/es\/wp-json\/wp\/v2\/product_cat?post=6363"},{"taxonomy":"product_tag","embeddable":true,"href":"https:\/\/puffvapestore.com\/es\/wp-json\/wp\/v2\/product_tag?post=6363"}],"curies":[{"name":"wp","href":"https:\/\/api.w.org\/{rel}","templated":true}]}}