{"id":6272,"date":"2025-08-02T08:02:02","date_gmt":"2025-08-02T08:02:02","guid":{"rendered":"https:\/\/puffvapestore.com\/?post_type=product&#038;p=6272"},"modified":"2026-01-19T10:52:38","modified_gmt":"2026-01-19T10:52:38","slug":"bang-king-15000-offre-15k-bouffees-25ml-de-liquide","status":"publish","type":"product","link":"https:\/\/puffvapestore.com\/es\/product\/bang-king-15000-ofertas-15k-caladas-25ml-liquido\/","title":{"rendered":"Bang King 15000: Ofrece 15.000 caladas, 25 ml de e-l\u00edquido y una resistencia de malla"},"content":{"rendered":"<div data-elementor-type=\"wp-post\" data-elementor-id=\"6272\" class=\"elementor elementor-6272\">\n\t\t\t\t<div class=\"elementor-element elementor-element-08c26f9 e-flex e-con-boxed e-con e-parent\" data-id=\"08c26f9\" data-element_type=\"container\" data-e-type=\"container\">\n\t\t\t\t\t<div class=\"e-con-inner\">\n\t\t\t\t<div class=\"elementor-element elementor-element-a005a97 elementor-widget elementor-widget-text-editor\" data-id=\"a005a97\" data-element_type=\"widget\" data-e-type=\"widget\" data-widget_type=\"text-editor.default\">\n\t\t\t\t<div class=\"elementor-widget-container\">\n\t\t\t\t\t\t\t\t\t<h2>Especificaciones del Bang King 15000<\/h2><p>Caladas: Cada cigarrillo electr\u00f3nico Bang King 15000 puede aguantar hasta 15.000 caladas.<\/p><p>Bater\u00eda integrada: Aprox. 550 mAh, recargable a trav\u00e9s del puerto USB-C.<\/p><p>L\u00edquido electr\u00f3nico precargado: capacidad aproximada de 25 ml.<\/p><p>Tipo de resistencia: Resistencia de malla para una atomizaci\u00f3n uniforme y un calentamiento estable.<\/p><h2>Varias dosis de nicotina disponibles.<\/h2><p>El Bang King 15000 ofrece cuatro dosis de sales de nicotina: 0 %, 2 %, 3 % y 5 %, para satisfacer las necesidades de cada usuario. Tanto si quieres evitar la nicotina por completo como si prefieres una experiencia m\u00e1s intensa, encontrar\u00e1s la dosis adecuada para ti. Esta flexibilidad permite a los usuarios adaptar su ingesta de nicotina a sus necesidades personales, o reducirla gradualmente, para una experiencia personalizada.<\/p><h2>Dise\u00f1o port\u00e1til y duradero<\/h2><p>Este cigarrillo electr\u00f3nico tiene un dise\u00f1o port\u00e1til y un cuerpo ligero, lo que facilita su transporte. Ya sea para ir al trabajo o para viajes largos, se desliza f\u00e1cilmente en un bolsillo o mochila. La carcasa del Bang King 15000 est\u00e1 fabricada con materiales cuidadosamente seleccionados, lo que le confiere una estructura duradera que soporta los golpes y el desgaste del uso diario, garantizando su fiabilidad a largo plazo.<\/p><h2>Dise\u00f1o recargable respetuoso con el medio ambiente<\/h2><p>El Bang King 15000 est\u00e1 equipado con un puerto de carga r\u00e1pida de tipo C, que garantiza una carga r\u00e1pida y compatibilidad con los dispositivos electr\u00f3nicos modernos. Permite a los usuarios recargar su dispositivo en cualquier momento y lugar. En comparaci\u00f3n con los cigarrillos electr\u00f3nicos desechables tradicionales, este dise\u00f1o recargable reduce significativamente los residuos y prolonga la vida \u00fatil del dispositivo, respetando as\u00ed los principios medioambientales y contribuyendo al desarrollo sostenible.<\/p><h2>Caudal de aire regulable<\/h2><p>El cigarrillo electr\u00f3nico cuenta con un sistema de flujo de aire ajustable, que permite a los usuarios ajustar libremente la resistencia a la inhalaci\u00f3n para adaptarla a sus preferencias, desde una inhalaci\u00f3n firme a una ligera.<\/p><h2>Dise\u00f1o elegante y ergon\u00f3mico<\/h2><p>La Bang King 15000 pone el \u00e9nfasis en la funcionalidad, y presume de un dise\u00f1o moderno con l\u00edneas limpias y una variedad de colores que se adaptan a las preferencias est\u00e9ticas de cada usuario. Su dise\u00f1o ergon\u00f3mico garantiza un agarre c\u00f3modo y un uso sin fatiga incluso despu\u00e9s de largos periodos.<\/p><h2>El Bang King 15000 ofrece 20 sabores diferentes<\/h2><p>La Bang King 15000 ofrece 20 sabores diferentes, entre fruta, fresco y postre, para satisfacer las necesidades de todos los usuarios. Entre los sabores de fruta se incluyen \u00abUva Aloe\u00bb (dulce y refrescante), \u00abMelocot\u00f3n Mango\u00bb (tropical y afrutado), \u00abManzana Doble\u00bb (crujiente y jugosa), \u00abGuayaba Kiwi Maracuy\u00e1\u00bb (tr\u00edo tropical), \u00abFruta Tropical\u00bb (una mezcla de frutas tropicales), \u00abFresa Pl\u00e1tano\u00bb (suave como un batido), \u00abFresa Kiwi\u00bb (una fresa kiwi con un equilibrado sabor agridulce) y \u00abFresa Sand\u00eda\u00bb (refrescante y jugosa). Estos sabores ofrecen el dulzor y la frescura naturales de la fruta, perfectos para los amantes de los aromas afrutados.<\/p><p>Dise\u00f1ados para quienes buscan una experiencia refrescante, los sabores refrescantes incluyen \u00abBlue Razz Ice\u00bb (un helado \u00e1cido y dulce de ar\u00e1ndanos), \u00abLush Ice\u00bb (un helado dulce y refrescante de sand\u00eda), \u00abPeach Ice\u00bb (un helado afrutado y helado de melocot\u00f3n), \u00abTriple Berry Ice\u00bb (un helado refrescante de bayas rojas) y \u00abBlack Dragon Ice\u00bb (un helado \u00fanico, afrutado y refrescante de pitaya negra). Estos sabores ofrecen una refrescante sensaci\u00f3n mentolada, ideal cuando hace calor o para quienes buscan una sensaci\u00f3n refrescante. Adem\u00e1s, \u00abCool Mint\u00bb ofrece puro frescor mentolado para quienes buscan lo \u00faltimo en frescor.<\/p><p>A la diversi\u00f3n se suman postres y sabores \u00fanicos como \u00abAlgod\u00f3n de az\u00facar\u00bb (dulce y ligero), \u00abChicle de sand\u00eda\u00bb (una mezcla de sabores afrutados y dulces nost\u00e1lgicos), \u00abYogur de fresa\u00bb (un equilibrio de sabores l\u00e1cteos y afrutados), \u00abCherry Pop\u00bb (un refresco dulce tipo caramelo) y \u00abPink Lemonade\u00bb (una bebida refrescante y \u00e1cida).<\/p>\t\t\t\t\t\t\t\t<\/div>\n\t\t\t\t<\/div>\n\t\t\t\t\t<\/div>\n\t\t\t\t<\/div>\n\t\t\t\t<\/div>","protected":false},"excerpt":{"rendered":"<p>Sp\u00e9cifications de la Bang King 15000 Bouff\u00e9es\u00a0: Chaque cigarette \u00e9lectronique Bang King 15000 peut contenir jusqu\u2019\u00e0 15000 bouff\u00e9es. Batterie int\u00e9gr\u00e9e\u00a0: Environ 550\u00a0mAh, rechargeable via le port USB-C. E-liquide pr\u00e9rempli\u00a0: Capacit\u00e9 d\u2019environ 25\u00a0ml. Type de r\u00e9sistance : R\u00e9sistance en mesh pour une atomisation uniforme et une chauffe stable. Plusieurs dosages de nicotine disponibles. La Bang King [&hellip;]<\/p>\n","protected":false},"featured_media":6256,"comment_status":"open","ping_status":"closed","template":"","meta":{"site-sidebar-layout":"no-sidebar","site-content-layout":"page-builder","ast-site-content-layout":"normal-width-container","site-content-style":"default","site-sidebar-style":"default","ast-global-header-display":"","ast-banner-title-visibility":"","ast-main-header-display":"","ast-hfb-above-header-display":"","ast-hfb-below-header-display":"","ast-hfb-mobile-header-display":"","site-post-title":"disabled","ast-breadcrumbs-content":"","ast-featured-img":"disabled","footer-sml-layout":"","ast-disable-related-posts":"","theme-transparent-header-meta":"default","adv-header-id-meta":"","stick-header-meta":"default","header-above-stick-meta":"","header-main-stick-meta":"","header-below-stick-meta":"","astra-migrate-meta-layouts":"set","ast-page-background-enabled":"default","ast-page-background-meta":{"desktop":{"background-color":"","background-image":"","background-repeat":"repeat","background-position":"center center","background-size":"auto","background-attachment":"scroll","background-type":"","background-media":"","overlay-type":"","overlay-color":"","overlay-opacity":"","overlay-gradient":""},"tablet":{"background-color":"","background-image":"","background-repeat":"repeat","background-position":"center center","background-size":"auto","background-attachment":"scroll","background-type":"","background-media":"","overlay-type":"","overlay-color":"","overlay-opacity":"","overlay-gradient":""},"mobile":{"background-color":"","background-image":"","background-repeat":"repeat","background-position":"center center","background-size":"auto","background-attachment":"scroll","background-type":"","background-media":"","overlay-type":"","overlay-color":"","overlay-opacity":"","overlay-gradient":""}},"ast-content-background-meta":{"desktop":{"background-color":"var(--ast-global-color-5)","background-image":"","background-repeat":"repeat","background-position":"center center","background-size":"auto","background-attachment":"scroll","background-type":"","background-media":"","overlay-type":"","overlay-color":"","overlay-opacity":"","overlay-gradient":""},"tablet":{"background-color":"var(--ast-global-color-5)","background-image":"","background-repeat":"repeat","background-position":"center center","background-size":"auto","background-attachment":"scroll","background-type":"","background-media":"","overlay-type":"","overlay-color":"","overlay-opacity":"","overlay-gradient":""},"mobile":{"background-color":"var(--ast-global-color-5)","background-image":"","background-repeat":"repeat","background-position":"center center","background-size":"auto","background-attachment":"scroll","background-type":"","background-media":"","overlay-type":"","overlay-color":"","overlay-opacity":"","overlay-gradient":""}}},"product_brand":[52],"product_cat":[56,80,15],"product_tag":[],"class_list":{"0":"post-6272","1":"product","2":"type-product","3":"status-publish","4":"has-post-thumbnail","6":"product_brand-bang-king","7":"product_cat-bang-king-15000-est-equipee-dune-resistance-mesh-nouvelle-generation","8":"product_cat-puff-15k","9":"product_cat-magasin-cigarette-electronique","10":"desktop-align-center","11":"tablet-align-center","12":"mobile-align-center","13":"ast-product-gallery-layout-horizontal","14":"ast-product-single-variable","15":"ast-product-tabs-layout-horizontal","16":"ast-qv-on-image","18":"first","19":"instock","20":"sale","21":"shipping-taxable","22":"purchasable","23":"product-type-variable","24":"has-default-attributes"},"tiered_pricing_type":"fixed","tiered_pricing_fixed_rules":{"50":6.05,"100":5.59},"tiered_pricing_product_settings":{"layout":"default","base_unit_name":{"singular":null,"plural":null},"default_variation":null},"tiered_pricing_minimum_quantity":null,"tiered_pricing_roles_data":[],"tiered_pricing_percentage_rules":[],"_links":{"self":[{"href":"https:\/\/puffvapestore.com\/es\/wp-json\/wp\/v2\/product\/6272","targetHints":{"allow":["GET"]}}],"collection":[{"href":"https:\/\/puffvapestore.com\/es\/wp-json\/wp\/v2\/product"}],"about":[{"href":"https:\/\/puffvapestore.com\/es\/wp-json\/wp\/v2\/types\/product"}],"replies":[{"embeddable":true,"href":"https:\/\/puffvapestore.com\/es\/wp-json\/wp\/v2\/comments?post=6272"}],"version-history":[{"count":6,"href":"https:\/\/puffvapestore.com\/es\/wp-json\/wp\/v2\/product\/6272\/revisions"}],"predecessor-version":[{"id":6362,"href":"https:\/\/puffvapestore.com\/es\/wp-json\/wp\/v2\/product\/6272\/revisions\/6362"}],"wp:featuredmedia":[{"embeddable":true,"href":"https:\/\/puffvapestore.com\/es\/wp-json\/wp\/v2\/media\/6256"}],"wp:attachment":[{"href":"https:\/\/puffvapestore.com\/es\/wp-json\/wp\/v2\/media?parent=6272"}],"wp:term":[{"taxonomy":"product_brand","embeddable":true,"href":"https:\/\/puffvapestore.com\/es\/wp-json\/wp\/v2\/product_brand?post=6272"},{"taxonomy":"product_cat","embeddable":true,"href":"https:\/\/puffvapestore.com\/es\/wp-json\/wp\/v2\/product_cat?post=6272"},{"taxonomy":"product_tag","embeddable":true,"href":"https:\/\/puffvapestore.com\/es\/wp-json\/wp\/v2\/product_tag?post=6272"}],"curies":[{"name":"wp","href":"https:\/\/api.w.org\/{rel}","templated":true}]}}