{"id":6196,"date":"2025-08-02T05:50:38","date_gmt":"2025-08-02T05:50:38","guid":{"rendered":"https:\/\/puffvapestore.com\/?post_type=product&#038;p=6196"},"modified":"2026-01-19T10:36:11","modified_gmt":"2026-01-19T10:36:11","slug":"strawberry-watermelon-kiwi-passion-fruit-guava-bang-king-30k-une-saveur-chaude-et-sucree","status":"publish","type":"product","link":"https:\/\/puffvapestore.com\/es\/product\/fresa-sandia-kiwi-fruta-de-la-pasion-guayaba-bang-king-30k-un-sabor-calido-y-dulce\/","title":{"rendered":"Fresa Sand\u00eda y Kiwi Fruta de la Pasi\u00f3n Guayaba - Bang King 30000 Doble Sabor"},"content":{"rendered":"<div data-elementor-type=\"wp-post\" data-elementor-id=\"6196\" class=\"elementor elementor-6196\">\n\t\t\t\t<div class=\"elementor-element elementor-element-08c26f9 e-flex e-con-boxed e-con e-parent\" data-id=\"08c26f9\" data-element_type=\"container\" data-e-type=\"container\">\n\t\t\t\t\t<div class=\"e-con-inner\">\n\t\t\t\t<div class=\"elementor-element elementor-element-a005a97 elementor-widget elementor-widget-text-editor\" data-id=\"a005a97\" data-element_type=\"widget\" data-e-type=\"widget\" data-widget_type=\"text-editor.default\">\n\t\t\t\t<div class=\"elementor-widget-container\">\n\t\t\t\t\t\t\t\t\t<p>La combinaci\u00f3n de sabores \u00abFresa, Sand\u00eda y Kiwi, Guayaba y Fruta de la Pasi\u00f3n\u00bb del cigarrillo electr\u00f3nico BangKing30K le ofrece dos experiencias afrutadas ricas y completamente diferentes. Puede cambiar de sabor en cualquier momento y disfrutar al m\u00e1ximo de cada cambio afrutado.<\/p><h2>Sabor 1: Sand\u00eda con fresa (Strawberry Watermelon)<\/h2><p><strong>Ataque suave y dulce<\/strong><br \/>Nada m\u00e1s inhalar, experimentar\u00e1 el aroma afrutado de las fresas, c\u00e1lido y dulce, con un frescor afrutado natural.<\/p><p><strong>El coraz\u00f3n del sabor es cremoso.<\/strong><br \/>A continuaci\u00f3n, el aroma a sand\u00eda se eleva gradualmente, dando paso a un ligero dulzor. Este cigarrillo electr\u00f3nico aromatizado es como un bocado de sand\u00eda reci\u00e9n cortada, que envuelve las papilas gustativas en humedad y frescura.<\/p><h2>Sabor 2 : Kiwi, fruta de la pasi\u00f3n, guayaba<\/h2><p><strong>Primera bocanada: Kiwi \u00e1cido<\/strong><br \/>El primer soplo se centra en la refrescante acidez del kiwi, con la sutil granulosidad de las delicadas semillas, a la vez transparentes y estimulantes para las papilas gustativas.<\/p><p><strong>Pasta intermedia: Aroma de fruta de la pasi\u00f3n<\/strong><br \/>A continuaci\u00f3n, el sabor tropical de la fruta de la pasi\u00f3n emerge gradualmente. Su fragancia y acidez son m\u00e1s fuertes y picantes que las del kiwi, sumergiendo el paladar en las profundidades de los vergeles tropicales.<\/p><p><strong>Retrogusto suave y dulce: guayaba equilibrada<\/strong><br \/>Por \u00faltimo, el aroma c\u00e1lido y dulce de la guayaba toma el relevo, sentando las bases de la experiencia gustativa. Suave pero muy afrutado, es como un lubricante que equilibra la pronunciada acidez.<\/p><p><strong>Regusto<\/strong><br \/>El aroma afrutado se extiende suavemente por el paladar, alternando dulzor y acidez, proporcionando un frescor continuo y un potente retrogusto.<\/p><p><strong>Experiencia general<\/strong><br \/>Es como degustar un vaso de zumo personalizado: la acidez comienza, explota en el paladar, antes de volver a un sabor dulce, bals\u00e1mico, pleno y variado.<\/p><h2>Doble sabor, doble experiencia<\/h2><p>El Bang King 30000 Fresa Sand\u00eda y Kiwi Fruta de la Pasi\u00f3n Guayaba cuenta con un innovador sistema de doble sabor, para que pueda cambiar de un sabor a otro en cualquier momento.<\/p><p>El dep\u00f3sito de e-l\u00edquido de 36 ml, mucho m\u00e1s grande que los productos convencionales, asegura una inhalaci\u00f3n completa y suave, reduciendo la necesidad de cambios frecuentes y garantizando un uso duradero.<\/p><h2>Numerosas caladas: hasta 30.000 caladas<\/h2><p>El Bang King 30000 Strawberry Watermelon &amp; Kiwi Passion Fruit Guava ofrece hasta 30K caladas, m\u00e1s que los cigarrillos electr\u00f3nicos desechables tradicionales. Es la opci\u00f3n ideal para usuarios intensivos que no necesitan cambiar de equipo con frecuencia.<\/p><p>Bater\u00eda de litio recargable de 550 mAh integrada con interfaz de carga r\u00e1pida USB-C para una carga m\u00e1s eficiente, segura y estable y un uso m\u00e1s prolongado. Gracias al sistema de gesti\u00f3n de la energ\u00eda, se mejora la duraci\u00f3n de la bater\u00eda y la eficiencia de carga.<\/p><h2>Estructura de malla caliente, rico sabor<\/h2><p>El Bang King 30000 Strawberry Watermelon &amp; Kiwi Passion Fruit Guava utiliza una avanzada bobina de atomizaci\u00f3n de 1,0 \u03a9 Mesh Coil (bobina de malla), que mejora dr\u00e1sticamente la eficiencia de atomizaci\u00f3n, hace que el humo sea m\u00e1s delicado y el sabor m\u00e1s puro, teniendo en cuenta el gran volumen de humo y el delicado sabor, para una satisfacci\u00f3n cercana a la de un cigarrillo real.<\/p><p>Cuatro niveles de concentraci\u00f3n de nicotina (0 %, 2 %, 3 % y 5 %) est\u00e1n disponibles para satisfacer las diferentes necesidades de los usuarios que hacen la transici\u00f3n para dejar de fumar y los fumadores empedernidos, y les permiten elegir libremente la intensidad que m\u00e1s les convenga.<\/p><p>El Bang King 30000 Fresa Sand\u00eda y Kiwi Fruta de la Pasi\u00f3n Guayaba tiene l\u00edneas limpias, un tacto c\u00f3modo y una ligereza y portabilidad \u00f3ptimas, ideal para el uso diario o los viajes.<\/p>\t\t\t\t\t\t\t\t<\/div>\n\t\t\t\t<\/div>\n\t\t\t\t\t<\/div>\n\t\t\t\t<\/div>\n\t\t\t\t<\/div>","protected":false},"excerpt":{"rendered":"<p>La combinaison de saveurs \u00ab Fraise Past\u00e8que &amp; Kiwi Fruit de la Passion Goyave \u00bb de la cigarette \u00e9lectronique BangKing30K vous offre deux exp\u00e9riences fruit\u00e9es riches et compl\u00e8tement diff\u00e9rentes. Vous pouvez changer de saveur \u00e0 tout moment et profiter pleinement de chaque changement fruit\u00e9. Ar\u00f4me 1 : Fraise Past\u00e8que (Fraise Past\u00e8que) Attaque douce et sucr\u00e9eD\u00e8s [&hellip;]<\/p>\n","protected":false},"featured_media":5981,"comment_status":"open","ping_status":"closed","template":"","meta":{"site-sidebar-layout":"no-sidebar","site-content-layout":"page-builder","ast-site-content-layout":"normal-width-container","site-content-style":"default","site-sidebar-style":"default","ast-global-header-display":"","ast-banner-title-visibility":"","ast-main-header-display":"","ast-hfb-above-header-display":"","ast-hfb-below-header-display":"","ast-hfb-mobile-header-display":"","site-post-title":"disabled","ast-breadcrumbs-content":"","ast-featured-img":"disabled","footer-sml-layout":"","ast-disable-related-posts":"","theme-transparent-header-meta":"default","adv-header-id-meta":"","stick-header-meta":"default","header-above-stick-meta":"","header-main-stick-meta":"","header-below-stick-meta":"","astra-migrate-meta-layouts":"set","ast-page-background-enabled":"default","ast-page-background-meta":{"desktop":{"background-color":"","background-image":"","background-repeat":"repeat","background-position":"center center","background-size":"auto","background-attachment":"scroll","background-type":"","background-media":"","overlay-type":"","overlay-color":"","overlay-opacity":"","overlay-gradient":""},"tablet":{"background-color":"","background-image":"","background-repeat":"repeat","background-position":"center center","background-size":"auto","background-attachment":"scroll","background-type":"","background-media":"","overlay-type":"","overlay-color":"","overlay-opacity":"","overlay-gradient":""},"mobile":{"background-color":"","background-image":"","background-repeat":"repeat","background-position":"center center","background-size":"auto","background-attachment":"scroll","background-type":"","background-media":"","overlay-type":"","overlay-color":"","overlay-opacity":"","overlay-gradient":""}},"ast-content-background-meta":{"desktop":{"background-color":"var(--ast-global-color-5)","background-image":"","background-repeat":"repeat","background-position":"center center","background-size":"auto","background-attachment":"scroll","background-type":"","background-media":"","overlay-type":"","overlay-color":"","overlay-opacity":"","overlay-gradient":""},"tablet":{"background-color":"var(--ast-global-color-5)","background-image":"","background-repeat":"repeat","background-position":"center center","background-size":"auto","background-attachment":"scroll","background-type":"","background-media":"","overlay-type":"","overlay-color":"","overlay-opacity":"","overlay-gradient":""},"mobile":{"background-color":"var(--ast-global-color-5)","background-image":"","background-repeat":"repeat","background-position":"center center","background-size":"auto","background-attachment":"scroll","background-type":"","background-media":"","overlay-type":"","overlay-color":"","overlay-opacity":"","overlay-gradient":""}}},"product_brand":[52],"product_cat":[55,86,15],"product_tag":[],"class_list":{"0":"post-6196","1":"product","2":"type-product","3":"status-publish","4":"has-post-thumbnail","6":"product_brand-bang-king","7":"product_cat-bang-king-30000-double-saveur-offre-jusqua-36ml-de-liquide","8":"product_cat-puff-30k","9":"product_cat-magasin-cigarette-electronique","10":"desktop-align-center","11":"tablet-align-center","12":"mobile-align-center","13":"ast-product-gallery-layout-horizontal","14":"ast-product-gallery-with-no-image","15":"ast-product-single-variable","16":"ast-product-tabs-layout-horizontal","17":"ast-qv-on-image","19":"first","20":"instock","21":"sale","22":"shipping-taxable","23":"purchasable","24":"product-type-variable","25":"has-default-attributes"},"tiered_pricing_type":"fixed","tiered_pricing_fixed_rules":{"50":7.33,"100":6.66},"tiered_pricing_product_settings":{"layout":"default","base_unit_name":{"singular":null,"plural":null},"default_variation":null},"tiered_pricing_minimum_quantity":null,"tiered_pricing_roles_data":[],"tiered_pricing_percentage_rules":[],"_links":{"self":[{"href":"https:\/\/puffvapestore.com\/es\/wp-json\/wp\/v2\/product\/6196","targetHints":{"allow":["GET"]}}],"collection":[{"href":"https:\/\/puffvapestore.com\/es\/wp-json\/wp\/v2\/product"}],"about":[{"href":"https:\/\/puffvapestore.com\/es\/wp-json\/wp\/v2\/types\/product"}],"replies":[{"embeddable":true,"href":"https:\/\/puffvapestore.com\/es\/wp-json\/wp\/v2\/comments?post=6196"}],"version-history":[{"count":7,"href":"https:\/\/puffvapestore.com\/es\/wp-json\/wp\/v2\/product\/6196\/revisions"}],"predecessor-version":[{"id":6631,"href":"https:\/\/puffvapestore.com\/es\/wp-json\/wp\/v2\/product\/6196\/revisions\/6631"}],"wp:featuredmedia":[{"embeddable":true,"href":"https:\/\/puffvapestore.com\/es\/wp-json\/wp\/v2\/media\/5981"}],"wp:attachment":[{"href":"https:\/\/puffvapestore.com\/es\/wp-json\/wp\/v2\/media?parent=6196"}],"wp:term":[{"taxonomy":"product_brand","embeddable":true,"href":"https:\/\/puffvapestore.com\/es\/wp-json\/wp\/v2\/product_brand?post=6196"},{"taxonomy":"product_cat","embeddable":true,"href":"https:\/\/puffvapestore.com\/es\/wp-json\/wp\/v2\/product_cat?post=6196"},{"taxonomy":"product_tag","embeddable":true,"href":"https:\/\/puffvapestore.com\/es\/wp-json\/wp\/v2\/product_tag?post=6196"}],"curies":[{"name":"wp","href":"https:\/\/api.w.org\/{rel}","templated":true}]}}