{"id":6184,"date":"2025-08-02T03:42:18","date_gmt":"2025-08-02T03:42:18","guid":{"rendered":"https:\/\/puffvapestore.com\/?post_type=product&#038;p=6184"},"modified":"2026-01-19T10:36:11","modified_gmt":"2026-01-19T10:36:11","slug":"red-bull-watermelon-bubble-candy-bang-king-30k-un-gout-sucre-et-rafraichissant","status":"publish","type":"product","link":"https:\/\/puffvapestore.com\/es\/product\/red-bull-watermelon-bubble-candy-bang-king-30k-un-sabor-dulce-y-refrescante\/","title":{"rendered":"Red Bull &amp; Sand\u00eda Bubble Candy - Bang King 30000 Doble Sabor"},"content":{"rendered":"<div data-elementor-type=\"wp-post\" data-elementor-id=\"6184\" class=\"elementor elementor-6184\">\n\t\t\t\t<div class=\"elementor-element elementor-element-08c26f9 e-flex e-con-boxed e-con e-parent\" data-id=\"08c26f9\" data-element_type=\"container\" data-e-type=\"container\">\n\t\t\t\t\t<div class=\"e-con-inner\">\n\t\t\t\t<div class=\"elementor-element elementor-element-a005a97 elementor-widget elementor-widget-text-editor\" data-id=\"a005a97\" data-element_type=\"widget\" data-e-type=\"widget\" data-widget_type=\"text-editor.default\">\n\t\t\t\t<div class=\"elementor-widget-container\">\n\t\t\t\t\t\t\t\t\t<p>La combinaci\u00f3n \u00abSand\u00eda y Red Bull Bubbles\u00bb en los cigarrillos electr\u00f3nicos BangKing30K te permite descubrir dos sabores completamente diferentes: una refrescante bebida energ\u00e9tica y un sabor afrutado, dulce y divertido a chicle.<\/p><h2>Sabor 1: Red Bull (sabor a bebida energ\u00e9tica)<\/h2><p>La primera sensaci\u00f3n es el ligero sabor agridulce y \u00e1cido carb\u00f3nico t\u00edpico de las bebidas energ\u00e9ticas cl\u00e1sicas. Aunque no hay burbujas reales, el \u00abgorgoteo\u00bb del humo simula la sensaci\u00f3n de un Red Bull helado.<\/p><p><strong>Relaci\u00f3n dulce-\u00e1cido<\/strong><br \/>El dulzor es evidente, pero no excesivo, acompa\u00f1ado de una acidez refrescante, como si la adici\u00f3n de lim\u00f3n realzara el sabor, haciendo que el conjunto resulte m\u00e1s ligero y en\u00e9rgico.<\/p><p><strong>Regusto sutil<\/strong><br \/>El ligero aroma a caramelo o malta espesa la textura ahumada y se disipa lentamente, dejando una sensaci\u00f3n de frescor que deja una impresi\u00f3n duradera.<\/p><h2>Sabor 2: Caramelo de sand\u00eda<\/h2><p><strong>Un humo dulce entra en la boca<\/strong><br \/>Desde la primera olfateada, se percibe el aroma fresco y jugoso de la sand\u00eda, un poco como las rodajas de sand\u00eda reci\u00e9n sacadas de la nevera, dulces, acuosas y transparentes.<\/p><p><strong>La dulce sensaci\u00f3n del chicle<\/strong><br \/>A continuaci\u00f3n, el dulzor se envuelve en un nost\u00e1lgico aroma a chicle: m\u00e1s pronunciado, sin ser grasiento, con una ligera redondez de caramelo sint\u00e9tico, como el chicle que sol\u00eda devorar de ni\u00f1o.<\/p><p><strong>Nivel de sabor<\/strong><br \/>El aroma afrutado natural de la sand\u00eda y el dulzor artificial del chicle se mezclan armoniosamente. El contraste es sutil pero evidente, de modo que el dulzor en el paladar cambia r\u00e1pidamente de \u00abnatural\u00bb a \u2019infantil\u00ab, ofreciendo una experiencia gustativa placentera.<\/p><p><strong>Regusto refrescante<\/strong><br \/>El regusto sigue siendo ligeramente fresco, como una mezcla de helado de sand\u00eda y chicle, con un toque de frescor.<\/p><h2>Posibilidades de uso de los aromas<\/h2><p>Por la ma\u00f1ana o por cansancio: elige el sabor Red Bull para despertar al instante tus sentidos y tu esp\u00edritu.<\/p><p>Cuando est\u00e9s libre, relajado o sientas nostalgia: opta por el sabor Watermelon Bubble Candy para saborear el placer de la fruta dulce y el chicle.<\/p><h2>Doble sabor, doble experiencia<\/h2><p>El Bang King 30000 Red Bull &amp; Watermelon Bubble Candy cuenta con un innovador sistema de doble sabor, para que pueda cambiar de un sabor a otro en cualquier momento.<\/p><p>El dep\u00f3sito de e-l\u00edquido de 36 ml, mucho m\u00e1s grande que los productos convencionales, asegura una inhalaci\u00f3n completa y suave, reduciendo la necesidad de cambios frecuentes y garantizando un uso duradero.<\/p><h2>Numerosas caladas: hasta 30.000 caladas<\/h2><p>El Bang King 30000 Red Bull &amp; Watermelon Bubble Candy ofrece hasta 30K caladas, m\u00e1s que los cigarrillos electr\u00f3nicos desechables tradicionales. Es la opci\u00f3n ideal para usuarios intensivos que no necesitan cambiar de equipo con frecuencia.<\/p><p>Bater\u00eda de litio recargable de 550 mAh integrada con interfaz de carga r\u00e1pida USB-C para una carga m\u00e1s eficiente, segura y estable y un uso m\u00e1s prolongado. Gracias al sistema de gesti\u00f3n de la energ\u00eda, se mejora la duraci\u00f3n de la bater\u00eda y la eficiencia de carga.<\/p><h2>Estructura de malla caliente, rico sabor<\/h2><p>El Bang King 30000 Red Bull &amp; Watermelon Bubble Candy utiliza una avanzada bobina de atomizaci\u00f3n de 1,0 \u03a9 Mesh Coil (bobina de malla), que mejora dr\u00e1sticamente la eficiencia de atomizaci\u00f3n, hace que el humo sea m\u00e1s delicado y el sabor m\u00e1s puro, al tiempo que acomoda el gran volumen de humo y el delicado sabor, para una satisfacci\u00f3n casi real del cigarrillo.<\/p><p>Cuatro niveles de concentraci\u00f3n de nicotina (0 %, 2 %, 3 % y 5 %) est\u00e1n disponibles para satisfacer las diferentes necesidades de los usuarios que hacen la transici\u00f3n para dejar de fumar y los fumadores empedernidos, y les permiten elegir libremente la intensidad que m\u00e1s les convenga.<\/p><p>El Bang King 30000 tiene l\u00edneas limpias, un tacto c\u00f3modo y una ligereza y portabilidad \u00f3ptimas, ideal para el uso diario o los viajes.<\/p>\t\t\t\t\t\t\t\t<\/div>\n\t\t\t\t<\/div>\n\t\t\t\t\t<\/div>\n\t\t\t\t<\/div>\n\t\t\t\t<\/div>","protected":false},"excerpt":{"rendered":"<p>La combinaison \u00ab\u00a0Bonbons Bubbles Past\u00e8que et Red Bull\u00a0\u00bb des cigarettes \u00e9lectroniques BangKing30K vous permet de d\u00e9couvrir deux saveurs compl\u00e8tement diff\u00e9rentes\u00a0: une boisson \u00e9nergisante rafra\u00eechissante et une saveur fruit\u00e9e et sucr\u00e9e et amusante de chewing-gum. Saveur 1\u00a0: Red Bull (saveur boisson \u00e9nergisante) La premi\u00e8re sensation ressentie est le l\u00e9ger go\u00fbt aigre-doux et acide carbonique propre aux [&hellip;]<\/p>\n","protected":false},"featured_media":5977,"comment_status":"open","ping_status":"closed","template":"","meta":{"site-sidebar-layout":"no-sidebar","site-content-layout":"page-builder","ast-site-content-layout":"normal-width-container","site-content-style":"default","site-sidebar-style":"default","ast-global-header-display":"","ast-banner-title-visibility":"","ast-main-header-display":"","ast-hfb-above-header-display":"","ast-hfb-below-header-display":"","ast-hfb-mobile-header-display":"","site-post-title":"disabled","ast-breadcrumbs-content":"","ast-featured-img":"disabled","footer-sml-layout":"","ast-disable-related-posts":"","theme-transparent-header-meta":"default","adv-header-id-meta":"","stick-header-meta":"default","header-above-stick-meta":"","header-main-stick-meta":"","header-below-stick-meta":"","astra-migrate-meta-layouts":"set","ast-page-background-enabled":"default","ast-page-background-meta":{"desktop":{"background-color":"","background-image":"","background-repeat":"repeat","background-position":"center center","background-size":"auto","background-attachment":"scroll","background-type":"","background-media":"","overlay-type":"","overlay-color":"","overlay-opacity":"","overlay-gradient":""},"tablet":{"background-color":"","background-image":"","background-repeat":"repeat","background-position":"center center","background-size":"auto","background-attachment":"scroll","background-type":"","background-media":"","overlay-type":"","overlay-color":"","overlay-opacity":"","overlay-gradient":""},"mobile":{"background-color":"","background-image":"","background-repeat":"repeat","background-position":"center center","background-size":"auto","background-attachment":"scroll","background-type":"","background-media":"","overlay-type":"","overlay-color":"","overlay-opacity":"","overlay-gradient":""}},"ast-content-background-meta":{"desktop":{"background-color":"var(--ast-global-color-5)","background-image":"","background-repeat":"repeat","background-position":"center center","background-size":"auto","background-attachment":"scroll","background-type":"","background-media":"","overlay-type":"","overlay-color":"","overlay-opacity":"","overlay-gradient":""},"tablet":{"background-color":"var(--ast-global-color-5)","background-image":"","background-repeat":"repeat","background-position":"center center","background-size":"auto","background-attachment":"scroll","background-type":"","background-media":"","overlay-type":"","overlay-color":"","overlay-opacity":"","overlay-gradient":""},"mobile":{"background-color":"var(--ast-global-color-5)","background-image":"","background-repeat":"repeat","background-position":"center center","background-size":"auto","background-attachment":"scroll","background-type":"","background-media":"","overlay-type":"","overlay-color":"","overlay-opacity":"","overlay-gradient":""}}},"product_brand":[52],"product_cat":[55,86,15],"product_tag":[],"class_list":{"0":"post-6184","1":"product","2":"type-product","3":"status-publish","4":"has-post-thumbnail","6":"product_brand-bang-king","7":"product_cat-bang-king-30000-double-saveur-offre-jusqua-36ml-de-liquide","8":"product_cat-puff-30k","9":"product_cat-magasin-cigarette-electronique","10":"desktop-align-center","11":"tablet-align-center","12":"mobile-align-center","13":"ast-product-gallery-layout-horizontal","14":"ast-product-gallery-with-no-image","15":"ast-product-single-variable","16":"ast-product-tabs-layout-horizontal","17":"ast-qv-on-image","19":"first","20":"instock","21":"sale","22":"shipping-taxable","23":"purchasable","24":"product-type-variable","25":"has-default-attributes"},"tiered_pricing_type":"fixed","tiered_pricing_fixed_rules":{"50":7.33,"100":6.66},"tiered_pricing_product_settings":{"layout":"default","base_unit_name":{"singular":null,"plural":null},"default_variation":null},"tiered_pricing_minimum_quantity":null,"tiered_pricing_roles_data":[],"tiered_pricing_percentage_rules":[],"_links":{"self":[{"href":"https:\/\/puffvapestore.com\/es\/wp-json\/wp\/v2\/product\/6184","targetHints":{"allow":["GET"]}}],"collection":[{"href":"https:\/\/puffvapestore.com\/es\/wp-json\/wp\/v2\/product"}],"about":[{"href":"https:\/\/puffvapestore.com\/es\/wp-json\/wp\/v2\/types\/product"}],"replies":[{"embeddable":true,"href":"https:\/\/puffvapestore.com\/es\/wp-json\/wp\/v2\/comments?post=6184"}],"version-history":[{"count":8,"href":"https:\/\/puffvapestore.com\/es\/wp-json\/wp\/v2\/product\/6184\/revisions"}],"predecessor-version":[{"id":6630,"href":"https:\/\/puffvapestore.com\/es\/wp-json\/wp\/v2\/product\/6184\/revisions\/6630"}],"wp:featuredmedia":[{"embeddable":true,"href":"https:\/\/puffvapestore.com\/es\/wp-json\/wp\/v2\/media\/5977"}],"wp:attachment":[{"href":"https:\/\/puffvapestore.com\/es\/wp-json\/wp\/v2\/media?parent=6184"}],"wp:term":[{"taxonomy":"product_brand","embeddable":true,"href":"https:\/\/puffvapestore.com\/es\/wp-json\/wp\/v2\/product_brand?post=6184"},{"taxonomy":"product_cat","embeddable":true,"href":"https:\/\/puffvapestore.com\/es\/wp-json\/wp\/v2\/product_cat?post=6184"},{"taxonomy":"product_tag","embeddable":true,"href":"https:\/\/puffvapestore.com\/es\/wp-json\/wp\/v2\/product_tag?post=6184"}],"curies":[{"name":"wp","href":"https:\/\/api.w.org\/{rel}","templated":true}]}}