{"id":6173,"date":"2025-08-01T12:31:43","date_gmt":"2025-08-01T12:31:43","guid":{"rendered":"https:\/\/puffvapestore.com\/?post_type=product&#038;p=6173"},"modified":"2026-01-19T10:36:11","modified_gmt":"2026-01-19T10:36:11","slug":"strawberry-kiwi-sour-apple-raspberry-bang-king-30k-allie-un-arome-fruite-doux","status":"publish","type":"product","link":"https:\/\/puffvapestore.com\/es\/product\/fresa-kiwi-manzana-acida-frambuesa-bang-king-30k-combina-un-dulce-aroma-afrutado-con-un-sabor-afrutado\/","title":{"rendered":"Fresa Kiwi &amp; Manzana \u00e1cida Frambuesa - Bang King 30000 Doble Sabor"},"content":{"rendered":"<div data-elementor-type=\"wp-post\" data-elementor-id=\"6173\" class=\"elementor elementor-6173\">\n\t\t\t\t<div class=\"elementor-element elementor-element-08c26f9 e-flex e-con-boxed e-con e-parent\" data-id=\"08c26f9\" data-element_type=\"container\" data-e-type=\"container\">\n\t\t\t\t\t<div class=\"e-con-inner\">\n\t\t\t\t<div class=\"elementor-element elementor-element-a005a97 elementor-widget elementor-widget-text-editor\" data-id=\"a005a97\" data-element_type=\"widget\" data-e-type=\"widget\" data-widget_type=\"text-editor.default\">\n\t\t\t\t<div class=\"elementor-widget-container\">\n\t\t\t\t\t\t\t\t\t<p>La combinaci\u00f3n de sabores \u00abFresa Kiwi &amp; Manzana Frambuesa Acidulada\u00bb en el cigarrillo electr\u00f3nico BangKing30K crea una experiencia \u00fanica, sutil y agridulce, permiti\u00e9ndole variar los placeres en cualquier momento: dulce aroma afrutado y estimulante acidez.<\/p><h2>Sabor 1: Fresa Kiwi<\/h2><p><strong>Primera inhalaci\u00f3n<\/strong><br \/>El dulzor y la jugosidad de las fresas est\u00e1n presentes, como una fresa madura reci\u00e9n cogida, proporcion\u00e1ndole al instante un c\u00e1lido y dulce sabor afrutado.<\/p><p><strong>Equilibrio agridulce en el paladar medio<\/strong><br \/>Le sigue la ligera acidez y el aroma afrutado del kiwi, que aporta un toque de acidez fresca al conjunto y neutraliza el dulzor de las fresas, d\u00e1ndole mayor complejidad.<\/p><p><strong>Regusto refrescante al final<\/strong><br \/>El retrogusto ofrece una ligera sensaci\u00f3n de frescor, dejando en el paladar un final refrescante, ni demasiado fuerte ni dominante, muy equilibrado y natural.<\/p><h3>Resumen de las caracter\u00edsticas gustativas<\/h3><p>Dulzor moderado, rico aroma afrutado<\/p><p>Acidez suave y no irritante<\/p><h2>Cata 2: Manzana-frambuesa<\/h2><p><strong>Un ataque \u00e1cido<\/strong><br \/>La fuerte acidez de las crujientes manzanas \u00e1cidas es lo primero que se percibe, y la pulpa dulce da la impresi\u00f3n de estar mordiendo una manzana verde fr\u00eda, estimulando al instante las papilas gustativas.<\/p><p><strong>Sabor a frambuesa en el centro y al final de la boca<\/strong><br \/>Cuando la acidez de la manzana persiste en el paladar, se desarrolla un ligero aroma a frambuesa, que aporta una acidez afrutada m\u00e1s suave y c\u00e1lidos sabores a frutos rojos, como la acidez de la manzana y el dulzor de la frambuesa que bailan en el paladar.<\/p><p><strong>Acidez y equilibrio<\/strong><br \/>La adici\u00f3n de frambuesas no suaviza la acidez de la manzana, sino que a\u00f1ade un toque de dulzor, haciendo que la acidez general sea alta, no punzante ni cortante, sino \u00e1cida y sabrosa.<\/p><p><strong>Regusto<\/strong><br \/>El aroma afrutado se extiende por el humo, dejando un regusto agridulce en el paladar, como un zumo agridulce.<\/p><h3>Puede utilizarse en una amplia gama de contextos<\/h3><p>Para un sabor afrutado dulce, elija Fresa Kiwi para un equilibrio refrescante.<\/p><p>\u00bfBusca est\u00edmulo y refresco? Cambie al sabor \u00e1cido de manzana y frambuesa con un solo clic y sienta la acidez de inmediato.<\/p><h2>Doble sabor, doble experiencia<\/h2><p>El Bang King 30000 Fresa Kiwi y Manzana \u00e1cida Frambuesa cuenta con un innovador sistema de doble sabor, para que pueda cambiar de un sabor a otro en cualquier momento.<\/p><p>El dep\u00f3sito de e-l\u00edquido de 36 ml, mucho m\u00e1s grande que los productos convencionales, asegura una inhalaci\u00f3n completa y suave, reduciendo la necesidad de cambios frecuentes y garantizando un uso duradero.<\/p><h2>Numerosas caladas: hasta 30.000 caladas<\/h2><p>El Bang King 30000 Strawberry Kiwi &amp; Sour Apple Raspberry ofrece hasta 30K caladas, m\u00e1s que los cigarrillos electr\u00f3nicos desechables tradicionales. Es la opci\u00f3n ideal para usuarios intensivos que no necesitan cambiar de equipo con frecuencia.<\/p><p>Bater\u00eda de litio recargable de 550 mAh integrada con interfaz de carga r\u00e1pida USB-C para una carga m\u00e1s eficiente, segura y estable y un uso m\u00e1s prolongado. Gracias al sistema de gesti\u00f3n de la energ\u00eda, se mejora la duraci\u00f3n de la bater\u00eda y la eficiencia de carga.<\/p><h2>Estructura de malla caliente, rico sabor<\/h2><p>El Bang King 30000 Strawberry Kiwi &amp; Sour Apple Raspberry utiliza una avanzada bobina de atomizaci\u00f3n de 1,0 \u03a9 Mesh Coil (bobina de malla), que mejora dr\u00e1sticamente la eficiencia de atomizaci\u00f3n, hace que el humo sea m\u00e1s delicado y el sabor m\u00e1s puro, al tiempo que acomoda el gran volumen de humo y el delicado sabor, para una satisfacci\u00f3n casi real del cigarrillo.<\/p><p>Cuatro niveles de concentraci\u00f3n de nicotina (0 %, 2 %, 3 % y 5 %) est\u00e1n disponibles para satisfacer las diferentes necesidades de los usuarios que hacen la transici\u00f3n para dejar de fumar y los fumadores empedernidos, y les permiten elegir libremente la intensidad que m\u00e1s les convenga.<\/p><p>El Bang King 30000 Fresa Kiwi y Manzana \u00e1cida Frambuesa tiene l\u00edneas limpias, un tacto c\u00f3modo y una ligereza y portabilidad \u00f3ptimas, ideal para el uso diario o los viajes.<\/p>\t\t\t\t\t\t\t\t<\/div>\n\t\t\t\t<\/div>\n\t\t\t\t\t<\/div>\n\t\t\t\t<\/div>\n\t\t\t\t<\/div>","protected":false},"excerpt":{"rendered":"<p>La combinaison de saveurs \u00ab Fraise Kiwi &amp; Pomme Acidul\u00e9e Framboise \u00bb de la cigarette \u00e9lectronique BangKing30K cr\u00e9e une exp\u00e9rience unique, aigre-douce et subtile, vous permettant de varier les plaisirs \u00e0 tout moment\u00a0: ar\u00f4me fruit\u00e9 doux et acidit\u00e9 stimulante. Ar\u00f4me 1\u00a0: Fraise Kiwi Premi\u00e8re inhalationLa douceur et la jutosit\u00e9 des fraises sont pr\u00e9sentes, comme une [&hellip;]<\/p>\n","protected":false},"featured_media":5980,"comment_status":"open","ping_status":"closed","template":"","meta":{"site-sidebar-layout":"no-sidebar","site-content-layout":"page-builder","ast-site-content-layout":"normal-width-container","site-content-style":"default","site-sidebar-style":"default","ast-global-header-display":"","ast-banner-title-visibility":"","ast-main-header-display":"","ast-hfb-above-header-display":"","ast-hfb-below-header-display":"","ast-hfb-mobile-header-display":"","site-post-title":"disabled","ast-breadcrumbs-content":"","ast-featured-img":"disabled","footer-sml-layout":"","ast-disable-related-posts":"","theme-transparent-header-meta":"default","adv-header-id-meta":"","stick-header-meta":"default","header-above-stick-meta":"","header-main-stick-meta":"","header-below-stick-meta":"","astra-migrate-meta-layouts":"set","ast-page-background-enabled":"default","ast-page-background-meta":{"desktop":{"background-color":"","background-image":"","background-repeat":"repeat","background-position":"center center","background-size":"auto","background-attachment":"scroll","background-type":"","background-media":"","overlay-type":"","overlay-color":"","overlay-opacity":"","overlay-gradient":""},"tablet":{"background-color":"","background-image":"","background-repeat":"repeat","background-position":"center center","background-size":"auto","background-attachment":"scroll","background-type":"","background-media":"","overlay-type":"","overlay-color":"","overlay-opacity":"","overlay-gradient":""},"mobile":{"background-color":"","background-image":"","background-repeat":"repeat","background-position":"center center","background-size":"auto","background-attachment":"scroll","background-type":"","background-media":"","overlay-type":"","overlay-color":"","overlay-opacity":"","overlay-gradient":""}},"ast-content-background-meta":{"desktop":{"background-color":"var(--ast-global-color-5)","background-image":"","background-repeat":"repeat","background-position":"center center","background-size":"auto","background-attachment":"scroll","background-type":"","background-media":"","overlay-type":"","overlay-color":"","overlay-opacity":"","overlay-gradient":""},"tablet":{"background-color":"var(--ast-global-color-5)","background-image":"","background-repeat":"repeat","background-position":"center center","background-size":"auto","background-attachment":"scroll","background-type":"","background-media":"","overlay-type":"","overlay-color":"","overlay-opacity":"","overlay-gradient":""},"mobile":{"background-color":"var(--ast-global-color-5)","background-image":"","background-repeat":"repeat","background-position":"center center","background-size":"auto","background-attachment":"scroll","background-type":"","background-media":"","overlay-type":"","overlay-color":"","overlay-opacity":"","overlay-gradient":""}}},"product_brand":[52],"product_cat":[55,86,15],"product_tag":[],"class_list":{"0":"post-6173","1":"product","2":"type-product","3":"status-publish","4":"has-post-thumbnail","6":"product_brand-bang-king","7":"product_cat-bang-king-30000-double-saveur-offre-jusqua-36ml-de-liquide","8":"product_cat-puff-30k","9":"product_cat-magasin-cigarette-electronique","10":"desktop-align-center","11":"tablet-align-center","12":"mobile-align-center","13":"ast-product-gallery-layout-horizontal","14":"ast-product-gallery-with-no-image","15":"ast-product-single-variable","16":"ast-product-tabs-layout-horizontal","17":"ast-qv-on-image","19":"first","20":"instock","21":"sale","22":"shipping-taxable","23":"purchasable","24":"product-type-variable","25":"has-default-attributes"},"tiered_pricing_type":"fixed","tiered_pricing_fixed_rules":{"50":7.33,"100":6.66},"tiered_pricing_product_settings":{"layout":"default","base_unit_name":{"singular":null,"plural":null},"default_variation":null},"tiered_pricing_minimum_quantity":null,"tiered_pricing_roles_data":[],"tiered_pricing_percentage_rules":[],"_links":{"self":[{"href":"https:\/\/puffvapestore.com\/es\/wp-json\/wp\/v2\/product\/6173","targetHints":{"allow":["GET"]}}],"collection":[{"href":"https:\/\/puffvapestore.com\/es\/wp-json\/wp\/v2\/product"}],"about":[{"href":"https:\/\/puffvapestore.com\/es\/wp-json\/wp\/v2\/types\/product"}],"replies":[{"embeddable":true,"href":"https:\/\/puffvapestore.com\/es\/wp-json\/wp\/v2\/comments?post=6173"}],"version-history":[{"count":7,"href":"https:\/\/puffvapestore.com\/es\/wp-json\/wp\/v2\/product\/6173\/revisions"}],"predecessor-version":[{"id":6629,"href":"https:\/\/puffvapestore.com\/es\/wp-json\/wp\/v2\/product\/6173\/revisions\/6629"}],"wp:featuredmedia":[{"embeddable":true,"href":"https:\/\/puffvapestore.com\/es\/wp-json\/wp\/v2\/media\/5980"}],"wp:attachment":[{"href":"https:\/\/puffvapestore.com\/es\/wp-json\/wp\/v2\/media?parent=6173"}],"wp:term":[{"taxonomy":"product_brand","embeddable":true,"href":"https:\/\/puffvapestore.com\/es\/wp-json\/wp\/v2\/product_brand?post=6173"},{"taxonomy":"product_cat","embeddable":true,"href":"https:\/\/puffvapestore.com\/es\/wp-json\/wp\/v2\/product_cat?post=6173"},{"taxonomy":"product_tag","embeddable":true,"href":"https:\/\/puffvapestore.com\/es\/wp-json\/wp\/v2\/product_tag?post=6173"}],"curies":[{"name":"wp","href":"https:\/\/api.w.org\/{rel}","templated":true}]}}