{"id":6162,"date":"2025-08-01T09:24:36","date_gmt":"2025-08-01T09:24:36","guid":{"rendered":"https:\/\/puffvapestore.com\/?post_type=product&#038;p=6162"},"modified":"2026-01-19T10:36:11","modified_gmt":"2026-01-19T10:36:11","slug":"red-bull-blueberry-watermelon-bang-king-30k-propose-deux-styles-et-saveurs-distinctifs","status":"publish","type":"product","link":"https:\/\/puffvapestore.com\/es\/product\/red-bull-arandano-sandia-bang-king-30k-ofrece-dos-estilos-y-sabores-distintivos\/","title":{"rendered":"Red Bull &amp; Sand\u00eda Ar\u00e1ndanos - Bang King 30000 Doble Sabor"},"content":{"rendered":"<div data-elementor-type=\"wp-post\" data-elementor-id=\"6162\" class=\"elementor elementor-6162\">\n\t\t\t\t<div class=\"elementor-element elementor-element-08c26f9 e-flex e-con-boxed e-con e-parent\" data-id=\"08c26f9\" data-element_type=\"container\" data-e-type=\"container\">\n\t\t\t\t\t<div class=\"e-con-inner\">\n\t\t\t\t<div class=\"elementor-element elementor-element-a005a97 elementor-widget elementor-widget-text-editor\" data-id=\"a005a97\" data-element_type=\"widget\" data-e-type=\"widget\" data-widget_type=\"text-editor.default\">\n\t\t\t\t<div class=\"elementor-widget-container\">\n\t\t\t\t\t\t\t\t\t<p>La combinaci\u00f3n \u00abRed Bull &amp; Blueberry Watermelon\u00bb en el cigarrillo electr\u00f3nico BangKing30K ofrece dos estilos y sabores distintivos, permitiendo a los usuarios cambiar a voluntad para adaptarse a sus estados de \u00e1nimo y ocasiones.<\/p><h2>Sabor 1: RedBull (sabor a bebida energ\u00e9tica)<\/h2><p>Restauraci\u00f3n de un tono cl\u00e1sico: Tan pronto como entra en la boca, el humo recupera el sabor familiar de la bebida energ\u00e9tica Red Bull, ligeramente dulce y ligeramente \u00e1cido, con un toque de menta carbonatada, como si estuvieras bebiendo un sorbo de bebida energ\u00e9tica helada.<\/p><p>Estimulaci\u00f3n moderada: Aunque el cigarrillo electr\u00f3nico no es realmente efervescente, su tecnolog\u00eda de aerosol simula una delicada sensaci\u00f3n de \u00abburbuja\u00bb, con una ligera estimulaci\u00f3n de \u00abgorgoteo\u00bb al inhalar ligeramente.<\/p><p>Retrogusto ligeramente quemado: Tras una larga pausa en boca, se percibe un ligero aroma a quemado o malta, que a\u00f1ade una sensaci\u00f3n de pesadez y equilibrio al dulzor general.<\/p><p>Retrogusto refrescante: Una vez disipado el humo, se desprende una ligera sensaci\u00f3n de frescor que recuerda la sobriedad y la frescura de las bebidas energ\u00e9ticas.<\/p><h2>Sabor 2: Sand\u00eda con ar\u00e1ndanos<\/h2><p>El dulce sabor de la sand\u00eda: La primera oleada es la dulzura de la sand\u00eda, jugosa y refrescante, tan fresca y natural como una sand\u00eda reci\u00e9n cortada.<\/p><p>La acidez del ar\u00e1ndano: Se revela la ligera acidez del ar\u00e1ndano, creando un sutil contraste agridulce, evitando el dulzor general.<\/p><p>Aroma duradero: Al exhalar, el aroma afrutado de los ar\u00e1ndanos se mezcla con el de la sand\u00eda, y el regusto es duradero, recordando el aroma de una pizca de zumo de ar\u00e1ndanos mezclado con el de la sand\u00eda.<\/p><h2>Un cambio de sabor<\/h2><p>Cambio instant\u00e1neo: Este cigarrillo electr\u00f3nico cuenta con un selector de sabor dual, que permite a los usuarios cambiar r\u00e1pidamente de sabor sin cambiar de cartucho.<\/p><h3>Diferentes escenarios :<\/h3><p>Hora de refrescarse : Cambia a Red Bull para despertar r\u00e1pidamente tus sentidos y aumentar tu energ\u00eda.<\/p><p>Una sensaci\u00f3n de relajaci\u00f3n: disfrute del sabor afrutado y dulce de la sand\u00eda y de su ligero toque de hielo, una soluci\u00f3n natural para calmar la sed en verano.<\/p><h2>Doble sabor, doble experiencia<\/h2><p>El Bang King 30000 Red Bull &amp; Blueberry Watermelon cuenta con un innovador sistema de doble sabor, para que pueda cambiar de un sabor a otro en cualquier momento.<\/p><p>El dep\u00f3sito de e-l\u00edquido de 36 ml, mucho m\u00e1s grande que los productos convencionales, asegura una inhalaci\u00f3n completa y suave, reduciendo la necesidad de cambios frecuentes y garantizando un uso duradero.<\/p><h2>Numerosas caladas: hasta 30.000 caladas<\/h2><p>El Bang King 30000 Red Bull &amp; Blueberry Watermelon ofrece hasta 30K caladas, m\u00e1s que los cigarrillos electr\u00f3nicos desechables tradicionales. Es la opci\u00f3n ideal para usuarios intensivos que no necesitan cambiar de equipo con frecuencia.<\/p><p>Bater\u00eda de litio recargable de 550 mAh integrada con interfaz de carga r\u00e1pida USB-C para una carga m\u00e1s eficiente, segura y estable y un uso m\u00e1s prolongado. Gracias al sistema de gesti\u00f3n de la energ\u00eda, se mejora la duraci\u00f3n de la bater\u00eda y la eficiencia de carga.<\/p><h2>Estructura de malla caliente, rico sabor<\/h2><p>El Bang King 30000 Red Bull &amp; Blueberry Watermelon utiliza una avanzada bobina de atomizaci\u00f3n de malla de 1,0 \u03a9 (Mesh Coil), que mejora dr\u00e1sticamente la eficiencia de la atomizaci\u00f3n, hace que el humo sea m\u00e1s delicado y el sabor m\u00e1s puro, al tiempo que acomoda el gran volumen de humo y el delicado sabor, para una satisfacci\u00f3n casi real del cigarrillo.<\/p><p>Cuatro niveles de concentraci\u00f3n de nicotina (0 %, 2 %, 3 % y 5 %) est\u00e1n disponibles para satisfacer las diferentes necesidades de los usuarios que hacen la transici\u00f3n para dejar de fumar y los fumadores empedernidos, y les permiten elegir libremente la intensidad que m\u00e1s les convenga.<\/p><p>El Bang King 30000 tiene l\u00edneas limpias, un tacto c\u00f3modo y una ligereza y portabilidad \u00f3ptimas, ideal para el uso diario o los viajes.<\/p>\t\t\t\t\t\t\t\t<\/div>\n\t\t\t\t<\/div>\n\t\t\t\t\t<\/div>\n\t\t\t\t<\/div>\n\t\t\t\t<\/div>","protected":false},"excerpt":{"rendered":"<p>La combinaison \u00ab\u00a0Red Bull &amp; Myrtille Past\u00e8que\u00a0\u00bb de la cigarette \u00e9lectronique BangKing30K offre deux styles et saveurs distinctifs, permettant aux utilisateurs de changer \u00e0 volont\u00e9 pour s&rsquo;adapter \u00e0 leurs humeurs et \u00e0 leurs occasions. Saveur 1\u00a0: RedBull (saveur boisson \u00e9nergisante) Restauration d&rsquo;une tonalit\u00e9 classique\u00a0: D\u00e8s l&rsquo;entr\u00e9e en bouche, la fum\u00e9e retrouve le go\u00fbt familier de [&hellip;]<\/p>\n","protected":false},"featured_media":5976,"comment_status":"open","ping_status":"closed","template":"","meta":{"site-sidebar-layout":"no-sidebar","site-content-layout":"page-builder","ast-site-content-layout":"normal-width-container","site-content-style":"default","site-sidebar-style":"default","ast-global-header-display":"","ast-banner-title-visibility":"","ast-main-header-display":"","ast-hfb-above-header-display":"","ast-hfb-below-header-display":"","ast-hfb-mobile-header-display":"","site-post-title":"disabled","ast-breadcrumbs-content":"","ast-featured-img":"disabled","footer-sml-layout":"","ast-disable-related-posts":"","theme-transparent-header-meta":"default","adv-header-id-meta":"","stick-header-meta":"default","header-above-stick-meta":"","header-main-stick-meta":"","header-below-stick-meta":"","astra-migrate-meta-layouts":"set","ast-page-background-enabled":"default","ast-page-background-meta":{"desktop":{"background-color":"","background-image":"","background-repeat":"repeat","background-position":"center center","background-size":"auto","background-attachment":"scroll","background-type":"","background-media":"","overlay-type":"","overlay-color":"","overlay-opacity":"","overlay-gradient":""},"tablet":{"background-color":"","background-image":"","background-repeat":"repeat","background-position":"center center","background-size":"auto","background-attachment":"scroll","background-type":"","background-media":"","overlay-type":"","overlay-color":"","overlay-opacity":"","overlay-gradient":""},"mobile":{"background-color":"","background-image":"","background-repeat":"repeat","background-position":"center center","background-size":"auto","background-attachment":"scroll","background-type":"","background-media":"","overlay-type":"","overlay-color":"","overlay-opacity":"","overlay-gradient":""}},"ast-content-background-meta":{"desktop":{"background-color":"var(--ast-global-color-5)","background-image":"","background-repeat":"repeat","background-position":"center center","background-size":"auto","background-attachment":"scroll","background-type":"","background-media":"","overlay-type":"","overlay-color":"","overlay-opacity":"","overlay-gradient":""},"tablet":{"background-color":"var(--ast-global-color-5)","background-image":"","background-repeat":"repeat","background-position":"center center","background-size":"auto","background-attachment":"scroll","background-type":"","background-media":"","overlay-type":"","overlay-color":"","overlay-opacity":"","overlay-gradient":""},"mobile":{"background-color":"var(--ast-global-color-5)","background-image":"","background-repeat":"repeat","background-position":"center center","background-size":"auto","background-attachment":"scroll","background-type":"","background-media":"","overlay-type":"","overlay-color":"","overlay-opacity":"","overlay-gradient":""}}},"product_brand":[52],"product_cat":[55,86,15],"product_tag":[],"class_list":{"0":"post-6162","1":"product","2":"type-product","3":"status-publish","4":"has-post-thumbnail","6":"product_brand-bang-king","7":"product_cat-bang-king-30000-double-saveur-offre-jusqua-36ml-de-liquide","8":"product_cat-puff-30k","9":"product_cat-magasin-cigarette-electronique","10":"desktop-align-center","11":"tablet-align-center","12":"mobile-align-center","13":"ast-product-gallery-layout-horizontal","14":"ast-product-gallery-with-no-image","15":"ast-product-single-variable","16":"ast-product-tabs-layout-horizontal","17":"ast-qv-on-image","19":"first","20":"instock","21":"sale","22":"shipping-taxable","23":"purchasable","24":"product-type-variable","25":"has-default-attributes"},"tiered_pricing_type":"fixed","tiered_pricing_fixed_rules":{"50":7.33,"100":6.66},"tiered_pricing_product_settings":{"layout":"default","base_unit_name":{"singular":null,"plural":null},"default_variation":null},"tiered_pricing_minimum_quantity":null,"tiered_pricing_roles_data":[],"tiered_pricing_percentage_rules":[],"_links":{"self":[{"href":"https:\/\/puffvapestore.com\/es\/wp-json\/wp\/v2\/product\/6162","targetHints":{"allow":["GET"]}}],"collection":[{"href":"https:\/\/puffvapestore.com\/es\/wp-json\/wp\/v2\/product"}],"about":[{"href":"https:\/\/puffvapestore.com\/es\/wp-json\/wp\/v2\/types\/product"}],"replies":[{"embeddable":true,"href":"https:\/\/puffvapestore.com\/es\/wp-json\/wp\/v2\/comments?post=6162"}],"version-history":[{"count":7,"href":"https:\/\/puffvapestore.com\/es\/wp-json\/wp\/v2\/product\/6162\/revisions"}],"predecessor-version":[{"id":6597,"href":"https:\/\/puffvapestore.com\/es\/wp-json\/wp\/v2\/product\/6162\/revisions\/6597"}],"wp:featuredmedia":[{"embeddable":true,"href":"https:\/\/puffvapestore.com\/es\/wp-json\/wp\/v2\/media\/5976"}],"wp:attachment":[{"href":"https:\/\/puffvapestore.com\/es\/wp-json\/wp\/v2\/media?parent=6162"}],"wp:term":[{"taxonomy":"product_brand","embeddable":true,"href":"https:\/\/puffvapestore.com\/es\/wp-json\/wp\/v2\/product_brand?post=6162"},{"taxonomy":"product_cat","embeddable":true,"href":"https:\/\/puffvapestore.com\/es\/wp-json\/wp\/v2\/product_cat?post=6162"},{"taxonomy":"product_tag","embeddable":true,"href":"https:\/\/puffvapestore.com\/es\/wp-json\/wp\/v2\/product_tag?post=6162"}],"curies":[{"name":"wp","href":"https:\/\/api.w.org\/{rel}","templated":true}]}}