{"id":6147,"date":"2025-08-01T06:14:17","date_gmt":"2025-08-01T06:14:17","guid":{"rendered":"https:\/\/puffvapestore.com\/?post_type=product&#038;p=6147"},"modified":"2026-01-19T10:36:11","modified_gmt":"2026-01-19T10:36:11","slug":"watermelon-ice-strawberry-mango-bang-king-30k-un-melange-parfait-de-fraicheur","status":"publish","type":"product","link":"https:\/\/puffvapestore.com\/es\/product\/sandia-hielo-fresa-mango-bang-king-30k-una-mezcla-perfecta-de-frescura\/","title":{"rendered":"Sand\u00eda Helada &amp; Fresa Y Mango - Bang King 30K"},"content":{"rendered":"<div data-elementor-type=\"wp-post\" data-elementor-id=\"6147\" class=\"elementor elementor-6147\">\n\t\t\t\t<div class=\"elementor-element elementor-element-08c26f9 e-flex e-con-boxed e-con e-parent\" data-id=\"08c26f9\" data-element_type=\"container\" data-e-type=\"container\">\n\t\t\t\t\t<div class=\"e-con-inner\">\n\t\t\t\t<div class=\"elementor-element elementor-element-a005a97 elementor-widget elementor-widget-text-editor\" data-id=\"a005a97\" data-element_type=\"widget\" data-e-type=\"widget\" data-widget_type=\"text-editor.default\">\n\t\t\t\t<div class=\"elementor-widget-container\">\n\t\t\t\t\t\t\t\t\t<p>El dise\u00f1o \u00abdual flavour\u00bb del cigarrillo electr\u00f3nico Bang King 30K permite a los usuarios descubrir dos sabores totalmente diferentes en el mismo cigarrillo electr\u00f3nico. Entre ellos, la combinaci\u00f3n Watermelon Ice &amp; Strawberry And Mango ofrece la mezcla perfecta de frescura y sabores tropicales.<\/p><p><strong>Sabor 1: Sand\u00eda helada<\/strong><br \/>El sabor de la sand\u00eda helada es fresco y natural, como morder una jugosa sand\u00eda en un caluroso d\u00eda de verano, con un toque de menta fresca. Este sabor refrescante quita la sed y da una sensaci\u00f3n instant\u00e1nea de frescor, ideal para los amantes de los sabores frescos.<\/p><p><strong>Sabor 2: Fresa y mango<\/strong><br \/>La combinaci\u00f3n de fresa y mango aporta el intenso dulzor de la fruta tropical. La dulzura de la fresa y la riqueza del mango se complementan armoniosamente, creando una rica experiencia de sabor. Este sabor dulce es perfecto para los amantes de los sabores de frutas tropicales.<\/p><h2>Doble funci\u00f3n de cambio de sabor<\/h2><p>El Bang King 30000 Watermelon Ice &amp; Strawberry And Mango est\u00e1 equipado con una innovadora funci\u00f3n de cambio de sabor dual. Los usuarios pueden descubrir dos sabores diferentes en el mismo cigarrillo electr\u00f3nico y cambiar f\u00e1cilmente, en cualquier momento y en cualquier lugar, para una experiencia de fumar diversificada. Esta funci\u00f3n es especialmente adecuada para los usuarios a los que les gusta probar sabores diferentes. Pueden disfrutar de un rico sabor sin tener que llevar varios dispositivos, lo que aumenta considerablemente la comodidad y el placer de uso.<\/p><h2>Varias opciones de concentraci\u00f3n de nicotina<\/h2><p>Para satisfacer las necesidades de cada usuario, el Bang King 30000 Watermelon Ice &amp; Strawberry And Mango ofrece diferentes opciones de concentraci\u00f3n de nicotina, incluyendo 0 % (sin nicotina), 2 %, 3 % y 5 %. Tanto si busca un sabor puro como una satisfacci\u00f3n especial de nicotina, este cigarrillo electr\u00f3nico se adaptar\u00e1 a todas sus necesidades, desde principiantes hasta entusiastas.<\/p><p>El Bang King 30000 tiene una gran capacidad de 36 ml de e-l\u00edquido, muy superior a la capacidad de los cigarrillos electr\u00f3nicos actuales del mercado. Este dise\u00f1o garantiza un uso prolongado sin necesidad de sustituir o rellenar el e-l\u00edquido con frecuencia, ideal para viajes largos o usuarios intensivos, para una satisfacci\u00f3n duradera.<\/p><p>Con su atomizador de resistencia de malla de 1,0 \u03a9, el Bang King 30000 Watermelon Ice &amp; Strawberry And Mango ofrece el equilibrio perfecto entre sabor y volumen de humo. La tecnolog\u00eda de malla mejora la eficiencia de atomizaci\u00f3n del e-l\u00edquido, garantizando un rico sabor y un humo delicado en cada calada, ideal para usuarios que buscan una experiencia de vapeo de alta calidad.<\/p><h2>Bater\u00eda de larga duraci\u00f3n y c\u00f3moda carga<\/h2><p>Equipado con una bater\u00eda de alto rendimiento de 550 mAh, el Bang King 30000 ofrece una autonom\u00eda estable para un uso sin preocupaciones las 24 horas del d\u00eda, los 7 d\u00edas de la semana. Adem\u00e1s, su puerto USB-C admite carga r\u00e1pida, lo que reduce el tiempo de espera y permite una r\u00e1pida recuperaci\u00f3n para adaptarse a las necesidades del acelerado estilo de vida actual.<\/p><p>Un solo cigarrillo electr\u00f3nico Bang King 30000 te dar\u00e1 hasta 30K caladas, y su vida \u00fatil ultralarga lo convierte en una de las opciones m\u00e1s duraderas del mercado. Tanto si lo usas a diario como en un viaje largo, este dispositivo te acompa\u00f1ar\u00e1 de forma fiable, por lo que no tendr\u00e1s que sustituirlo con frecuencia.<\/p>\t\t\t\t\t\t\t\t<\/div>\n\t\t\t\t<\/div>\n\t\t\t\t\t<\/div>\n\t\t\t\t<\/div>\n\t\t\t\t<\/div>","protected":false},"excerpt":{"rendered":"<p>La conception \u00ab\u00a0double saveur\u00a0\u00bb de la cigarette \u00e9lectronique Bang King 30K permet aux utilisateurs de d\u00e9couvrir deux saveurs totalement diff\u00e9rentes sur une m\u00eame cigarette \u00e9lectronique. Parmi elles, la combinaison \u00ab Watermelon Ice &amp; Strawberry And Mango\u00a0\u00bb offre un m\u00e9lange parfait de fra\u00eecheur et de saveurs tropicales. Saveur 1\u00a0: Past\u00e8que Glac\u00e9eLe go\u00fbt de la past\u00e8que glac\u00e9e [&hellip;]<\/p>\n","protected":false},"featured_media":5983,"comment_status":"open","ping_status":"closed","template":"","meta":{"site-sidebar-layout":"no-sidebar","site-content-layout":"page-builder","ast-site-content-layout":"normal-width-container","site-content-style":"default","site-sidebar-style":"default","ast-global-header-display":"","ast-banner-title-visibility":"","ast-main-header-display":"","ast-hfb-above-header-display":"","ast-hfb-below-header-display":"","ast-hfb-mobile-header-display":"","site-post-title":"disabled","ast-breadcrumbs-content":"","ast-featured-img":"disabled","footer-sml-layout":"","ast-disable-related-posts":"","theme-transparent-header-meta":"default","adv-header-id-meta":"","stick-header-meta":"default","header-above-stick-meta":"","header-main-stick-meta":"","header-below-stick-meta":"","astra-migrate-meta-layouts":"set","ast-page-background-enabled":"default","ast-page-background-meta":{"desktop":{"background-color":"","background-image":"","background-repeat":"repeat","background-position":"center center","background-size":"auto","background-attachment":"scroll","background-type":"","background-media":"","overlay-type":"","overlay-color":"","overlay-opacity":"","overlay-gradient":""},"tablet":{"background-color":"","background-image":"","background-repeat":"repeat","background-position":"center center","background-size":"auto","background-attachment":"scroll","background-type":"","background-media":"","overlay-type":"","overlay-color":"","overlay-opacity":"","overlay-gradient":""},"mobile":{"background-color":"","background-image":"","background-repeat":"repeat","background-position":"center center","background-size":"auto","background-attachment":"scroll","background-type":"","background-media":"","overlay-type":"","overlay-color":"","overlay-opacity":"","overlay-gradient":""}},"ast-content-background-meta":{"desktop":{"background-color":"var(--ast-global-color-5)","background-image":"","background-repeat":"repeat","background-position":"center center","background-size":"auto","background-attachment":"scroll","background-type":"","background-media":"","overlay-type":"","overlay-color":"","overlay-opacity":"","overlay-gradient":""},"tablet":{"background-color":"var(--ast-global-color-5)","background-image":"","background-repeat":"repeat","background-position":"center center","background-size":"auto","background-attachment":"scroll","background-type":"","background-media":"","overlay-type":"","overlay-color":"","overlay-opacity":"","overlay-gradient":""},"mobile":{"background-color":"var(--ast-global-color-5)","background-image":"","background-repeat":"repeat","background-position":"center center","background-size":"auto","background-attachment":"scroll","background-type":"","background-media":"","overlay-type":"","overlay-color":"","overlay-opacity":"","overlay-gradient":""}}},"product_brand":[52],"product_cat":[55,86,15],"product_tag":[],"class_list":{"0":"post-6147","1":"product","2":"type-product","3":"status-publish","4":"has-post-thumbnail","6":"product_brand-bang-king","7":"product_cat-bang-king-30000-double-saveur-offre-jusqua-36ml-de-liquide","8":"product_cat-puff-30k","9":"product_cat-magasin-cigarette-electronique","10":"desktop-align-center","11":"tablet-align-center","12":"mobile-align-center","13":"ast-product-gallery-layout-horizontal","14":"ast-product-gallery-with-no-image","15":"ast-product-single-variable","16":"ast-product-tabs-layout-horizontal","17":"ast-qv-on-image","19":"first","20":"instock","21":"sale","22":"shipping-taxable","23":"purchasable","24":"product-type-variable","25":"has-default-attributes"},"tiered_pricing_type":"fixed","tiered_pricing_fixed_rules":{"50":7.33,"100":6.66},"tiered_pricing_product_settings":{"layout":"default","base_unit_name":{"singular":null,"plural":null},"default_variation":null},"tiered_pricing_minimum_quantity":null,"tiered_pricing_roles_data":[],"tiered_pricing_percentage_rules":[],"_links":{"self":[{"href":"https:\/\/puffvapestore.com\/es\/wp-json\/wp\/v2\/product\/6147","targetHints":{"allow":["GET"]}}],"collection":[{"href":"https:\/\/puffvapestore.com\/es\/wp-json\/wp\/v2\/product"}],"about":[{"href":"https:\/\/puffvapestore.com\/es\/wp-json\/wp\/v2\/types\/product"}],"replies":[{"embeddable":true,"href":"https:\/\/puffvapestore.com\/es\/wp-json\/wp\/v2\/comments?post=6147"}],"version-history":[{"count":7,"href":"https:\/\/puffvapestore.com\/es\/wp-json\/wp\/v2\/product\/6147\/revisions"}],"predecessor-version":[{"id":6570,"href":"https:\/\/puffvapestore.com\/es\/wp-json\/wp\/v2\/product\/6147\/revisions\/6570"}],"wp:featuredmedia":[{"embeddable":true,"href":"https:\/\/puffvapestore.com\/es\/wp-json\/wp\/v2\/media\/5983"}],"wp:attachment":[{"href":"https:\/\/puffvapestore.com\/es\/wp-json\/wp\/v2\/media?parent=6147"}],"wp:term":[{"taxonomy":"product_brand","embeddable":true,"href":"https:\/\/puffvapestore.com\/es\/wp-json\/wp\/v2\/product_brand?post=6147"},{"taxonomy":"product_cat","embeddable":true,"href":"https:\/\/puffvapestore.com\/es\/wp-json\/wp\/v2\/product_cat?post=6147"},{"taxonomy":"product_tag","embeddable":true,"href":"https:\/\/puffvapestore.com\/es\/wp-json\/wp\/v2\/product_tag?post=6147"}],"curies":[{"name":"wp","href":"https:\/\/api.w.org\/{rel}","templated":true}]}}