{"id":6125,"date":"2025-08-01T01:56:34","date_gmt":"2025-08-01T01:56:34","guid":{"rendered":"https:\/\/puffvapestore.com\/?post_type=product&#038;p=6125"},"modified":"2026-01-19T10:36:11","modified_gmt":"2026-01-19T10:36:11","slug":"strawberry-watermelon-grape-ice-bang-king-30k-offre-un-gout-stable-et-persistant-alliant-arome","status":"publish","type":"product","link":"https:\/\/puffvapestore.com\/es\/product\/fresa-sandia-uva-ice-bang-king-30k-ofrece-un-sabor-estable-y-duradero-que-combina-aroma\/","title":{"rendered":"Fresa, sand\u00eda y uva Ice - Bang King 30K"},"content":{"rendered":"<div data-elementor-type=\"wp-post\" data-elementor-id=\"6125\" class=\"elementor elementor-6125\">\n\t\t\t\t<div class=\"elementor-element elementor-element-08c26f9 e-flex e-con-boxed e-con e-parent\" data-id=\"08c26f9\" data-element_type=\"container\" data-e-type=\"container\">\n\t\t\t\t\t<div class=\"e-con-inner\">\n\t\t\t\t<div class=\"elementor-element elementor-element-a005a97 elementor-widget elementor-widget-text-editor\" data-id=\"a005a97\" data-element_type=\"widget\" data-e-type=\"widget\" data-widget_type=\"text-editor.default\">\n\t\t\t\t<div class=\"elementor-widget-container\">\n\t\t\t\t\t\t\t\t\t<p>La Bang King 30K est\u00e1 disponible en dos sabores: \u00abFresa y sand\u00eda\u00bb y \u00abUva helada\u00bb. El primero es dulce y jugoso, mientras que el segundo es helado y ligeramente \u00e1cido. Es f\u00e1cil cambiar de sabor. Equipado con un e-l\u00edquido de gran capacidad y una pantalla LED, ofrece un sabor estable y persistente, combinando un aroma afrutado con una sensaci\u00f3n de frescor. Este cigarrillo electr\u00f3nico de modo dual es ideal para controlar los sabores afrutados.<\/p><h2>Fresa + Sand\u00eda<\/h2><p>Sabor afrutado: Este sabor de cigarrillo electr\u00f3nico combina la dulzura de las fresas maduras con el dulzor y la jugosidad de la sand\u00eda, creando una combinaci\u00f3n afrutada t\u00edpica del verano.<\/p><p>Sabor equilibrado: Las fresas ofrecen una sensaci\u00f3n redonda y carnosa, mientras que la sand\u00eda aporta una sensaci\u00f3n refrescante. Ambos se complementan armoniosamente, y el ataque es suave y rico en matices.<\/p><h2>Helado de uva<\/h2><p>Final helado: La sensaci\u00f3n refrescante es evidente, como un velo de helado mentolado que envuelve la punta de la lengua, proporcionando un final fresco.<\/p><p>Uvas ligeramente \u00e1cidas: Una ligera acidez de la uva en la parte posterior del paladar refuerza el equilibrio entre acidez y dulzor, sin hacer el sabor demasiado mon\u00f3tono.<\/p><p>Combinaci\u00f3n de hielo y acidez: El efecto escarchado aporta una sensaci\u00f3n refrescante al conjunto, acentuando el dulzor.<\/p><h2>Asistencia al paladar<\/h2><p>Gran libertad de sabor: puede alternar a voluntad entre aromas afrutados dulces y suaves y notas de uva helada, para satisfacer las necesidades gustativas de cada situaci\u00f3n y estado de \u00e1nimo.<\/p><p>Exposici\u00f3n de larga duraci\u00f3n: 30000 caladas de humo de gran capacidad m\u00e1s un gran dep\u00f3sito de aceite de 36 ml, el sabor es siempre estable y la experiencia es continua e ininterrumpida al cambiar de sabor<\/p><h2>Doble funci\u00f3n de cambio de sabor<\/h2><p>El Bang King 30000 Strawberry And Watermelon &amp; Grape Ice est\u00e1 equipado con una innovadora funci\u00f3n de cambio de sabor dual. Los usuarios pueden descubrir dos sabores diferentes en el mismo cigarrillo electr\u00f3nico y cambiar f\u00e1cilmente, en cualquier momento y en cualquier lugar, para una experiencia de fumar diversificada. Esta funci\u00f3n es especialmente adecuada para los usuarios a los que les gusta probar sabores diferentes. Pueden disfrutar de un rico sabor sin tener que llevar varios dispositivos, lo que aumenta considerablemente la comodidad y el placer de uso.<\/p><h2>Varias opciones de concentraci\u00f3n de nicotina<\/h2><p>Para satisfacer las necesidades de cada usuario, el Bang King 30000 Strawberry And Watermelon &amp; Grape Ice ofrece diferentes opciones de concentraci\u00f3n de nicotina, incluyendo 0 % (sin nicotina), 2 %, 3 % y 5 %. Tanto si busca un sabor puro como una satisfacci\u00f3n especial de nicotina, este cigarrillo electr\u00f3nico se adaptar\u00e1 a todas sus necesidades, desde principiantes hasta entusiastas.<\/p><p>El Bang King 30000 tiene una gran capacidad de 36 ml de e-l\u00edquido, muy superior a la capacidad de los cigarrillos electr\u00f3nicos actuales del mercado. Este dise\u00f1o garantiza un uso prolongado sin necesidad de sustituir o rellenar el e-l\u00edquido con frecuencia, ideal para viajes largos o usuarios intensivos, para una satisfacci\u00f3n duradera.<\/p><p>Con su atomizador de resistencia de malla de 1,0 \u03a9, el Bang King 30000 Strawberry And Watermelon &amp; Grape Ice ofrece el equilibrio perfecto entre sabor y volumen de humo. La tecnolog\u00eda de malla mejora la eficiencia de atomizaci\u00f3n del e-l\u00edquido, garantizando un rico sabor y un humo delicado en cada calada, ideal para usuarios que buscan una experiencia de vapeo de alta calidad.<\/p><h2>Bater\u00eda de larga duraci\u00f3n y c\u00f3moda carga<\/h2><p>Equipado con una bater\u00eda de alto rendimiento de 550 mAh, el Bang King 30000 Strawberry And Watermelon &amp; Grape Ice ofrece una autonom\u00eda estable para un uso sin preocupaciones las 24 horas del d\u00eda, los 7 d\u00edas de la semana. Adem\u00e1s, su puerto USB-C admite carga r\u00e1pida, lo que reduce el tiempo de espera y permite una r\u00e1pida recuperaci\u00f3n para adaptarse a las necesidades del acelerado estilo de vida actual.<\/p><p>Un solo cigarrillo electr\u00f3nico Bang King 30000 Strawberry And Watermelon &amp; Grape Ice te dar\u00e1 hasta 30K caladas, y su vida \u00fatil ultralarga lo convierte en una de las opciones m\u00e1s duraderas del mercado. Ya sea para uso diario o para un largo viaje, este dispositivo te acompa\u00f1ar\u00e1 de forma fiable y te ahorrar\u00e1 la necesidad de sustituirlo con frecuencia.<\/p>\t\t\t\t\t\t\t\t<\/div>\n\t\t\t\t<\/div>\n\t\t\t\t\t<\/div>\n\t\t\t\t<\/div>\n\t\t\t\t<\/div>","protected":false},"excerpt":{"rendered":"<p>Le Bang King 30K propose deux saveurs\u00a0: \u00ab\u00a0Strawberry And Watermelon\u00a0\u00bb et \u00ab\u00a0Grape Ice\u00a0\u00bb. La premi\u00e8re est sucr\u00e9e et juteuse, la seconde est glac\u00e9e et l\u00e9g\u00e8rement acidul\u00e9e. Le changement de saveur est pratique. Dot\u00e9e d&rsquo;un e-liquide de grande capacit\u00e9 et d&rsquo;un \u00e9cran LED, elle offre un go\u00fbt stable et persistant, alliant ar\u00f4me fruit\u00e9 et sensation de [&hellip;]<\/p>\n","protected":false},"featured_media":5978,"comment_status":"open","ping_status":"closed","template":"","meta":{"site-sidebar-layout":"no-sidebar","site-content-layout":"page-builder","ast-site-content-layout":"normal-width-container","site-content-style":"default","site-sidebar-style":"default","ast-global-header-display":"","ast-banner-title-visibility":"","ast-main-header-display":"","ast-hfb-above-header-display":"","ast-hfb-below-header-display":"","ast-hfb-mobile-header-display":"","site-post-title":"disabled","ast-breadcrumbs-content":"","ast-featured-img":"disabled","footer-sml-layout":"","ast-disable-related-posts":"","theme-transparent-header-meta":"default","adv-header-id-meta":"","stick-header-meta":"default","header-above-stick-meta":"","header-main-stick-meta":"","header-below-stick-meta":"","astra-migrate-meta-layouts":"set","ast-page-background-enabled":"default","ast-page-background-meta":{"desktop":{"background-color":"","background-image":"","background-repeat":"repeat","background-position":"center center","background-size":"auto","background-attachment":"scroll","background-type":"","background-media":"","overlay-type":"","overlay-color":"","overlay-opacity":"","overlay-gradient":""},"tablet":{"background-color":"","background-image":"","background-repeat":"repeat","background-position":"center center","background-size":"auto","background-attachment":"scroll","background-type":"","background-media":"","overlay-type":"","overlay-color":"","overlay-opacity":"","overlay-gradient":""},"mobile":{"background-color":"","background-image":"","background-repeat":"repeat","background-position":"center center","background-size":"auto","background-attachment":"scroll","background-type":"","background-media":"","overlay-type":"","overlay-color":"","overlay-opacity":"","overlay-gradient":""}},"ast-content-background-meta":{"desktop":{"background-color":"var(--ast-global-color-5)","background-image":"","background-repeat":"repeat","background-position":"center center","background-size":"auto","background-attachment":"scroll","background-type":"","background-media":"","overlay-type":"","overlay-color":"","overlay-opacity":"","overlay-gradient":""},"tablet":{"background-color":"var(--ast-global-color-5)","background-image":"","background-repeat":"repeat","background-position":"center center","background-size":"auto","background-attachment":"scroll","background-type":"","background-media":"","overlay-type":"","overlay-color":"","overlay-opacity":"","overlay-gradient":""},"mobile":{"background-color":"var(--ast-global-color-5)","background-image":"","background-repeat":"repeat","background-position":"center center","background-size":"auto","background-attachment":"scroll","background-type":"","background-media":"","overlay-type":"","overlay-color":"","overlay-opacity":"","overlay-gradient":""}}},"product_brand":[52],"product_cat":[55,86,15],"product_tag":[],"class_list":{"0":"post-6125","1":"product","2":"type-product","3":"status-publish","4":"has-post-thumbnail","6":"product_brand-bang-king","7":"product_cat-bang-king-30000-double-saveur-offre-jusqua-36ml-de-liquide","8":"product_cat-puff-30k","9":"product_cat-magasin-cigarette-electronique","10":"desktop-align-center","11":"tablet-align-center","12":"mobile-align-center","13":"ast-product-gallery-layout-horizontal","14":"ast-product-gallery-with-no-image","15":"ast-product-single-variable","16":"ast-product-tabs-layout-horizontal","17":"ast-qv-on-image","19":"first","20":"instock","21":"sale","22":"shipping-taxable","23":"purchasable","24":"product-type-variable","25":"has-default-attributes"},"tiered_pricing_type":"fixed","tiered_pricing_fixed_rules":{"50":7.33,"100":6.66},"tiered_pricing_product_settings":{"layout":"default","base_unit_name":{"singular":null,"plural":null},"default_variation":null},"tiered_pricing_minimum_quantity":null,"tiered_pricing_roles_data":[],"tiered_pricing_percentage_rules":[],"_links":{"self":[{"href":"https:\/\/puffvapestore.com\/es\/wp-json\/wp\/v2\/product\/6125","targetHints":{"allow":["GET"]}}],"collection":[{"href":"https:\/\/puffvapestore.com\/es\/wp-json\/wp\/v2\/product"}],"about":[{"href":"https:\/\/puffvapestore.com\/es\/wp-json\/wp\/v2\/types\/product"}],"replies":[{"embeddable":true,"href":"https:\/\/puffvapestore.com\/es\/wp-json\/wp\/v2\/comments?post=6125"}],"version-history":[{"count":7,"href":"https:\/\/puffvapestore.com\/es\/wp-json\/wp\/v2\/product\/6125\/revisions"}],"predecessor-version":[{"id":6455,"href":"https:\/\/puffvapestore.com\/es\/wp-json\/wp\/v2\/product\/6125\/revisions\/6455"}],"wp:featuredmedia":[{"embeddable":true,"href":"https:\/\/puffvapestore.com\/es\/wp-json\/wp\/v2\/media\/5978"}],"wp:attachment":[{"href":"https:\/\/puffvapestore.com\/es\/wp-json\/wp\/v2\/media?parent=6125"}],"wp:term":[{"taxonomy":"product_brand","embeddable":true,"href":"https:\/\/puffvapestore.com\/es\/wp-json\/wp\/v2\/product_brand?post=6125"},{"taxonomy":"product_cat","embeddable":true,"href":"https:\/\/puffvapestore.com\/es\/wp-json\/wp\/v2\/product_cat?post=6125"},{"taxonomy":"product_tag","embeddable":true,"href":"https:\/\/puffvapestore.com\/es\/wp-json\/wp\/v2\/product_tag?post=6125"}],"curies":[{"name":"wp","href":"https:\/\/api.w.org\/{rel}","templated":true}]}}