{"id":6114,"date":"2025-07-30T15:49:22","date_gmt":"2025-07-30T15:49:22","guid":{"rendered":"https:\/\/puffvapestore.com\/?post_type=product&#038;p=6114"},"modified":"2026-01-19T10:36:11","modified_gmt":"2026-01-19T10:36:11","slug":"strawberry-kiwi-peach-ice-bang-king-30k-une-experience-gustative-pure-et-nette","status":"publish","type":"product","link":"https:\/\/puffvapestore.com\/es\/product\/fresa-kiwi-melocoton-ice-bang-king-30k-una-experiencia-de-sabor-pura-y-limpia\/","title":{"rendered":"Fresa Kiwi &amp; Melocot\u00f3n Helado - Bang King 30K"},"content":{"rendered":"<div data-elementor-type=\"wp-post\" data-elementor-id=\"6114\" class=\"elementor elementor-6114\">\n\t\t\t\t<div class=\"elementor-element elementor-element-08c26f9 e-flex e-con-boxed e-con e-parent\" data-id=\"08c26f9\" data-element_type=\"container\" data-e-type=\"container\">\n\t\t\t\t\t<div class=\"e-con-inner\">\n\t\t\t\t<div class=\"elementor-element elementor-element-a005a97 elementor-widget elementor-widget-text-editor\" data-id=\"a005a97\" data-element_type=\"widget\" data-e-type=\"widget\" data-widget_type=\"text-editor.default\">\n\t\t\t\t<div class=\"elementor-widget-container\">\n\t\t\t\t\t\t\t\t\t<p>El Bang King 30K es un cigarrillo electr\u00f3nico desechable de alta capacidad que ofrece hasta 30.000 caladas. Est\u00e1 equipado con un sistema de doble sabor independiente, para que pueda cambiar libremente de un sabor a otro con un simple interruptor. Cada sabor est\u00e1 formulado individualmente para una experiencia de sabor puro y limpio.<\/p><h2>Aroma de fresa y kiwi<\/h2><h3>Caracter\u00edsticas principales<\/h3><p>Primera impresi\u00f3n: La dulzura de las fresas estalla instant\u00e1neamente nada m\u00e1s inhalar el humo, con un sabor parecido al de la mermelada de fresa fresca, dulce sin ser demasiado aceitoso.<\/p><p>En boca: La acidez del kiwi contin\u00faa, a\u00f1adiendo una refrescante acidez afrutada, dando un sabor m\u00e1s complejo.<\/p><p>Final: Los sabores de fresa y kiwi se disuelven gradualmente, dejando un regusto fresco y afrutado sin sabor artificial residual.<\/p><h3>Experiencia detallada<\/h3><p>Dulzor moderado con un aroma afrutado natural;<\/p><p>Acidez ligera pero limpia, similar al aroma refrescante del kiwi cortado;<\/p><p>Ideal para los amantes de los sabores afrutados y refrescantes.<\/p><h2>Aroma de melocot\u00f3n helado<\/h2><h3>Caracter\u00edsticas principales<\/h3><p>Rendimiento de la infusi\u00f3n: El aroma a melocot\u00f3n blanco maduro es muy rico, con una sensaci\u00f3n real de estar mordiendo un jugoso melocot\u00f3n, y el sabor afrutado es delicado y suave.<\/p><p>Sabor: Dulzor ligero, resaltando el aroma floral del melocot\u00f3n blanco, no el dulzor ins\u00edpido del sirope, sino el dulzor afrutado natural.<\/p><p>Final: R\u00e1pidamente surge una sensaci\u00f3n fresca y helada, como una ligera menta o un batido, que se mezcla de forma natural con el dulzor del melocot\u00f3n.<\/p><h3>Experiencia detallada<\/h3><p>La sensaci\u00f3n de frescor es perfecta, sin irritar la garganta;<\/p><p>La sensaci\u00f3n helada y el aroma afrutado est\u00e1n \u00edntimamente ligados y son inseparables;<\/p><p>El sabor general es dulce y helado, perfecto para los amantes de la fruta fresca.<\/p><h2>Doble funci\u00f3n de cambio de sabor<\/h2><p>El Bang King 30000 Strawberry Kiwi &amp; Peach Ice est\u00e1 equipado con una innovadora funci\u00f3n de cambio de sabor dual. Los usuarios pueden descubrir dos sabores diferentes en el mismo cigarrillo electr\u00f3nico y cambiar f\u00e1cilmente, en cualquier momento y en cualquier lugar, para una experiencia de fumar diversificada. Esta funci\u00f3n es especialmente adecuada para los usuarios a los que les gusta probar sabores diferentes. Pueden disfrutar de un rico sabor sin tener que llevar varios dispositivos, lo que aumenta considerablemente la comodidad y el placer de uso.<\/p><h2>Varias opciones de concentraci\u00f3n de nicotina<\/h2><p>Para satisfacer las necesidades de cada usuario, el Bang King 30000 Strawberry Kiwi &amp; Peach Ice ofrece diferentes opciones de concentraci\u00f3n de nicotina, incluyendo 0 % (sin nicotina), 2 %, 3 % y 5 %. Tanto si busca un sabor puro como una satisfacci\u00f3n especial de nicotina, este cigarrillo electr\u00f3nico se adaptar\u00e1 a todas sus necesidades, desde principiantes hasta entusiastas.<\/p><p>El Bang King 30000 tiene una gran capacidad de 36 ml de e-l\u00edquido, muy superior a la capacidad de los cigarrillos electr\u00f3nicos actuales del mercado. Este dise\u00f1o garantiza un uso prolongado sin necesidad de sustituir o rellenar el e-l\u00edquido con frecuencia, ideal para viajes largos o usuarios intensivos, para una satisfacci\u00f3n duradera.<\/p><p>Con su atomizador de resistencia de malla de 1,0 \u03a9, el Bang King 30000 Strawberry Kiwi &amp; Peach Ice ofrece el equilibrio perfecto entre sabor y volumen de humo. La tecnolog\u00eda de malla mejora la eficiencia de atomizaci\u00f3n del e-l\u00edquido, garantizando un rico sabor y un humo delicado en cada calada, ideal para usuarios que buscan una experiencia de vapeo de alta calidad.<\/p><h2>Bater\u00eda de larga duraci\u00f3n y c\u00f3moda carga<\/h2><p>Equipado con una bater\u00eda de alto rendimiento de 550 mAh, el Bang King 30000 Strawberry Kiwi &amp; Peach Ice ofrece una autonom\u00eda estable para un uso sin preocupaciones las 24 horas del d\u00eda, los 7 d\u00edas de la semana. Adem\u00e1s, su puerto USB-C admite carga r\u00e1pida, lo que reduce el tiempo de espera y permite una r\u00e1pida recuperaci\u00f3n para adaptarse a las necesidades del acelerado estilo de vida actual.<\/p><p>Un solo cigarrillo electr\u00f3nico Bang King 30000 Strawberry Kiwi &amp; Peach Ice te dar\u00e1 hasta 30K caladas, y su vida \u00fatil ultra larga lo convierte en una de las opciones m\u00e1s duraderas del mercado. Tanto si lo usas a diario como en un viaje largo, este dispositivo te acompa\u00f1ar\u00e1 de forma fiable, por lo que no tendr\u00e1s que sustituirlo con frecuencia.<\/p>\t\t\t\t\t\t\t\t<\/div>\n\t\t\t\t<\/div>\n\t\t\t\t\t<\/div>\n\t\t\t\t<\/div>\n\t\t\t\t<\/div>","protected":false},"excerpt":{"rendered":"<p>La Bang King 30K est une cigarette \u00e9lectronique jetable grande capacit\u00e9 offrant jusqu&rsquo;\u00e0 30000 bouff\u00e9es. Elle est \u00e9quip\u00e9e d&rsquo;un double syst\u00e8me de saveurs ind\u00e9pendant, permettant de passer librement d&rsquo;une saveur \u00e0 l&rsquo;autre par simple commutation. Chaque saveur est formul\u00e9e individuellement pour une exp\u00e9rience gustative pure et nette. Ar\u00f4me Fraise Kiwi Caract\u00e9ristiques principales Premi\u00e8re impression : [&hellip;]<\/p>\n","protected":false},"featured_media":5979,"comment_status":"open","ping_status":"closed","template":"","meta":{"site-sidebar-layout":"no-sidebar","site-content-layout":"page-builder","ast-site-content-layout":"normal-width-container","site-content-style":"default","site-sidebar-style":"default","ast-global-header-display":"","ast-banner-title-visibility":"","ast-main-header-display":"","ast-hfb-above-header-display":"","ast-hfb-below-header-display":"","ast-hfb-mobile-header-display":"","site-post-title":"disabled","ast-breadcrumbs-content":"","ast-featured-img":"disabled","footer-sml-layout":"","ast-disable-related-posts":"","theme-transparent-header-meta":"default","adv-header-id-meta":"","stick-header-meta":"default","header-above-stick-meta":"","header-main-stick-meta":"","header-below-stick-meta":"","astra-migrate-meta-layouts":"set","ast-page-background-enabled":"default","ast-page-background-meta":{"desktop":{"background-color":"","background-image":"","background-repeat":"repeat","background-position":"center center","background-size":"auto","background-attachment":"scroll","background-type":"","background-media":"","overlay-type":"","overlay-color":"","overlay-opacity":"","overlay-gradient":""},"tablet":{"background-color":"","background-image":"","background-repeat":"repeat","background-position":"center center","background-size":"auto","background-attachment":"scroll","background-type":"","background-media":"","overlay-type":"","overlay-color":"","overlay-opacity":"","overlay-gradient":""},"mobile":{"background-color":"","background-image":"","background-repeat":"repeat","background-position":"center center","background-size":"auto","background-attachment":"scroll","background-type":"","background-media":"","overlay-type":"","overlay-color":"","overlay-opacity":"","overlay-gradient":""}},"ast-content-background-meta":{"desktop":{"background-color":"var(--ast-global-color-5)","background-image":"","background-repeat":"repeat","background-position":"center center","background-size":"auto","background-attachment":"scroll","background-type":"","background-media":"","overlay-type":"","overlay-color":"","overlay-opacity":"","overlay-gradient":""},"tablet":{"background-color":"var(--ast-global-color-5)","background-image":"","background-repeat":"repeat","background-position":"center center","background-size":"auto","background-attachment":"scroll","background-type":"","background-media":"","overlay-type":"","overlay-color":"","overlay-opacity":"","overlay-gradient":""},"mobile":{"background-color":"var(--ast-global-color-5)","background-image":"","background-repeat":"repeat","background-position":"center center","background-size":"auto","background-attachment":"scroll","background-type":"","background-media":"","overlay-type":"","overlay-color":"","overlay-opacity":"","overlay-gradient":""}}},"product_brand":[52],"product_cat":[55,86,15],"product_tag":[],"class_list":{"0":"post-6114","1":"product","2":"type-product","3":"status-publish","4":"has-post-thumbnail","6":"product_brand-bang-king","7":"product_cat-bang-king-30000-double-saveur-offre-jusqua-36ml-de-liquide","8":"product_cat-puff-30k","9":"product_cat-magasin-cigarette-electronique","10":"desktop-align-center","11":"tablet-align-center","12":"mobile-align-center","13":"ast-product-gallery-layout-horizontal","14":"ast-product-gallery-with-no-image","15":"ast-product-single-variable","16":"ast-product-tabs-layout-horizontal","17":"ast-qv-on-image","19":"first","20":"instock","21":"sale","22":"shipping-taxable","23":"purchasable","24":"product-type-variable","25":"has-default-attributes"},"tiered_pricing_type":"fixed","tiered_pricing_fixed_rules":{"50":7.33,"100":6.66},"tiered_pricing_product_settings":{"layout":"default","base_unit_name":{"singular":null,"plural":null},"default_variation":null},"tiered_pricing_minimum_quantity":null,"tiered_pricing_roles_data":[],"tiered_pricing_percentage_rules":[],"_links":{"self":[{"href":"https:\/\/puffvapestore.com\/es\/wp-json\/wp\/v2\/product\/6114","targetHints":{"allow":["GET"]}}],"collection":[{"href":"https:\/\/puffvapestore.com\/es\/wp-json\/wp\/v2\/product"}],"about":[{"href":"https:\/\/puffvapestore.com\/es\/wp-json\/wp\/v2\/types\/product"}],"replies":[{"embeddable":true,"href":"https:\/\/puffvapestore.com\/es\/wp-json\/wp\/v2\/comments?post=6114"}],"version-history":[{"count":7,"href":"https:\/\/puffvapestore.com\/es\/wp-json\/wp\/v2\/product\/6114\/revisions"}],"predecessor-version":[{"id":6233,"href":"https:\/\/puffvapestore.com\/es\/wp-json\/wp\/v2\/product\/6114\/revisions\/6233"}],"wp:featuredmedia":[{"embeddable":true,"href":"https:\/\/puffvapestore.com\/es\/wp-json\/wp\/v2\/media\/5979"}],"wp:attachment":[{"href":"https:\/\/puffvapestore.com\/es\/wp-json\/wp\/v2\/media?parent=6114"}],"wp:term":[{"taxonomy":"product_brand","embeddable":true,"href":"https:\/\/puffvapestore.com\/es\/wp-json\/wp\/v2\/product_brand?post=6114"},{"taxonomy":"product_cat","embeddable":true,"href":"https:\/\/puffvapestore.com\/es\/wp-json\/wp\/v2\/product_cat?post=6114"},{"taxonomy":"product_tag","embeddable":true,"href":"https:\/\/puffvapestore.com\/es\/wp-json\/wp\/v2\/product_tag?post=6114"}],"curies":[{"name":"wp","href":"https:\/\/api.w.org\/{rel}","templated":true}]}}