{"id":6099,"date":"2025-07-30T10:40:13","date_gmt":"2025-07-30T10:40:13","guid":{"rendered":"https:\/\/puffvapestore.com\/?post_type=product&#038;p=6099"},"modified":"2026-01-19T10:36:10","modified_gmt":"2026-01-19T10:36:10","slug":"blueberry-ice-strawberry-and-banana-bang-king-30k-allie-fraicheur-fruitee-et-saveur","status":"publish","type":"product","link":"https:\/\/puffvapestore.com\/es\/product\/arandano-hielo-fresa-y-platano-bang-king-30k-combina-frescura-y-sabor-afrutados\/","title":{"rendered":"Bang King 30K - Hielo de ar\u00e1ndano y fresa y pl\u00e1tano"},"content":{"rendered":"<div data-elementor-type=\"wp-post\" data-elementor-id=\"6099\" class=\"elementor elementor-6099\">\n\t\t\t\t<div class=\"elementor-element elementor-element-08c26f9 e-flex e-con-boxed e-con e-parent\" data-id=\"08c26f9\" data-element_type=\"container\" data-e-type=\"container\">\n\t\t\t\t\t<div class=\"e-con-inner\">\n\t\t\t\t<div class=\"elementor-element elementor-element-a005a97 elementor-widget elementor-widget-text-editor\" data-id=\"a005a97\" data-element_type=\"widget\" data-e-type=\"widget\" data-widget_type=\"text-editor.default\">\n\t\t\t\t<div class=\"elementor-widget-container\">\n\t\t\t\t\t\t\t\t\t<p>Esta combinaci\u00f3n de \u00abar\u00e1ndano congelado + pl\u00e1tano fresa\u00bb es perfecta para los aficionados a los cigarrillos electr\u00f3nicos que disfrutan con sabores afrutados intensos, buscando tanto un sabor refrescante y helado como un sabor c\u00e1lido y dulce. El cambio fluido de sabores significa que puedes cambiar de humor en cualquier momento y experimentar sensaciones totalmente diferentes.<\/p><h2>Hielo de ar\u00e1ndanos<\/h2><p>Afrutado y dulce: El aroma principal es la frescura y redondez de los ar\u00e1ndanos, con una ligera acidez afrutada natural y un dulzor que recuerda a los ar\u00e1ndanos reci\u00e9n recolectados.<\/p><p>Regusto fresco: El efecto refrescante de la menta helada (mentol) se suma al aroma final. Cada bocanada de humo es como un sorbo de roc\u00edo fresco por la ma\u00f1ana, una experiencia larga y refrescante.<\/p><p>Sabor: La primera calada ofrece un rico sabor a ar\u00e1ndanos, y luego el centro se va cubriendo gradualmente con una fina capa de hielo. El sabor afrutado y el frescor est\u00e1n equilibrados, y el sabor general es suave y cremoso.<\/p><h2>Fresa y pl\u00e1tano<\/h2><p>Una mezcla de sabores afrutados: combina la dulzura de las fresas rojas maduras con el sabor cremoso del pl\u00e1tano. La ligera acidez de las fresas suaviza el conjunto.<\/p><p>Rico sabor: La primera bocanada ofrece la sensaci\u00f3n picante y dulce de las fresas, seguida del denso aroma l\u00e1cteo del pl\u00e1tano, y el final es suave y cremoso, como un batido fresco.<\/p><h2>Cambio de experiencia<\/h2><p>Cambio instant\u00e1neo: Justo despu\u00e9s de fumar el helado de ar\u00e1ndanos, puede cambiar a un batido caliente de fresa y pl\u00e1tano para adaptarse a su estado de \u00e1nimo y a su gusto.<\/p><h2>Sabores destacados<\/h2><p>Fr\u00edo + L\u00e1cteo: Los dos sabores extremos de \u00abfrescor afrutado\u00bb y \u00absuave aroma l\u00e1cteo\u00bb se combinan para crear una experiencia \u00fanica.<\/p><p>Gran sentido de la estratificaci\u00f3n: cada cambio de sabor es una peque\u00f1a sorpresa, con una progresi\u00f3n natural de los sabores de las secciones anterior, intermedia y posterior.<\/p><h2>Especificaciones del Bang King 30000 Hielo de ar\u00e1ndano y fresa y pl\u00e1tano<\/h2><p>N\u00famero de caladas: Cada cigarrillo electr\u00f3nico ofrece hasta 30.000 caladas.<\/p><p>Capacidad de l\u00edquido: 36 ml<\/p><p>Capacidad de la bater\u00eda: 550 mAh, recargable mediante USB-C<\/p><p>Resistencia de atomizaci\u00f3n: Resistencia de malla de 1,0 \u03a9, teniendo en cuenta el sabor y el volumen de humo.<\/p><p>Elecci\u00f3n de las concentraciones de nicotina: 0 %, 2 %, 3 %, 5 %<\/p><h2>Funciones del Bang King 30000 Blueberry Ice &amp; Strawberry And Banana<\/h2><p>Doble funci\u00f3n de cambio de sabor: admite dos funciones diferentes de cambio de sabor, f\u00e1cil cambio de sabor.<\/p><p>Carga r\u00e1pida Type-C: ofrece una carga m\u00e1s r\u00e1pida para la bater\u00eda recargable de 550 mAh.<\/p><h2>Ventajas del Bang King 30000<\/h2><p>Ligero: dise\u00f1o de cigarrillo electr\u00f3nico desechable, sin necesidad de a\u00f1adir aceite o reemplazar la resistencia de malla, f\u00e1cil de llevar.<\/p><p>Excelente autonom\u00eda: adecuada para un uso prolongado, sin necesidad de recargar o a\u00f1adir aceite con frecuencia.<\/p><p>Dise\u00f1o estructural: cuerpo est\u00e1ndar en forma de tira, tacto agradable, f\u00e1cil cambio de sabor.<\/p><p>Gran capacidad (36 ml de aceite + bater\u00eda de 550 mAh), larga duraci\u00f3n.<\/p><p>El doble cambio de sabor ofrece una gran variedad de experiencias gustativas.<\/p><p>La resistencia de la malla mejora el humo y el sabor.<\/p><p>Carga USB-C r\u00e1pida y c\u00f3moda.<\/p>\t\t\t\t\t\t\t\t<\/div>\n\t\t\t\t<\/div>\n\t\t\t\t\t<\/div>\n\t\t\t\t<\/div>\n\t\t\t\t<\/div>","protected":false},"excerpt":{"rendered":"<p>Cette combinaison \u00ab\u00a0myrtille glac\u00e9e + fraise banane\u00a0\u00bb convient aux amateurs de cigarettes \u00e9lectroniques qui appr\u00e9cient les saveurs fruit\u00e9es intenses, recherchent tant\u00f4t un go\u00fbt rafra\u00eechissant et glac\u00e9, tant\u00f4t un go\u00fbt chaud et sucr\u00e9. Le changement de saveurs fluide vous permet de changer d&rsquo;humeur \u00e0 tout moment et de vivre des sensations totalement diff\u00e9rentes. Blueberry Ice (Myrtille [&hellip;]<\/p>\n","protected":false},"featured_media":5973,"comment_status":"open","ping_status":"closed","template":"","meta":{"site-sidebar-layout":"no-sidebar","site-content-layout":"page-builder","ast-site-content-layout":"normal-width-container","site-content-style":"default","site-sidebar-style":"default","ast-global-header-display":"","ast-banner-title-visibility":"","ast-main-header-display":"","ast-hfb-above-header-display":"","ast-hfb-below-header-display":"","ast-hfb-mobile-header-display":"","site-post-title":"disabled","ast-breadcrumbs-content":"","ast-featured-img":"disabled","footer-sml-layout":"","ast-disable-related-posts":"","theme-transparent-header-meta":"default","adv-header-id-meta":"","stick-header-meta":"default","header-above-stick-meta":"","header-main-stick-meta":"","header-below-stick-meta":"","astra-migrate-meta-layouts":"set","ast-page-background-enabled":"default","ast-page-background-meta":{"desktop":{"background-color":"","background-image":"","background-repeat":"repeat","background-position":"center center","background-size":"auto","background-attachment":"scroll","background-type":"","background-media":"","overlay-type":"","overlay-color":"","overlay-opacity":"","overlay-gradient":""},"tablet":{"background-color":"","background-image":"","background-repeat":"repeat","background-position":"center center","background-size":"auto","background-attachment":"scroll","background-type":"","background-media":"","overlay-type":"","overlay-color":"","overlay-opacity":"","overlay-gradient":""},"mobile":{"background-color":"","background-image":"","background-repeat":"repeat","background-position":"center center","background-size":"auto","background-attachment":"scroll","background-type":"","background-media":"","overlay-type":"","overlay-color":"","overlay-opacity":"","overlay-gradient":""}},"ast-content-background-meta":{"desktop":{"background-color":"var(--ast-global-color-5)","background-image":"","background-repeat":"repeat","background-position":"center center","background-size":"auto","background-attachment":"scroll","background-type":"","background-media":"","overlay-type":"","overlay-color":"","overlay-opacity":"","overlay-gradient":""},"tablet":{"background-color":"var(--ast-global-color-5)","background-image":"","background-repeat":"repeat","background-position":"center center","background-size":"auto","background-attachment":"scroll","background-type":"","background-media":"","overlay-type":"","overlay-color":"","overlay-opacity":"","overlay-gradient":""},"mobile":{"background-color":"var(--ast-global-color-5)","background-image":"","background-repeat":"repeat","background-position":"center center","background-size":"auto","background-attachment":"scroll","background-type":"","background-media":"","overlay-type":"","overlay-color":"","overlay-opacity":"","overlay-gradient":""}}},"product_brand":[52],"product_cat":[55,86,15],"product_tag":[],"class_list":{"0":"post-6099","1":"product","2":"type-product","3":"status-publish","4":"has-post-thumbnail","6":"product_brand-bang-king","7":"product_cat-bang-king-30000-double-saveur-offre-jusqua-36ml-de-liquide","8":"product_cat-puff-30k","9":"product_cat-magasin-cigarette-electronique","10":"desktop-align-center","11":"tablet-align-center","12":"mobile-align-center","13":"ast-product-gallery-layout-horizontal","14":"ast-product-gallery-with-no-image","15":"ast-product-single-variable","16":"ast-product-tabs-layout-horizontal","17":"ast-qv-on-image","19":"first","20":"instock","21":"sale","22":"shipping-taxable","23":"purchasable","24":"product-type-variable","25":"has-default-attributes"},"tiered_pricing_type":"fixed","tiered_pricing_fixed_rules":{"50":7.33,"100":6.66},"tiered_pricing_product_settings":{"layout":"default","base_unit_name":{"singular":null,"plural":null},"default_variation":null},"tiered_pricing_minimum_quantity":null,"tiered_pricing_roles_data":[],"tiered_pricing_percentage_rules":[],"_links":{"self":[{"href":"https:\/\/puffvapestore.com\/es\/wp-json\/wp\/v2\/product\/6099","targetHints":{"allow":["GET"]}}],"collection":[{"href":"https:\/\/puffvapestore.com\/es\/wp-json\/wp\/v2\/product"}],"about":[{"href":"https:\/\/puffvapestore.com\/es\/wp-json\/wp\/v2\/types\/product"}],"replies":[{"embeddable":true,"href":"https:\/\/puffvapestore.com\/es\/wp-json\/wp\/v2\/comments?post=6099"}],"version-history":[{"count":7,"href":"https:\/\/puffvapestore.com\/es\/wp-json\/wp\/v2\/product\/6099\/revisions"}],"predecessor-version":[{"id":6232,"href":"https:\/\/puffvapestore.com\/es\/wp-json\/wp\/v2\/product\/6099\/revisions\/6232"}],"wp:featuredmedia":[{"embeddable":true,"href":"https:\/\/puffvapestore.com\/es\/wp-json\/wp\/v2\/media\/5973"}],"wp:attachment":[{"href":"https:\/\/puffvapestore.com\/es\/wp-json\/wp\/v2\/media?parent=6099"}],"wp:term":[{"taxonomy":"product_brand","embeddable":true,"href":"https:\/\/puffvapestore.com\/es\/wp-json\/wp\/v2\/product_brand?post=6099"},{"taxonomy":"product_cat","embeddable":true,"href":"https:\/\/puffvapestore.com\/es\/wp-json\/wp\/v2\/product_cat?post=6099"},{"taxonomy":"product_tag","embeddable":true,"href":"https:\/\/puffvapestore.com\/es\/wp-json\/wp\/v2\/product_tag?post=6099"}],"curies":[{"name":"wp","href":"https:\/\/api.w.org\/{rel}","templated":true}]}}