{"id":6088,"date":"2025-07-30T08:33:12","date_gmt":"2025-07-30T08:33:12","guid":{"rendered":"https:\/\/puffvapestore.com\/?post_type=product&#038;p=6088"},"modified":"2026-01-19T10:36:11","modified_gmt":"2026-01-19T10:36:11","slug":"bang-king-30k-blueberry-raspberry-mixed-mouldy-fruit-offre-un-contraste-de-saveurs-saisissant","status":"publish","type":"product","link":"https:\/\/puffvapestore.com\/es\/product\/bang-king-30k-arandano-frambuesa-mezcla-de-frutas-enmohecidas-ofrece-un-sorprendente-contraste-de-sabores\/","title":{"rendered":"Bang King 30K - Ar\u00e1ndano Frambuesa y Fruta Mohosa Mixta"},"content":{"rendered":"<div data-elementor-type=\"wp-post\" data-elementor-id=\"6088\" class=\"elementor elementor-6088\">\n\t\t\t\t<div class=\"elementor-element elementor-element-08c26f9 e-flex e-con-boxed e-con e-parent\" data-id=\"08c26f9\" data-element_type=\"container\" data-e-type=\"container\">\n\t\t\t\t\t<div class=\"e-con-inner\">\n\t\t\t\t<div class=\"elementor-element elementor-element-a005a97 elementor-widget elementor-widget-text-editor\" data-id=\"a005a97\" data-element_type=\"widget\" data-e-type=\"widget\" data-widget_type=\"text-editor.default\">\n\t\t\t\t<div class=\"elementor-widget-container\">\n\t\t\t\t\t\t\t\t\t<p>Blueberry Raspberry &amp; Mixed Mouldy Fruit es uno de los sabores combinados de los cigarrillos electr\u00f3nicos Bang King 30K. Esta combinaci\u00f3n de sabores es \u00fanica: uno es una serie de bayas frescas y dulces, el otro es un potente estilo fermentado con fruta mohosa, un contraste sorprendente pero una coordinaci\u00f3n inesperada.<\/p><h2>Aroma de ar\u00e1ndano y frambuesa<\/h2><p>Sabor: dulce y \u00e1cido, el ar\u00e1ndano es rico en mermelada, la frambuesa es refrescante, con la frescura de las bayas naturales.<\/p><p>Sabor: El humo es un sedoso pur\u00e9 de bayas, con el justo equilibrio de dulzor y acidez; la mezcla de ar\u00e1ndano y frambuesa ofrece notas afrutadas y una fresca acidez afrutada.<\/p><h2>Mezcla con sabor a fruta enmohecida<\/h2><p>Aroma y sabor: Un sabor potente con un toque de fermentaci\u00f3n o moho, similar al aroma rico y meloso de la fruta conservada durante mucho tiempo, que resalta la madurez, el envejecimiento e incluso una ligera acidez de las bayas.<\/p><p>Sabor: Complejo y variado, \u00e1cido y astringente, similar al de las bayas silvestres mezcladas y ligeramente fermentadas. Una ligera aspereza en el paladar, como si se masticara la piel y un ligero aroma a levadura natural a\u00f1adida.<\/p><h2>Una doble experiencia de sabores cambiantes<\/h2><p>Al cambiar de sabor, el dulzor fresco y la acidez del ar\u00e1ndano y la frambuesa impresionan inmediatamente a las papilas gustativas, mientras que cuando se pasa al sabor de la mezcla de frutas enmohecidas, se experimentan las capas m\u00e1s complejas de la fruta madura fermentada.<\/p><p>Alternar entre los dos sabores es como pasar de un huerto a una bodega subterr\u00e1nea: uno es refrescante, el otro es profundo, lo que resulta muy estimulante para las papilas gustativas.<\/p><h2>Especificaciones del Bang King 30000 Ar\u00e1ndano Frambuesa y Fruta Mohosa Mixta<\/h2><p>N\u00famero de caladas: Cada cigarrillo electr\u00f3nico ofrece hasta 30.000 caladas.<\/p><p>Capacidad de l\u00edquido: 36 ml<\/p><p>Capacidad de la bater\u00eda: 550 mAh, recargable mediante USB-C<\/p><p>Resistencia de atomizaci\u00f3n: Resistencia de malla de 1,0 \u03a9, teniendo en cuenta el sabor y el volumen de humo.<\/p><p>Elecci\u00f3n de las concentraciones de nicotina: 0 %, 2 %, 3 %, 5 %<\/p><h2>Funciones del Bang King 30000 Ar\u00e1ndano Frambuesa y Fruta Mohosa Mixta<\/h2><p>Doble funci\u00f3n de cambio de sabor: admite dos funciones diferentes de cambio de sabor, f\u00e1cil cambio de sabor.<\/p><p>Carga r\u00e1pida Type-C: ofrece una carga m\u00e1s r\u00e1pida para la bater\u00eda recargable de 550 mAh.<\/p><h2>Ventajas del Bang King 30000 Ar\u00e1ndano Frambuesa y Fruta Mohosa Mixta<\/h2><p>Ligero: dise\u00f1o de cigarrillo electr\u00f3nico desechable, sin necesidad de a\u00f1adir aceite o reemplazar la resistencia de malla, f\u00e1cil de llevar.<\/p><p>Excelente autonom\u00eda: adecuada para un uso prolongado, sin necesidad de recargar o a\u00f1adir aceite con frecuencia.<\/p><p>Dise\u00f1o estructural: cuerpo est\u00e1ndar en forma de tira, tacto agradable, f\u00e1cil cambio de sabor.<\/p><p>Gran capacidad (36 ml de aceite + bater\u00eda de 550 mAh), larga duraci\u00f3n.<\/p><p>El doble cambio de sabor ofrece una gran variedad de experiencias gustativas.<\/p><p>La resistencia de la malla mejora el humo y el sabor.<\/p><p>Carga USB-C r\u00e1pida y c\u00f3moda.<\/p>\t\t\t\t\t\t\t\t<\/div>\n\t\t\t\t<\/div>\n\t\t\t\t\t<\/div>\n\t\t\t\t<\/div>\n\t\t\t\t<\/div>","protected":false},"excerpt":{"rendered":"<p>Blueberry Raspberry &amp; Mixed Mouldy Fruit est l&rsquo;une des saveurs combin\u00e9es des cigarettes \u00e9lectroniques Bang King 30K. Cette combinaison de saveurs est unique\u00a0: l&rsquo;une est une s\u00e9rie de baies fra\u00eeches et sucr\u00e9es, l&rsquo;autre est un style ferment\u00e9 puissant avec des fruits moisis, un contraste saisissant mais une coordination inattendue. Ar\u00f4me Myrtille, Framboise Ar\u00f4me\u00a0: aigre-doux, la [&hellip;]<\/p>\n","protected":false},"featured_media":5974,"comment_status":"open","ping_status":"closed","template":"","meta":{"site-sidebar-layout":"no-sidebar","site-content-layout":"page-builder","ast-site-content-layout":"normal-width-container","site-content-style":"default","site-sidebar-style":"default","ast-global-header-display":"","ast-banner-title-visibility":"","ast-main-header-display":"","ast-hfb-above-header-display":"","ast-hfb-below-header-display":"","ast-hfb-mobile-header-display":"","site-post-title":"disabled","ast-breadcrumbs-content":"","ast-featured-img":"disabled","footer-sml-layout":"","ast-disable-related-posts":"","theme-transparent-header-meta":"default","adv-header-id-meta":"","stick-header-meta":"default","header-above-stick-meta":"","header-main-stick-meta":"","header-below-stick-meta":"","astra-migrate-meta-layouts":"set","ast-page-background-enabled":"default","ast-page-background-meta":{"desktop":{"background-color":"","background-image":"","background-repeat":"repeat","background-position":"center center","background-size":"auto","background-attachment":"scroll","background-type":"","background-media":"","overlay-type":"","overlay-color":"","overlay-opacity":"","overlay-gradient":""},"tablet":{"background-color":"","background-image":"","background-repeat":"repeat","background-position":"center center","background-size":"auto","background-attachment":"scroll","background-type":"","background-media":"","overlay-type":"","overlay-color":"","overlay-opacity":"","overlay-gradient":""},"mobile":{"background-color":"","background-image":"","background-repeat":"repeat","background-position":"center center","background-size":"auto","background-attachment":"scroll","background-type":"","background-media":"","overlay-type":"","overlay-color":"","overlay-opacity":"","overlay-gradient":""}},"ast-content-background-meta":{"desktop":{"background-color":"var(--ast-global-color-5)","background-image":"","background-repeat":"repeat","background-position":"center center","background-size":"auto","background-attachment":"scroll","background-type":"","background-media":"","overlay-type":"","overlay-color":"","overlay-opacity":"","overlay-gradient":""},"tablet":{"background-color":"var(--ast-global-color-5)","background-image":"","background-repeat":"repeat","background-position":"center center","background-size":"auto","background-attachment":"scroll","background-type":"","background-media":"","overlay-type":"","overlay-color":"","overlay-opacity":"","overlay-gradient":""},"mobile":{"background-color":"var(--ast-global-color-5)","background-image":"","background-repeat":"repeat","background-position":"center center","background-size":"auto","background-attachment":"scroll","background-type":"","background-media":"","overlay-type":"","overlay-color":"","overlay-opacity":"","overlay-gradient":""}}},"product_brand":[52],"product_cat":[55,86,15],"product_tag":[],"class_list":{"0":"post-6088","1":"product","2":"type-product","3":"status-publish","4":"has-post-thumbnail","6":"product_brand-bang-king","7":"product_cat-bang-king-30000-double-saveur-offre-jusqua-36ml-de-liquide","8":"product_cat-puff-30k","9":"product_cat-magasin-cigarette-electronique","10":"desktop-align-center","11":"tablet-align-center","12":"mobile-align-center","13":"ast-product-gallery-layout-horizontal","14":"ast-product-gallery-with-no-image","15":"ast-product-single-variable","16":"ast-product-tabs-layout-horizontal","17":"ast-qv-on-image","19":"first","20":"instock","21":"sale","22":"shipping-taxable","23":"purchasable","24":"product-type-variable","25":"has-default-attributes"},"tiered_pricing_type":"fixed","tiered_pricing_fixed_rules":{"50":7.33,"100":6.66},"tiered_pricing_product_settings":{"layout":"default","base_unit_name":{"singular":null,"plural":null},"default_variation":null},"tiered_pricing_minimum_quantity":null,"tiered_pricing_roles_data":[],"tiered_pricing_percentage_rules":[],"_links":{"self":[{"href":"https:\/\/puffvapestore.com\/es\/wp-json\/wp\/v2\/product\/6088","targetHints":{"allow":["GET"]}}],"collection":[{"href":"https:\/\/puffvapestore.com\/es\/wp-json\/wp\/v2\/product"}],"about":[{"href":"https:\/\/puffvapestore.com\/es\/wp-json\/wp\/v2\/types\/product"}],"replies":[{"embeddable":true,"href":"https:\/\/puffvapestore.com\/es\/wp-json\/wp\/v2\/comments?post=6088"}],"version-history":[{"count":7,"href":"https:\/\/puffvapestore.com\/es\/wp-json\/wp\/v2\/product\/6088\/revisions"}],"predecessor-version":[{"id":6231,"href":"https:\/\/puffvapestore.com\/es\/wp-json\/wp\/v2\/product\/6088\/revisions\/6231"}],"wp:featuredmedia":[{"embeddable":true,"href":"https:\/\/puffvapestore.com\/es\/wp-json\/wp\/v2\/media\/5974"}],"wp:attachment":[{"href":"https:\/\/puffvapestore.com\/es\/wp-json\/wp\/v2\/media?parent=6088"}],"wp:term":[{"taxonomy":"product_brand","embeddable":true,"href":"https:\/\/puffvapestore.com\/es\/wp-json\/wp\/v2\/product_brand?post=6088"},{"taxonomy":"product_cat","embeddable":true,"href":"https:\/\/puffvapestore.com\/es\/wp-json\/wp\/v2\/product_cat?post=6088"},{"taxonomy":"product_tag","embeddable":true,"href":"https:\/\/puffvapestore.com\/es\/wp-json\/wp\/v2\/product_tag?post=6088"}],"curies":[{"name":"wp","href":"https:\/\/api.w.org\/{rel}","templated":true}]}}