{"id":6065,"date":"2025-07-30T03:07:02","date_gmt":"2025-07-30T03:07:02","guid":{"rendered":"https:\/\/puffvapestore.com\/?post_type=product&#038;p=6065"},"modified":"2026-01-19T10:36:11","modified_gmt":"2026-01-19T10:36:11","slug":"bang-king-30k-blueberry-raspberry-peach-mango-watermelon-une-surprise-pour-vos-papilles","status":"publish","type":"product","link":"https:\/\/puffvapestore.com\/es\/product\/bang-king-30k-arandano-frambuesa-melocoton-mango-sandia-una-sorpresa-para-su-paladar\/","title":{"rendered":"Bang King 30K - Ar\u00e1ndano Frambuesa y Melocot\u00f3n Mango Sand\u00eda"},"content":{"rendered":"<div data-elementor-type=\"wp-post\" data-elementor-id=\"6065\" class=\"elementor elementor-6065\">\n\t\t\t\t<div class=\"elementor-element elementor-element-08c26f9 e-flex e-con-boxed e-con e-parent\" data-id=\"08c26f9\" data-element_type=\"container\" data-e-type=\"container\">\n\t\t\t\t\t<div class=\"e-con-inner\">\n\t\t\t\t<div class=\"elementor-element elementor-element-a005a97 elementor-widget elementor-widget-text-editor\" data-id=\"a005a97\" data-element_type=\"widget\" data-e-type=\"widget\" data-widget_type=\"text-editor.default\">\n\t\t\t\t<div class=\"elementor-widget-container\">\n\t\t\t\t\t\t\t\t\t<p>El Bang King 30000 Blueberry Raspberry &amp; Peach Mango Watermelon no es un cigarrillo electr\u00f3nico cualquiera. Su sabor dual est\u00e1 dise\u00f1ado para aquellos que aman la vida y buscan un cambio. Sin cambiar de dispositivo, podr\u00e1 navegar libremente entre dos mundos afrutados completamente diferentes, como si pudiera cambiar de destino durante el viaje, ofreciendo a sus papilas gustativas constantes sorpresas.<\/p><h2>Ar\u00e1ndano Frambuesa<\/h2><p>Este sabor a base de bayas ofrece un sabor complejo y complejo.<\/p><p>Ar\u00e1ndano: aroma rico y dulce con un toque de terrosidad natural. El humo es suave al paladar y est\u00e1 lleno de sabores afrutados, que recuerdan a la dulzura de los ar\u00e1ndanos maduros.<\/p><p>Frambuesa: A diferencia de los ar\u00e1ndanos, tiene un pronunciado sabor \u00e1cido, que aporta vitalidad al conjunto.<\/p><p>El ataque es suave, seguido de una refrescante acidez en el paladar medio, antes de terminar con un ligero sabor a bayas y un sutil equilibrio.<\/p><h2>Melocot\u00f3n, mango y sand\u00eda<\/h2><p>Esta mezcla de frutas tropicales tiene un sabor pleno, jugoso y dulce.<\/p><p>Melocot\u00f3n: El ataque es pronunciado, suave y meloso, con buena carne y un aroma afrutado natural que recuerda al melocot\u00f3n fresco.<\/p><p>Mango: El ataque es marcado, con el sabor tropical del mango maduro y un toque de cremosidad l\u00e1ctea, redondeando el conjunto.<\/p><p>Sand\u00eda: Aparece en el final, proporcionando una refrescante sensaci\u00f3n acuosa que atempera la grasa, con un dulzor moderado, aportando notas al conjunto.<\/p><p>El humo es rico y dulce al ataque, y las tres frutas se mezclan armoniosamente, sin ser abrumadoras, dulces pero no grasientas. Adecuado para usuarios que disfrutan de los sabores de los zumos de cigarrillos electr\u00f3nicos.<\/p><h2>Especificaciones del Bang King 30000 Ar\u00e1ndano Frambuesa y Melocot\u00f3n Mango Sand\u00eda<\/h2><p>N\u00famero de caladas: Cada cigarrillo electr\u00f3nico ofrece hasta 30.000 caladas.<\/p><p>Capacidad de l\u00edquido: 36 ml<\/p><p>Capacidad de la bater\u00eda: 550 mAh, recargable mediante USB-C<\/p><p>Resistencia de atomizaci\u00f3n: Resistencia de malla de 1,0 \u03a9, teniendo en cuenta el sabor y el volumen de humo.<\/p><p>Elecci\u00f3n de las concentraciones de nicotina: 0 %, 2 %, 3 %, 5 %<\/p><h2>Funciones del Bang King 30000 Ar\u00e1ndano Frambuesa y Melocot\u00f3n Mango Sand\u00eda<\/h2><p>Doble funci\u00f3n de cambio de sabor: admite dos funciones diferentes de cambio de sabor, f\u00e1cil cambio de sabor.<\/p><p>Carga r\u00e1pida Type-C: ofrece una carga m\u00e1s r\u00e1pida para la bater\u00eda recargable de 550 mAh.<\/p><h2>Ventajas del Bang King 30000 Ar\u00e1ndano Frambuesa y Melocot\u00f3n Mango Sand\u00eda<\/h2><p>Ligero: dise\u00f1o de cigarrillo electr\u00f3nico desechable, sin necesidad de a\u00f1adir aceite o reemplazar la resistencia de malla, f\u00e1cil de llevar.<\/p><p>Excelente autonom\u00eda: adecuada para un uso prolongado, sin necesidad de recargar o a\u00f1adir aceite con frecuencia.<\/p><p>Dise\u00f1o estructural: cuerpo est\u00e1ndar en forma de tira, tacto agradable, f\u00e1cil cambio de sabor.<\/p><p>Gran capacidad (36 ml de aceite + bater\u00eda de 550 mAh), larga duraci\u00f3n.<\/p><p>El doble cambio de sabor ofrece una gran variedad de experiencias gustativas.<\/p><p>La resistencia de la malla mejora el humo y el sabor.<\/p><p>Carga USB-C r\u00e1pida y c\u00f3moda.<\/p>\t\t\t\t\t\t\t\t<\/div>\n\t\t\t\t<\/div>\n\t\t\t\t\t<\/div>\n\t\t\t\t<\/div>\n\t\t\t\t<\/div>","protected":false},"excerpt":{"rendered":"<p>La Bang King 30000 Blueberry Raspberry &amp; Peach Mango Watermelon n&rsquo;est pas une cigarette \u00e9lectronique ordinaire. Son double ar\u00f4me est con\u00e7u pour ceux qui aiment la vie et recherchent le changement. Sans changer d&rsquo;appareil, vous pouvez naviguer librement entre deux univers fruit\u00e9s compl\u00e8tement diff\u00e9rents, comme si vous pouviez changer de destination au cours du voyage, [&hellip;]<\/p>\n","protected":false},"featured_media":5975,"comment_status":"open","ping_status":"closed","template":"","meta":{"site-sidebar-layout":"no-sidebar","site-content-layout":"page-builder","ast-site-content-layout":"normal-width-container","site-content-style":"default","site-sidebar-style":"default","ast-global-header-display":"","ast-banner-title-visibility":"","ast-main-header-display":"","ast-hfb-above-header-display":"","ast-hfb-below-header-display":"","ast-hfb-mobile-header-display":"","site-post-title":"disabled","ast-breadcrumbs-content":"","ast-featured-img":"disabled","footer-sml-layout":"","ast-disable-related-posts":"","theme-transparent-header-meta":"default","adv-header-id-meta":"","stick-header-meta":"default","header-above-stick-meta":"","header-main-stick-meta":"","header-below-stick-meta":"","astra-migrate-meta-layouts":"set","ast-page-background-enabled":"default","ast-page-background-meta":{"desktop":{"background-color":"","background-image":"","background-repeat":"repeat","background-position":"center center","background-size":"auto","background-attachment":"scroll","background-type":"","background-media":"","overlay-type":"","overlay-color":"","overlay-opacity":"","overlay-gradient":""},"tablet":{"background-color":"","background-image":"","background-repeat":"repeat","background-position":"center center","background-size":"auto","background-attachment":"scroll","background-type":"","background-media":"","overlay-type":"","overlay-color":"","overlay-opacity":"","overlay-gradient":""},"mobile":{"background-color":"","background-image":"","background-repeat":"repeat","background-position":"center center","background-size":"auto","background-attachment":"scroll","background-type":"","background-media":"","overlay-type":"","overlay-color":"","overlay-opacity":"","overlay-gradient":""}},"ast-content-background-meta":{"desktop":{"background-color":"var(--ast-global-color-5)","background-image":"","background-repeat":"repeat","background-position":"center center","background-size":"auto","background-attachment":"scroll","background-type":"","background-media":"","overlay-type":"","overlay-color":"","overlay-opacity":"","overlay-gradient":""},"tablet":{"background-color":"var(--ast-global-color-5)","background-image":"","background-repeat":"repeat","background-position":"center center","background-size":"auto","background-attachment":"scroll","background-type":"","background-media":"","overlay-type":"","overlay-color":"","overlay-opacity":"","overlay-gradient":""},"mobile":{"background-color":"var(--ast-global-color-5)","background-image":"","background-repeat":"repeat","background-position":"center center","background-size":"auto","background-attachment":"scroll","background-type":"","background-media":"","overlay-type":"","overlay-color":"","overlay-opacity":"","overlay-gradient":""}}},"product_brand":[52],"product_cat":[55,86,15],"product_tag":[],"class_list":{"0":"post-6065","1":"product","2":"type-product","3":"status-publish","4":"has-post-thumbnail","6":"product_brand-bang-king","7":"product_cat-bang-king-30000-double-saveur-offre-jusqua-36ml-de-liquide","8":"product_cat-puff-30k","9":"product_cat-magasin-cigarette-electronique","10":"desktop-align-center","11":"tablet-align-center","12":"mobile-align-center","13":"ast-product-gallery-layout-horizontal","14":"ast-product-gallery-with-no-image","15":"ast-product-single-variable","16":"ast-product-tabs-layout-horizontal","17":"ast-qv-on-image","19":"first","20":"instock","21":"sale","22":"shipping-taxable","23":"purchasable","24":"product-type-variable","25":"has-default-attributes"},"tiered_pricing_type":"fixed","tiered_pricing_fixed_rules":{"50":7.33,"100":6.66},"tiered_pricing_product_settings":{"layout":"default","base_unit_name":{"singular":null,"plural":null},"default_variation":null},"tiered_pricing_minimum_quantity":null,"tiered_pricing_roles_data":[],"tiered_pricing_percentage_rules":[],"_links":{"self":[{"href":"https:\/\/puffvapestore.com\/es\/wp-json\/wp\/v2\/product\/6065","targetHints":{"allow":["GET"]}}],"collection":[{"href":"https:\/\/puffvapestore.com\/es\/wp-json\/wp\/v2\/product"}],"about":[{"href":"https:\/\/puffvapestore.com\/es\/wp-json\/wp\/v2\/types\/product"}],"replies":[{"embeddable":true,"href":"https:\/\/puffvapestore.com\/es\/wp-json\/wp\/v2\/comments?post=6065"}],"version-history":[{"count":7,"href":"https:\/\/puffvapestore.com\/es\/wp-json\/wp\/v2\/product\/6065\/revisions"}],"predecessor-version":[{"id":6229,"href":"https:\/\/puffvapestore.com\/es\/wp-json\/wp\/v2\/product\/6065\/revisions\/6229"}],"wp:featuredmedia":[{"embeddable":true,"href":"https:\/\/puffvapestore.com\/es\/wp-json\/wp\/v2\/media\/5975"}],"wp:attachment":[{"href":"https:\/\/puffvapestore.com\/es\/wp-json\/wp\/v2\/media?parent=6065"}],"wp:term":[{"taxonomy":"product_brand","embeddable":true,"href":"https:\/\/puffvapestore.com\/es\/wp-json\/wp\/v2\/product_brand?post=6065"},{"taxonomy":"product_cat","embeddable":true,"href":"https:\/\/puffvapestore.com\/es\/wp-json\/wp\/v2\/product_cat?post=6065"},{"taxonomy":"product_tag","embeddable":true,"href":"https:\/\/puffvapestore.com\/es\/wp-json\/wp\/v2\/product_tag?post=6065"}],"curies":[{"name":"wp","href":"https:\/\/api.w.org\/{rel}","templated":true}]}}