{"id":6002,"date":"2025-07-29T13:39:34","date_gmt":"2025-07-29T13:39:34","guid":{"rendered":"https:\/\/puffvapestore.com\/?post_type=product&#038;p=6002"},"modified":"2026-01-19T10:36:10","modified_gmt":"2026-01-19T10:36:10","slug":"bang-king-30000-resistance-mesh-et-une-batterie-rechargeable","status":"publish","type":"product","link":"https:\/\/puffvapestore.com\/es\/product\/bang-king-resistencia-de-malla-30000-y-bateria-recargable\/","title":{"rendered":"Bang King 30000: 36 ml de e-l\u00edquido, resistencia de malla, concentraciones de nicotina opcionales: 0 %, 2 %, 3 %, 5 %"},"content":{"rendered":"<div data-elementor-type=\"wp-post\" data-elementor-id=\"6002\" class=\"elementor elementor-6002\">\n\t\t\t\t<div class=\"elementor-element elementor-element-08c26f9 e-flex e-con-boxed e-con e-parent\" data-id=\"08c26f9\" data-element_type=\"container\" data-e-type=\"container\">\n\t\t\t\t\t<div class=\"e-con-inner\">\n\t\t\t\t<div class=\"elementor-element elementor-element-a005a97 elementor-widget elementor-widget-text-editor\" data-id=\"a005a97\" data-element_type=\"widget\" data-e-type=\"widget\" data-widget_type=\"text-editor.default\">\n\t\t\t\t<div class=\"elementor-widget-container\">\n\t\t\t\t\t\t\t\t\t<h2>Especificaciones del Bang King 30000<\/h2><p>N\u00famero de caladas: Cada cigarrillo electr\u00f3nico ofrece hasta 30.000 caladas.<\/p><p>Capacidad de l\u00edquido: 36 ml<\/p><p>Capacidad de la bater\u00eda: 550 mAh, recargable mediante USB-C<\/p><p>Resistencia de atomizaci\u00f3n: Resistencia de malla de 1,0 \u03a9, teniendo en cuenta el sabor y el volumen de humo.<\/p><p>Elecci\u00f3n de las concentraciones de nicotina: 0 %, 2 %, 3 %, 5 %<\/p><h2>Funciones del Bang King 30000<\/h2><p>Doble funci\u00f3n de cambio de sabor: admite dos funciones diferentes de cambio de sabor, f\u00e1cil cambio de sabor.<\/p><p>Carga r\u00e1pida Type-C: ofrece una carga m\u00e1s r\u00e1pida para la bater\u00eda recargable de 550 mAh.<\/p><h2>Ventajas del Bang King 30000<\/h2><p>Ligero: dise\u00f1o de cigarrillo electr\u00f3nico desechable, sin necesidad de a\u00f1adir aceite o reemplazar la resistencia de malla, f\u00e1cil de llevar.<\/p><p>Excelente autonom\u00eda: adecuada para un uso prolongado, sin necesidad de recargar o a\u00f1adir aceite con frecuencia.<\/p><p>Dise\u00f1o estructural: cuerpo est\u00e1ndar en forma de tira, tacto agradable, f\u00e1cil cambio de sabor.<\/p><p>Gran capacidad (36 ml de aceite + bater\u00eda de 550 mAh), larga duraci\u00f3n.<\/p><p>El doble cambio de sabor ofrece una gran variedad de experiencias gustativas.<\/p><p>La resistencia de la malla mejora el humo y el sabor.<\/p><p>Carga USB-C r\u00e1pida y c\u00f3moda.<\/p><h2>El Bang King 30000 dual flavour ofrece 12 combinaciones de sabores \u00fanicas<\/h2><p>El cigarrillo electr\u00f3nico de doble sabor Bang King 30000 ofrece 12 combinaciones de sabores \u00fanicas para satisfacer todos los gustos. Cada cigarrillo electr\u00f3nico contiene 36 ml de e-l\u00edquido de alta capacidad y ofrece 30000 caladas de humo. Estos sabores est\u00e1n dise\u00f1ados con un sistema de conmutaci\u00f3n de doble sabor, lo que permite a los usuarios disfrutar de dos sabores totalmente diferentes en un solo cigarrillo electr\u00f3nico. Con una resistencia de malla de 1,0 ohm y una bater\u00eda recargable de 550 mAh, garantiza un sabor suave y duradero. Tanto si prefiere sabores refrescantes, dulces u originales, el Bang King 30K le ofrece una amplia selecci\u00f3n.<\/p><h3>Refrescante categor\u00eda afrutada:<\/h3><p>\u00abWatermelon Ice &amp; Blueberry Mint\u00bb: La sand\u00eda congelada ofrece el sabor dulce y jugoso de la sand\u00eda, combinado con la frescura y el dulzor de la menta con ar\u00e1ndanos, para una sensaci\u00f3n de frescor veraniego.<\/p><p>\u00abBlueberry Ice &amp; Black Dragon Ice\u00bb: El ar\u00e1ndano helado se combina con el misterioso sabor de la fruta del drag\u00f3n negra. La dulce acidez del ar\u00e1ndano y el sabor \u00fanico de la fruta del drag\u00f3n se complementan armoniosamente, para un regusto helado hechizante.<\/p><p>\u00abStrawberry Kiwi &amp; Peach Ice\u00bb: La fusi\u00f3n agridulce del kiwi con fresa, combinada con el aroma afrutado y la frescura del melocot\u00f3n helado, proporciona un rico sabor, ideal para los amantes de los refrescantes sabores afrutados.<\/p><h3>Categor\u00eda dulce y afrutada:<\/h3><p>Helado de Ar\u00e1ndanos y Fresa y Pl\u00e1tano: El agridulce helado de ar\u00e1ndanos se combina con la cremosa dulzura del pl\u00e1tano y la fresa, con un toque de dulce frescor, ideal para los golosos.<\/p><p>Fresa Sand\u00eda &amp; Kiwi Maracuy\u00e1 Guayaba: La dulzura de la fresa sand\u00eda se mezcla con los sabores tropicales del kiwi, la fruta de la pasi\u00f3n y la guayaba para ofrecer un rico fest\u00edn afrutado.<\/p><p>Helado de Sand\u00eda y Fresa y Mango: El sabor refrescante del helado de sand\u00eda se combina con el sabor tropical del mango y la fresa, dulce pero no graso, para un momento inolvidable.<\/p><p>\u00abBlueberry Raspberry &amp; Peach Mango Watermelon\u00bb: La acidez del ar\u00e1ndano y la frambuesa se mezcla con los sabores tropicales del melocot\u00f3n, el mango y la sand\u00eda para ofrecer un rico y sutil aroma afrutado.<\/p><p>\u00abFresa, Sand\u00eda y Uva Helada\u00bb: El dulzor de la fresa y la sand\u00eda se combina con el sabor fresco y afrutado de la uva helada para crear una experiencia equilibrada de dulzor y frescor.<\/p><h3>Una categor\u00eda \u00fanica y creativa:<\/h3><p>\u00abRed Bull &amp; Blueberry Watermelon\u00bb: La estimulaci\u00f3n \u00fanica de la bebida energ\u00e9tica Red Bull se combina con el sabor dulce y afrutado del ar\u00e1ndano y la sand\u00eda para una experiencia de fumada vibrante.<\/p><p>\u00abRed Bull &amp; Watermelon Bubble Candy\u00bb: El refrescante sabor de Red Bull se combina con el dulzor del chicle de sand\u00eda para conseguir un sabor original y agradable.<\/p><p>\u00abBlueberry Raspberry &amp; Mixed Mouldy Fruit\u00bb: El cl\u00e1sico sabor afrutado del ar\u00e1ndano y la frambuesa se combina con el aroma \u00fanico de la fruta fermentada para crear una nueva experiencia de sabor, ideal para los vapeadores que buscan algo nuevo.<\/p><p>\u2018Kiwi fresa y frambuesa manzana \u00e1cida\u2019: El dulzor del kiwi fresa se combina con el sabor afrutado ligeramente \u00e1cido de la frambuesa manzana \u00e1cida, con un equilibrado sabor agridulce que resulta excitante.<\/p>\t\t\t\t\t\t\t\t<\/div>\n\t\t\t\t<\/div>\n\t\t\t\t\t<\/div>\n\t\t\t\t<\/div>\n\t\t\t\t<\/div>","protected":false},"excerpt":{"rendered":"<p>Sp\u00e9cifications de la Bang King 30000 Nombre de bouff\u00e9es\u00a0: Chaque cigarette \u00e9lectronique offre jusqu\u2019\u00e0 30000 bouff\u00e9es. Capacit\u00e9 en liquide\u00a0: 36\u00a0ml Capacit\u00e9 de la batterie\u00a0: 550\u00a0mAh, rechargeable par USB-C R\u00e9sistance d\u2019atomisation\u00a0: R\u00e9sistance mesh de 1,0\u00a0\u03a9, prenant en compte le go\u00fbt et le volume de fum\u00e9e. Concentration de nicotine au choix\u00a0: 0\u00a0%, 2\u00a0%, 3\u00a0%, 5\u00a0% Fonctions de [&hellip;]<\/p>\n","protected":false},"featured_media":5987,"comment_status":"open","ping_status":"closed","template":"","meta":{"site-sidebar-layout":"no-sidebar","site-content-layout":"page-builder","ast-site-content-layout":"normal-width-container","site-content-style":"default","site-sidebar-style":"default","ast-global-header-display":"","ast-banner-title-visibility":"","ast-main-header-display":"","ast-hfb-above-header-display":"","ast-hfb-below-header-display":"","ast-hfb-mobile-header-display":"","site-post-title":"disabled","ast-breadcrumbs-content":"","ast-featured-img":"disabled","footer-sml-layout":"","ast-disable-related-posts":"","theme-transparent-header-meta":"default","adv-header-id-meta":"","stick-header-meta":"default","header-above-stick-meta":"","header-main-stick-meta":"","header-below-stick-meta":"","astra-migrate-meta-layouts":"set","ast-page-background-enabled":"default","ast-page-background-meta":{"desktop":{"background-color":"","background-image":"","background-repeat":"repeat","background-position":"center center","background-size":"auto","background-attachment":"scroll","background-type":"","background-media":"","overlay-type":"","overlay-color":"","overlay-opacity":"","overlay-gradient":""},"tablet":{"background-color":"","background-image":"","background-repeat":"repeat","background-position":"center center","background-size":"auto","background-attachment":"scroll","background-type":"","background-media":"","overlay-type":"","overlay-color":"","overlay-opacity":"","overlay-gradient":""},"mobile":{"background-color":"","background-image":"","background-repeat":"repeat","background-position":"center center","background-size":"auto","background-attachment":"scroll","background-type":"","background-media":"","overlay-type":"","overlay-color":"","overlay-opacity":"","overlay-gradient":""}},"ast-content-background-meta":{"desktop":{"background-color":"var(--ast-global-color-5)","background-image":"","background-repeat":"repeat","background-position":"center center","background-size":"auto","background-attachment":"scroll","background-type":"","background-media":"","overlay-type":"","overlay-color":"","overlay-opacity":"","overlay-gradient":""},"tablet":{"background-color":"var(--ast-global-color-5)","background-image":"","background-repeat":"repeat","background-position":"center center","background-size":"auto","background-attachment":"scroll","background-type":"","background-media":"","overlay-type":"","overlay-color":"","overlay-opacity":"","overlay-gradient":""},"mobile":{"background-color":"var(--ast-global-color-5)","background-image":"","background-repeat":"repeat","background-position":"center center","background-size":"auto","background-attachment":"scroll","background-type":"","background-media":"","overlay-type":"","overlay-color":"","overlay-opacity":"","overlay-gradient":""}}},"product_brand":[52],"product_cat":[55,86,15],"product_tag":[],"class_list":{"0":"post-6002","1":"product","2":"type-product","3":"status-publish","4":"has-post-thumbnail","6":"product_brand-bang-king","7":"product_cat-bang-king-30000-double-saveur-offre-jusqua-36ml-de-liquide","8":"product_cat-puff-30k","9":"product_cat-magasin-cigarette-electronique","10":"desktop-align-center","11":"tablet-align-center","12":"mobile-align-center","13":"ast-product-gallery-layout-horizontal","14":"ast-product-single-variable","15":"ast-product-tabs-layout-horizontal","16":"ast-qv-on-image","18":"first","19":"instock","20":"sale","21":"shipping-taxable","22":"purchasable","23":"product-type-variable","24":"has-default-attributes"},"tiered_pricing_type":"fixed","tiered_pricing_fixed_rules":{"50":7.33,"100":6.66},"tiered_pricing_product_settings":{"layout":"default","base_unit_name":{"singular":null,"plural":null},"default_variation":null},"tiered_pricing_minimum_quantity":null,"tiered_pricing_roles_data":[],"tiered_pricing_percentage_rules":[],"_links":{"self":[{"href":"https:\/\/puffvapestore.com\/es\/wp-json\/wp\/v2\/product\/6002","targetHints":{"allow":["GET"]}}],"collection":[{"href":"https:\/\/puffvapestore.com\/es\/wp-json\/wp\/v2\/product"}],"about":[{"href":"https:\/\/puffvapestore.com\/es\/wp-json\/wp\/v2\/types\/product"}],"replies":[{"embeddable":true,"href":"https:\/\/puffvapestore.com\/es\/wp-json\/wp\/v2\/comments?post=6002"}],"version-history":[{"count":6,"href":"https:\/\/puffvapestore.com\/es\/wp-json\/wp\/v2\/product\/6002\/revisions"}],"predecessor-version":[{"id":6064,"href":"https:\/\/puffvapestore.com\/es\/wp-json\/wp\/v2\/product\/6002\/revisions\/6064"}],"wp:featuredmedia":[{"embeddable":true,"href":"https:\/\/puffvapestore.com\/es\/wp-json\/wp\/v2\/media\/5987"}],"wp:attachment":[{"href":"https:\/\/puffvapestore.com\/es\/wp-json\/wp\/v2\/media?parent=6002"}],"wp:term":[{"taxonomy":"product_brand","embeddable":true,"href":"https:\/\/puffvapestore.com\/es\/wp-json\/wp\/v2\/product_brand?post=6002"},{"taxonomy":"product_cat","embeddable":true,"href":"https:\/\/puffvapestore.com\/es\/wp-json\/wp\/v2\/product_cat?post=6002"},{"taxonomy":"product_tag","embeddable":true,"href":"https:\/\/puffvapestore.com\/es\/wp-json\/wp\/v2\/product_tag?post=6002"}],"curies":[{"name":"wp","href":"https:\/\/api.w.org\/{rel}","templated":true}]}}