{"id":5960,"date":"2025-07-29T08:38:47","date_gmt":"2025-07-29T08:38:47","guid":{"rendered":"https:\/\/puffvapestore.com\/?post_type=product&#038;p=5960"},"modified":"2026-02-05T03:54:29","modified_gmt":"2026-02-05T03:54:29","slug":"strawberry-kiwi-peach-ice-cherry-cola-bang-leader-80k-offre-un-arome-sucre-intense","status":"publish","type":"product","link":"https:\/\/puffvapestore.com\/es\/product\/fresa-kiwi-melocoton-hielo-cereza-cola-bang-leader-80k-ofrece-un-intenso-sabor-a-azucar\/","title":{"rendered":"Fresa Kiwi &amp; Melocot\u00f3n Helado &amp; Cereza Cola - Bang Leader 80K 3 en 1 Triple Sabor"},"content":{"rendered":"<div data-elementor-type=\"wp-post\" data-elementor-id=\"5960\" class=\"elementor elementor-5960\">\n\t\t\t\t<div class=\"elementor-element elementor-element-08c26f9 e-flex e-con-boxed e-con e-parent\" data-id=\"08c26f9\" data-element_type=\"container\" data-e-type=\"container\">\n\t\t\t\t\t<div class=\"e-con-inner\">\n\t\t\t\t<div class=\"elementor-element elementor-element-a005a97 elementor-widget elementor-widget-text-editor\" data-id=\"a005a97\" data-element_type=\"widget\" data-e-type=\"widget\" data-widget_type=\"text-editor.default\">\n\t\t\t\t<div class=\"elementor-widget-container\">\n\t\t\t\t\t\t\t\t\t<p>Este cigarrillo electr\u00f3nico Bang Leader 80K \u00abStrawberry Kiwi &amp; Peach Ice &amp; Cherry Cola\u00bb combina un fresco sabor afrutado con una nota retro de soda. Es perfecto para los aficionados a los cigarrillos electr\u00f3nicos que disfrutan de sabores agridulces, ricos y afrutados, as\u00ed como de un ligero sabor a bebida.<\/p><h2>Aroma de fresa y kiwi<\/h2><p><strong>Nota de cabeza: fresa redonda y dulce<\/strong><br \/>La primera calada desprende un rico aroma a fresa, que recuerda a la mermelada de fresa natural. La fragancia es dulce pero potente, con un ligero regusto l\u00e1cteo que recuerda a los batidos de fresa.<\/p><p><strong>Nota de coraz\u00f3n: el kiwi ligeramente \u00e1cido alegra el coraz\u00f3n.<\/strong><br \/>La ligera acidez del kiwi neutraliza el dulzor de la fresa, haciendo el conjunto m\u00e1s tridimensional y complejo, y haci\u00e9ndolo m\u00e1s vivo y refrescante gracias a una nota dulce \u00fanica.<\/p><p><strong>Retrogusto: equilibrado y cremoso<\/strong><br \/>El regusto es ligeramente afrutado y \u00e1cido, sin sensaci\u00f3n de fr\u00edo ni sobreestimulaci\u00f3n, lo que lo hace ideal para fumar todo el d\u00eda sin resultar grasiento.<\/p><p>Suave y dulce, esta mezcla afrutada es refrescante sin ser demasiado estimulante. Este sabor afrutado es perfecto para los desplazamientos diarios y es apreciado tanto por hombres como por mujeres.<\/p><h2>Sabor a melocot\u00f3n glaseado<\/h2><p><strong>Notas de cabeza : Aroma de melocot\u00f3n blanco con cuerpo<\/strong><br \/>El sabor de P\u00eache Glac\u00e9e desprende la delicada textura del melocot\u00f3n nada m\u00e1s probarlo. Es dulce sin ser graso, y tiene una estructura arom\u00e1tica similar a la del t\u00e9 de melocot\u00f3n o al oolong de melocot\u00f3n blanco. No es un sabor artificial a caramelo de melocot\u00f3n, sino una sensaci\u00f3n de zumo natural.<\/p><p><strong>En el coraz\u00f3n del sabor: una sensaci\u00f3n fresca y penetrante<\/strong><br \/>La sensaci\u00f3n de hielo es evidente, sin ser abrumadora, como un refresco de melocot\u00f3n blanco con hielo. El frescor perdura en la lengua y la garganta, ofreciendo una experiencia de cigarrillo electr\u00f3nico refrescante digna de una bebida veraniega.<\/p><p>En el final, el dulzor se desvanece, dando paso a la frescura.<\/p><p>La sensaci\u00f3n de cubitos de hielo borra el exceso de az\u00facar, y el final es limpio y persistente.<\/p><p>Fragancia natural de melocot\u00f3n, excepcional sensaci\u00f3n de hielo, dulce sin ser grasiento, ideal para una refrescante experiencia veraniega o una desintoxicaci\u00f3n despu\u00e9s de comer. Ideal para los aficionados al cigarrillo electr\u00f3nico que disfrutan de notas ligeras y frescas de t\u00e9 o frutas.<\/p><h2>Cola sabor cereza<\/h2><p><strong>En nariz: el olor retro a cola es hechizante.<\/strong><br \/>Es un sabor a cereza Cola t\u00edpicamente americano, con burbujas de cola y aromas de caramelo, para un resultado muy realista.<\/p><p><strong>Aroma intercalado de cereza<\/strong><br \/>El sabor a cereza carece de la refrescante acidez de las cerezas frescas, pero se asemeja m\u00e1s a un rico sirope de cereza o a una cereza confitada, lo que a\u00f1ade un pronunciado dulzor y profundidad arom\u00e1tica.<\/p><p><strong>Ligero frescor y regusto a caramelo al final<\/strong><br \/>Este ligero frescor hace que la soda no sea muy dulce, y un toque de caramelo y un sutil aroma afrutado perduran en el final, suavizando el regusto de la bebida.<\/p><p>Bebida de estilo retro: dulzor intenso, frescor moderado y aroma persistente. Adecuada para los aficionados al e-cigarrillo que aprecian los sabores fuertes y los refrescos retro, o para los que buscan ese toque afrutado especial.<\/p><h2>Tres sistemas de cambio de sabor, gran dep\u00f3sito de e-l\u00edquido de 78 ml<\/h2><p>El Bang Leader 80000 Strawberry Kiwi &amp; Peach Ice &amp; Cherry Cola adopta un innovador dise\u00f1o tres en uno, con tres dep\u00f3sitos de e-l\u00edquido integrados independientes, cada uno con una capacidad de 26 ml, para un total de 78 ml de l\u00edquido. El selector de sabores facilita el cambio de sabores, y tres sabores aparecen simult\u00e1neamente en el mismo cigarrillo electr\u00f3nico, d\u00e1ndole la libertad de cambiar de humor y gustos en cualquier momento.<\/p><p>Excepcionalmente duradero entre los desechables, cada cigarrillo electr\u00f3nico Bang Leader 80000 Strawberry Kiwi &amp; Peach Ice &amp; Cherry Cola puede dar hasta 80.000 caladas, lo que lo convierte en la elecci\u00f3n ideal para los vapeadores habituales. Disfrute de un uso duradero y reduzca las sustituciones frecuentes.<\/p><p>Hasta cuatro intensidades de nicotina disponibles: 0 %, 2 %, 3 %, 5 %. Tanto si buscas una experiencia refrescante sin nicotina como si eres un fumador que busca un golpe de garganta muy concentrado, encontrar\u00e1s la intensidad que se adapte a ti y se adaptar\u00e1 f\u00e1cilmente a tus necesidades para dejar de fumar o a tus cambios de gusto.<\/p><h2>Resistencia de malla de 1,0 \u03a9, exquisito sabor del siguiente nivel.<\/h2><p>El Bang Leader 80000 Strawberry Kiwi &amp; Peach Ice &amp; Cherry Cola incorpora una resistencia de malla de 1,0 \u03a9 de alto rendimiento, que se calienta de forma m\u00e1s uniforme y atomiza mejor que las resistencias tradicionales, para obtener un humo intenso y no irritante. Cada calada es suave y cremosa, maximizando la liberaci\u00f3n del aut\u00e9ntico sabor del e-l\u00edquido.<\/p><h2>Bater\u00eda Type-C de carga r\u00e1pida de 850 mAh, salida estable sin interrupci\u00f3n de la alimentaci\u00f3n<\/h2><p>Bater\u00eda de litio recargable de 850 mAh de alta capacidad integrada, compatible con la interfaz de carga r\u00e1pida Type-C, para un tiempo de carga de unos 60 minutos. Su bater\u00eda de larga duraci\u00f3n y carga eficiente te permiten mantener la motivaci\u00f3n y disfrutar de una experiencia de vapeo de alto rendimiento sin interrupciones.<\/p><p>Ligero y port\u00e1til, su carcasa integrada combina ergonom\u00eda y resistencia al desgaste, por lo que es ideal para el transporte diario y el uso intensivo. Su dise\u00f1o tres en uno no s\u00f3lo lo hace m\u00e1s pr\u00e1ctico, sino que tambi\u00e9n reduce el peso que supone llevar varios cigarrillos electr\u00f3nicos. Imprescindible para los amantes de los sabores intensos.<\/p>\t\t\t\t\t\t\t\t<\/div>\n\t\t\t\t<\/div>\n\t\t\t\t\t<\/div>\n\t\t\t\t<\/div>\n\t\t\t\t<\/div>","protected":false},"excerpt":{"rendered":"<p>Ce coffret de cigarettes \u00e9lectroniques Bang Leader 80K \u00ab Strawberry Kiwi &amp; Peach Ice &amp; Cherry Cola \u00bb allie une saveur fruit\u00e9e fra\u00eeche \u00e0 une note r\u00e9tro de soda. Il convient aux amateurs de cigarettes \u00e9lectroniques qui appr\u00e9cient les ar\u00f4mes sucr\u00e9s-acidul\u00e9s, riches et fruit\u00e9s, ainsi qu&rsquo;une l\u00e9g\u00e8re saveur de boisson. Ar\u00f4me Fraise Kiwi Note de [&hellip;]<\/p>\n","protected":false},"featured_media":5727,"comment_status":"open","ping_status":"closed","template":"","meta":{"site-sidebar-layout":"no-sidebar","site-content-layout":"page-builder","ast-site-content-layout":"normal-width-container","site-content-style":"default","site-sidebar-style":"default","ast-global-header-display":"","ast-banner-title-visibility":"","ast-main-header-display":"","ast-hfb-above-header-display":"","ast-hfb-below-header-display":"","ast-hfb-mobile-header-display":"","site-post-title":"disabled","ast-breadcrumbs-content":"","ast-featured-img":"disabled","footer-sml-layout":"","ast-disable-related-posts":"","theme-transparent-header-meta":"default","adv-header-id-meta":"","stick-header-meta":"default","header-above-stick-meta":"","header-main-stick-meta":"","header-below-stick-meta":"","astra-migrate-meta-layouts":"set","ast-page-background-enabled":"default","ast-page-background-meta":{"desktop":{"background-color":"","background-image":"","background-repeat":"repeat","background-position":"center center","background-size":"auto","background-attachment":"scroll","background-type":"","background-media":"","overlay-type":"","overlay-color":"","overlay-opacity":"","overlay-gradient":""},"tablet":{"background-color":"","background-image":"","background-repeat":"repeat","background-position":"center center","background-size":"auto","background-attachment":"scroll","background-type":"","background-media":"","overlay-type":"","overlay-color":"","overlay-opacity":"","overlay-gradient":""},"mobile":{"background-color":"","background-image":"","background-repeat":"repeat","background-position":"center center","background-size":"auto","background-attachment":"scroll","background-type":"","background-media":"","overlay-type":"","overlay-color":"","overlay-opacity":"","overlay-gradient":""}},"ast-content-background-meta":{"desktop":{"background-color":"var(--ast-global-color-5)","background-image":"","background-repeat":"repeat","background-position":"center center","background-size":"auto","background-attachment":"scroll","background-type":"","background-media":"","overlay-type":"","overlay-color":"","overlay-opacity":"","overlay-gradient":""},"tablet":{"background-color":"var(--ast-global-color-5)","background-image":"","background-repeat":"repeat","background-position":"center center","background-size":"auto","background-attachment":"scroll","background-type":"","background-media":"","overlay-type":"","overlay-color":"","overlay-opacity":"","overlay-gradient":""},"mobile":{"background-color":"var(--ast-global-color-5)","background-image":"","background-repeat":"repeat","background-position":"center center","background-size":"auto","background-attachment":"scroll","background-type":"","background-media":"","overlay-type":"","overlay-color":"","overlay-opacity":"","overlay-gradient":""}}},"product_brand":[53],"product_cat":[54,106,15],"product_tag":[],"class_list":{"0":"post-5960","1":"product","2":"type-product","3":"status-publish","4":"has-post-thumbnail","6":"product_brand-bang-cree-une-cigarette-electronique-plus-confortable","7":"product_cat-bang-leader-80k-dispose-de-trois-reservoirs-de-liquide-independants-integres","8":"product_cat-puff-80k","9":"product_cat-magasin-cigarette-electronique","10":"desktop-align-center","11":"tablet-align-center","12":"mobile-align-center","13":"ast-product-gallery-layout-horizontal","14":"ast-product-gallery-with-no-image","15":"ast-product-single-variable","16":"ast-product-tabs-layout-horizontal","17":"ast-qv-on-image","19":"first","20":"outofstock","21":"sale","22":"shipping-taxable","23":"purchasable","24":"product-type-variable","25":"has-default-attributes"},"tiered_pricing_type":"fixed","tiered_pricing_fixed_rules":{"50":7.24,"100":6.45},"tiered_pricing_product_settings":{"layout":"default","base_unit_name":{"singular":null,"plural":null},"default_variation":null},"tiered_pricing_minimum_quantity":null,"tiered_pricing_roles_data":[],"tiered_pricing_percentage_rules":[],"_links":{"self":[{"href":"https:\/\/puffvapestore.com\/es\/wp-json\/wp\/v2\/product\/5960","targetHints":{"allow":["GET"]}}],"collection":[{"href":"https:\/\/puffvapestore.com\/es\/wp-json\/wp\/v2\/product"}],"about":[{"href":"https:\/\/puffvapestore.com\/es\/wp-json\/wp\/v2\/types\/product"}],"replies":[{"embeddable":true,"href":"https:\/\/puffvapestore.com\/es\/wp-json\/wp\/v2\/comments?post=5960"}],"version-history":[{"count":7,"href":"https:\/\/puffvapestore.com\/es\/wp-json\/wp\/v2\/product\/5960\/revisions"}],"predecessor-version":[{"id":6228,"href":"https:\/\/puffvapestore.com\/es\/wp-json\/wp\/v2\/product\/5960\/revisions\/6228"}],"wp:featuredmedia":[{"embeddable":true,"href":"https:\/\/puffvapestore.com\/es\/wp-json\/wp\/v2\/media\/5727"}],"wp:attachment":[{"href":"https:\/\/puffvapestore.com\/es\/wp-json\/wp\/v2\/media?parent=5960"}],"wp:term":[{"taxonomy":"product_brand","embeddable":true,"href":"https:\/\/puffvapestore.com\/es\/wp-json\/wp\/v2\/product_brand?post=5960"},{"taxonomy":"product_cat","embeddable":true,"href":"https:\/\/puffvapestore.com\/es\/wp-json\/wp\/v2\/product_cat?post=5960"},{"taxonomy":"product_tag","embeddable":true,"href":"https:\/\/puffvapestore.com\/es\/wp-json\/wp\/v2\/product_tag?post=5960"}],"curies":[{"name":"wp","href":"https:\/\/api.w.org\/{rel}","templated":true}]}}